{"id":740,"date":"2018-02-18T09:41:16","date_gmt":"2018-02-18T08:41:16","guid":{"rendered":"http:\/\/mr-ananda.com\/?page_id=740"},"modified":"2023-09-14T21:47:17","modified_gmt":"2023-09-14T19:47:17","slug":"mr-ananda-ihr-yoga-kurs-in-ueberlingen-fuer-ashtanga-yoga","status":"publish","type":"page","link":"https:\/\/mr-ananda.com\/","title":{"rendered":"MR-ANANDA.COM"},"content":{"rendered":"<div id=\"pl-740\" class=\"panel-layout\">\n<div id=\"pg-740-0\" class=\"panel-grid panel-no-style\" data-style=\"{&quot;background_display&quot;:&quot;tile&quot;}\">\n<div id=\"pgc-740-0-0\" class=\"panel-grid-cell\" data-weight=\"0.33333333333333\">\n<div id=\"panel-740-0-0-0\" class=\"so-panel widget widget_sow-editor panel-first-child panel-last-child\" data-index=\"0\" data-style=\"{&quot;background_display&quot;:&quot;tile&quot;}\">\n<div class=\"so-widget-sow-editor so-widget-sow-editor-base\">\n<div class=\"siteorigin-widget-tinymce textwidget\"><\/div>\n<\/div>\n<\/div>\n<\/div>\n<div id=\"pgc-740-0-1\" class=\"panel-grid-cell\" data-weight=\"0.33333333333333\">\n<div id=\"panel-740-0-1-0\" class=\"so-panel widget widget_sow-editor panel-first-child panel-last-child\" data-index=\"1\" data-style=\"{&quot;background_display&quot;:&quot;tile&quot;}\">\n<div class=\"so-widget-sow-editor so-widget-sow-editor-base\">\n<div class=\"siteorigin-widget-tinymce textwidget\">\n<p style=\"text-align: center;\">Energetic Yoga Classes and Workshops<\/p>\n<\/div>\n<\/div>\n<\/div>\n<\/div>\n<div id=\"pgc-740-0-2\" class=\"panel-grid-cell\" data-weight=\"0.33333333333333\">\n<div id=\"panel-740-0-2-0\" class=\"so-panel widget widget_sow-editor panel-first-child panel-last-child\" data-index=\"2\" data-style=\"{&quot;background_display&quot;:&quot;tile&quot;}\">\n<div class=\"so-widget-sow-editor so-widget-sow-editor-base\">\n<div class=\"siteorigin-widget-tinymce textwidget\">\n<p style=\"text-align: center;\">\n<p style=\"text-align: center;\"><\/div>\n<\/div>\n<\/div>\n<\/div>\n<\/div>\n<\/div>\n","protected":false},"excerpt":{"rendered":"<p>Energetic Yoga Classes and Workshops<\/p>\n","protected":false},"author":1,"featured_media":0,"parent":0,"menu_order":0,"comment_status":"closed","ping_status":"closed","template":"page-templates\/template-home.php","meta":{"footnotes":""},"yoast_head":"<!-- This site is optimized with the Yoast SEO Premium plugin v21.7 (Yoast SEO v21.7) - https:\/\/yoast.com\/wordpress\/plugins\/seo\/ -->\n<title>MR-ANANDA.COM - Mr. Ananda - Yoga Retreats und Yoga Kurse \u00dcberlingen<\/title>\n<meta name=\"description\" content=\"Willkommen bei Mr. Ananda, hier finden Sie Ihren Yoga Kurs mit einem qualifizierten Yoga Lehrer in \u00dcberlingen am Bodensee. Erleben Sie Ashtanga und Jivamukti Yoga in authentischen Kursen. Jetzt Kursplan ansehen und Platz reservieren!\" \/>\n<meta name=\"robots\" content=\"index, follow, max-snippet:-1, max-image-preview:large, max-video-preview:-1\" \/>\n<link rel=\"canonical\" href=\"https:\/\/mr-ananda.com\/\" \/>\n<meta property=\"og:locale\" content=\"de_DE\" \/>\n<meta property=\"og:type\" content=\"article\" \/>\n<meta property=\"og:title\" content=\"MR-ANANDA.COM\" \/>\n<meta property=\"og:description\" content=\"Willkommen bei Mr. Ananda, hier finden Sie Ihren Yoga Kurs mit einem qualifizierten Yoga Lehrer in \u00dcberlingen am Bodensee. Erleben Sie Ashtanga und Jivamukti Yoga in authentischen Kursen. Jetzt Kursplan ansehen und Platz reservieren!\" \/>\n<meta property=\"og:url\" content=\"https:\/\/mr-ananda.com\/\" \/>\n<meta property=\"og:site_name\" content=\"Mr. Ananda - Yoga Retreats und Yoga Kurse \u00dcberlingen\" \/>\n<meta property=\"article:publisher\" content=\"https:\/\/www.facebook.com\/MisterAnanda\/\" \/>\n<meta property=\"article:modified_time\" content=\"2023-09-14T19:47:17+00:00\" \/>\n<meta name=\"twitter:card\" content=\"summary_large_image\" \/>\n<meta name=\"twitter:label1\" content=\"Gesch\u00e4tzte Lesezeit\" \/>\n\t<meta name=\"twitter:data1\" content=\"1\u00a0Minute\" \/>\n<script type=\"application\/ld+json\" class=\"yoast-schema-graph\">{\"@context\":\"https:\/\/schema.org\",\"@graph\":[{\"@type\":\"WebPage\",\"@id\":\"https:\/\/mr-ananda.com\/\",\"url\":\"https:\/\/mr-ananda.com\/\",\"name\":\"MR-ANANDA.COM - Mr. Ananda - Yoga Retreats und Yoga Kurse \u00dcberlingen\",\"isPartOf\":{\"@id\":\"https:\/\/mr-ananda.com\/#website\"},\"datePublished\":\"2018-02-18T08:41:16+00:00\",\"dateModified\":\"2023-09-14T19:47:17+00:00\",\"description\":\"Willkommen bei Mr. Ananda, hier finden Sie Ihren Yoga Kurs mit einem qualifizierten Yoga Lehrer in \u00dcberlingen am Bodensee. Erleben Sie Ashtanga und Jivamukti Yoga in authentischen Kursen. Jetzt Kursplan ansehen und Platz reservieren!\",\"breadcrumb\":{\"@id\":\"https:\/\/mr-ananda.com\/#breadcrumb\"},\"inLanguage\":\"de\",\"potentialAction\":[{\"@type\":\"ReadAction\",\"target\":[\"https:\/\/mr-ananda.com\/\"]}]},{\"@type\":\"BreadcrumbList\",\"@id\":\"https:\/\/mr-ananda.com\/#breadcrumb\",\"itemListElement\":[{\"@type\":\"ListItem\",\"position\":1,\"name\":\"Startseite\",\"item\":\"https:\/\/mr-ananda.com\/\"},{\"@type\":\"ListItem\",\"position\":2,\"name\":\"MR-ANANDA.COM\"}]},{\"@type\":\"WebSite\",\"@id\":\"https:\/\/mr-ananda.com\/#website\",\"url\":\"https:\/\/mr-ananda.com\/\",\"name\":\"Mr. Ananda - Yoga Retreats und Yoga Kurs in \u00dcberlingen\",\"description\":\"Yoga Authentisch Dynamisch\",\"publisher\":{\"@id\":\"https:\/\/mr-ananda.com\/#organization\"},\"potentialAction\":[{\"@type\":\"SearchAction\",\"target\":{\"@type\":\"EntryPoint\",\"urlTemplate\":\"https:\/\/mr-ananda.com\/?s={search_term_string}\"},\"query-input\":\"required name=search_term_string\"}],\"inLanguage\":\"de\"},{\"@type\":\"Organization\",\"@id\":\"https:\/\/mr-ananda.com\/#organization\",\"name\":\"Mr. Ananda\",\"url\":\"https:\/\/mr-ananda.com\/\",\"logo\":{\"@type\":\"ImageObject\",\"inLanguage\":\"de\",\"@id\":\"https:\/\/mr-ananda.com\/#\/schema\/logo\/image\/\",\"url\":\"https:\/\/i0.wp.com\/mr-ananda.com\/wp-content\/uploads\/2017\/11\/mister_rgb_700x700px.png?fit=700%2C700&ssl=1\",\"contentUrl\":\"https:\/\/i0.wp.com\/mr-ananda.com\/wp-content\/uploads\/2017\/11\/mister_rgb_700x700px.png?fit=700%2C700&ssl=1\",\"width\":700,\"height\":700,\"caption\":\"Mr. Ananda\"},\"image\":{\"@id\":\"https:\/\/mr-ananda.com\/#\/schema\/logo\/image\/\"},\"sameAs\":[\"https:\/\/www.facebook.com\/MisterAnanda\/\",\"https:\/\/www.instagram.com\/mrx123om\/\"]}]}<\/script>\n<!-- \/ Yoast SEO Premium plugin. -->","yoast_head_json":{"title":"MR-ANANDA.COM - Mr. Ananda - Yoga Retreats und Yoga Kurse \u00dcberlingen","description":"Willkommen bei Mr. Ananda, hier finden Sie Ihren Yoga Kurs mit einem qualifizierten Yoga Lehrer in \u00dcberlingen am Bodensee. Erleben Sie Ashtanga und Jivamukti Yoga in authentischen Kursen. Jetzt Kursplan ansehen und Platz reservieren!","robots":{"index":"index","follow":"follow","max-snippet":"max-snippet:-1","max-image-preview":"max-image-preview:large","max-video-preview":"max-video-preview:-1"},"canonical":"https:\/\/mr-ananda.com\/","og_locale":"de_DE","og_type":"article","og_title":"MR-ANANDA.COM","og_description":"Willkommen bei Mr. Ananda, hier finden Sie Ihren Yoga Kurs mit einem qualifizierten Yoga Lehrer in \u00dcberlingen am Bodensee. Erleben Sie Ashtanga und Jivamukti Yoga in authentischen Kursen. Jetzt Kursplan ansehen und Platz reservieren!","og_url":"https:\/\/mr-ananda.com\/","og_site_name":"Mr. Ananda - Yoga Retreats und Yoga Kurse \u00dcberlingen","article_publisher":"https:\/\/www.facebook.com\/MisterAnanda\/","article_modified_time":"2023-09-14T19:47:17+00:00","twitter_card":"summary_large_image","twitter_misc":{"Gesch\u00e4tzte Lesezeit":"1\u00a0Minute"},"schema":{"@context":"https:\/\/schema.org","@graph":[{"@type":"WebPage","@id":"https:\/\/mr-ananda.com\/","url":"https:\/\/mr-ananda.com\/","name":"MR-ANANDA.COM - Mr. Ananda - Yoga Retreats und Yoga Kurse \u00dcberlingen","isPartOf":{"@id":"https:\/\/mr-ananda.com\/#website"},"datePublished":"2018-02-18T08:41:16+00:00","dateModified":"2023-09-14T19:47:17+00:00","description":"Willkommen bei Mr. Ananda, hier finden Sie Ihren Yoga Kurs mit einem qualifizierten Yoga Lehrer in \u00dcberlingen am Bodensee. Erleben Sie Ashtanga und Jivamukti Yoga in authentischen Kursen. Jetzt Kursplan ansehen und Platz reservieren!","breadcrumb":{"@id":"https:\/\/mr-ananda.com\/#breadcrumb"},"inLanguage":"de","potentialAction":[{"@type":"ReadAction","target":["https:\/\/mr-ananda.com\/"]}]},{"@type":"BreadcrumbList","@id":"https:\/\/mr-ananda.com\/#breadcrumb","itemListElement":[{"@type":"ListItem","position":1,"name":"Startseite","item":"https:\/\/mr-ananda.com\/"},{"@type":"ListItem","position":2,"name":"MR-ANANDA.COM"}]},{"@type":"WebSite","@id":"https:\/\/mr-ananda.com\/#website","url":"https:\/\/mr-ananda.com\/","name":"Mr. Ananda - Yoga Retreats und Yoga Kurs in \u00dcberlingen","description":"Yoga Authentisch Dynamisch","publisher":{"@id":"https:\/\/mr-ananda.com\/#organization"},"potentialAction":[{"@type":"SearchAction","target":{"@type":"EntryPoint","urlTemplate":"https:\/\/mr-ananda.com\/?s={search_term_string}"},"query-input":"required name=search_term_string"}],"inLanguage":"de"},{"@type":"Organization","@id":"https:\/\/mr-ananda.com\/#organization","name":"Mr. Ananda","url":"https:\/\/mr-ananda.com\/","logo":{"@type":"ImageObject","inLanguage":"de","@id":"https:\/\/mr-ananda.com\/#\/schema\/logo\/image\/","url":"https:\/\/i0.wp.com\/mr-ananda.com\/wp-content\/uploads\/2017\/11\/mister_rgb_700x700px.png?fit=700%2C700&ssl=1","contentUrl":"https:\/\/i0.wp.com\/mr-ananda.com\/wp-content\/uploads\/2017\/11\/mister_rgb_700x700px.png?fit=700%2C700&ssl=1","width":700,"height":700,"caption":"Mr. Ananda"},"image":{"@id":"https:\/\/mr-ananda.com\/#\/schema\/logo\/image\/"},"sameAs":["https:\/\/www.facebook.com\/MisterAnanda\/","https:\/\/www.instagram.com\/mrx123om\/"]}]}},"jetpack_sharing_enabled":true,"jetpack_shortlink":"https:\/\/wp.me\/P9n7z7-bW","jetpack_likes_enabled":true,"jetpack-related-posts":[{"id":5482,"url":"https:\/\/mr-ananda.com\/?page_id=5482","url_meta":{"origin":740,"position":0},"title":"Yoga News","author":"mrananda","date":"24. November 2025","format":false,"excerpt":"Werde informiert \u00fcber Updates auf dieser Webseite:Jetzt zum Newsletter anmeldenYoga NewsKommende Events- & Workshops","rel":"","context":"\u00c4hnlicher Beitrag","block_context":{"text":"\u00c4hnlicher Beitrag","link":""},"img":{"alt_text":"","src":"","width":0,"height":0},"classes":[]},{"id":2519,"url":"https:\/\/mr-ananda.com\/?page_id=2519","url_meta":{"origin":740,"position":1},"title":"Yoga Kurs Modul Utkatasana","author":"mrananda","date":"30. Oktober 2023","format":false,"excerpt":"Yoga Kurs Modul Utkatasana Dauer: 6 Minuten Download als PDF (images copyright @https:\/\/www.tummee.com)","rel":"","context":"\u00c4hnlicher Beitrag","block_context":{"text":"\u00c4hnlicher Beitrag","link":""},"img":{"alt_text":"Yoga Kurs Modul Utkatasana Modul Yoga \u00c3\u009cberlingen am Bodensee","src":"https:\/\/i0.wp.com\/mr-ananda.com\/wp-content\/uploads\/2023\/10\/Utkatasana-Modul.jpg?resize=350%2C200","width":350,"height":200},"classes":[]},{"id":2531,"url":"https:\/\/mr-ananda.com\/?page_id=2531","url_meta":{"origin":740,"position":2},"title":"Yoga Kurs Modul Krieger","author":"mrananda","date":"30. Oktober 2023","format":false,"excerpt":"Yoga Kurs Modul Krieger Dauer: 8 Minuten Download als PDF (images copyright @https:\/\/www.tummee.com)","rel":"","context":"\u00c4hnlicher Beitrag","block_context":{"text":"\u00c4hnlicher Beitrag","link":""},"img":{"alt_text":"Yoga Kurs Modul Krieger Yoga \u00c3\u009cberlingen am Bodensee","src":"https:\/\/i0.wp.com\/mr-ananda.com\/wp-content\/uploads\/2023\/10\/Warrior_Modul.jpg?resize=350%2C200","width":350,"height":200},"classes":[]},{"id":2477,"url":"https:\/\/mr-ananda.com\/?page_id=2477","url_meta":{"origin":740,"position":3},"title":"Yoga Kurs Modul Sitzende Vorw\u00e4rtsbeuge","author":"mrananda","date":"28. Oktober 2023","format":false,"excerpt":"Yoga Kurs Modul Sitzende Vorw\u00e4rtsbeuge Dauer: 5 Minuten Download als PDF (images copyright @https:\/\/www.tummee.com)","rel":"","context":"\u00c4hnlicher Beitrag","block_context":{"text":"\u00c4hnlicher Beitrag","link":""},"img":{"alt_text":"","src":"https:\/\/i0.wp.com\/mr-ananda.com\/wp-content\/uploads\/2023\/10\/Seated-Forward-Bend-Modul-1024x695.jpg?resize=350%2C200","width":350,"height":200},"classes":[]},{"id":2468,"url":"https:\/\/mr-ananda.com\/?page_id=2468","url_meta":{"origin":740,"position":4},"title":"Yoga Kurs Modul Janu Sirsasana","author":"mrananda","date":"28. Oktober 2023","format":false,"excerpt":"Yoga Kurs Modul Janu Sirsasana Dauer: 8 Minuten Download als PDF (images copyright @https:\/\/www.tummee.com)","rel":"","context":"\u00c4hnlicher Beitrag","block_context":{"text":"\u00c4hnlicher Beitrag","link":""},"img":{"alt_text":"Janu Sirsasana Modul Yoga \u00c3\u009cberlingen","src":"https:\/\/i0.wp.com\/mr-ananda.com\/wp-content\/uploads\/2023\/10\/Janu-Sirsasana-Modul-300x279.jpg?resize=350%2C200","width":350,"height":200},"classes":[]},{"id":2505,"url":"https:\/\/mr-ananda.com\/?page_id=2505","url_meta":{"origin":740,"position":5},"title":"Yoga Kurs Modul Marichyasana Twist","author":"mrananda","date":"29. Oktober 2023","format":false,"excerpt":"Yoga Kurs Modul Marichyasana Twist Dauer: 8 Minuten Download als PDF (images copyright @https:\/\/www.tummee.com)","rel":"","context":"\u00c4hnlicher Beitrag","block_context":{"text":"\u00c4hnlicher Beitrag","link":""},"img":{"alt_text":"Marichyasana Twist Modul Yoga \u00c3\u009cberlingen","src":"https:\/\/i0.wp.com\/mr-ananda.com\/wp-content\/uploads\/2023\/10\/Marichyasana-Twist-Modul.jpg?resize=350%2C200","width":350,"height":200},"classes":[]}],"_links":{"self":[{"href":"https:\/\/mr-ananda.com\/index.php?rest_route=\/wp\/v2\/pages\/740"}],"collection":[{"href":"https:\/\/mr-ananda.com\/index.php?rest_route=\/wp\/v2\/pages"}],"about":[{"href":"https:\/\/mr-ananda.com\/index.php?rest_route=\/wp\/v2\/types\/page"}],"author":[{"embeddable":true,"href":"https:\/\/mr-ananda.com\/index.php?rest_route=\/wp\/v2\/users\/1"}],"replies":[{"embeddable":true,"href":"https:\/\/mr-ananda.com\/index.php?rest_route=%2Fwp%2Fv2%2Fcomments&post=740"}],"version-history":[{"count":8,"href":"https:\/\/mr-ananda.com\/index.php?rest_route=\/wp\/v2\/pages\/740\/revisions"}],"predecessor-version":[{"id":1774,"href":"https:\/\/mr-ananda.com\/index.php?rest_route=\/wp\/v2\/pages\/740\/revisions\/1774"}],"wp:attachment":[{"href":"https:\/\/mr-ananda.com\/index.php?rest_route=%2Fwp%2Fv2%2Fmedia&parent=740"}],"curies":[{"name":"wp","href":"https:\/\/api.w.org\/{rel}","templated":true}]}}