{"id":6328,"date":"2026-02-22T10:42:27","date_gmt":"2026-02-22T09:42:27","guid":{"rendered":"https:\/\/mr-ananda.com\/?page_id=6328"},"modified":"2026-03-22T08:37:51","modified_gmt":"2026-03-22T07:37:51","slug":"hydrotherapie","status":"publish","type":"page","link":"https:\/\/mr-ananda.com\/?page_id=6328","title":{"rendered":"Hydrotherapie"},"content":{"rendered":"<div id=\"pl-6328\"  class=\"panel-layout\" ><div id=\"pg-6328-0\"  class=\"panel-grid panel-has-style\" ><div class=\"panel-row-style panel-row-style-for-6328-0\" ><div id=\"pgc-6328-0-0\"  class=\"panel-grid-cell\" ><div id=\"panel-6328-0-0-0\" class=\"so-panel widget widget_sow-headline panel-first-child\" data-index=\"0\" ><div\n\t\t\t\n\t\t\tclass=\"so-widget-sow-headline so-widget-sow-headline-default-264cffe06c83-6328\"\n\t\t\t\n\t\t><div class=\"sow-headline-container \">\n\t<h1 class='sow-headline'>Hydrotherapie<\/h1><\/div>\n<\/div><\/div><div id=\"panel-6328-0-0-1\" class=\"so-panel widget widget_sow-headline panel-last-child\" data-index=\"1\" ><div\n\t\t\t\n\t\t\tclass=\"so-widget-sow-headline so-widget-sow-headline-default-607c982e42a2-6328\"\n\t\t\t\n\t\t><div class=\"sow-headline-container \">\n\t<h5 class='sow-headline'>\"Der Hydropath sagt: Ich treibe alle Lumpen aus dem K\u00f6rper, seien sie, wo sie wollen. Das vermag eben das Wasser, wie es sich auch an diesem Kranken bewiesen hat.\" <\/h5><p class='sow-sub-headline'>Sebastian Kneipp<\/p><\/div>\n<\/div><\/div><\/div><\/div><\/div><div id=\"pg-6328-1\"  class=\"panel-grid panel-has-style\" ><div class=\"siteorigin-panels-stretch panel-row-style panel-row-style-for-6328-1\" data-stretch-type=\"full\" ><div id=\"pgc-6328-1-0\"  class=\"panel-grid-cell\" ><div id=\"panel-6328-1-0-0\" class=\"so-panel widget widget_sow-image panel-first-child panel-last-child\" data-index=\"2\" ><div\n\t\t\t\n\t\t\tclass=\"so-widget-sow-image so-widget-sow-image-default-4e6925654b7a-6328\"\n\t\t\t\n\t\t>\n\n<div class=\"sow-image-container\">\n\t\t<img src=\"https:\/\/i0.wp.com\/mr-ananda.com\/wp-content\/uploads\/2026\/02\/knieguss.jpg?fit=200%2C300&amp;ssl=1\" width=\"200\" height=\"300\" srcset=\"https:\/\/i0.wp.com\/mr-ananda.com\/wp-content\/uploads\/2026\/02\/knieguss.jpg?w=832&amp;ssl=1 832w, https:\/\/i0.wp.com\/mr-ananda.com\/wp-content\/uploads\/2026\/02\/knieguss.jpg?resize=200%2C300&amp;ssl=1 200w, https:\/\/i0.wp.com\/mr-ananda.com\/wp-content\/uploads\/2026\/02\/knieguss.jpg?resize=683%2C1024&amp;ssl=1 683w, https:\/\/i0.wp.com\/mr-ananda.com\/wp-content\/uploads\/2026\/02\/knieguss.jpg?resize=768%2C1152&amp;ssl=1 768w\" title=\"Kniegu\u00df nach Sebastian Kneipp Hydrotherapie Kurs in \u00dcberlingen am Bodensee\" alt=\"Kniegu\u00df nach Sebastian Kneipp Hydrotherapie Kurs in \u00dcberlingen am Bodensee\" loading=\"lazy\" \t\tclass=\"so-widget-image\"\/>\n\t<\/div>\n\n<\/div><\/div><\/div><div id=\"pgc-6328-1-1\"  class=\"panel-grid-cell\" ><div id=\"panel-6328-1-1-0\" class=\"so-panel widget widget_sow-editor panel-first-child\" data-index=\"3\" ><div\n\t\t\t\n\t\t\tclass=\"so-widget-sow-editor so-widget-sow-editor-base\"\n\t\t\t\n\t\t>\n<div class=\"siteorigin-widget-tinymce textwidget\">\n\t<h4>Der Kniegu\u00df<\/h4>\n<p>Der besondere Freund der F\u00fc\u00dfe<\/p>\n<\/div>\n<\/div><\/div><div id=\"panel-6328-1-1-1\" class=\"so-panel widget widget_sow-button panel-last-child\" data-index=\"4\" ><div\n\t\t\t\n\t\t\tclass=\"so-widget-sow-button so-widget-sow-button-flat-dad7ac6561de-6328\"\n\t\t\t\n\t\t><div class=\"ow-button-base ow-button-align-left\">\n\t<a\n\thref=\"https:\/\/mr-ananda.com\/?page_id=6249\"\n\t\tclass=\"ow-icon-placement-left ow-button-hover\" \t>\n\t\t<span>\n\t\t\t\n\t\t\tMehr erfahren\t\t<\/span>\n\t<\/a>\n<\/div>\n<\/div><\/div><\/div><\/div><\/div><div id=\"pg-6328-2\"  class=\"panel-grid panel-has-style\" ><div class=\"siteorigin-panels-stretch panel-row-style panel-row-style-for-6328-2\" data-stretch-type=\"full\" ><div id=\"pgc-6328-2-0\"  class=\"panel-grid-cell\" ><div id=\"panel-6328-2-0-0\" class=\"so-panel widget widget_sow-editor panel-first-child\" data-index=\"5\" ><div\n\t\t\t\n\t\t\tclass=\"so-widget-sow-editor so-widget-sow-editor-base\"\n\t\t\t\n\t\t>\n<div class=\"siteorigin-widget-tinymce textwidget\">\n\t<h4>Ansteigendes Fu\u00dfbad<\/h4>\n<p>Schnelle Hilfe bei angehenden Erk\u00e4ltungen<\/p>\n<\/div>\n<\/div><\/div><div id=\"panel-6328-2-0-1\" class=\"so-panel widget widget_sow-button panel-last-child\" data-index=\"6\" ><div\n\t\t\t\n\t\t\tclass=\"so-widget-sow-button so-widget-sow-button-flat-dad7ac6561de-6328\"\n\t\t\t\n\t\t><div class=\"ow-button-base ow-button-align-left\">\n\t<a\n\thref=\"https:\/\/mr-ananda.com\/?page_id=6411\"\n\t\tclass=\"ow-icon-placement-left ow-button-hover\" \t>\n\t\t<span>\n\t\t\t\n\t\t\tMehr erfahren\t\t<\/span>\n\t<\/a>\n<\/div>\n<\/div><\/div><\/div><div id=\"pgc-6328-2-1\"  class=\"panel-grid-cell\" ><div id=\"panel-6328-2-1-0\" class=\"so-panel widget widget_sow-image panel-first-child panel-last-child\" data-index=\"7\" ><div\n\t\t\t\n\t\t\tclass=\"so-widget-sow-image so-widget-sow-image-default-4e6925654b7a-6328\"\n\t\t\t\n\t\t>\n\n<div class=\"sow-image-container\">\n\t\t<img src=\"https:\/\/i0.wp.com\/mr-ananda.com\/wp-content\/uploads\/2026\/03\/ansteigendes_Fussbad.jpeg?fit=201%2C300&amp;ssl=1\" width=\"201\" height=\"300\" srcset=\"https:\/\/i0.wp.com\/mr-ananda.com\/wp-content\/uploads\/2026\/03\/ansteigendes_Fussbad.jpeg?w=784&amp;ssl=1 784w, https:\/\/i0.wp.com\/mr-ananda.com\/wp-content\/uploads\/2026\/03\/ansteigendes_Fussbad.jpeg?resize=201%2C300&amp;ssl=1 201w, https:\/\/i0.wp.com\/mr-ananda.com\/wp-content\/uploads\/2026\/03\/ansteigendes_Fussbad.jpeg?resize=687%2C1024&amp;ssl=1 687w, https:\/\/i0.wp.com\/mr-ananda.com\/wp-content\/uploads\/2026\/03\/ansteigendes_Fussbad.jpeg?resize=768%2C1144&amp;ssl=1 768w\" title=\"Ansteigendes Fu\u00dfbad nach Sebastian Kneipp Hydrotherapie Kurs in \u00dcberlingen am Bodensee\" alt=\"Ansteigendes Fu\u00dfbad nach Sebastian Kneipp Hydrotherapie Kurs in \u00dcberlingen am Bodensee\" loading=\"lazy\" \t\tclass=\"so-widget-image\"\/>\n\t<\/div>\n\n<\/div><\/div><\/div><\/div><\/div><\/div>","protected":false},"excerpt":{"rendered":"<p>Der Kniegu\u00df Der besondere Freund der F\u00fc\u00dfe<\/p>\n","protected":false},"author":1,"featured_media":0,"parent":0,"menu_order":0,"comment_status":"closed","ping_status":"closed","template":"","meta":{"footnotes":""},"yoast_head":"<!-- This site is optimized with the Yoast SEO Premium plugin v21.7 (Yoast SEO v21.7) - https:\/\/yoast.com\/wordpress\/plugins\/seo\/ -->\n<title>Hydrotherapie - Mr. Ananda - Yoga Retreats und Yoga Kurse \u00dcberlingen<\/title>\n<meta name=\"description\" content=\"Ekadasanga Yoga \u00dcberlingen. Ein \u00dcberblick hydrotherapeutischer Anwendungen f\u00fcr Deine Gesundheit. Hydrotherapie nach Sebastian Kneipp\" \/>\n<meta name=\"robots\" content=\"index, follow, max-snippet:-1, max-image-preview:large, max-video-preview:-1\" \/>\n<link rel=\"canonical\" href=\"https:\/\/mr-ananda.com\/?page_id=6328\" \/>\n<meta property=\"og:locale\" content=\"de_DE\" \/>\n<meta property=\"og:type\" content=\"article\" \/>\n<meta property=\"og:title\" content=\"Hydrotherapie\" \/>\n<meta property=\"og:description\" content=\"Ekadasanga Yoga \u00dcberlingen. Ein \u00dcberblick hydrotherapeutischer Anwendungen f\u00fcr Deine Gesundheit. Hydrotherapie nach Sebastian Kneipp\" \/>\n<meta property=\"og:url\" content=\"https:\/\/mr-ananda.com\/?page_id=6328\" \/>\n<meta property=\"og:site_name\" content=\"Mr. Ananda - Yoga Retreats und Yoga Kurse \u00dcberlingen\" \/>\n<meta property=\"article:publisher\" content=\"https:\/\/www.facebook.com\/MisterAnanda\/\" \/>\n<meta property=\"article:modified_time\" content=\"2026-03-22T07:37:51+00:00\" \/>\n<meta name=\"twitter:card\" content=\"summary_large_image\" \/>\n<meta name=\"twitter:label1\" content=\"Gesch\u00e4tzte Lesezeit\" \/>\n\t<meta name=\"twitter:data1\" content=\"1\u00a0Minute\" \/>\n<script type=\"application\/ld+json\" class=\"yoast-schema-graph\">{\"@context\":\"https:\/\/schema.org\",\"@graph\":[{\"@type\":\"WebPage\",\"@id\":\"https:\/\/mr-ananda.com\/?page_id=6328\",\"url\":\"https:\/\/mr-ananda.com\/?page_id=6328\",\"name\":\"Hydrotherapie - Mr. Ananda - Yoga Retreats und Yoga Kurse \u00dcberlingen\",\"isPartOf\":{\"@id\":\"https:\/\/mr-ananda.com\/#website\"},\"datePublished\":\"2026-02-22T09:42:27+00:00\",\"dateModified\":\"2026-03-22T07:37:51+00:00\",\"description\":\"Ekadasanga Yoga \u00dcberlingen. Ein \u00dcberblick hydrotherapeutischer Anwendungen f\u00fcr Deine Gesundheit. Hydrotherapie nach Sebastian Kneipp\",\"breadcrumb\":{\"@id\":\"https:\/\/mr-ananda.com\/?page_id=6328#breadcrumb\"},\"inLanguage\":\"de\",\"potentialAction\":[{\"@type\":\"ReadAction\",\"target\":[\"https:\/\/mr-ananda.com\/?page_id=6328\"]}]},{\"@type\":\"BreadcrumbList\",\"@id\":\"https:\/\/mr-ananda.com\/?page_id=6328#breadcrumb\",\"itemListElement\":[{\"@type\":\"ListItem\",\"position\":1,\"name\":\"Startseite\",\"item\":\"https:\/\/mr-ananda.com\/\"},{\"@type\":\"ListItem\",\"position\":2,\"name\":\"Hydrotherapie\"}]},{\"@type\":\"WebSite\",\"@id\":\"https:\/\/mr-ananda.com\/#website\",\"url\":\"https:\/\/mr-ananda.com\/\",\"name\":\"Mr. Ananda - Yoga Retreats und Yoga Kurs in \u00dcberlingen\",\"description\":\"Yoga Authentisch Dynamisch\",\"publisher\":{\"@id\":\"https:\/\/mr-ananda.com\/#organization\"},\"potentialAction\":[{\"@type\":\"SearchAction\",\"target\":{\"@type\":\"EntryPoint\",\"urlTemplate\":\"https:\/\/mr-ananda.com\/?s={search_term_string}\"},\"query-input\":\"required name=search_term_string\"}],\"inLanguage\":\"de\"},{\"@type\":\"Organization\",\"@id\":\"https:\/\/mr-ananda.com\/#organization\",\"name\":\"Mr. Ananda\",\"url\":\"https:\/\/mr-ananda.com\/\",\"logo\":{\"@type\":\"ImageObject\",\"inLanguage\":\"de\",\"@id\":\"https:\/\/mr-ananda.com\/#\/schema\/logo\/image\/\",\"url\":\"https:\/\/i0.wp.com\/mr-ananda.com\/wp-content\/uploads\/2017\/11\/mister_rgb_700x700px.png?fit=700%2C700&ssl=1\",\"contentUrl\":\"https:\/\/i0.wp.com\/mr-ananda.com\/wp-content\/uploads\/2017\/11\/mister_rgb_700x700px.png?fit=700%2C700&ssl=1\",\"width\":700,\"height\":700,\"caption\":\"Mr. Ananda\"},\"image\":{\"@id\":\"https:\/\/mr-ananda.com\/#\/schema\/logo\/image\/\"},\"sameAs\":[\"https:\/\/www.facebook.com\/MisterAnanda\/\",\"https:\/\/www.instagram.com\/mrx123om\/\"]}]}<\/script>\n<!-- \/ Yoast SEO Premium plugin. -->","yoast_head_json":{"title":"Hydrotherapie - Mr. Ananda - Yoga Retreats und Yoga Kurse \u00dcberlingen","description":"Ekadasanga Yoga \u00dcberlingen. Ein \u00dcberblick hydrotherapeutischer Anwendungen f\u00fcr Deine Gesundheit. Hydrotherapie nach Sebastian Kneipp","robots":{"index":"index","follow":"follow","max-snippet":"max-snippet:-1","max-image-preview":"max-image-preview:large","max-video-preview":"max-video-preview:-1"},"canonical":"https:\/\/mr-ananda.com\/?page_id=6328","og_locale":"de_DE","og_type":"article","og_title":"Hydrotherapie","og_description":"Ekadasanga Yoga \u00dcberlingen. Ein \u00dcberblick hydrotherapeutischer Anwendungen f\u00fcr Deine Gesundheit. Hydrotherapie nach Sebastian Kneipp","og_url":"https:\/\/mr-ananda.com\/?page_id=6328","og_site_name":"Mr. Ananda - Yoga Retreats und Yoga Kurse \u00dcberlingen","article_publisher":"https:\/\/www.facebook.com\/MisterAnanda\/","article_modified_time":"2026-03-22T07:37:51+00:00","twitter_card":"summary_large_image","twitter_misc":{"Gesch\u00e4tzte Lesezeit":"1\u00a0Minute"},"schema":{"@context":"https:\/\/schema.org","@graph":[{"@type":"WebPage","@id":"https:\/\/mr-ananda.com\/?page_id=6328","url":"https:\/\/mr-ananda.com\/?page_id=6328","name":"Hydrotherapie - Mr. Ananda - Yoga Retreats und Yoga Kurse \u00dcberlingen","isPartOf":{"@id":"https:\/\/mr-ananda.com\/#website"},"datePublished":"2026-02-22T09:42:27+00:00","dateModified":"2026-03-22T07:37:51+00:00","description":"Ekadasanga Yoga \u00dcberlingen. Ein \u00dcberblick hydrotherapeutischer Anwendungen f\u00fcr Deine Gesundheit. Hydrotherapie nach Sebastian Kneipp","breadcrumb":{"@id":"https:\/\/mr-ananda.com\/?page_id=6328#breadcrumb"},"inLanguage":"de","potentialAction":[{"@type":"ReadAction","target":["https:\/\/mr-ananda.com\/?page_id=6328"]}]},{"@type":"BreadcrumbList","@id":"https:\/\/mr-ananda.com\/?page_id=6328#breadcrumb","itemListElement":[{"@type":"ListItem","position":1,"name":"Startseite","item":"https:\/\/mr-ananda.com\/"},{"@type":"ListItem","position":2,"name":"Hydrotherapie"}]},{"@type":"WebSite","@id":"https:\/\/mr-ananda.com\/#website","url":"https:\/\/mr-ananda.com\/","name":"Mr. Ananda - Yoga Retreats und Yoga Kurs in \u00dcberlingen","description":"Yoga Authentisch Dynamisch","publisher":{"@id":"https:\/\/mr-ananda.com\/#organization"},"potentialAction":[{"@type":"SearchAction","target":{"@type":"EntryPoint","urlTemplate":"https:\/\/mr-ananda.com\/?s={search_term_string}"},"query-input":"required name=search_term_string"}],"inLanguage":"de"},{"@type":"Organization","@id":"https:\/\/mr-ananda.com\/#organization","name":"Mr. Ananda","url":"https:\/\/mr-ananda.com\/","logo":{"@type":"ImageObject","inLanguage":"de","@id":"https:\/\/mr-ananda.com\/#\/schema\/logo\/image\/","url":"https:\/\/i0.wp.com\/mr-ananda.com\/wp-content\/uploads\/2017\/11\/mister_rgb_700x700px.png?fit=700%2C700&ssl=1","contentUrl":"https:\/\/i0.wp.com\/mr-ananda.com\/wp-content\/uploads\/2017\/11\/mister_rgb_700x700px.png?fit=700%2C700&ssl=1","width":700,"height":700,"caption":"Mr. Ananda"},"image":{"@id":"https:\/\/mr-ananda.com\/#\/schema\/logo\/image\/"},"sameAs":["https:\/\/www.facebook.com\/MisterAnanda\/","https:\/\/www.instagram.com\/mrx123om\/"]}]}},"jetpack_sharing_enabled":true,"jetpack_shortlink":"https:\/\/wp.me\/P9n7z7-1E4","jetpack_likes_enabled":true,"jetpack-related-posts":[{"id":5615,"url":"https:\/\/mr-ananda.com\/?page_id=5615","url_meta":{"origin":6328,"position":0},"title":"Yoga Retreat &#038; Workshop Ekadasanga Yoga Intensiv Wochenende am Bodensee &#8211; Wasser verstehen \u00b7 richtig anwenden","author":"mrananda","date":"24. Dezember 2025","format":false,"excerpt":"Ekadasanga Yoga Intensiv Wochenende - Lebensenergie aktivieren Ein 3-t\u00e4giges Praxis-Seminar am Bodensee: Dynamische Yogapraxis und Wasseranwendungen nach Sebastian Kneipp, die sich leicht in den Alltag integrieren lassen. Krankenkassen-anerkannter Pr\u00e4ventionskurs Regeneration, Aktivierung, Balance Freitag\u2013Sonntag | 2 N\u00e4chte | max. 15 Teilnehmer | \u00dcberlingen Programm: Ekadasanga Yoga Intensiv Wochenende - Wasser verstehen\u2026","rel":"","context":"\u00c4hnlicher Beitrag","block_context":{"text":"\u00c4hnlicher Beitrag","link":""},"img":{"alt_text":"","src":"","width":0,"height":0},"classes":[]},{"id":5159,"url":"https:\/\/mr-ananda.com\/?page_id=5159","url_meta":{"origin":6328,"position":1},"title":"Hydrotherapie Kalte Wadenwickel","author":"mrananda","date":"31. August 2025","format":false,"excerpt":"Die Reihenfolge der Wickelt\u00fccher ist wie folgt: 1. Au\u00dfentuch (Flanell oder Handtuch) links, 2. Zwischentuch (z. B. ein Geschirrtuch), mitte, 3. ein Innentuch (Leinen oder Handtuch), rechts Optimaler Anwendungszeitpunkt Jederzeit Grunds\u00e4tzlich k\u00f6nnen kalte Wadenwickel jederzeit durchgef\u00fchrt werden. F\u00fcr Ruhephasen Am wirksamsten sind sie jedoch in Ruhephasen, vorzugsweise am (fr\u00fchen) Nachmittag\u2026","rel":"","context":"\u00c4hnlicher Beitrag","block_context":{"text":"\u00c4hnlicher Beitrag","link":""},"img":{"alt_text":"","src":"https:\/\/i0.wp.com\/mr-ananda.com\/wp-content\/uploads\/2025\/08\/Gegenanzeichen-300x300.jpg?resize=350%2C200","width":350,"height":200},"classes":[]},{"id":2776,"url":"https:\/\/mr-ananda.com\/?page_id=2776","url_meta":{"origin":6328,"position":2},"title":"Yoga Shastra","author":"mrananda","date":"18. November 2023","format":false,"excerpt":"Mantra Pranayama Asana Yoga Samhita Eine Sammlung Yogischer Schriften","rel":"","context":"\u00c4hnlicher Beitrag","block_context":{"text":"\u00c4hnlicher Beitrag","link":""},"img":{"alt_text":"","src":"","width":0,"height":0},"classes":[]},{"id":2853,"url":"https:\/\/mr-ananda.com\/?page_id=2853","url_meta":{"origin":6328,"position":3},"title":"Sequenzen + Module","author":"mrananda","date":"20. November 2023","format":false,"excerpt":"Sonnengr\u00fc\u00dfe (Surya = Sonne, Namaskar = Gru\u00df) Sequenzen Komplette Beispiel \u00dcbungssequenzen f\u00fcr Deine Yoga Praxis Yoga Kurs Module Asana Gruppen f\u00fcr die eigene Individuelle Yoga Sequenz","rel":"","context":"\u00c4hnlicher Beitrag","block_context":{"text":"\u00c4hnlicher Beitrag","link":""},"img":{"alt_text":"","src":"","width":0,"height":0},"classes":[]},{"id":4277,"url":"https:\/\/mr-ananda.com\/?page_id=4277","url_meta":{"origin":6328,"position":4},"title":"Yoga Retreat auf Mallorca 2025","author":"mrananda","date":"1. November 2024","format":false,"excerpt":"Finde Deine innere Balance 4 Tage Yoga Urlaub auf Mallorca in einer exklusiven 4-Sterne Finca \u00dcber Allerheiligen 01.11. \u2013 04.11.2025 (4 Tage, 3 N\u00e4chte) Dieses Rahmenprogramm erwartet Dich: Im Rahmen des Yoga Retreats verbinden wir alte Yoga Schriften mit modernen Yoga Praktiken. Wir praktizieren Yoga \u00dcbungen im Rahmen des Ashtanga\u2026","rel":"","context":"\u00c4hnlicher Beitrag","block_context":{"text":"\u00c4hnlicher Beitrag","link":""},"img":{"alt_text":"","src":"","width":0,"height":0},"classes":[]},{"id":1779,"url":"https:\/\/mr-ananda.com\/?page_id=1779","url_meta":{"origin":6328,"position":5},"title":"Yoga Kurs &#038; Workshop Call for Yogis","author":"mrananda","date":"11. September 2023","format":false,"excerpt":"Ashtanga Wildstyle Yoga Kurs in \u00dcberlingen Call for Yogis:\u00a0 Neuer Yoga Kurs in \u00dcberlingen ab September 2025 Start: Immer Montags 16:05 - 17:20 Uhr Wo: Wir treffen uns f\u00fcr den Yoga Kurs in \u00dcberlingen: Yoga Shala Bodensee, Nu\u00dfdorfer Stra\u00dfe 38F, 88662 \u00dcberlingen Fit werden: Physisch, energetisch, emotional, mental Krankenkassen \u00fcbernehmen\u2026","rel":"","context":"\u00c4hnlicher Beitrag","block_context":{"text":"\u00c4hnlicher Beitrag","link":""},"img":{"alt_text":"","src":"","width":0,"height":0},"classes":[]}],"_links":{"self":[{"href":"https:\/\/mr-ananda.com\/index.php?rest_route=\/wp\/v2\/pages\/6328"}],"collection":[{"href":"https:\/\/mr-ananda.com\/index.php?rest_route=\/wp\/v2\/pages"}],"about":[{"href":"https:\/\/mr-ananda.com\/index.php?rest_route=\/wp\/v2\/types\/page"}],"author":[{"embeddable":true,"href":"https:\/\/mr-ananda.com\/index.php?rest_route=\/wp\/v2\/users\/1"}],"replies":[{"embeddable":true,"href":"https:\/\/mr-ananda.com\/index.php?rest_route=%2Fwp%2Fv2%2Fcomments&post=6328"}],"version-history":[{"count":14,"href":"https:\/\/mr-ananda.com\/index.php?rest_route=\/wp\/v2\/pages\/6328\/revisions"}],"predecessor-version":[{"id":6470,"href":"https:\/\/mr-ananda.com\/index.php?rest_route=\/wp\/v2\/pages\/6328\/revisions\/6470"}],"wp:attachment":[{"href":"https:\/\/mr-ananda.com\/index.php?rest_route=%2Fwp%2Fv2%2Fmedia&parent=6328"}],"curies":[{"name":"wp","href":"https:\/\/api.w.org\/{rel}","templated":true}]}}