{"id":5482,"date":"2025-11-24T10:47:47","date_gmt":"2025-11-24T09:47:47","guid":{"rendered":"https:\/\/mr-ananda.com\/?page_id=5482"},"modified":"2025-12-30T09:26:00","modified_gmt":"2025-12-30T08:26:00","slug":"yoga-news","status":"publish","type":"page","link":"https:\/\/mr-ananda.com\/?page_id=5482","title":{"rendered":"Yoga News"},"content":{"rendered":"\n<div style=\"padding:20px;text-align:center\" class=\"wp-block-tnp-minimal\"><p><strong>Werde informiert \u00fcber Updates auf dieser Webseite:<\/strong><br\/><strong>Jetzt zum Newsletter anmelden<\/strong><br\/>Yoga News<br\/>Kommende Events- &amp; Workshops<\/p><div><div class=\"tnp tnp-subscription-minimal \"><form action=\"https:\/\/mr-ananda.com\/?na=s\" method=\"post\"><input type=\"hidden\" name=\"nr\" value=\"minimal\"><input type=\"hidden\" name=\"nlang\" value=\"\"><input class=\"tnp-email\" type=\"email\" required name=\"ne\" value=\"\" placeholder=\"Email\"><input class=\"tnp-submit\" type=\"submit\" value=\"Subscribe\" style=\"background-color:\"><\/form><\/div>\n<\/div><\/div>\n\n\n\n<div class=\"wp-block-query alignfull is-layout-flow wp-block-query-is-layout-flow\">\n<div class=\"wp-block-query alignfull is-layout-flow wp-block-query-is-layout-flow\">\n<div class=\"wp-block-group is-layout-flow wp-block-group-is-layout-flow\" style=\"margin-top:0;margin-bottom:0;padding-top:var(--wp--preset--spacing--40);padding-right:var(--wp--preset--spacing--40);padding-bottom:var(--wp--preset--spacing--40);padding-left:var(--wp--preset--spacing--40)\"><div class=\"wp-block-group__inner-container\">\n<div class=\"wp-block-query alignfull is-layout-flow wp-block-query-is-layout-flow\">\n<div class=\"wp-block-group alignfull is-layout-flow wp-block-group-is-layout-flow\" style=\"padding-top:0;padding-right:var(--wp--preset--spacing--40);padding-bottom:var(--wp--preset--spacing--40);padding-left:var(--wp--preset--spacing--40)\"><div class=\"wp-block-group__inner-container\"><ul style=\"text-transform:none;\" class=\"alignfull wp-block-post-template is-layout-flow wp-block-post-template-is-layout-flow\"><li class=\"wp-block-post post-6488 post type-post status-publish format-standard has-post-thumbnail hentry category-allgemein-de tag-abguss tag-chemo-king tag-ekadasanga-yoga-intensiv-wochenende tag-yoga-blog tag-yoga-news tag-yoga-retreat-und-workshop tag-yoga-sutra tag-yoga-sutra-online-kurs\">\n\n<div class=\"wp-block-group is-layout-flow wp-block-group-is-layout-flow\" style=\"padding-bottom:var(--wp--preset--spacing--50)\"><div class=\"wp-block-group__inner-container\">\n<div class=\"wp-block-group is-content-justification-space-between is-nowrap is-layout-flex wp-container-1 wp-block-group-is-layout-flex\" style=\"border-bottom-color:var(--wp--preset--color--contrast);border-bottom-width:4px;padding-top:var(--wp--preset--spacing--30);padding-right:0;padding-bottom:var(--wp--preset--spacing--30);padding-left:0\"><div style=\"margin-top:0;margin-right:0;margin-bottom:0;margin-left:0; font-size:2rem;font-style:normal;font-weight:600;letter-spacing:1px;\" class=\"has-text-align-left has-link-color has-text-color has-contrast-color wp-block-post-date wp-elements-5813a8450eb0347cfdf34f1870882db6\"><time datetime=\"2026-04-12T11:10:59+02:00\">04.12<\/time><\/div>\n\n<div style=\"margin-top:0;margin-right:0;margin-bottom:0;margin-left:0; font-size:2rem;font-style:normal;font-weight:600;letter-spacing:1px;\" class=\"has-text-align-left has-link-color has-text-color has-contrast-color wp-block-post-date wp-elements-672016f5c95dcb277e0d666c7795c645\"><time datetime=\"2026-04-12T11:10:59+02:00\">2026<\/time><\/div><\/div>\n\n\n<h2 style=\"padding-top:var(--wp--preset--spacing--30); font-size:4.6rem;font-style:normal;font-weight:600;line-height:1.1;\" class=\"has-link-color has-text-color has-contrast-color wp-block-post-title wp-elements-b5fa43084743aafd1d185f08a32e7678 is-layout-flow wp-block-post-title-is-layout-flow\"><a href=\"https:\/\/mr-ananda.com\/?p=6488\" target=\"_self\" >Yoga News &amp; Update<\/a><\/h2>\n\n<div class=\"wp-block-post-excerpt\"><p class=\"wp-block-post-excerpt__excerpt\">Liebe Yogis und Yoginis, es folgen die aktuellen Yoga-News und -Updates: Wenn ich im \u00dcberlinger Ostbad spazieren gehe, lasse ich stets meinen Blick \u00fcber die Auswahl des \u00f6ffentlichen B\u00fccherregals schweifen. Dort habe ich ein Buch aus dem Jahr 1958 von Dr. med. Wilhelm Spengler entdeckt. Der Titel lautet: &#8222;Kneipplehre und Naturheilung&#8220;! Darin steht &#8222;\u00fcber dasWeiterlesen<\/p><p class=\"wp-block-post-excerpt__more-text\"><a class=\"wp-block-post-excerpt__more-link\" href=\"https:\/\/mr-ananda.com\/?p=6488\">Weiterlesen<\/a><\/p><\/div><\/div><\/div>\n\n<\/li><li class=\"wp-block-post post-6422 post type-post status-publish format-standard has-post-thumbnail hentry category-allgemein-de tag-ansteigendes-fussbad tag-ekadasanga-yoga-intensiv-wochenende tag-sos-kinderdorf-in-der-ukraine tag-yoga-blog tag-yoga-news tag-yoga-retreat-und-workshop tag-yoga-sutra tag-yoga-sutra-online-kurs\">\n\n<div class=\"wp-block-group is-layout-flow wp-block-group-is-layout-flow\" style=\"padding-bottom:var(--wp--preset--spacing--50)\"><div class=\"wp-block-group__inner-container\">\n<div class=\"wp-block-group is-content-justification-space-between is-nowrap is-layout-flex wp-container-4 wp-block-group-is-layout-flex\" style=\"border-bottom-color:var(--wp--preset--color--contrast);border-bottom-width:4px;padding-top:var(--wp--preset--spacing--30);padding-right:0;padding-bottom:var(--wp--preset--spacing--30);padding-left:0\"><div style=\"margin-top:0;margin-right:0;margin-bottom:0;margin-left:0; font-size:2rem;font-style:normal;font-weight:600;letter-spacing:1px;\" class=\"has-text-align-left has-link-color has-text-color has-contrast-color wp-block-post-date wp-elements-5813a8450eb0347cfdf34f1870882db6\"><time datetime=\"2026-03-22T09:38:02+01:00\">03.22<\/time><\/div>\n\n<div style=\"margin-top:0;margin-right:0;margin-bottom:0;margin-left:0; font-size:2rem;font-style:normal;font-weight:600;letter-spacing:1px;\" class=\"has-text-align-left has-link-color has-text-color has-contrast-color wp-block-post-date wp-elements-672016f5c95dcb277e0d666c7795c645\"><time datetime=\"2026-03-22T09:38:02+01:00\">2026<\/time><\/div><\/div>\n\n\n<h2 style=\"padding-top:var(--wp--preset--spacing--30); font-size:4.6rem;font-style:normal;font-weight:600;line-height:1.1;\" class=\"has-link-color has-text-color has-contrast-color wp-block-post-title wp-elements-b5fa43084743aafd1d185f08a32e7678 is-layout-flow wp-block-post-title-is-layout-flow\"><a href=\"https:\/\/mr-ananda.com\/?p=6422\" target=\"_self\" >Yoga News &amp; Update<\/a><\/h2>\n\n<div class=\"wp-block-post-excerpt\"><p class=\"wp-block-post-excerpt__excerpt\">Liebe Yogis und Yoginis, es folgen die aktuellen Yoga News &amp; Update: Das Mittagspausen-Yoga verschiebt sich von Dienstag dauerhaft auf Montag von 12-13 Uhr (beginnend am 23.03.2026). Es gibt au\u00dferdem ein neue Anwendung aus der Naturheilkunde &#8211; das ansteigende Fu\u00dfbad. Au\u00dferdem geht es nochmal um die 10 direkten\u00a0 Errungenschaften des Yoga, die Errungenschaften bzw. denWeiterlesen<\/p><p class=\"wp-block-post-excerpt__more-text\"><a class=\"wp-block-post-excerpt__more-link\" href=\"https:\/\/mr-ananda.com\/?p=6422\">Weiterlesen<\/a><\/p><\/div><\/div><\/div>\n\n<\/li><li class=\"wp-block-post post-6239 post type-post status-publish format-standard has-post-thumbnail hentry category-allgemein-de tag-ekadasanga-yoga-intensiv-wochenende tag-knieguss tag-sos-kinderdorf-in-der-ukraine tag-yoga-blog tag-yoga-news tag-yoga-retreat-und-workshop tag-yoga-sutra tag-yoga-sutra-online-kurs\">\n\n<div class=\"wp-block-group is-layout-flow wp-block-group-is-layout-flow\" style=\"padding-bottom:var(--wp--preset--spacing--50)\"><div class=\"wp-block-group__inner-container\">\n<div class=\"wp-block-group is-content-justification-space-between is-nowrap is-layout-flex wp-container-7 wp-block-group-is-layout-flex\" style=\"border-bottom-color:var(--wp--preset--color--contrast);border-bottom-width:4px;padding-top:var(--wp--preset--spacing--30);padding-right:0;padding-bottom:var(--wp--preset--spacing--30);padding-left:0\"><div style=\"margin-top:0;margin-right:0;margin-bottom:0;margin-left:0; font-size:2rem;font-style:normal;font-weight:600;letter-spacing:1px;\" class=\"has-text-align-left has-link-color has-text-color has-contrast-color wp-block-post-date wp-elements-5813a8450eb0347cfdf34f1870882db6\"><time datetime=\"2026-03-02T12:43:36+01:00\">03.2<\/time><\/div>\n\n<div style=\"margin-top:0;margin-right:0;margin-bottom:0;margin-left:0; font-size:2rem;font-style:normal;font-weight:600;letter-spacing:1px;\" class=\"has-text-align-left has-link-color has-text-color has-contrast-color wp-block-post-date wp-elements-672016f5c95dcb277e0d666c7795c645\"><time datetime=\"2026-03-02T12:43:36+01:00\">2026<\/time><\/div><\/div>\n\n\n<h2 style=\"padding-top:var(--wp--preset--spacing--30); font-size:4.6rem;font-style:normal;font-weight:600;line-height:1.1;\" class=\"has-link-color has-text-color has-contrast-color wp-block-post-title wp-elements-b5fa43084743aafd1d185f08a32e7678 is-layout-flow wp-block-post-title-is-layout-flow\"><a href=\"https:\/\/mr-ananda.com\/?p=6239\" target=\"_self\" >Yoga News &amp; Update<\/a><\/h2>\n\n<div class=\"wp-block-post-excerpt\"><p class=\"wp-block-post-excerpt__excerpt\">Liebe Yogis und Yoginis, es gibt einige Neuigkeiten, im M\u00e4rz sammeln wir f\u00fcr das SOS-Kinderdorf in der Ukraine, es gibt eine neue Anwendung aus der Naturheilkunde &#8211; den Kniegu\u00df. Au\u00dferdem geht es um die 10 direkten\u00a0 Errungenschaften des Yoga, die Errungenschaften bzw. den Fr\u00fcchten des Yoga im Allgemeinen und um den neuen Yoga Sutra OnlineWeiterlesen<\/p><p class=\"wp-block-post-excerpt__more-text\"><a class=\"wp-block-post-excerpt__more-link\" href=\"https:\/\/mr-ananda.com\/?p=6239\">Weiterlesen<\/a><\/p><\/div><\/div><\/div>\n\n<\/li><\/ul><\/div><\/div>\n\n\n\n<div class=\"wp-block-group is-layout-flow wp-block-group-is-layout-flow\" style=\"margin-top:0;margin-bottom:0;padding-top:var(--wp--preset--spacing--40);padding-right:var(--wp--preset--spacing--40);padding-bottom:var(--wp--preset--spacing--40);padding-left:var(--wp--preset--spacing--40)\"><div class=\"wp-block-group__inner-container\"><nav class=\"wp-block-query-pagination is-content-justification-space-between is-nowrap is-layout-flex wp-container-12 wp-block-query-pagination-is-layout-flex\" aria-label=\"Seitennummerierung\">\n\n\n<a href=\"\/index.php?rest_route=%2Fwp%2Fv2%2Fpages%2F5482&#038;query-1-page=2\" style=\"font-size:2rem;font-style:normal;font-weight:600;text-transform:uppercase;letter-spacing:1px;\" class=\"wp-block-query-pagination-next\">N\u00e4chste Seite<\/a>\n<\/nav><\/div><\/div>\n<\/div>\n<\/div><\/div>\n<\/div>\n<\/div>\n\n\n<div\n\t\t\t\n\t\t\tclass=\"so-widget-sow-hero so-widget-sow-hero-default-93415d0e2dbf so-widget-fittext-wrapper\"\n\t\t\t data-fit-text-compressor=\"0.85\"\n\t\t>\t\t\t\t<div class=\"sow-slider-base\" style=\"display: none\" tabindex=\"0\">\n\t\t\t\t\t<ul\n\t\t\t\t\tclass=\"sow-slider-images\"\n\t\t\t\t\tdata-settings=\"{&quot;pagination&quot;:true,&quot;speed&quot;:800,&quot;timeout&quot;:8000,&quot;paused&quot;:false,&quot;pause_on_hover&quot;:false,&quot;swipe&quot;:true,&quot;nav_always_show_desktop&quot;:&quot;&quot;,&quot;nav_always_show_mobile&quot;:&quot;&quot;,&quot;breakpoint&quot;:&quot;780px&quot;,&quot;unmute&quot;:false,&quot;anchor&quot;:null}\"\n\t\t\t\t\t\t\t\t\t\tdata-anchor-id=\"\"\n\t\t\t\t>\t\t<li class=\"sow-slider-image  sow-slider-image-cover\" style=\"visibility: visible;;background-color: #333333;background-image: url(https:\/\/i0.wp.com\/mr-ananda.com\/wp-content\/uploads\/2023\/09\/image0-10.jpeg?fit=2016%2C1512&#038;ssl=1)\" >\n\t\t\t\t\t<div class=\"sow-slider-image-container\">\n\t\t\t<div class=\"sow-slider-image-wrapper\">\n\t\t\t\t<h3>Yoga Kurs \u00dcberlingen<\/h3>\n<p>Sie m\u00f6chten mehr \u00fcber Yoga erfahren? Besuchen Sie einen Yoga Kurs in \u00dcberlingen am Bodensee<\/p>\n\t\t\t<\/div>\n\t\t<\/div>\n\t\t\t\t<\/li>\n\t\t<\/ul>\t\t\t\t<ol class=\"sow-slider-pagination\">\n\t\t\t\t\t\t\t\t\t\t\t<li><a href=\"#\" data-goto=\"0\" aria-label=\"display slide 1\"><\/a><\/li>\n\t\t\t\t\t\t\t\t\t<\/ol>\n\n\t\t\t\t<div class=\"sow-slide-nav sow-slide-nav-next\">\n\t\t\t\t\t<a href=\"#\" data-goto=\"next\" aria-label=\"next slide\" data-action=\"next\">\n\t\t\t\t\t\t<em class=\"sow-sld-icon-thin-right\"><\/em>\n\t\t\t\t\t<\/a>\n\t\t\t\t<\/div>\n\n\t\t\t\t<div class=\"sow-slide-nav sow-slide-nav-prev\">\n\t\t\t\t\t<a href=\"#\" data-goto=\"previous\" aria-label=\"previous slide\" data-action=\"prev\">\n\t\t\t\t\t\t<em class=\"sow-sld-icon-thin-left\"><\/em>\n\t\t\t\t\t<\/a>\n\t\t\t\t<\/div>\n\t\t\t\t<\/div><\/div>\t\t\t\t<style type=\"text\/css\">@media (max-width: 780px) {\n  .so-widget-sow-hero-default-93415d0e2dbf .sow-slider-base ul.sow-slider-images {\n    min-height: 0 !important;\n  }\n}\n.so-widget-sow-hero-default-93415d0e2dbf .sow-slider-base ul.sow-slider-images .sow-slider-image-wrapper {\n  padding: calc( 50px + 0px ) 20px 50px 20px;\n  max-width: 1280px;\n  \n}\n@media (max-width: 780px) {\n}\n.so-widget-sow-hero-default-93415d0e2dbf .sow-slider-base ul.sow-slider-images .sow-slider-image-wrapper h1,\n.so-widget-sow-hero-default-93415d0e2dbf .sow-slider-base ul.sow-slider-images .sow-slider-image-wrapper h2,\n.so-widget-sow-hero-default-93415d0e2dbf .sow-slider-base ul.sow-slider-images .sow-slider-image-wrapper h3,\n.so-widget-sow-hero-default-93415d0e2dbf .sow-slider-base ul.sow-slider-images .sow-slider-image-wrapper h4,\n.so-widget-sow-hero-default-93415d0e2dbf .sow-slider-base ul.sow-slider-images .sow-slider-image-wrapper h5,\n.so-widget-sow-hero-default-93415d0e2dbf .sow-slider-base ul.sow-slider-images .sow-slider-image-wrapper h6 {\n  line-height: 1.375em;\n  color: #ffffff;\n  text-shadow: 0 2px 2px rgba(0, 0, 0, 0.5);\n  margin: 0.1em 0;\n  \n}\n.so-widget-sow-hero-default-93415d0e2dbf .sow-slider-base ul.sow-slider-images .sow-slider-image-wrapper h1 {\n  font-size: 38px;\n}\n.so-widget-sow-hero-default-93415d0e2dbf .sow-slider-base ul.sow-slider-images .sow-slider-image-wrapper h2 {\n  font-size: 32.3px;\n}\n.so-widget-sow-hero-default-93415d0e2dbf .sow-slider-base ul.sow-slider-images .sow-slider-image-wrapper h3 {\n  font-size: 26.6px;\n}\n.so-widget-sow-hero-default-93415d0e2dbf .sow-slider-base ul.sow-slider-images .sow-slider-image-wrapper h4 {\n  font-size: 22.8px;\n}\n.so-widget-sow-hero-default-93415d0e2dbf .sow-slider-base ul.sow-slider-images .sow-slider-image-wrapper h5 {\n  font-size: 19px;\n}\n.so-widget-sow-hero-default-93415d0e2dbf .sow-slider-base ul.sow-slider-images .sow-slider-image-wrapper h6 {\n  font-size: 15.2px;\n}\n.so-widget-sow-hero-default-93415d0e2dbf .sow-slider-base ul.sow-slider-images .sow-slider-image-wrapper p {\n  color: #f6f6f6;\n  text-shadow: 0 2px 2px rgba(0, 0, 0, 0.25);\n  margin: 1em 0;\n  font-size: 16px;\n  \n}\n.so-widget-sow-hero-default-93415d0e2dbf .sow-slider-base ul.sow-slider-images .sow-slider-image-wrapper .sow-hero-buttons {\n  margin-top: 3em;\n  padding-bottom: 0.2em;\n}\n.so-widget-sow-hero-default-93415d0e2dbf .sow-slider-base ul.sow-slider-images .sow-slider-image-wrapper .sow-hero-buttons .so-widget-sow-button {\n  display: inline-block;\n  margin: 3px 6px 0;\n}\n.so-widget-sow-hero-default-93415d0e2dbf .sow-slider-base .sow-slider-pagination {\n  text-align: right;\n}\n.so-widget-sow-hero-default-93415d0e2dbf .sow-slider-base .sow-slider-pagination li a {\n  background: #ffffff;\n}\n.so-widget-sow-hero-default-93415d0e2dbf .sow-slider-base .sow-slide-nav {\n  font-size: 25px;\n}\n.so-widget-sow-hero-default-93415d0e2dbf .sow-slider-base .sow-slide-nav a {\n  color: #ffffff;\n}<\/style>\n\t\t\t\t","protected":false},"excerpt":{"rendered":"","protected":false},"author":1,"featured_media":0,"parent":2776,"menu_order":0,"comment_status":"open","ping_status":"closed","template":"","meta":{"footnotes":""},"yoast_head":"<!-- This site is optimized with the Yoast SEO Premium plugin v21.7 (Yoast SEO v21.7) - https:\/\/yoast.com\/wordpress\/plugins\/seo\/ -->\n<title>Yoga News - Mr. Ananda - Yoga Retreats und Yoga Kurse \u00dcberlingen<\/title>\n<meta name=\"description\" content=\"Der w\u00f6chentliche Yoga Newsletter. News und Inspiration zu Yoga. Besuche einen Yoga Kurs oder Seminar oder Retreat in \u00dcberlingen am Bodensee\" \/>\n<meta name=\"robots\" content=\"index, follow, max-snippet:-1, max-image-preview:large, max-video-preview:-1\" \/>\n<link rel=\"canonical\" href=\"https:\/\/mr-ananda.com\/?page_id=5482\" \/>\n<link rel=\"next\" href=\"https:\/\/mr-ananda.com\/?page_id=5482index.php?rest_route=%2Fwp%2Fv2%2Fpages%2F5482&query-1-page=2\" \/>\n<meta property=\"og:locale\" content=\"de_DE\" \/>\n<meta property=\"og:type\" content=\"article\" \/>\n<meta property=\"og:title\" content=\"Yoga News\" \/>\n<meta property=\"og:description\" content=\"Der w\u00f6chentliche Yoga Newsletter. News und Inspiration zu Yoga. Besuche einen Yoga Kurs oder Seminar oder Retreat in \u00dcberlingen am Bodensee\" \/>\n<meta property=\"og:url\" content=\"https:\/\/mr-ananda.com\/?page_id=5482\" \/>\n<meta property=\"og:site_name\" content=\"Mr. Ananda - Yoga Retreats und Yoga Kurse \u00dcberlingen\" \/>\n<meta property=\"article:publisher\" content=\"https:\/\/www.facebook.com\/MisterAnanda\/\" \/>\n<meta property=\"article:modified_time\" content=\"2025-12-30T08:26:00+00:00\" \/>\n<meta name=\"twitter:card\" content=\"summary_large_image\" \/>\n<meta name=\"twitter:label1\" content=\"Gesch\u00e4tzte Lesezeit\" \/>\n\t<meta name=\"twitter:data1\" content=\"1\u00a0Minute\" \/>\n<script type=\"application\/ld+json\" class=\"yoast-schema-graph\">{\"@context\":\"https:\/\/schema.org\",\"@graph\":[{\"@type\":\"WebPage\",\"@id\":\"https:\/\/mr-ananda.com\/?page_id=5482\",\"url\":\"https:\/\/mr-ananda.com\/?page_id=5482\",\"name\":\"Yoga News - Mr. Ananda - Yoga Retreats und Yoga Kurse \u00dcberlingen\",\"isPartOf\":{\"@id\":\"http:\/\/mr-ananda.com\/#website\"},\"datePublished\":\"2025-11-24T09:47:47+00:00\",\"dateModified\":\"2025-12-30T08:26:00+00:00\",\"description\":\"Der w\u00f6chentliche Yoga Newsletter. News und Inspiration zu Yoga. Besuche einen Yoga Kurs oder Seminar oder Retreat in \u00dcberlingen am Bodensee\",\"breadcrumb\":{\"@id\":\"https:\/\/mr-ananda.com\/?page_id=5482#breadcrumb\"},\"inLanguage\":\"de\",\"potentialAction\":[{\"@type\":\"ReadAction\",\"target\":[\"https:\/\/mr-ananda.com\/?page_id=5482\"]}]},{\"@type\":\"BreadcrumbList\",\"@id\":\"https:\/\/mr-ananda.com\/?page_id=5482#breadcrumb\",\"itemListElement\":[{\"@type\":\"ListItem\",\"position\":1,\"name\":\"Startseite\",\"item\":\"http:\/\/mr-ananda.com\/\"},{\"@type\":\"ListItem\",\"position\":2,\"name\":\"Yoga Shastra\",\"item\":\"https:\/\/mr-ananda.com\/?page_id=2776\"},{\"@type\":\"ListItem\",\"position\":3,\"name\":\"Yoga News\"}]},{\"@type\":\"WebSite\",\"@id\":\"http:\/\/mr-ananda.com\/#website\",\"url\":\"http:\/\/mr-ananda.com\/\",\"name\":\"Mr. Ananda - Yoga Retreats und Yoga Kurs in \u00dcberlingen\",\"description\":\"Yoga Authentisch Dynamisch\",\"publisher\":{\"@id\":\"http:\/\/mr-ananda.com\/#organization\"},\"potentialAction\":[{\"@type\":\"SearchAction\",\"target\":{\"@type\":\"EntryPoint\",\"urlTemplate\":\"http:\/\/mr-ananda.com\/?s={search_term_string}\"},\"query-input\":\"required name=search_term_string\"}],\"inLanguage\":\"de\"},{\"@type\":\"Organization\",\"@id\":\"http:\/\/mr-ananda.com\/#organization\",\"name\":\"Mr. Ananda\",\"url\":\"http:\/\/mr-ananda.com\/\",\"logo\":{\"@type\":\"ImageObject\",\"inLanguage\":\"de\",\"@id\":\"http:\/\/mr-ananda.com\/#\/schema\/logo\/image\/\",\"url\":\"https:\/\/i0.wp.com\/mr-ananda.com\/wp-content\/uploads\/2017\/11\/mister_rgb_700x700px.png?fit=700%2C700&ssl=1\",\"contentUrl\":\"https:\/\/i0.wp.com\/mr-ananda.com\/wp-content\/uploads\/2017\/11\/mister_rgb_700x700px.png?fit=700%2C700&ssl=1\",\"width\":700,\"height\":700,\"caption\":\"Mr. Ananda\"},\"image\":{\"@id\":\"http:\/\/mr-ananda.com\/#\/schema\/logo\/image\/\"},\"sameAs\":[\"https:\/\/www.facebook.com\/MisterAnanda\/\",\"https:\/\/www.instagram.com\/mrx123om\/\"]}]}<\/script>\n<!-- \/ Yoast SEO Premium plugin. -->","yoast_head_json":{"title":"Yoga News - Mr. Ananda - Yoga Retreats und Yoga Kurse \u00dcberlingen","description":"Der w\u00f6chentliche Yoga Newsletter. News und Inspiration zu Yoga. Besuche einen Yoga Kurs oder Seminar oder Retreat in \u00dcberlingen am Bodensee","robots":{"index":"index","follow":"follow","max-snippet":"max-snippet:-1","max-image-preview":"max-image-preview:large","max-video-preview":"max-video-preview:-1"},"canonical":"https:\/\/mr-ananda.com\/?page_id=5482","next":"https:\/\/mr-ananda.com\/?page_id=5482index.php?rest_route=%2Fwp%2Fv2%2Fpages%2F5482&query-1-page=2","og_locale":"de_DE","og_type":"article","og_title":"Yoga News","og_description":"Der w\u00f6chentliche Yoga Newsletter. News und Inspiration zu Yoga. Besuche einen Yoga Kurs oder Seminar oder Retreat in \u00dcberlingen am Bodensee","og_url":"https:\/\/mr-ananda.com\/?page_id=5482","og_site_name":"Mr. Ananda - Yoga Retreats und Yoga Kurse \u00dcberlingen","article_publisher":"https:\/\/www.facebook.com\/MisterAnanda\/","article_modified_time":"2025-12-30T08:26:00+00:00","twitter_card":"summary_large_image","twitter_misc":{"Gesch\u00e4tzte Lesezeit":"1\u00a0Minute"},"schema":{"@context":"https:\/\/schema.org","@graph":[{"@type":"WebPage","@id":"https:\/\/mr-ananda.com\/?page_id=5482","url":"https:\/\/mr-ananda.com\/?page_id=5482","name":"Yoga News - Mr. Ananda - Yoga Retreats und Yoga Kurse \u00dcberlingen","isPartOf":{"@id":"http:\/\/mr-ananda.com\/#website"},"datePublished":"2025-11-24T09:47:47+00:00","dateModified":"2025-12-30T08:26:00+00:00","description":"Der w\u00f6chentliche Yoga Newsletter. News und Inspiration zu Yoga. Besuche einen Yoga Kurs oder Seminar oder Retreat in \u00dcberlingen am Bodensee","breadcrumb":{"@id":"https:\/\/mr-ananda.com\/?page_id=5482#breadcrumb"},"inLanguage":"de","potentialAction":[{"@type":"ReadAction","target":["https:\/\/mr-ananda.com\/?page_id=5482"]}]},{"@type":"BreadcrumbList","@id":"https:\/\/mr-ananda.com\/?page_id=5482#breadcrumb","itemListElement":[{"@type":"ListItem","position":1,"name":"Startseite","item":"http:\/\/mr-ananda.com\/"},{"@type":"ListItem","position":2,"name":"Yoga Shastra","item":"https:\/\/mr-ananda.com\/?page_id=2776"},{"@type":"ListItem","position":3,"name":"Yoga News"}]},{"@type":"WebSite","@id":"http:\/\/mr-ananda.com\/#website","url":"http:\/\/mr-ananda.com\/","name":"Mr. Ananda - Yoga Retreats und Yoga Kurs in \u00dcberlingen","description":"Yoga Authentisch Dynamisch","publisher":{"@id":"http:\/\/mr-ananda.com\/#organization"},"potentialAction":[{"@type":"SearchAction","target":{"@type":"EntryPoint","urlTemplate":"http:\/\/mr-ananda.com\/?s={search_term_string}"},"query-input":"required name=search_term_string"}],"inLanguage":"de"},{"@type":"Organization","@id":"http:\/\/mr-ananda.com\/#organization","name":"Mr. Ananda","url":"http:\/\/mr-ananda.com\/","logo":{"@type":"ImageObject","inLanguage":"de","@id":"http:\/\/mr-ananda.com\/#\/schema\/logo\/image\/","url":"https:\/\/i0.wp.com\/mr-ananda.com\/wp-content\/uploads\/2017\/11\/mister_rgb_700x700px.png?fit=700%2C700&ssl=1","contentUrl":"https:\/\/i0.wp.com\/mr-ananda.com\/wp-content\/uploads\/2017\/11\/mister_rgb_700x700px.png?fit=700%2C700&ssl=1","width":700,"height":700,"caption":"Mr. Ananda"},"image":{"@id":"http:\/\/mr-ananda.com\/#\/schema\/logo\/image\/"},"sameAs":["https:\/\/www.facebook.com\/MisterAnanda\/","https:\/\/www.instagram.com\/mrx123om\/"]}]}},"jetpack_sharing_enabled":true,"jetpack_shortlink":"https:\/\/wp.me\/P9n7z7-1qq","jetpack_likes_enabled":true,"jetpack-related-posts":[],"_links":{"self":[{"href":"https:\/\/mr-ananda.com\/index.php?rest_route=\/wp\/v2\/pages\/5482"}],"collection":[{"href":"https:\/\/mr-ananda.com\/index.php?rest_route=\/wp\/v2\/pages"}],"about":[{"href":"https:\/\/mr-ananda.com\/index.php?rest_route=\/wp\/v2\/types\/page"}],"author":[{"embeddable":true,"href":"https:\/\/mr-ananda.com\/index.php?rest_route=\/wp\/v2\/users\/1"}],"replies":[{"embeddable":true,"href":"https:\/\/mr-ananda.com\/index.php?rest_route=%2Fwp%2Fv2%2Fcomments&post=5482"}],"version-history":[{"count":17,"href":"https:\/\/mr-ananda.com\/index.php?rest_route=\/wp\/v2\/pages\/5482\/revisions"}],"predecessor-version":[{"id":5772,"href":"https:\/\/mr-ananda.com\/index.php?rest_route=\/wp\/v2\/pages\/5482\/revisions\/5772"}],"up":[{"embeddable":true,"href":"https:\/\/mr-ananda.com\/index.php?rest_route=\/wp\/v2\/pages\/2776"}],"wp:attachment":[{"href":"https:\/\/mr-ananda.com\/index.php?rest_route=%2Fwp%2Fv2%2Fmedia&parent=5482"}],"curies":[{"name":"wp","href":"https:\/\/api.w.org\/{rel}","templated":true}]}}