{"id":4410,"date":"2024-12-09T12:00:23","date_gmt":"2024-12-09T11:00:23","guid":{"rendered":"https:\/\/mr-ananda.com\/?page_id=4410"},"modified":"2024-12-09T19:27:27","modified_gmt":"2024-12-09T18:27:27","slug":"blog-the-observable-yoga-universe","status":"publish","type":"page","link":"https:\/\/mr-ananda.com\/?page_id=4410","title":{"rendered":"Blog The Observable Yoga Universe"},"content":{"rendered":"<div id=\"pl-4410\"  class=\"panel-layout\" ><div id=\"pg-4410-0\"  class=\"panel-grid panel-no-style\" ><div id=\"pgc-4410-0-0\"  class=\"panel-grid-cell\" ><div id=\"panel-4410-0-0-0\" class=\"so-panel widget widget_sow-editor panel-first-child\" data-index=\"0\" ><div\n\t\t\t\n\t\t\tclass=\"so-widget-sow-editor so-widget-sow-editor-base\"\n\t\t\t\n\t\t>\n<div class=\"siteorigin-widget-tinymce textwidget\">\n\t<h2 style=\"text-align: center;\">The Observable Yoga Universe<\/h2>\n<p style=\"text-align: center;\">Woher kommt der moderne Yoga? Ein \u00dcberblick, bzw. eine \u00dcbersicht des Yoga in der Tradition von Krishnamacharya<\/p>\n<p><a href=\"https:\/\/i0.wp.com\/mr-ananda.com\/wp-content\/uploads\/2024\/12\/Observable-Yoga-Universe.jpg\" target=\"_blank\" rel=\"noopener\"><img data-attachment-id=\"4413\" data-permalink=\"https:\/\/mr-ananda.com\/?attachment_id=4413\" data-orig-file=\"https:\/\/i0.wp.com\/mr-ananda.com\/wp-content\/uploads\/2024\/12\/Observable-Yoga-Universe.jpg?fit=1792%2C1024&amp;ssl=1\" data-orig-size=\"1792,1024\" data-comments-opened=\"1\" data-image-meta=\"{&quot;aperture&quot;:&quot;0&quot;,&quot;credit&quot;:&quot;&quot;,&quot;camera&quot;:&quot;&quot;,&quot;caption&quot;:&quot;&quot;,&quot;created_timestamp&quot;:&quot;0&quot;,&quot;copyright&quot;:&quot;&quot;,&quot;focal_length&quot;:&quot;0&quot;,&quot;iso&quot;:&quot;0&quot;,&quot;shutter_speed&quot;:&quot;0&quot;,&quot;title&quot;:&quot;&quot;,&quot;orientation&quot;:&quot;1&quot;}\" data-image-title=\"The Observable Yoga Universe\" data-image-description=\"&lt;p&gt;Das beobachtbare Yoga Universum&lt;\/p&gt;\n\" data-image-caption=\"\" data-medium-file=\"https:\/\/i0.wp.com\/mr-ananda.com\/wp-content\/uploads\/2024\/12\/Observable-Yoga-Universe.jpg?fit=300%2C171&amp;ssl=1\" data-large-file=\"https:\/\/i0.wp.com\/mr-ananda.com\/wp-content\/uploads\/2024\/12\/Observable-Yoga-Universe.jpg?fit=1024%2C585&amp;ssl=1\" decoding=\"async\" loading=\"lazy\" class=\"wp-image-4413 aligncenter\" src=\"https:\/\/i0.wp.com\/mr-ananda.com\/wp-content\/uploads\/2024\/12\/Observable-Yoga-Universe.jpg?resize=682%2C389\" alt=\"The Observable Yoga Universe Yoga in der Tradition von Krishnamacharya ein \u00dcberblick Yoga Kurs Workshop und Yoga Urlaub \u00dcberlingen am Bodensee\" width=\"682\" height=\"389\" srcset=\"https:\/\/i0.wp.com\/mr-ananda.com\/wp-content\/uploads\/2024\/12\/Observable-Yoga-Universe.jpg?resize=300%2C171&amp;ssl=1 300w, https:\/\/i0.wp.com\/mr-ananda.com\/wp-content\/uploads\/2024\/12\/Observable-Yoga-Universe.jpg?resize=1024%2C585&amp;ssl=1 1024w, https:\/\/i0.wp.com\/mr-ananda.com\/wp-content\/uploads\/2024\/12\/Observable-Yoga-Universe.jpg?resize=768%2C439&amp;ssl=1 768w, https:\/\/i0.wp.com\/mr-ananda.com\/wp-content\/uploads\/2024\/12\/Observable-Yoga-Universe.jpg?resize=1536%2C878&amp;ssl=1 1536w, https:\/\/i0.wp.com\/mr-ananda.com\/wp-content\/uploads\/2024\/12\/Observable-Yoga-Universe.jpg?w=1792&amp;ssl=1 1792w\" sizes=\"(max-width: 682px) 100vw, 682px\" data-recalc-dims=\"1\" \/><\/a><\/p>\n<p style=\"text-align: center;\">(Klicke auf das Bild um es zu vergr\u00f6\u00dfern)<\/p>\n<p style=\"text-align: left;\"><strong>Hinweis: Die obige \u00dcbersicht basiert auf rein pers\u00f6nlicher Wahrnehmung und soll dazu dienen interessierten Yoga Praktizierenden einen groben \u00dcberblick zu geben, woher der moderne Yoga kommt und wo im Yoga Universum das Yoga einzuordnen ist, das im Zuge eines Yoga-Kurs bzw. Yoga Workshop unterrichtet wird. Die angegeben Perioden und Zeitr\u00e4ume sind ungef\u00e4hre und rein subjektive Zeitangaben. Die Perioden wurden angegeben im Kontext der Stationen von Tirumalai Krishnamacharya, \"dem Vater des modernen Yoga\", in dessen Tradition wir Yoga praktizieren<\/strong><strong>. Diese \u00dcbersicht ist nicht vollst\u00e4ndig und gibt nur einen limitierten Blickwinkel auf die \"Sterne\" von meiner Position aus wieder<\/strong><strong>.\u00a0<\/strong><\/p>\n<h4 style=\"text-align: left;\">\"The Observable Yoga Universe\". Eine Erl\u00e4uterung der Grafik:<\/h4>\n<p>Der Ursprung des modernen Yoga, wie wir ihn heute kennen, finden wir in den \"Str\u00f6mungen\" bzw. Konzepten im Altertum. Patanjali hat mit dem Yoga Sutra, einem Erfahrungsbericht, diese Konzepte zusammengef\u00fchrt und eine konkrete Anleitung beschrieben, das er \"Raja Yoga\" bzw. Ashtanga Yoga nennt. (Das Yoga der 8 Glieder \/ 8 S\u00e4ulen).<\/p>\n<p>In der Periode des Mittelalters entstanden zahlreiche andere Schriften zum Yoga. In der \u00dcbersicht habe ich die 4 Schriften eingetragen die als klassische Schriften und als Grundlage des Hatha Yoga gelten. <em>(Anmerkung des Autors: Alle Schriften -<strong> IN GR\u00dcN<\/strong> - die in dieser \u00dcbersicht eingetragen sind (auch aus anderen Zeitr\u00e4umen), dienen als Grundlage und Referenz f\u00fcr einen authentischen Yoga Unterricht)<\/em><\/p>\n<p>Den Zeitraum 1916-1923 findet Tirumalai Krishnamacharya, durch eine Empfehlung von Ganganath Jha, seinen Yoga Lehrer \"Rama Mohan Brahmachari\" und lebt mehrere Jahre bei ihm und seiner Familie. Dies gilt als die Grundlage seines Wirkens. Er findet in der Folge im Palast von Mysore eine Anstellung als Yoga Lehrer. In dieser Zeit unterrichtete er Pattabhi Jois und B.K.S Iyengar im Yoga, die beide ma\u00dfgeblichen Anteil daran hatten den Yoga im Westen bekannt zu machen.<\/p>\n<p>Im Anschluss geht er nach Chennai (Madras) um dort zu unterrichten. Er \u00fcbergibt seine Yogaschule seinem erfahrensten Yoga Sch\u00fcler Patthabi Jois. In Chennai unterrichtet er dann viele weitere sehr bekannte Yoga Lehrer, die einen gro\u00dfen Einfluss auf den Yoga haben wie wir ihn heute kennen.<\/p>\n<p>Danach folgt eine Phase als der Yoga beginnt im Westen popul\u00e4r zu werden. Zahlreiche Sch\u00fcler aus dem Westen besuchen Mysore und beginnen damit den Yoga in den Westen zu tragen. Viele neue Yoga Stile - <strong>IN ROT<\/strong>- entstehen, die sich in der Regel nur durch eine unterschiedliche Asana-Praxis voneinander unterscheiden. Dies Phase h\u00e4lt an bis zum heutigen Tag.<\/p>\n<p>Ich habe in der \u00dcbersicht eine Vielzahl von Namen von Yoga Praktizierenden als Sterne eingetragen wie sie heraussprudeln wenn jemand bittet das Yoga Universum aus meinem\u00a0 Blickwinkel zu zeichnen. Vielleicht kennst Du jemanden davon oder hast einen dieser Namen schon einmal geh\u00f6rt. Alle Namen in der \u00dcbersicht sind Yoga Lehrer und Yoga Praktizierende die dem Yoga folgen und auch andere darin anleiten. Wenn Du mit mir Yoga praktizierst, siehst Du das Yoga Universum vielleicht aus einem \u00e4hnlichen Blickwinkel. Falls Du Dich fragen solltest, wo in dieser \u00dcbersicht Dein Name einzuordnen ist, habe ich Dir einen Platz reserviert. Findest Du ihn?<\/p>\n<p style=\"text-align: center;\"><b>Dies ist Yoga in der Tradition von Tirumalai Krishnamacharia.<\/b><\/p>\n<p>Weiter unten im \u00dcberblick habe ich zur Information eine andere Tradition aufgef\u00fchrt (Sivananda). Dort ist aber auch Raja Yoga bzw. das Yoga Sutra und auch die anderen Schriften eine Grundlage, aber es ist Yoga in einer anderen \"Tradition\".<\/p>\n<p>Ein weiser indischer Gelehrter, <a href=\"https:\/\/www.youtube.com\/watch?v=FfKnwTObBc8\" target=\"_blank\" rel=\"noopener\">Sri Gangadhar Bhat<\/a>, sagte in einem Interview: \"Wenn Du denkst das es nur einen Mann wie Krishnamacharya gibt dann wei\u00dft Du nichts \u00fcber Indien. Es gibt tausende! Auch heute!\" (<a href=\"https:\/\/youtu.be\/yS84b-0OZ9g\" target=\"_blank\" rel=\"noopener\">Quelle: Mysore Yoga Tradition Film<\/a>)<\/p>\n<p>Eine ausf\u00fchrlichere Erl\u00e4uterung und weitere wissenswerte Hintergrundinformationen dazu wirst Du im Rahmen eines Yoga Kurs \/ Yoga Workshop erfahren.<\/p>\n<\/div>\n<\/div><\/div><div id=\"panel-4410-0-0-1\" class=\"so-panel widget widget_sow-hero panel-last-child\" data-index=\"1\" ><div\n\t\t\t\n\t\t\tclass=\"so-widget-sow-hero so-widget-sow-hero-default-93415d0e2dbf-4410 so-widget-fittext-wrapper\"\n\t\t\t data-fit-text-compressor=\"0.85\"\n\t\t>\t\t\t\t<div class=\"sow-slider-base\" style=\"display: none\" tabindex=\"0\">\n\t\t\t\t\t<ul\n\t\t\t\t\tclass=\"sow-slider-images\"\n\t\t\t\t\tdata-settings=\"{&quot;pagination&quot;:true,&quot;speed&quot;:800,&quot;timeout&quot;:8000,&quot;paused&quot;:false,&quot;pause_on_hover&quot;:false,&quot;swipe&quot;:true,&quot;nav_always_show_desktop&quot;:&quot;&quot;,&quot;nav_always_show_mobile&quot;:&quot;&quot;,&quot;breakpoint&quot;:&quot;780px&quot;,&quot;unmute&quot;:false,&quot;anchor&quot;:null}\"\n\t\t\t\t\t\t\t\t\t\tdata-anchor-id=\"\"\n\t\t\t\t>\t\t<li class=\"sow-slider-image  sow-slider-image-cover\" style=\"visibility: visible;;background-color: #333333;background-image: url(https:\/\/i0.wp.com\/mr-ananda.com\/wp-content\/uploads\/2023\/09\/image0-10.jpeg?fit=2016%2C1512&#038;ssl=1);cursor: pointer;\" data-url=\"{&quot;url&quot;:&quot;https:\\\/\\\/mr-ananda.com\\\/?page_id=625&quot;,&quot;new_window&quot;:false}\" >\n\t\t\t\t\t<div class=\"sow-slider-image-container\">\n\t\t\t<div class=\"sow-slider-image-wrapper\">\n\t\t\t\t<h3>Yoga Kurs \u00dcberlingen<\/h3>\n<p>Du m\u00f6chtest mehr \u00fcber diesen Text erfahren? Besuche einen Yoga Kurs in \u00dcberlingen am Bodensee<\/p>\n\t\t\t<\/div>\n\t\t<\/div>\n\t\t\t\t<\/li>\n\t\t<\/ul>\t\t\t\t<ol class=\"sow-slider-pagination\">\n\t\t\t\t\t\t\t\t\t\t\t<li><a href=\"#\" data-goto=\"0\" aria-label=\"display slide 1\"><\/a><\/li>\n\t\t\t\t\t\t\t\t\t<\/ol>\n\n\t\t\t\t<div class=\"sow-slide-nav sow-slide-nav-next\">\n\t\t\t\t\t<a href=\"#\" data-goto=\"next\" aria-label=\"next slide\" data-action=\"next\">\n\t\t\t\t\t\t<em class=\"sow-sld-icon-thin-right\"><\/em>\n\t\t\t\t\t<\/a>\n\t\t\t\t<\/div>\n\n\t\t\t\t<div class=\"sow-slide-nav sow-slide-nav-prev\">\n\t\t\t\t\t<a href=\"#\" data-goto=\"previous\" aria-label=\"previous slide\" data-action=\"prev\">\n\t\t\t\t\t\t<em class=\"sow-sld-icon-thin-left\"><\/em>\n\t\t\t\t\t<\/a>\n\t\t\t\t<\/div>\n\t\t\t\t<\/div><\/div><\/div><\/div><\/div><\/div>","protected":false},"excerpt":{"rendered":"<p>The Observable Yoga Universe Woher kommt der moderne Yoga? Ein \u00dcberblick, bzw. eine \u00dcbersicht des Yoga in der Tradition von Krishnamacharya (Klicke auf das Bild um es zu vergr\u00f6\u00dfern) Hinweis: Die obige \u00dcbersicht basiert auf rein pers\u00f6nlicher Wahrnehmung und soll dazu dienen interessierten Yoga Praktizierenden einen groben \u00dcberblick zu geben, woher der moderne Yoga kommt<\/p>\n<div><a class=\"btn-filled btn\" href=\"https:\/\/mr-ananda.com\/?page_id=4410\" title=\"Blog The Observable Yoga Universe\">Weiterlesen<\/a><\/div>\n","protected":false},"author":1,"featured_media":0,"parent":0,"menu_order":0,"comment_status":"closed","ping_status":"closed","template":"","meta":{"footnotes":""},"yoast_head":"<!-- This site is optimized with the Yoast SEO Premium plugin v21.7 (Yoast SEO v21.7) - https:\/\/yoast.com\/wordpress\/plugins\/seo\/ -->\n<title>Blog The Observable Yoga Universe - Mr. Ananda - Yoga Retreats und Yoga Kurse \u00dcberlingen<\/title>\n<meta name=\"description\" content=\"The Observable Yoga Universe Woher kommt der moderne Yoga? Eine \u00dcberblick, bzw. eine \u00dcbersicht des Yoga in der Tradition von Krishnamacharya\" \/>\n<meta name=\"robots\" content=\"index, follow, max-snippet:-1, max-image-preview:large, max-video-preview:-1\" \/>\n<link rel=\"canonical\" href=\"http:\/\/mr-ananda.com\/?page_id=4410\" \/>\n<meta property=\"og:locale\" content=\"de_DE\" \/>\n<meta property=\"og:type\" content=\"article\" \/>\n<meta property=\"og:title\" content=\"Blog The Observable Yoga Universe\" \/>\n<meta property=\"og:description\" content=\"The Observable Yoga Universe Woher kommt der moderne Yoga? Eine \u00dcberblick, bzw. eine \u00dcbersicht des Yoga in der Tradition von Krishnamacharya\" \/>\n<meta property=\"og:url\" content=\"http:\/\/mr-ananda.com\/?page_id=4410\" \/>\n<meta property=\"og:site_name\" content=\"Mr. Ananda - Yoga Retreats und Yoga Kurse \u00dcberlingen\" \/>\n<meta property=\"article:publisher\" content=\"https:\/\/www.facebook.com\/MisterAnanda\/\" \/>\n<meta property=\"article:modified_time\" content=\"2024-12-09T18:27:27+00:00\" \/>\n<meta property=\"og:image\" content=\"http:\/\/mr-ananda.com\/wp-content\/uploads\/2024\/12\/Observable-Yoga-Universe-300x171.jpg\" \/>\n<meta name=\"twitter:card\" content=\"summary_large_image\" \/>\n<meta name=\"twitter:label1\" content=\"Gesch\u00e4tzte Lesezeit\" \/>\n\t<meta name=\"twitter:data1\" content=\"4\u00a0Minuten\" \/>\n<script type=\"application\/ld+json\" class=\"yoast-schema-graph\">{\"@context\":\"https:\/\/schema.org\",\"@graph\":[{\"@type\":\"WebPage\",\"@id\":\"http:\/\/mr-ananda.com\/?page_id=4410\",\"url\":\"http:\/\/mr-ananda.com\/?page_id=4410\",\"name\":\"Blog The Observable Yoga Universe - Mr. Ananda - Yoga Retreats und Yoga Kurse \u00dcberlingen\",\"isPartOf\":{\"@id\":\"http:\/\/mr-ananda.com\/#website\"},\"datePublished\":\"2024-12-09T11:00:23+00:00\",\"dateModified\":\"2024-12-09T18:27:27+00:00\",\"description\":\"The Observable Yoga Universe Woher kommt der moderne Yoga? Eine \u00dcberblick, bzw. eine \u00dcbersicht des Yoga in der Tradition von Krishnamacharya\",\"breadcrumb\":{\"@id\":\"http:\/\/mr-ananda.com\/?page_id=4410#breadcrumb\"},\"inLanguage\":\"de\",\"potentialAction\":[{\"@type\":\"ReadAction\",\"target\":[\"http:\/\/mr-ananda.com\/?page_id=4410\"]}]},{\"@type\":\"BreadcrumbList\",\"@id\":\"http:\/\/mr-ananda.com\/?page_id=4410#breadcrumb\",\"itemListElement\":[{\"@type\":\"ListItem\",\"position\":1,\"name\":\"Startseite\",\"item\":\"https:\/\/mr-ananda.com\/\"},{\"@type\":\"ListItem\",\"position\":2,\"name\":\"Blog The Observable Yoga Universe\"}]},{\"@type\":\"WebSite\",\"@id\":\"http:\/\/mr-ananda.com\/#website\",\"url\":\"http:\/\/mr-ananda.com\/\",\"name\":\"Mr. Ananda - Yoga Retreats und Yoga Kurs in \u00dcberlingen\",\"description\":\"Yoga Authentisch Dynamisch\",\"publisher\":{\"@id\":\"http:\/\/mr-ananda.com\/#organization\"},\"potentialAction\":[{\"@type\":\"SearchAction\",\"target\":{\"@type\":\"EntryPoint\",\"urlTemplate\":\"http:\/\/mr-ananda.com\/?s={search_term_string}\"},\"query-input\":\"required name=search_term_string\"}],\"inLanguage\":\"de\"},{\"@type\":\"Organization\",\"@id\":\"http:\/\/mr-ananda.com\/#organization\",\"name\":\"Mr. Ananda\",\"url\":\"http:\/\/mr-ananda.com\/\",\"logo\":{\"@type\":\"ImageObject\",\"inLanguage\":\"de\",\"@id\":\"http:\/\/mr-ananda.com\/#\/schema\/logo\/image\/\",\"url\":\"https:\/\/i0.wp.com\/mr-ananda.com\/wp-content\/uploads\/2017\/11\/mister_rgb_700x700px.png?fit=700%2C700&ssl=1\",\"contentUrl\":\"https:\/\/i0.wp.com\/mr-ananda.com\/wp-content\/uploads\/2017\/11\/mister_rgb_700x700px.png?fit=700%2C700&ssl=1\",\"width\":700,\"height\":700,\"caption\":\"Mr. Ananda\"},\"image\":{\"@id\":\"http:\/\/mr-ananda.com\/#\/schema\/logo\/image\/\"},\"sameAs\":[\"https:\/\/www.facebook.com\/MisterAnanda\/\",\"https:\/\/www.instagram.com\/mrx123om\/\"]}]}<\/script>\n<!-- \/ Yoast SEO Premium plugin. -->","yoast_head_json":{"title":"Blog The Observable Yoga Universe - Mr. Ananda - Yoga Retreats und Yoga Kurse \u00dcberlingen","description":"The Observable Yoga Universe Woher kommt der moderne Yoga? Eine \u00dcberblick, bzw. eine \u00dcbersicht des Yoga in der Tradition von Krishnamacharya","robots":{"index":"index","follow":"follow","max-snippet":"max-snippet:-1","max-image-preview":"max-image-preview:large","max-video-preview":"max-video-preview:-1"},"canonical":"http:\/\/mr-ananda.com\/?page_id=4410","og_locale":"de_DE","og_type":"article","og_title":"Blog The Observable Yoga Universe","og_description":"The Observable Yoga Universe Woher kommt der moderne Yoga? Eine \u00dcberblick, bzw. eine \u00dcbersicht des Yoga in der Tradition von Krishnamacharya","og_url":"http:\/\/mr-ananda.com\/?page_id=4410","og_site_name":"Mr. Ananda - Yoga Retreats und Yoga Kurse \u00dcberlingen","article_publisher":"https:\/\/www.facebook.com\/MisterAnanda\/","article_modified_time":"2024-12-09T18:27:27+00:00","og_image":[{"url":"http:\/\/mr-ananda.com\/wp-content\/uploads\/2024\/12\/Observable-Yoga-Universe-300x171.jpg"}],"twitter_card":"summary_large_image","twitter_misc":{"Gesch\u00e4tzte Lesezeit":"4\u00a0Minuten"},"schema":{"@context":"https:\/\/schema.org","@graph":[{"@type":"WebPage","@id":"http:\/\/mr-ananda.com\/?page_id=4410","url":"http:\/\/mr-ananda.com\/?page_id=4410","name":"Blog The Observable Yoga Universe - Mr. Ananda - Yoga Retreats und Yoga Kurse \u00dcberlingen","isPartOf":{"@id":"http:\/\/mr-ananda.com\/#website"},"datePublished":"2024-12-09T11:00:23+00:00","dateModified":"2024-12-09T18:27:27+00:00","description":"The Observable Yoga Universe Woher kommt der moderne Yoga? Eine \u00dcberblick, bzw. eine \u00dcbersicht des Yoga in der Tradition von Krishnamacharya","breadcrumb":{"@id":"http:\/\/mr-ananda.com\/?page_id=4410#breadcrumb"},"inLanguage":"de","potentialAction":[{"@type":"ReadAction","target":["http:\/\/mr-ananda.com\/?page_id=4410"]}]},{"@type":"BreadcrumbList","@id":"http:\/\/mr-ananda.com\/?page_id=4410#breadcrumb","itemListElement":[{"@type":"ListItem","position":1,"name":"Startseite","item":"https:\/\/mr-ananda.com\/"},{"@type":"ListItem","position":2,"name":"Blog The Observable Yoga Universe"}]},{"@type":"WebSite","@id":"http:\/\/mr-ananda.com\/#website","url":"http:\/\/mr-ananda.com\/","name":"Mr. Ananda - Yoga Retreats und Yoga Kurs in \u00dcberlingen","description":"Yoga Authentisch Dynamisch","publisher":{"@id":"http:\/\/mr-ananda.com\/#organization"},"potentialAction":[{"@type":"SearchAction","target":{"@type":"EntryPoint","urlTemplate":"http:\/\/mr-ananda.com\/?s={search_term_string}"},"query-input":"required name=search_term_string"}],"inLanguage":"de"},{"@type":"Organization","@id":"http:\/\/mr-ananda.com\/#organization","name":"Mr. Ananda","url":"http:\/\/mr-ananda.com\/","logo":{"@type":"ImageObject","inLanguage":"de","@id":"http:\/\/mr-ananda.com\/#\/schema\/logo\/image\/","url":"https:\/\/i0.wp.com\/mr-ananda.com\/wp-content\/uploads\/2017\/11\/mister_rgb_700x700px.png?fit=700%2C700&ssl=1","contentUrl":"https:\/\/i0.wp.com\/mr-ananda.com\/wp-content\/uploads\/2017\/11\/mister_rgb_700x700px.png?fit=700%2C700&ssl=1","width":700,"height":700,"caption":"Mr. Ananda"},"image":{"@id":"http:\/\/mr-ananda.com\/#\/schema\/logo\/image\/"},"sameAs":["https:\/\/www.facebook.com\/MisterAnanda\/","https:\/\/www.instagram.com\/mrx123om\/"]}]}},"jetpack_sharing_enabled":true,"jetpack_shortlink":"https:\/\/wp.me\/P9n7z7-198","jetpack_likes_enabled":true,"jetpack-related-posts":[{"id":4339,"url":"https:\/\/mr-ananda.com\/?page_id=4339","url_meta":{"origin":4410,"position":0},"title":"Yoga Blog","author":"mrananda","date":"24. November 2024","format":false,"excerpt":"The Observable Yoga Universe Woher kommt der moderne Yoga? Ein \u00dcberblick bzw. eine \u00dcbersicht des Yoga in der Tradition von Krishnamacharya Warum und wozu Yoga? Wohin wird das alles f\u00fchren? Und was kommt nach dem Yoga Sutra? \u00dcber die Gita, den Spirit of Yoga, sowie g\u00f6ttliche und d\u00e4monische Eigenschaften Die\u2026","rel":"","context":"\u00c4hnlicher Beitrag","block_context":{"text":"\u00c4hnlicher Beitrag","link":""},"img":{"alt_text":"","src":"","width":0,"height":0},"classes":[]},{"id":2795,"url":"https:\/\/mr-ananda.com\/?page_id=2795","url_meta":{"origin":4410,"position":1},"title":"Yoga Samhita","author":"mrananda","date":"20. November 2023","format":false,"excerpt":"Yoga Sutras of Patanjali Das Yoga-Sutra ist der zentrale Text der Yoga-Philosophie. Es besteht aus 195 kurzen Aphorismen Rigveda Die Rigveda ist vor allem f\u00fcr ihre philosophischen Gedanken, religi\u00f6sen Riten und die fr\u00fche indische Mythologie bekannt Gheranda Samhita Ein klassischer Text des Hatha Yoga. Geschrieben vermutlich im 17. Jahrhundert. Sie\u2026","rel":"","context":"\u00c4hnlicher Beitrag","block_context":{"text":"\u00c4hnlicher Beitrag","link":""},"img":{"alt_text":"","src":"","width":0,"height":0},"classes":[]},{"id":2819,"url":"https:\/\/mr-ananda.com\/?page_id=2819","url_meta":{"origin":4410,"position":2},"title":"Samhita Yoga Sutra","author":"mrananda","date":"20. November 2023","format":false,"excerpt":"Yoga Sutra Das Yoga-Sutra des Patanjali ist ein ma\u00dfgeblicher Text des Yoga. Es ist es Beschreibung des Raja Yoga (Raja = K\u00f6nig) bzw. den Ashtanga Yoga beschreibt (Asht = 8, den Yoga der 8 Glieder). Das Yoga Sutra besteht aus 195 kurzen Aphorismen (Sutras) und ist in vier Kapitel (Padas)\u2026","rel":"","context":"\u00c4hnlicher Beitrag","block_context":{"text":"\u00c4hnlicher Beitrag","link":""},"img":{"alt_text":"","src":"https:\/\/i0.wp.com\/mr-ananda.com\/wp-content\/uploads\/2023\/11\/An-artistic-symbolic-representation-of-a-website-link-about-Yoga-Sutras-including-an-Om-symbol-300x300.jpg?resize=350%2C200","width":350,"height":200},"classes":[]},{"id":2703,"url":"https:\/\/mr-ananda.com\/?page_id=2703","url_meta":{"origin":4410,"position":3},"title":"Sequenz Ashtanga Vinyasa Yoga Erste Serie &#8211; Yoga Cikits\u0101","author":"mrananda","date":"13. November 2023","format":false,"excerpt":"Traditional: Ashtanga Vinyasa Yoga Primary Series\u00a0 | Erste Serie - Yoga Cikits\u0101 (Yoga Therapie) Dauer: 90 minutes \u00a0 Download als PDF (images copyright @https:\/\/www.tummee.com)","rel":"","context":"\u00c4hnlicher Beitrag","block_context":{"text":"\u00c4hnlicher Beitrag","link":""},"img":{"alt_text":"Ashtanga Vinyasa Yoga Primary Series 1 Yoga \u00c3\u009cberlingen am Bodensee","src":"https:\/\/i0.wp.com\/mr-ananda.com\/wp-content\/uploads\/2023\/09\/Ashtanga-Vinyasa-Yoga-Primary-Series-1-259x300.jpg?resize=350%2C200","width":350,"height":200},"classes":[]},{"id":2922,"url":"https:\/\/mr-ananda.com\/?page_id=2922","url_meta":{"origin":4410,"position":4},"title":"Samhita Siva Samhita","author":"mrananda","date":"28. November 2023","format":false,"excerpt":"Siva Samhita Die \"Siva Samhita\" ist ein klassischer Text des Hatha Yoga. Es handelt sich um eine Sammlung von Versen, die sich mit verschiedenen Aspekten des Yoga besch\u00e4ftigen, einschlie\u00dflich physischer Haltungen (Asanas), Atem\u00fcbungen (Pranayama), Meditation und philosophischen Konzepten. Die genaue Entstehungszeit der \"Siva Samhita\" ist unbekannt, sie wird jedoch allgemein\u2026","rel":"","context":"\u00c4hnlicher Beitrag","block_context":{"text":"\u00c4hnlicher Beitrag","link":""},"img":{"alt_text":"Siva Samhita A technical illustration for the text about the 'Siva Samhita', a classic Hatha Yoga text. Yoga U\u00cc\u0088berlingen","src":"https:\/\/i0.wp.com\/mr-ananda.com\/wp-content\/uploads\/2023\/11\/Siva-Samhita-A-technical-illustration-for-the-text-about-the-Siva-Samhita-a-classic-Hatha-Yoga-text.-Yoga-Ueberlingen-300x300.jpg?resize=350%2C200","width":350,"height":200,"srcset":"https:\/\/i0.wp.com\/mr-ananda.com\/wp-content\/uploads\/2023\/11\/Siva-Samhita-A-technical-illustration-for-the-text-about-the-Siva-Samhita-a-classic-Hatha-Yoga-text.-Yoga-Ueberlingen-300x300.jpg?resize=350%2C200 1x, https:\/\/i0.wp.com\/mr-ananda.com\/wp-content\/uploads\/2023\/11\/Siva-Samhita-A-technical-illustration-for-the-text-about-the-Siva-Samhita-a-classic-Hatha-Yoga-text.-Yoga-Ueberlingen-300x300.jpg?resize=525%2C300 1.5x"},"classes":[]},{"id":760,"url":"https:\/\/mr-ananda.com\/?page_id=760","url_meta":{"origin":4410,"position":5},"title":"Yoga Kurse &#038; Retreats Ashtanga Yoga with music","author":"mrananda","date":"20. Februar 2018","format":false,"excerpt":"Program: \u00a0 Friday, 2nd of March 2018\u00a06:30pm Ashtanga Yoga class \u00a0 Saturday, 3rd of March 2018 4:30pm Beginner Yoga class \u00a0 Saturday, 3rd of March 2018 6:30pm Ashtanga Yoga class with Live Music \u00a0 Sunday, 4th of March 2018\u00a05:30pm Upside down Yoga\u00a0Handstand workshop \u00a0 All classes $12, cash facilities only\u2026","rel":"","context":"\u00c4hnlicher Beitrag","block_context":{"text":"\u00c4hnlicher Beitrag","link":""},"img":{"alt_text":"","src":"","width":0,"height":0},"classes":[]}],"_links":{"self":[{"href":"https:\/\/mr-ananda.com\/index.php?rest_route=\/wp\/v2\/pages\/4410"}],"collection":[{"href":"https:\/\/mr-ananda.com\/index.php?rest_route=\/wp\/v2\/pages"}],"about":[{"href":"https:\/\/mr-ananda.com\/index.php?rest_route=\/wp\/v2\/types\/page"}],"author":[{"embeddable":true,"href":"https:\/\/mr-ananda.com\/index.php?rest_route=\/wp\/v2\/users\/1"}],"replies":[{"embeddable":true,"href":"https:\/\/mr-ananda.com\/index.php?rest_route=%2Fwp%2Fv2%2Fcomments&post=4410"}],"version-history":[{"count":36,"href":"https:\/\/mr-ananda.com\/index.php?rest_route=\/wp\/v2\/pages\/4410\/revisions"}],"predecessor-version":[{"id":4453,"href":"https:\/\/mr-ananda.com\/index.php?rest_route=\/wp\/v2\/pages\/4410\/revisions\/4453"}],"wp:attachment":[{"href":"https:\/\/mr-ananda.com\/index.php?rest_route=%2Fwp%2Fv2%2Fmedia&parent=4410"}],"curies":[{"name":"wp","href":"https:\/\/api.w.org\/{rel}","templated":true}]}}