{"id":2853,"date":"2023-11-20T21:26:35","date_gmt":"2023-11-20T20:26:35","guid":{"rendered":"https:\/\/mr-ananda.com\/?page_id=2853"},"modified":"2023-11-23T13:35:04","modified_gmt":"2023-11-23T12:35:04","slug":"sequenzen-module-2","status":"publish","type":"page","link":"https:\/\/mr-ananda.com\/?page_id=2853","title":{"rendered":"Sequenzen + Module"},"content":{"rendered":"<div id=\"pl-2853\"  class=\"panel-layout\" ><div id=\"pg-2853-0\"  class=\"panel-grid panel-has-style\" ><div class=\"panel-row-style panel-row-style-for-2853-0\" ><div id=\"pgc-2853-0-0\"  class=\"panel-grid-cell\" ><div id=\"panel-2853-0-0-0\" class=\"so-panel widget widget_sow-headline panel-first-child\" data-index=\"0\" ><div\n\t\t\t\n\t\t\tclass=\"so-widget-sow-headline so-widget-sow-headline-default-264cffe06c83-2853\"\n\t\t\t\n\t\t><div class=\"sow-headline-container \">\n\t<h1 class='sow-headline'>Sequenzen + Module<\/h1><h6 class='sow-sub-headline'>Komplette Yoga \u00dcbungssequenzen + Yoga Kurs Module f\u00fcr Deine Yoga Praxis<\/h6><\/div>\n<\/div><\/div><div id=\"panel-2853-0-0-1\" class=\"so-panel widget widget_sow-headline\" data-index=\"1\" ><div\n\t\t\t\n\t\t\tclass=\"so-widget-sow-headline so-widget-sow-headline-default-607c982e42a2-2853\"\n\t\t\t\n\t\t><div class=\"sow-headline-container \">\n\t<h5 class='sow-headline'>\"Paavakaa Nah Sarasvatii Vaajebhir-Vaajiniivatii | Yajnyam Vassttu Dhiyaavasuh\" Anrufung an Saraswati (G\u00f6ttin der Weisheit), Rigveda 1.3.10<\/h5><p class='sow-sub-headline'>\u00dcbersetzung: Die lautere Sarasvati, an Belohnungen reiche, soll nach unserem Opfer verlangen, die durch Weisheit Scha\u0308tze gewinnt. Quelle: Rigveda in Sanskrit und Deutsch, Karl Friedrich Geldner (1852-1929)<\/p><\/div>\n<\/div><\/div><div id=\"panel-2853-0-0-2\" class=\"so-panel widget widget_sow-headline panel-last-child\" data-index=\"2\" ><div\n\t\t\t\n\t\t\tclass=\"so-widget-sow-headline so-widget-sow-headline-default-4f53ac3af2cb-2853\"\n\t\t\t\n\t\t><div class=\"sow-headline-container \">\n\t<p class='sow-headline'>Hinweis: Die auf dieser Webseite bereitgestellten Asana-Sequenzen und Module und Pranayama dienen ausschlie\u00dflich Bildungszwecken, insbesondere als begleitende Information zu den auf dieser Webseite angebotenen Yogakursen und Retreats, und sollten nicht als Ersatz f\u00fcr professionelle Anleitung oder medizinischen Rat betrachtet werden. Obwohl Yoga viele gesundheitliche Vorteile haben kann, ist es wichtig, die \u00dcbungen sorgf\u00e4ltig und sicher auszuf\u00fchren. Besonders wichtig ist es eine Asana oder Pranayama bei Bedarf den k\u00f6rperlichen Bed\u00fcrfnissen des \u00dcbenden individuell anzupassen. Dies gilt ausdr\u00fccklich nicht nur f\u00fcr fortgeschrittene Asanas, Sequenzen und Module und Pranayama sondern ebenfalls f\u00fcr eine vereinfachte Basis Form bzw. Variante.  Wenn Sie neu im Yoga sind, gesundheitliche Einschr\u00e4nkungen haben oder spezifische Bedenken hinsichtlich Ihrer Gesundheit haben, konsultieren Sie bitte einen Arzt oder einen qualifizierten Yogalehrer, bevor Sie mit einem Yoga-Programm beginnen.  Wir empfehlen dringend, die hier pr\u00e4sentierten Sequenzen unter der Aufsicht eines kompetenten und zertifizierten Yogalehrers zu praktizieren, um eine sichere Ausf\u00fchrung zu gew\u00e4hrleisten. Mit dem Herunterladen oder der Nutzung dieser Asana-Sequenzen und Module erkennen Sie an, dass sie prim\u00e4r zu Bildungszwecken bzw. f\u00fcr Demonstrationszwecke als visueller Referenz dienen und dass Sie die volle Verantwortung f\u00fcr Ihre eigene Yoga Praxis \u00fcbernehmen.<\/p><\/div>\n<\/div><\/div><\/div><\/div><\/div><div id=\"pg-2853-1\"  class=\"panel-grid panel-has-style\" ><div class=\"siteorigin-panels-stretch panel-row-style panel-row-style-for-2853-1\" data-stretch-type=\"full\" ><div id=\"pgc-2853-1-0\"  class=\"panel-grid-cell\" ><div id=\"panel-2853-1-0-0\" class=\"so-panel widget widget_sow-image panel-first-child panel-last-child\" data-index=\"3\" ><div\n\t\t\t\n\t\t\tclass=\"so-widget-sow-image so-widget-sow-image-default-4e6925654b7a-2853\"\n\t\t\t\n\t\t>\n\n<div class=\"sow-image-container\">\n\t\t<img src=\"https:\/\/i0.wp.com\/mr-ananda.com\/wp-content\/uploads\/2023\/11\/A-yogi-person-performing-the-Urdhva-Hastasana-pose-in-yoga.jpg?fit=235%2C300&amp;ssl=1\" width=\"235\" height=\"300\" srcset=\"https:\/\/i0.wp.com\/mr-ananda.com\/wp-content\/uploads\/2023\/11\/A-yogi-person-performing-the-Urdhva-Hastasana-pose-in-yoga.jpg?w=479&amp;ssl=1 479w, https:\/\/i0.wp.com\/mr-ananda.com\/wp-content\/uploads\/2023\/11\/A-yogi-person-performing-the-Urdhva-Hastasana-pose-in-yoga.jpg?resize=235%2C300&amp;ssl=1 235w\" title=\"A person performing the Urdhva Hastasana pose in yoga \u00dcberlingen am Bodensee\" alt=\"A person performing the Urdhva Hastasana pose in yoga \u00dcberlingen am Bodensee\" loading=\"lazy\" \t\tclass=\"so-widget-image\"\/>\n\t<\/div>\n\n<\/div><\/div><\/div><div id=\"pgc-2853-1-1\"  class=\"panel-grid-cell\" ><div id=\"panel-2853-1-1-0\" class=\"so-panel widget widget_sow-editor panel-first-child\" data-index=\"4\" ><div\n\t\t\t\n\t\t\tclass=\"so-widget-sow-editor so-widget-sow-editor-base\"\n\t\t\t\n\t\t>\n<div class=\"siteorigin-widget-tinymce textwidget\">\n\t<h4>Sonnengr\u00fc\u00dfe<\/h4>\n<p>(Surya = Sonne, Namaskar = Gru\u00df)<\/p>\n<h5><\/h5>\n<\/div>\n<\/div><\/div><div id=\"panel-2853-1-1-1\" class=\"so-panel widget widget_sow-button panel-last-child\" data-index=\"5\" ><div\n\t\t\t\n\t\t\tclass=\"so-widget-sow-button so-widget-sow-button-flat-dad7ac6561de-2853\"\n\t\t\t\n\t\t><div class=\"ow-button-base ow-button-align-left\">\n\t<a\n\thref=\"https:\/\/mr-ananda.com\/?page_id=2220\"\n\t\tclass=\"ow-icon-placement-left ow-button-hover\" \t>\n\t\t<span>\n\t\t\t\n\t\t\tMehr erfahren\t\t<\/span>\n\t<\/a>\n<\/div>\n<\/div><\/div><\/div><\/div><\/div><div id=\"pg-2853-2\"  class=\"panel-grid panel-has-style\" ><div class=\"siteorigin-panels-stretch panel-row-style panel-row-style-for-2853-2\" data-stretch-type=\"full\" ><div id=\"pgc-2853-2-0\"  class=\"panel-grid-cell\" ><div id=\"panel-2853-2-0-0\" class=\"so-panel widget widget_sow-editor panel-first-child\" data-index=\"6\" ><div\n\t\t\t\n\t\t\tclass=\"so-widget-sow-editor so-widget-sow-editor-base\"\n\t\t\t\n\t\t>\n<div class=\"siteorigin-widget-tinymce textwidget\">\n\t<h4>Sequenzen<\/h4>\n<p>Komplette Beispiel \u00dcbungssequenzen f\u00fcr Deine Yoga Praxis<\/p>\n<\/div>\n<\/div><\/div><div id=\"panel-2853-2-0-1\" class=\"so-panel widget widget_sow-button panel-last-child\" data-index=\"7\" ><div\n\t\t\t\n\t\t\tclass=\"so-widget-sow-button so-widget-sow-button-flat-dad7ac6561de-2853\"\n\t\t\t\n\t\t><div class=\"ow-button-base ow-button-align-left\">\n\t<a\n\thref=\"https:\/\/mr-ananda.com\/?page_id=1148\"\n\t\tclass=\"ow-icon-placement-left ow-button-hover\" \t>\n\t\t<span>\n\t\t\t\n\t\t\tMehr erfahren\t\t<\/span>\n\t<\/a>\n<\/div>\n<\/div><\/div><\/div><div id=\"pgc-2853-2-1\"  class=\"panel-grid-cell\" ><div id=\"panel-2853-2-1-0\" class=\"so-panel widget widget_sow-image panel-first-child panel-last-child\" data-index=\"8\" ><div\n\t\t\t\n\t\t\tclass=\"so-widget-sow-image so-widget-sow-image-default-4e6925654b7a-2853\"\n\t\t\t\n\t\t>\n\n<div class=\"sow-image-container\">\n\t\t<img src=\"https:\/\/i0.wp.com\/mr-ananda.com\/wp-content\/uploads\/2023\/11\/image-of-yoga-sequencing-manuals-or-instruction-sheet-the-Secondary-Series-Nadi-Shodana-and-Sthira-Bhaga-sequences.jpg?fit=300%2C300&amp;ssl=1\" width=\"300\" height=\"300\" srcset=\"https:\/\/i0.wp.com\/mr-ananda.com\/wp-content\/uploads\/2023\/11\/image-of-yoga-sequencing-manuals-or-instruction-sheet-the-Secondary-Series-Nadi-Shodana-and-Sthira-Bhaga-sequences.jpg?w=1024&amp;ssl=1 1024w, https:\/\/i0.wp.com\/mr-ananda.com\/wp-content\/uploads\/2023\/11\/image-of-yoga-sequencing-manuals-or-instruction-sheet-the-Secondary-Series-Nadi-Shodana-and-Sthira-Bhaga-sequences.jpg?resize=300%2C300&amp;ssl=1 300w, https:\/\/i0.wp.com\/mr-ananda.com\/wp-content\/uploads\/2023\/11\/image-of-yoga-sequencing-manuals-or-instruction-sheet-the-Secondary-Series-Nadi-Shodana-and-Sthira-Bhaga-sequences.jpg?resize=150%2C150&amp;ssl=1 150w, https:\/\/i0.wp.com\/mr-ananda.com\/wp-content\/uploads\/2023\/11\/image-of-yoga-sequencing-manuals-or-instruction-sheet-the-Secondary-Series-Nadi-Shodana-and-Sthira-Bhaga-sequences.jpg?resize=768%2C768&amp;ssl=1 768w\" title=\"image of yoga sequencing manuals or instruction sheet, the &#039;Secondary Series (Nadi Shodana)&#039; and &#039;Sthira Bhaga&#039; sequences Yoga \u00dcberlingen am Bodensee\" alt=\"image of yoga sequencing manuals or instruction sheet, the &#039;Secondary Series (Nadi Shodana)&#039; and &#039;Sthira Bhaga&#039; sequences Yoga \u00dcberlingen am Bodensee\" loading=\"lazy\" \t\tclass=\"so-widget-image\"\/>\n\t<\/div>\n\n<\/div><\/div><\/div><\/div><\/div><div id=\"pg-2853-3\"  class=\"panel-grid panel-has-style\" ><div class=\"siteorigin-panels-stretch panel-row-style panel-row-style-for-2853-3\" data-stretch-type=\"full\" ><div id=\"pgc-2853-3-0\"  class=\"panel-grid-cell\" ><div id=\"panel-2853-3-0-0\" class=\"so-panel widget widget_sow-image panel-first-child panel-last-child\" data-index=\"9\" ><div\n\t\t\t\n\t\t\tclass=\"so-widget-sow-image so-widget-sow-image-default-4e6925654b7a-2853\"\n\t\t\t\n\t\t>\n\n<div class=\"sow-image-container\">\n\t\t<img src=\"https:\/\/i0.wp.com\/mr-ananda.com\/wp-content\/uploads\/2023\/11\/An-image-depicting-a-unique-yoga-instruction-manual-concept-alongside-an-old-yoga-book.png?fit=300%2C300&amp;ssl=1\" width=\"300\" height=\"300\" srcset=\"https:\/\/i0.wp.com\/mr-ananda.com\/wp-content\/uploads\/2023\/11\/An-image-depicting-a-unique-yoga-instruction-manual-concept-alongside-an-old-yoga-book.png?w=1024&amp;ssl=1 1024w, https:\/\/i0.wp.com\/mr-ananda.com\/wp-content\/uploads\/2023\/11\/An-image-depicting-a-unique-yoga-instruction-manual-concept-alongside-an-old-yoga-book.png?resize=300%2C300&amp;ssl=1 300w, https:\/\/i0.wp.com\/mr-ananda.com\/wp-content\/uploads\/2023\/11\/An-image-depicting-a-unique-yoga-instruction-manual-concept-alongside-an-old-yoga-book.png?resize=150%2C150&amp;ssl=1 150w, https:\/\/i0.wp.com\/mr-ananda.com\/wp-content\/uploads\/2023\/11\/An-image-depicting-a-unique-yoga-instruction-manual-concept-alongside-an-old-yoga-book.png?resize=768%2C768&amp;ssl=1 768w\" title=\"An image depicting a unique yoga instruction manual concept alongside an old yoga book Yoga \u00dcberlingen am Bodensee\" alt=\"An image depicting a unique yoga instruction manual concept alongside an old yoga book Yoga \u00dcberlingen am Bodensee\" loading=\"lazy\" \t\tclass=\"so-widget-image\"\/>\n\t<\/div>\n\n<\/div><\/div><\/div><div id=\"pgc-2853-3-1\"  class=\"panel-grid-cell\" ><div id=\"panel-2853-3-1-0\" class=\"so-panel widget widget_sow-editor panel-first-child\" data-index=\"10\" ><div\n\t\t\t\n\t\t\tclass=\"so-widget-sow-editor so-widget-sow-editor-base\"\n\t\t\t\n\t\t>\n<div class=\"siteorigin-widget-tinymce textwidget\">\n\t<h4>Yoga Kurs Module<\/h4>\n<p>Asana Gruppen f\u00fcr die eigene Individuelle Yoga Sequenz<\/p>\n<\/div>\n<\/div><\/div><div id=\"panel-2853-3-1-1\" class=\"so-panel widget widget_sow-button panel-last-child\" data-index=\"11\" ><div\n\t\t\t\n\t\t\tclass=\"so-widget-sow-button so-widget-sow-button-flat-dad7ac6561de-2853\"\n\t\t\t\n\t\t><div class=\"ow-button-base ow-button-align-left\">\n\t<a\n\thref=\"https:\/\/mr-ananda.com\/?page_id=1821\"\n\t\tclass=\"ow-icon-placement-left ow-button-hover\" \t>\n\t\t<span>\n\t\t\t\n\t\t\tMehr erfahren\t\t<\/span>\n\t<\/a>\n<\/div>\n<\/div><\/div><\/div><\/div><\/div><\/div>","protected":false},"excerpt":{"rendered":"<p>Sonnengr\u00fc\u00dfe (Surya = Sonne, Namaskar = Gru\u00df)<\/p>\n","protected":false},"author":1,"featured_media":0,"parent":0,"menu_order":0,"comment_status":"closed","ping_status":"closed","template":"","meta":{"footnotes":""},"yoast_head":"<!-- This site is optimized with the Yoast SEO Premium plugin v21.7 (Yoast SEO v21.7) - https:\/\/yoast.com\/wordpress\/plugins\/seo\/ -->\n<title>Sequenzen + Module - Mr. Ananda - Yoga Retreats und Yoga Kurse \u00dcberlingen<\/title>\n<meta name=\"description\" content=\"Yoga \u00dcberlingen Asana Sequenzen und Module. Die passende \u00dcbungssequenz f\u00fcr Deine Yoga Praxis\" \/>\n<meta name=\"robots\" content=\"index, follow, max-snippet:-1, max-image-preview:large, max-video-preview:-1\" \/>\n<link rel=\"canonical\" href=\"https:\/\/mr-ananda.com\/?page_id=2853\" \/>\n<meta property=\"og:locale\" content=\"de_DE\" \/>\n<meta property=\"og:type\" content=\"article\" \/>\n<meta property=\"og:title\" content=\"Sequenzen + Module\" \/>\n<meta property=\"og:description\" content=\"Yoga \u00dcberlingen Asana Sequenzen und Module. Die passende \u00dcbungssequenz f\u00fcr Deine Yoga Praxis\" \/>\n<meta property=\"og:url\" content=\"https:\/\/mr-ananda.com\/?page_id=2853\" \/>\n<meta property=\"og:site_name\" content=\"Mr. Ananda - Yoga Retreats und Yoga Kurse \u00dcberlingen\" \/>\n<meta property=\"article:publisher\" content=\"https:\/\/www.facebook.com\/MisterAnanda\/\" \/>\n<meta property=\"article:modified_time\" content=\"2023-11-23T12:35:04+00:00\" \/>\n<meta name=\"twitter:card\" content=\"summary_large_image\" \/>\n<meta name=\"twitter:label1\" content=\"Gesch\u00e4tzte Lesezeit\" \/>\n\t<meta name=\"twitter:data1\" content=\"1\u00a0Minute\" \/>\n<script type=\"application\/ld+json\" class=\"yoast-schema-graph\">{\"@context\":\"https:\/\/schema.org\",\"@graph\":[{\"@type\":\"WebPage\",\"@id\":\"https:\/\/mr-ananda.com\/?page_id=2853\",\"url\":\"https:\/\/mr-ananda.com\/?page_id=2853\",\"name\":\"Sequenzen + Module - Mr. Ananda - Yoga Retreats und Yoga Kurse \u00dcberlingen\",\"isPartOf\":{\"@id\":\"http:\/\/mr-ananda.com\/#website\"},\"datePublished\":\"2023-11-20T20:26:35+00:00\",\"dateModified\":\"2023-11-23T12:35:04+00:00\",\"description\":\"Yoga \u00dcberlingen Asana Sequenzen und Module. Die passende \u00dcbungssequenz f\u00fcr Deine Yoga Praxis\",\"breadcrumb\":{\"@id\":\"https:\/\/mr-ananda.com\/?page_id=2853#breadcrumb\"},\"inLanguage\":\"de\",\"potentialAction\":[{\"@type\":\"ReadAction\",\"target\":[\"https:\/\/mr-ananda.com\/?page_id=2853\"]}]},{\"@type\":\"BreadcrumbList\",\"@id\":\"https:\/\/mr-ananda.com\/?page_id=2853#breadcrumb\",\"itemListElement\":[{\"@type\":\"ListItem\",\"position\":1,\"name\":\"Startseite\",\"item\":\"http:\/\/mr-ananda.com\/\"},{\"@type\":\"ListItem\",\"position\":2,\"name\":\"Sequenzen + Module\"}]},{\"@type\":\"WebSite\",\"@id\":\"http:\/\/mr-ananda.com\/#website\",\"url\":\"http:\/\/mr-ananda.com\/\",\"name\":\"Mr. Ananda - Yoga Retreats und Yoga Kurs in \u00dcberlingen\",\"description\":\"Yoga Authentisch Dynamisch\",\"publisher\":{\"@id\":\"http:\/\/mr-ananda.com\/#organization\"},\"potentialAction\":[{\"@type\":\"SearchAction\",\"target\":{\"@type\":\"EntryPoint\",\"urlTemplate\":\"http:\/\/mr-ananda.com\/?s={search_term_string}\"},\"query-input\":\"required name=search_term_string\"}],\"inLanguage\":\"de\"},{\"@type\":\"Organization\",\"@id\":\"http:\/\/mr-ananda.com\/#organization\",\"name\":\"Mr. Ananda\",\"url\":\"http:\/\/mr-ananda.com\/\",\"logo\":{\"@type\":\"ImageObject\",\"inLanguage\":\"de\",\"@id\":\"http:\/\/mr-ananda.com\/#\/schema\/logo\/image\/\",\"url\":\"https:\/\/i0.wp.com\/mr-ananda.com\/wp-content\/uploads\/2017\/11\/mister_rgb_700x700px.png?fit=700%2C700&ssl=1\",\"contentUrl\":\"https:\/\/i0.wp.com\/mr-ananda.com\/wp-content\/uploads\/2017\/11\/mister_rgb_700x700px.png?fit=700%2C700&ssl=1\",\"width\":700,\"height\":700,\"caption\":\"Mr. Ananda\"},\"image\":{\"@id\":\"http:\/\/mr-ananda.com\/#\/schema\/logo\/image\/\"},\"sameAs\":[\"https:\/\/www.facebook.com\/MisterAnanda\/\",\"https:\/\/www.instagram.com\/mrx123om\/\"]}]}<\/script>\n<!-- \/ Yoast SEO Premium plugin. -->","yoast_head_json":{"title":"Sequenzen + Module - Mr. Ananda - Yoga Retreats und Yoga Kurse \u00dcberlingen","description":"Yoga \u00dcberlingen Asana Sequenzen und Module. Die passende \u00dcbungssequenz f\u00fcr Deine Yoga Praxis","robots":{"index":"index","follow":"follow","max-snippet":"max-snippet:-1","max-image-preview":"max-image-preview:large","max-video-preview":"max-video-preview:-1"},"canonical":"https:\/\/mr-ananda.com\/?page_id=2853","og_locale":"de_DE","og_type":"article","og_title":"Sequenzen + Module","og_description":"Yoga \u00dcberlingen Asana Sequenzen und Module. Die passende \u00dcbungssequenz f\u00fcr Deine Yoga Praxis","og_url":"https:\/\/mr-ananda.com\/?page_id=2853","og_site_name":"Mr. Ananda - Yoga Retreats und Yoga Kurse \u00dcberlingen","article_publisher":"https:\/\/www.facebook.com\/MisterAnanda\/","article_modified_time":"2023-11-23T12:35:04+00:00","twitter_card":"summary_large_image","twitter_misc":{"Gesch\u00e4tzte Lesezeit":"1\u00a0Minute"},"schema":{"@context":"https:\/\/schema.org","@graph":[{"@type":"WebPage","@id":"https:\/\/mr-ananda.com\/?page_id=2853","url":"https:\/\/mr-ananda.com\/?page_id=2853","name":"Sequenzen + Module - Mr. Ananda - Yoga Retreats und Yoga Kurse \u00dcberlingen","isPartOf":{"@id":"http:\/\/mr-ananda.com\/#website"},"datePublished":"2023-11-20T20:26:35+00:00","dateModified":"2023-11-23T12:35:04+00:00","description":"Yoga \u00dcberlingen Asana Sequenzen und Module. Die passende \u00dcbungssequenz f\u00fcr Deine Yoga Praxis","breadcrumb":{"@id":"https:\/\/mr-ananda.com\/?page_id=2853#breadcrumb"},"inLanguage":"de","potentialAction":[{"@type":"ReadAction","target":["https:\/\/mr-ananda.com\/?page_id=2853"]}]},{"@type":"BreadcrumbList","@id":"https:\/\/mr-ananda.com\/?page_id=2853#breadcrumb","itemListElement":[{"@type":"ListItem","position":1,"name":"Startseite","item":"http:\/\/mr-ananda.com\/"},{"@type":"ListItem","position":2,"name":"Sequenzen + Module"}]},{"@type":"WebSite","@id":"http:\/\/mr-ananda.com\/#website","url":"http:\/\/mr-ananda.com\/","name":"Mr. Ananda - Yoga Retreats und Yoga Kurs in \u00dcberlingen","description":"Yoga Authentisch Dynamisch","publisher":{"@id":"http:\/\/mr-ananda.com\/#organization"},"potentialAction":[{"@type":"SearchAction","target":{"@type":"EntryPoint","urlTemplate":"http:\/\/mr-ananda.com\/?s={search_term_string}"},"query-input":"required name=search_term_string"}],"inLanguage":"de"},{"@type":"Organization","@id":"http:\/\/mr-ananda.com\/#organization","name":"Mr. Ananda","url":"http:\/\/mr-ananda.com\/","logo":{"@type":"ImageObject","inLanguage":"de","@id":"http:\/\/mr-ananda.com\/#\/schema\/logo\/image\/","url":"https:\/\/i0.wp.com\/mr-ananda.com\/wp-content\/uploads\/2017\/11\/mister_rgb_700x700px.png?fit=700%2C700&ssl=1","contentUrl":"https:\/\/i0.wp.com\/mr-ananda.com\/wp-content\/uploads\/2017\/11\/mister_rgb_700x700px.png?fit=700%2C700&ssl=1","width":700,"height":700,"caption":"Mr. Ananda"},"image":{"@id":"http:\/\/mr-ananda.com\/#\/schema\/logo\/image\/"},"sameAs":["https:\/\/www.facebook.com\/MisterAnanda\/","https:\/\/www.instagram.com\/mrx123om\/"]}]}},"jetpack_sharing_enabled":true,"jetpack_shortlink":"https:\/\/wp.me\/P9n7z7-K1","jetpack_likes_enabled":true,"jetpack-related-posts":[{"id":2314,"url":"https:\/\/mr-ananda.com\/?page_id=2314","url_meta":{"origin":2853,"position":0},"title":"Yoga Kurs Modul Abschluss Sequenz","author":"mrananda","date":"18. Oktober 2023","format":false,"excerpt":"Modul Abschluss Sequenz Dauer: 20 Minuten Download als PDF (images copyright @https:\/\/www.tummee.com)","rel":"","context":"\u00c4hnlicher Beitrag","block_context":{"text":"\u00c4hnlicher Beitrag","link":""},"img":{"alt_text":"","src":"https:\/\/i0.wp.com\/mr-ananda.com\/wp-content\/uploads\/2023\/09\/closing_sequence.jpg?resize=350%2C200","width":350,"height":200},"classes":[]},{"id":2375,"url":"https:\/\/mr-ananda.com\/?page_id=2375","url_meta":{"origin":2853,"position":1},"title":"Yoga Kurs Modul R\u00fcckbeugen Sequenz","author":"mrananda","date":"26. Oktober 2023","format":false,"excerpt":"Modul R\u00fcckbeugen Sequenz Dauer: 12 Minuten Download als PDF (images copyright @https:\/\/www.tummee.com)","rel":"","context":"\u00c4hnlicher Beitrag","block_context":{"text":"\u00c4hnlicher Beitrag","link":""},"img":{"alt_text":"Yoga Kurs Backbending Sequence","src":"https:\/\/i0.wp.com\/mr-ananda.com\/wp-content\/uploads\/2023\/09\/backbending_ashtangaYoga.jpg?resize=350%2C200","width":350,"height":200},"classes":[]},{"id":2333,"url":"https:\/\/mr-ananda.com\/?page_id=2333","url_meta":{"origin":2853,"position":2},"title":"Yoga Kurs Modul Abschluss Sequenz Traditional","author":"mrananda","date":"25. Oktober 2023","format":false,"excerpt":"Modul Abschluss Sequenz Traditional Dauer: 30 Minuten \u00a0 Download als PDF (images copyright @https:\/\/www.tummee.com)","rel":"","context":"\u00c4hnlicher Beitrag","block_context":{"text":"\u00c4hnlicher Beitrag","link":""},"img":{"alt_text":"","src":"https:\/\/i0.wp.com\/mr-ananda.com\/wp-content\/uploads\/2023\/10\/Closing-Modul-Traditional-1-232x300.jpg?resize=350%2C200","width":350,"height":200},"classes":[]},{"id":2776,"url":"https:\/\/mr-ananda.com\/?page_id=2776","url_meta":{"origin":2853,"position":3},"title":"Yoga Shastra","author":"mrananda","date":"18. November 2023","format":false,"excerpt":"Mantra Pranayama Asana Yoga Samhita Eine Sammlung Yogischer Schriften","rel":"","context":"\u00c4hnlicher Beitrag","block_context":{"text":"\u00c4hnlicher Beitrag","link":""},"img":{"alt_text":"","src":"","width":0,"height":0},"classes":[]},{"id":5841,"url":"https:\/\/mr-ananda.com\/?page_id=5841","url_meta":{"origin":2853,"position":4},"title":"Sequenz Die 60-Minuten-Klasse","author":"mrananda","date":"16. Januar 2026","format":false,"excerpt":"Sequenz \"Die 60 Minuten Klasse\" Yoga Module dieser Praxis: 3x Ashtanga A Sonnengru\u00df, 2x Ashtanga B Sonnengru\u00df, Modul Fundamentale (stehende) Asanas, Yoga Kurs Modul Abschluss Sequenz Dauer: 60 Minuten (inkl. Savasana) \u00a0 Download als PDF (images copyright @https:\/\/www.tummee.com)","rel":"","context":"\u00c4hnlicher Beitrag","block_context":{"text":"\u00c4hnlicher Beitrag","link":""},"img":{"alt_text":"Sequenz Die 60-Minuten-Klasse","src":"https:\/\/i0.wp.com\/mr-ananda.com\/wp-content\/uploads\/2026\/01\/Die-60-Minuten-Klasse_1-300x266.jpg?resize=350%2C200","width":350,"height":200},"classes":[]},{"id":4302,"url":"https:\/\/mr-ananda.com\/?page_id=4302","url_meta":{"origin":2853,"position":5},"title":"Sequenz Root Module Yoga Praxis 40 Minuten mit Video","author":"mrananda","date":"23. November 2024","format":false,"excerpt":"Sequenz Root Module Yoga Praxis 40 Minuten mit Video Yoga Module dieser Praxis: 3x Ashtanga A Sonnengru\u00df, 2x Ashtanga B Sonnengru\u00df, Modul Fundamentale (stehende) Asanas, Baddha Konasana, Basis Twist Modul, Yoga Kurs Modul Abschluss Sequenz Dauer: 40 Minuten 3X \u00a0 2X \u00a0 Download als PDF (images copyright @https:\/\/www.tummee.com)","rel":"","context":"\u00c4hnlicher Beitrag","block_context":{"text":"\u00c4hnlicher Beitrag","link":""},"img":{"alt_text":"Ashtanga A Sonnengru\u00c3\u009f Sequenz Yoga \u00c3\u009cberlingen am Bodensee","src":"https:\/\/i0.wp.com\/mr-ananda.com\/wp-content\/uploads\/2019\/01\/Ashtanga_A-300x270.png?resize=350%2C200","width":350,"height":200,"srcset":"https:\/\/i0.wp.com\/mr-ananda.com\/wp-content\/uploads\/2019\/01\/Ashtanga_A-300x270.png?resize=350%2C200 1x, https:\/\/i0.wp.com\/mr-ananda.com\/wp-content\/uploads\/2019\/01\/Ashtanga_A-300x270.png?resize=525%2C300 1.5x"},"classes":[]}],"_links":{"self":[{"href":"https:\/\/mr-ananda.com\/index.php?rest_route=\/wp\/v2\/pages\/2853"}],"collection":[{"href":"https:\/\/mr-ananda.com\/index.php?rest_route=\/wp\/v2\/pages"}],"about":[{"href":"https:\/\/mr-ananda.com\/index.php?rest_route=\/wp\/v2\/types\/page"}],"author":[{"embeddable":true,"href":"https:\/\/mr-ananda.com\/index.php?rest_route=\/wp\/v2\/users\/1"}],"replies":[{"embeddable":true,"href":"https:\/\/mr-ananda.com\/index.php?rest_route=%2Fwp%2Fv2%2Fcomments&post=2853"}],"version-history":[{"count":16,"href":"https:\/\/mr-ananda.com\/index.php?rest_route=\/wp\/v2\/pages\/2853\/revisions"}],"predecessor-version":[{"id":2891,"href":"https:\/\/mr-ananda.com\/index.php?rest_route=\/wp\/v2\/pages\/2853\/revisions\/2891"}],"wp:attachment":[{"href":"https:\/\/mr-ananda.com\/index.php?rest_route=%2Fwp%2Fv2%2Fmedia&parent=2853"}],"curies":[{"name":"wp","href":"https:\/\/api.w.org\/{rel}","templated":true}]}}