{"id":2808,"date":"2023-11-20T10:09:10","date_gmt":"2023-11-20T09:09:10","guid":{"rendered":"https:\/\/mr-ananda.com\/?page_id=2808"},"modified":"2023-11-20T10:09:11","modified_gmt":"2023-11-20T09:09:11","slug":"mantra-ma-maha-sarasvati","status":"publish","type":"page","link":"https:\/\/mr-ananda.com\/?page_id=2808","title":{"rendered":"Mantra Ma Maha Sarasvati"},"content":{"rendered":"<div id=\"pl-2808\"  class=\"panel-layout\" ><div id=\"pg-2808-0\"  class=\"panel-grid panel-no-style\" ><div id=\"pgc-2808-0-0\"  class=\"panel-grid-cell\" ><div id=\"panel-2808-0-0-0\" class=\"so-panel widget widget_sow-editor panel-first-child\" data-index=\"0\" ><div\n\t\t\t\n\t\t\tclass=\"so-widget-sow-editor so-widget-sow-editor-base\"\n\t\t\t\n\t\t>\n<div class=\"siteorigin-widget-tinymce textwidget\">\n\t<h2 style=\"text-align: center;\">Ma Maha Sarasvati<\/h2>\n<p style=\"text-align: center;\">Dies ist ein Gebet f\u00fcr Weisheit<\/p>\n<h3 style=\"text-align: center;\">Devanagari:<\/h3>\n<p style=\"text-align: center;\">\u092a\u093e\u0935\u0915\u093e \u0928\u0903 \u0938\u0930\u0938\u094d\u0935\u0924\u0940 \u0935\u093e\u091c\u0947\u092d\u093f\u0930\u094d\u0935\u093e\u091c\u093f\u0928\u0940\u0935\u0924\u0940 \u0964<br \/>\n\u092f\u091c\u094d\u091e\u0902 \u0935\u0937\u094d\u091f\u0941 \u0927\u093f\u092f\u093e\u0935\u0938\u0941\u0903<\/p>\n<h3 style=\"text-align: center;\">Transliteration:<\/h3>\n<p style=\"text-align: center;\">Paavakaa Nah Sarasvatii Vaajebhir-Vaajiniivatii |<br \/>\nYajnyam Vassttu Dhiyaavasuh<\/p>\n<p><img data-attachment-id=\"2809\" data-permalink=\"https:\/\/mr-ananda.com\/?attachment_id=2809\" data-orig-file=\"https:\/\/i0.wp.com\/mr-ananda.com\/wp-content\/uploads\/2023\/11\/A-wooden-sculpture-of-Saraswati-intricately-carved-with-fine-details.-The-sculpture-portrays-Saraswati-as-a-graceful-figure-with-her-traditional-attr.png?fit=1024%2C1024&amp;ssl=1\" data-orig-size=\"1024,1024\" data-comments-opened=\"1\" data-image-meta=\"{&quot;aperture&quot;:&quot;0&quot;,&quot;credit&quot;:&quot;&quot;,&quot;camera&quot;:&quot;&quot;,&quot;caption&quot;:&quot;&quot;,&quot;created_timestamp&quot;:&quot;0&quot;,&quot;copyright&quot;:&quot;&quot;,&quot;focal_length&quot;:&quot;0&quot;,&quot;iso&quot;:&quot;0&quot;,&quot;shutter_speed&quot;:&quot;0&quot;,&quot;title&quot;:&quot;&quot;,&quot;orientation&quot;:&quot;0&quot;}\" data-image-title=\"A wooden sculpture of Saraswati, intricately carved with fine details. The sculpture portrays Saraswati as a graceful figure with her traditional attributes. Yoga \u00dcberlingen am Bodensee\" data-image-description=\"&lt;p&gt;A wooden sculpture of Saraswati, intricately carved with fine details. The sculpture portrays Saraswati as a graceful figure with her traditional attributes. Yoga \u00dcberlingen am Bodensee&lt;\/p&gt;\n\" data-image-caption=\"\" data-medium-file=\"https:\/\/i0.wp.com\/mr-ananda.com\/wp-content\/uploads\/2023\/11\/A-wooden-sculpture-of-Saraswati-intricately-carved-with-fine-details.-The-sculpture-portrays-Saraswati-as-a-graceful-figure-with-her-traditional-attr.png?fit=300%2C300&amp;ssl=1\" data-large-file=\"https:\/\/i0.wp.com\/mr-ananda.com\/wp-content\/uploads\/2023\/11\/A-wooden-sculpture-of-Saraswati-intricately-carved-with-fine-details.-The-sculpture-portrays-Saraswati-as-a-graceful-figure-with-her-traditional-attr.png?fit=1024%2C1024&amp;ssl=1\" decoding=\"async\" loading=\"lazy\" class=\"wp-image-2809  aligncenter\" src=\"https:\/\/i0.wp.com\/mr-ananda.com\/wp-content\/uploads\/2023\/11\/A-wooden-sculpture-of-Saraswati-intricately-carved-with-fine-details.-The-sculpture-portrays-Saraswati-as-a-graceful-figure-with-her-traditional-attr.png?resize=593%2C593\" alt=\"A wooden sculpture of Saraswati, intricately carved with fine details. The sculpture portrays Saraswati as a graceful figure with her traditional attributes. Yoga \u00dcberlingen am Bodensee\" width=\"593\" height=\"593\" srcset=\"https:\/\/i0.wp.com\/mr-ananda.com\/wp-content\/uploads\/2023\/11\/A-wooden-sculpture-of-Saraswati-intricately-carved-with-fine-details.-The-sculpture-portrays-Saraswati-as-a-graceful-figure-with-her-traditional-attr.png?resize=300%2C300&amp;ssl=1 300w, https:\/\/i0.wp.com\/mr-ananda.com\/wp-content\/uploads\/2023\/11\/A-wooden-sculpture-of-Saraswati-intricately-carved-with-fine-details.-The-sculpture-portrays-Saraswati-as-a-graceful-figure-with-her-traditional-attr.png?resize=150%2C150&amp;ssl=1 150w, https:\/\/i0.wp.com\/mr-ananda.com\/wp-content\/uploads\/2023\/11\/A-wooden-sculpture-of-Saraswati-intricately-carved-with-fine-details.-The-sculpture-portrays-Saraswati-as-a-graceful-figure-with-her-traditional-attr.png?resize=768%2C768&amp;ssl=1 768w, https:\/\/i0.wp.com\/mr-ananda.com\/wp-content\/uploads\/2023\/11\/A-wooden-sculpture-of-Saraswati-intricately-carved-with-fine-details.-The-sculpture-portrays-Saraswati-as-a-graceful-figure-with-her-traditional-attr.png?w=1024&amp;ssl=1 1024w\" sizes=\"(max-width: 593px) 100vw, 593px\" data-recalc-dims=\"1\" \/><\/p>\n<p style=\"text-align: center;\">Saraswati ist eine der wichtigsten G\u00f6ttinnen im Hinduismus, bekannt als die G\u00f6ttin der Weisheit, des Lernens, der Musik, der K\u00fcnste und der Sprache.<\/p>\n<p style=\"text-align: center;\">Es besteht aus dem Vers 1.3.10 der Riga Veda:<\/p>\n<div class=\"page\" title=\"Page 380\">\n<div class=\"layoutArea\">\n<div class=\"column\">\n<p style=\"text-align: center;\">Paavakaa Nah Sarasvatii Vaajebhir-Vaajiniivatii |<br \/>\nYajnyam Vassttu Dhiyaavasuh<\/p>\n<p>\u00dcbersetzung: \"Die lautere Sarasvati, an Belohnungen reiche, soll nach unserem Opfer verlangen, die durch Weisheit Sch\u00e4tze gewinnt.\"\u00a0 Quelle: <a href=\"http:\/\/www.sanskritweb.net\/rigveda\/rigveda.pdf\" target=\"_blank\" rel=\"noopener\">Rigveda in Sanskrit und Deutsch<\/a>, Karl Friedrich Geldner (1852-1929)<\/p>\n<\/div>\n<\/div>\n<\/div>\n<p style=\"text-align: center;\">\n<p style=\"text-align: center;\">\n<\/div>\n<\/div><\/div><div id=\"panel-2808-0-0-1\" class=\"so-panel widget widget_sow-hero panel-last-child\" data-index=\"1\" ><div\n\t\t\t\n\t\t\tclass=\"so-widget-sow-hero so-widget-sow-hero-default-93415d0e2dbf-2808 so-widget-fittext-wrapper\"\n\t\t\t data-fit-text-compressor=\"0.85\"\n\t\t>\t\t\t\t<div class=\"sow-slider-base\" style=\"display: none\" tabindex=\"0\">\n\t\t\t\t\t<ul\n\t\t\t\t\tclass=\"sow-slider-images\"\n\t\t\t\t\tdata-settings=\"{&quot;pagination&quot;:true,&quot;speed&quot;:800,&quot;timeout&quot;:8000,&quot;paused&quot;:false,&quot;pause_on_hover&quot;:false,&quot;swipe&quot;:true,&quot;nav_always_show_desktop&quot;:&quot;&quot;,&quot;nav_always_show_mobile&quot;:&quot;&quot;,&quot;breakpoint&quot;:&quot;780px&quot;,&quot;unmute&quot;:false,&quot;anchor&quot;:null}\"\n\t\t\t\t\t\t\t\t\t\tdata-anchor-id=\"\"\n\t\t\t\t>\t\t<li class=\"sow-slider-image  sow-slider-image-cover\" style=\"visibility: visible;;background-color: #333333;background-image: url(https:\/\/i0.wp.com\/mr-ananda.com\/wp-content\/uploads\/2023\/09\/image0-10.jpeg?fit=2016%2C1512&#038;ssl=1);cursor: pointer;\" data-url=\"{&quot;url&quot;:&quot;https:\\\/\\\/mr-ananda.com\\\/?page_id=625&quot;,&quot;new_window&quot;:false}\" >\n\t\t\t\t\t<div class=\"sow-slider-image-container\">\n\t\t\t<div class=\"sow-slider-image-wrapper\">\n\t\t\t\t<h3>Yoga Kurs \u00dcberlingen<\/h3>\n<p>Du m\u00f6chtest lernen wie dieses Mantra rezitiert wird? Besuche einen Yoga Kurs in \u00dcberlingen am Bodensee<\/p>\n\t\t\t<\/div>\n\t\t<\/div>\n\t\t\t\t<\/li>\n\t\t<\/ul>\t\t\t\t<ol class=\"sow-slider-pagination\">\n\t\t\t\t\t\t\t\t\t\t\t<li><a href=\"#\" data-goto=\"0\" aria-label=\"display slide 1\"><\/a><\/li>\n\t\t\t\t\t\t\t\t\t<\/ol>\n\n\t\t\t\t<div class=\"sow-slide-nav sow-slide-nav-next\">\n\t\t\t\t\t<a href=\"#\" data-goto=\"next\" aria-label=\"next slide\" data-action=\"next\">\n\t\t\t\t\t\t<em class=\"sow-sld-icon-thin-right\"><\/em>\n\t\t\t\t\t<\/a>\n\t\t\t\t<\/div>\n\n\t\t\t\t<div class=\"sow-slide-nav sow-slide-nav-prev\">\n\t\t\t\t\t<a href=\"#\" data-goto=\"previous\" aria-label=\"previous slide\" data-action=\"prev\">\n\t\t\t\t\t\t<em class=\"sow-sld-icon-thin-left\"><\/em>\n\t\t\t\t\t<\/a>\n\t\t\t\t<\/div>\n\t\t\t\t<\/div><\/div><\/div><\/div><\/div><\/div>","protected":false},"excerpt":{"rendered":"<p>Ma Maha Sarasvati Dies ist ein Gebet f\u00fcr Weisheit Devanagari: \u092a\u093e\u0935\u0915\u093e \u0928\u0903 \u0938\u0930\u0938\u094d\u0935\u0924\u0940 \u0935\u093e\u091c\u0947\u092d\u093f\u0930\u094d\u0935\u093e\u091c\u093f\u0928\u0940\u0935\u0924\u0940 \u0964 \u092f\u091c\u094d\u091e\u0902 \u0935\u0937\u094d\u091f\u0941 \u0927\u093f\u092f\u093e\u0935\u0938\u0941\u0903 Transliteration: Paavakaa Nah Sarasvatii Vaajebhir-Vaajiniivatii | Yajnyam Vassttu Dhiyaavasuh Saraswati ist eine der wichtigsten G\u00f6ttinnen im Hinduismus, bekannt als die G\u00f6ttin der Weisheit, des Lernens, der Musik, der K\u00fcnste und der Sprache. Es besteht aus dem Vers<\/p>\n<div><a class=\"btn-filled btn\" href=\"https:\/\/mr-ananda.com\/?page_id=2808\" title=\"Mantra Ma Maha Sarasvati\">Weiterlesen<\/a><\/div>\n","protected":false},"author":1,"featured_media":0,"parent":0,"menu_order":0,"comment_status":"closed","ping_status":"closed","template":"","meta":{"footnotes":""},"yoast_head":"<!-- This site is optimized with the Yoast SEO Premium plugin v21.7 (Yoast SEO v21.7) - https:\/\/yoast.com\/wordpress\/plugins\/seo\/ -->\n<title>Mantra Ma Maha Sarasvati - Mr. Ananda - Yoga Retreats und Yoga Kurse \u00dcberlingen<\/title>\n<meta name=\"description\" content=\"Das Mantra Ma Maha Sarasvati. Ashtanga Yoga. Die passende \u00dcbungssequenz. Erfahre mehr \u00fcber Yoga Kurs Module und Yoga Kurse in \u00dcberlingen.\" \/>\n<meta name=\"robots\" content=\"index, follow, max-snippet:-1, max-image-preview:large, max-video-preview:-1\" \/>\n<link rel=\"canonical\" href=\"https:\/\/mr-ananda.com\/?page_id=2808\" \/>\n<meta property=\"og:locale\" content=\"de_DE\" \/>\n<meta property=\"og:type\" content=\"article\" \/>\n<meta property=\"og:title\" content=\"Mantra Ma Maha Sarasvati\" \/>\n<meta property=\"og:description\" content=\"Das Mantra Ma Maha Sarasvati. Ashtanga Yoga. Die passende \u00dcbungssequenz. Erfahre mehr \u00fcber Yoga Kurs Module und Yoga Kurse in \u00dcberlingen.\" \/>\n<meta property=\"og:url\" content=\"https:\/\/mr-ananda.com\/?page_id=2808\" \/>\n<meta property=\"og:site_name\" content=\"Mr. Ananda - Yoga Retreats und Yoga Kurse \u00dcberlingen\" \/>\n<meta property=\"article:publisher\" content=\"https:\/\/www.facebook.com\/MisterAnanda\/\" \/>\n<meta property=\"article:modified_time\" content=\"2023-11-20T09:09:11+00:00\" \/>\n<meta property=\"og:image\" content=\"http:\/\/mr-ananda.com\/wp-content\/uploads\/2023\/11\/A-wooden-sculpture-of-Saraswati-intricately-carved-with-fine-details.-The-sculpture-portrays-Saraswati-as-a-graceful-figure-with-her-traditional-attr-300x300.png\" \/>\n<meta name=\"twitter:card\" content=\"summary_large_image\" \/>\n<meta name=\"twitter:label1\" content=\"Gesch\u00e4tzte Lesezeit\" \/>\n\t<meta name=\"twitter:data1\" content=\"1\u00a0Minute\" \/>\n<script type=\"application\/ld+json\" class=\"yoast-schema-graph\">{\"@context\":\"https:\/\/schema.org\",\"@graph\":[{\"@type\":\"WebPage\",\"@id\":\"https:\/\/mr-ananda.com\/?page_id=2808\",\"url\":\"https:\/\/mr-ananda.com\/?page_id=2808\",\"name\":\"Mantra Ma Maha Sarasvati - Mr. Ananda - Yoga Retreats und Yoga Kurse \u00dcberlingen\",\"isPartOf\":{\"@id\":\"http:\/\/mr-ananda.com\/#website\"},\"datePublished\":\"2023-11-20T09:09:10+00:00\",\"dateModified\":\"2023-11-20T09:09:11+00:00\",\"description\":\"Das Mantra Ma Maha Sarasvati. Ashtanga Yoga. Die passende \u00dcbungssequenz. Erfahre mehr \u00fcber Yoga Kurs Module und Yoga Kurse in \u00dcberlingen.\",\"breadcrumb\":{\"@id\":\"https:\/\/mr-ananda.com\/?page_id=2808#breadcrumb\"},\"inLanguage\":\"de\",\"potentialAction\":[{\"@type\":\"ReadAction\",\"target\":[\"https:\/\/mr-ananda.com\/?page_id=2808\"]}]},{\"@type\":\"BreadcrumbList\",\"@id\":\"https:\/\/mr-ananda.com\/?page_id=2808#breadcrumb\",\"itemListElement\":[{\"@type\":\"ListItem\",\"position\":1,\"name\":\"Startseite\",\"item\":\"http:\/\/mr-ananda.com\/\"},{\"@type\":\"ListItem\",\"position\":2,\"name\":\"Mantra Ma Maha Sarasvati\"}]},{\"@type\":\"WebSite\",\"@id\":\"http:\/\/mr-ananda.com\/#website\",\"url\":\"http:\/\/mr-ananda.com\/\",\"name\":\"Mr. Ananda - Yoga Retreats und Yoga Kurs in \u00dcberlingen\",\"description\":\"Yoga Authentisch Dynamisch\",\"publisher\":{\"@id\":\"http:\/\/mr-ananda.com\/#organization\"},\"potentialAction\":[{\"@type\":\"SearchAction\",\"target\":{\"@type\":\"EntryPoint\",\"urlTemplate\":\"http:\/\/mr-ananda.com\/?s={search_term_string}\"},\"query-input\":\"required name=search_term_string\"}],\"inLanguage\":\"de\"},{\"@type\":\"Organization\",\"@id\":\"http:\/\/mr-ananda.com\/#organization\",\"name\":\"Mr. Ananda\",\"url\":\"http:\/\/mr-ananda.com\/\",\"logo\":{\"@type\":\"ImageObject\",\"inLanguage\":\"de\",\"@id\":\"http:\/\/mr-ananda.com\/#\/schema\/logo\/image\/\",\"url\":\"https:\/\/i0.wp.com\/mr-ananda.com\/wp-content\/uploads\/2017\/11\/mister_rgb_700x700px.png?fit=700%2C700&ssl=1\",\"contentUrl\":\"https:\/\/i0.wp.com\/mr-ananda.com\/wp-content\/uploads\/2017\/11\/mister_rgb_700x700px.png?fit=700%2C700&ssl=1\",\"width\":700,\"height\":700,\"caption\":\"Mr. Ananda\"},\"image\":{\"@id\":\"http:\/\/mr-ananda.com\/#\/schema\/logo\/image\/\"},\"sameAs\":[\"https:\/\/www.facebook.com\/MisterAnanda\/\",\"https:\/\/www.instagram.com\/mrx123om\/\"]}]}<\/script>\n<!-- \/ Yoast SEO Premium plugin. -->","yoast_head_json":{"title":"Mantra Ma Maha Sarasvati - Mr. Ananda - Yoga Retreats und Yoga Kurse \u00dcberlingen","description":"Das Mantra Ma Maha Sarasvati. Ashtanga Yoga. Die passende \u00dcbungssequenz. Erfahre mehr \u00fcber Yoga Kurs Module und Yoga Kurse in \u00dcberlingen.","robots":{"index":"index","follow":"follow","max-snippet":"max-snippet:-1","max-image-preview":"max-image-preview:large","max-video-preview":"max-video-preview:-1"},"canonical":"https:\/\/mr-ananda.com\/?page_id=2808","og_locale":"de_DE","og_type":"article","og_title":"Mantra Ma Maha Sarasvati","og_description":"Das Mantra Ma Maha Sarasvati. Ashtanga Yoga. Die passende \u00dcbungssequenz. Erfahre mehr \u00fcber Yoga Kurs Module und Yoga Kurse in \u00dcberlingen.","og_url":"https:\/\/mr-ananda.com\/?page_id=2808","og_site_name":"Mr. Ananda - Yoga Retreats und Yoga Kurse \u00dcberlingen","article_publisher":"https:\/\/www.facebook.com\/MisterAnanda\/","article_modified_time":"2023-11-20T09:09:11+00:00","og_image":[{"url":"http:\/\/mr-ananda.com\/wp-content\/uploads\/2023\/11\/A-wooden-sculpture-of-Saraswati-intricately-carved-with-fine-details.-The-sculpture-portrays-Saraswati-as-a-graceful-figure-with-her-traditional-attr-300x300.png"}],"twitter_card":"summary_large_image","twitter_misc":{"Gesch\u00e4tzte Lesezeit":"1\u00a0Minute"},"schema":{"@context":"https:\/\/schema.org","@graph":[{"@type":"WebPage","@id":"https:\/\/mr-ananda.com\/?page_id=2808","url":"https:\/\/mr-ananda.com\/?page_id=2808","name":"Mantra Ma Maha Sarasvati - Mr. Ananda - Yoga Retreats und Yoga Kurse \u00dcberlingen","isPartOf":{"@id":"http:\/\/mr-ananda.com\/#website"},"datePublished":"2023-11-20T09:09:10+00:00","dateModified":"2023-11-20T09:09:11+00:00","description":"Das Mantra Ma Maha Sarasvati. Ashtanga Yoga. Die passende \u00dcbungssequenz. Erfahre mehr \u00fcber Yoga Kurs Module und Yoga Kurse in \u00dcberlingen.","breadcrumb":{"@id":"https:\/\/mr-ananda.com\/?page_id=2808#breadcrumb"},"inLanguage":"de","potentialAction":[{"@type":"ReadAction","target":["https:\/\/mr-ananda.com\/?page_id=2808"]}]},{"@type":"BreadcrumbList","@id":"https:\/\/mr-ananda.com\/?page_id=2808#breadcrumb","itemListElement":[{"@type":"ListItem","position":1,"name":"Startseite","item":"http:\/\/mr-ananda.com\/"},{"@type":"ListItem","position":2,"name":"Mantra Ma Maha Sarasvati"}]},{"@type":"WebSite","@id":"http:\/\/mr-ananda.com\/#website","url":"http:\/\/mr-ananda.com\/","name":"Mr. Ananda - Yoga Retreats und Yoga Kurs in \u00dcberlingen","description":"Yoga Authentisch Dynamisch","publisher":{"@id":"http:\/\/mr-ananda.com\/#organization"},"potentialAction":[{"@type":"SearchAction","target":{"@type":"EntryPoint","urlTemplate":"http:\/\/mr-ananda.com\/?s={search_term_string}"},"query-input":"required name=search_term_string"}],"inLanguage":"de"},{"@type":"Organization","@id":"http:\/\/mr-ananda.com\/#organization","name":"Mr. Ananda","url":"http:\/\/mr-ananda.com\/","logo":{"@type":"ImageObject","inLanguage":"de","@id":"http:\/\/mr-ananda.com\/#\/schema\/logo\/image\/","url":"https:\/\/i0.wp.com\/mr-ananda.com\/wp-content\/uploads\/2017\/11\/mister_rgb_700x700px.png?fit=700%2C700&ssl=1","contentUrl":"https:\/\/i0.wp.com\/mr-ananda.com\/wp-content\/uploads\/2017\/11\/mister_rgb_700x700px.png?fit=700%2C700&ssl=1","width":700,"height":700,"caption":"Mr. Ananda"},"image":{"@id":"http:\/\/mr-ananda.com\/#\/schema\/logo\/image\/"},"sameAs":["https:\/\/www.facebook.com\/MisterAnanda\/","https:\/\/www.instagram.com\/mrx123om\/"]}]}},"jetpack_sharing_enabled":true,"jetpack_shortlink":"https:\/\/wp.me\/P9n7z7-Ji","jetpack_likes_enabled":true,"jetpack-related-posts":[{"id":2767,"url":"https:\/\/mr-ananda.com\/?page_id=2767","url_meta":{"origin":2808,"position":0},"title":"Mantra","author":"mrananda","date":"18. November 2023","format":false,"excerpt":"Gayatri Mantra (Savitri Mantra) \"Mutter der Veden\" Ma Maha Sarasvati Ein Gebet f\u00fcr Weisheit Pavamana Mantra (Asato Ma Sad Gamaya Mantra) \"Pranayama Prayer\" Saha N\u0101vavatu Mantra Ein Mantra f\u00fcr Lehrer und Sch\u00fcler Shiva Shadakshara Stotram \"Eine Hymne zur Lobpreisung Shiva's\" Shiva Tandava Stotram Ein Lobpreisung auf den Tanz Shivas Purnamadah\u2026","rel":"","context":"\u00c4hnlicher Beitrag","block_context":{"text":"\u00c4hnlicher Beitrag","link":""},"img":{"alt_text":"","src":"","width":0,"height":0},"classes":[]},{"id":4704,"url":"https:\/\/mr-ananda.com\/?page_id=4704","url_meta":{"origin":2808,"position":1},"title":"Mantra Pavamana Mantra","author":"mrananda","date":"24. M\u00e4rz 2025","format":false,"excerpt":"Pavamana Mantra Dieses ber\u00fchmte Mantra ist allgemein bekannt als \u201eAsato Ma Sad Gamaya Mantra\u201c oder \u201ePavamana Mantra\u201c. Es stammt aus der B\u1e5bhad\u0101ra\u1e47yaka Upani\u1e63ad (1.3.28). (Teil der wei\u00dfen Yajurveda, \"\u015aukla Yajurveda\", von ca. 500-1000 v. Christus, oder \u00e4lter) Devanagari: \u0905\u0938\u0924\u094b \u092e\u093e \u0938\u0926\u094d\u0917\u092e\u092f \u0964\u0924\u092e\u0938\u094b \u092e\u093e \u091c\u094d\u092f\u094b\u0924\u093f\u0930\u094d\u0917\u092e\u092f \u0964\u092e\u0943\u0924\u094d\u092f\u094b\u0930\u094d\u092e\u093e \u0905\u092e\u0943\u0924\u0902 \u0917\u092e\u092f \u0965 Transliteration: Asato\u2026","rel":"","context":"\u00c4hnlicher Beitrag","block_context":{"text":"\u00c4hnlicher Beitrag","link":""},"img":{"alt_text":"Asatoma Sad Gamaya","src":"https:\/\/i0.wp.com\/mr-ananda.com\/wp-content\/uploads\/2025\/08\/Asatoma-Sat-Gamaya-300x300.jpg?resize=350%2C200","width":350,"height":200},"classes":[]},{"id":5075,"url":"https:\/\/mr-ananda.com\/?page_id=5075","url_meta":{"origin":2808,"position":2},"title":"Mantra Sahana Vavatu","author":"mrananda","date":"23. August 2025","format":false,"excerpt":"Sahana Vavatu Mantra Dieses ber\u00fchmte Shanti-Mantra \"Saha n\u0101vavatu\" stammt aus der Taittir\u012bya-Upani\u1e63ad (2.2). \u00a0(Teil der schwarzen K\u1e5b\u1e63\u1e47a Yajurveda, \"Taittir\u012bya-\u0100ra\u1e47yaka\", von ca. 800-600 v. Christus). \u00a0 Devanagari: \u0950 \u0938\u0939 \u0928\u093e\u0935\u0935\u0924\u0941 \u0964\u0938\u0939 \u0928\u094c \u092d\u0941\u0928\u0915\u094d\u0924\u0941 \u0964\u0938\u0939 \u0935\u0940\u0930\u094d\u092f\u0902 \u0915\u0930\u0935\u093e\u0935\u0939\u0948 \u0964\u0924\u0947\u091c\u0938\u094d\u0935\u093f\u0928\u093e\u0935\u0927\u0940\u0924\u092e\u0938\u094d\u0924\u0941 \u092e\u093e \u0935\u093f\u0926\u094d\u0935\u093f\u0937\u093e\u0935\u0939\u0948 \u0964\u0950 \u0936\u093e\u0928\u094d\u0924\u093f\u0903 \u0936\u093e\u0928\u094d\u0924\u093f\u0903 \u0936\u093e\u0928\u094d\u0924\u093f\u0903 \u0965 Transliteration: Om Saha n\u0101vavatuSaha nau bhunaktuSaha v\u012bryam\u2026","rel":"","context":"\u00c4hnlicher Beitrag","block_context":{"text":"\u00c4hnlicher Beitrag","link":""},"img":{"alt_text":"Om Saha n\u00c4\u0081vavatu Saha nau bhunaktu Saha v\u00c4\u00abryam karav\u00c4\u0081vahai Tejasvin\u00c4\u0081vadh\u00c4\u00abtam astu M\u00c4\u0081 vidvi\u00e1\u00b9\u00a3\u00c4\u0081vahai\u00e1\u00b8\u00a5 Om \u00c5\u009b\u00c4\u0081nti\u00e1\u00b8\u00a5 \u00c5\u009b\u00c4\u0081nti\u00e1\u00b8\u00a5 \u00c5\u009b\u00c4\u0081nti\u00e1\u00b8\u00a5","src":"https:\/\/i0.wp.com\/mr-ananda.com\/wp-content\/uploads\/2025\/08\/Saha-Navavatu-200x300.jpg?resize=350%2C200","width":350,"height":200},"classes":[]},{"id":2822,"url":"https:\/\/mr-ananda.com\/?page_id=2822","url_meta":{"origin":2808,"position":3},"title":"Samhita Rigveda Samhita","author":"mrananda","date":"20. November 2023","format":false,"excerpt":"Samhita Rigveda Die Rigveda ist eine der \u00e4ltesten bekannten religi\u00f6sen Schriften und ein zentraler Text im Hinduismus. Sie ist Teil der vier Veden. Die vier Veden sind: Rigveda: Die \u00e4lteste der Veden, haupts\u00e4chlich bestehend aus Hymnen und Lobges\u00e4ngen an verschiedene Gottheiten. Yajurveda: Enth\u00e4lt vor allem Anweisungen f\u00fcr rituelle Opferungen und\u2026","rel":"","context":"\u00c4hnlicher Beitrag","block_context":{"text":"\u00c4hnlicher Beitrag","link":""},"img":{"alt_text":"An image displaying the Rigveda as ancient palm leaf manuscripts, with illustrations of all the gods mentioned in the Rigveda. Ashtanga Yoga \u00c3\u009cberlingen am Bodensee","src":"https:\/\/i0.wp.com\/mr-ananda.com\/wp-content\/uploads\/2023\/11\/An-image-displaying-the-Rigveda-as-ancient-palm-leaf-manuscripts-with-illustrations-of-all-the-gods-mentioned-in-the-Rigveda.-The-manuscripts-are-arr-300x300.jpg?resize=350%2C200","width":350,"height":200},"classes":[]},{"id":5994,"url":"https:\/\/mr-ananda.com\/?page_id=5994","url_meta":{"origin":2808,"position":4},"title":"Mantra Hanuman Chalisa","author":"mrananda","date":"1. Februar 2026","format":false,"excerpt":"Hanuman Chalisa Die Hanuman Chalisa (\u0939\u0928\u0941\u092e\u093e\u0928 \u091a\u093e\u0932\u0940\u0938\u093e) ist eine in Awadhi (einem nordindischer Dialekt) verfasste, 40\u2011strophige Hymne (Chalisa = \u201evierzig\u201c) an Hanuman, \"Sohn des Windes\". Die Hymne beschreibt Hanuman als Inbegriff von Weisheit, St\u00e4rke, Mut und bedingungsloser Hingabe an Rama. Sie beginnt mit zwei einleitenden Dohas (Doppelverse), gefolgt von vierzig\u2026","rel":"","context":"\u00c4hnlicher Beitrag","block_context":{"text":"\u00c4hnlicher Beitrag","link":""},"img":{"alt_text":"Hanuman in Hanumanasana","src":"https:\/\/i0.wp.com\/mr-ananda.com\/wp-content\/uploads\/2026\/02\/hanuman_big_leap-201x300.jpg?resize=350%2C200","width":350,"height":200},"classes":[]},{"id":3630,"url":"https:\/\/mr-ananda.com\/?page_id=3630","url_meta":{"origin":2808,"position":5},"title":"Samhita Siva Purana Kapitel 42 Die Entfernung von Dakshas Elend","author":"mrananda","date":"5. Februar 2024","format":false,"excerpt":"Siva Purana Kapitel 42 Die Entfernung von Dakshas Elend \u00a0 Brahma sagte: Gott Shiva war erfreut, als er durch Vishnu, Brahma und die Weisen beschwichtigt und geschmeichelt wurde. Tr\u00f6stend f\u00fcr Vishnu und die anderen Devas und lachend segnete der barmherzige Gott Shiva sie und sprach. Gott Shiva sagte: O exzellente\u2026","rel":"","context":"\u00c4hnlicher Beitrag","block_context":{"text":"\u00c4hnlicher Beitrag","link":""},"img":{"alt_text":"","src":"https:\/\/i0.wp.com\/mr-ananda.com\/wp-content\/uploads\/2024\/02\/Siva-Purana-where-Vishnu-Brahma-and-various-deities-and-sages-come-together-in-a-celestia-300x171.jpg?resize=350%2C200","width":350,"height":200,"srcset":"https:\/\/i0.wp.com\/mr-ananda.com\/wp-content\/uploads\/2024\/02\/Siva-Purana-where-Vishnu-Brahma-and-various-deities-and-sages-come-together-in-a-celestia-300x171.jpg?resize=350%2C200 1x, https:\/\/i0.wp.com\/mr-ananda.com\/wp-content\/uploads\/2024\/02\/Siva-Purana-where-Vishnu-Brahma-and-various-deities-and-sages-come-together-in-a-celestia-300x171.jpg?resize=525%2C300 1.5x, https:\/\/i0.wp.com\/mr-ananda.com\/wp-content\/uploads\/2024\/02\/Siva-Purana-where-Vishnu-Brahma-and-various-deities-and-sages-come-together-in-a-celestia-300x171.jpg?resize=700%2C400 2x"},"classes":[]}],"_links":{"self":[{"href":"https:\/\/mr-ananda.com\/index.php?rest_route=\/wp\/v2\/pages\/2808"}],"collection":[{"href":"https:\/\/mr-ananda.com\/index.php?rest_route=\/wp\/v2\/pages"}],"about":[{"href":"https:\/\/mr-ananda.com\/index.php?rest_route=\/wp\/v2\/types\/page"}],"author":[{"embeddable":true,"href":"https:\/\/mr-ananda.com\/index.php?rest_route=\/wp\/v2\/users\/1"}],"replies":[{"embeddable":true,"href":"https:\/\/mr-ananda.com\/index.php?rest_route=%2Fwp%2Fv2%2Fcomments&post=2808"}],"version-history":[{"count":2,"href":"https:\/\/mr-ananda.com\/index.php?rest_route=\/wp\/v2\/pages\/2808\/revisions"}],"predecessor-version":[{"id":2811,"href":"https:\/\/mr-ananda.com\/index.php?rest_route=\/wp\/v2\/pages\/2808\/revisions\/2811"}],"wp:attachment":[{"href":"https:\/\/mr-ananda.com\/index.php?rest_route=%2Fwp%2Fv2%2Fmedia&parent=2808"}],"curies":[{"name":"wp","href":"https:\/\/api.w.org\/{rel}","templated":true}]}}