{"id":2795,"date":"2023-11-20T09:09:50","date_gmt":"2023-11-20T08:09:50","guid":{"rendered":"https:\/\/mr-ananda.com\/?page_id=2795"},"modified":"2023-12-01T19:04:05","modified_gmt":"2023-12-01T18:04:05","slug":"yoga-samhita","status":"publish","type":"page","link":"https:\/\/mr-ananda.com\/?page_id=2795","title":{"rendered":"Yoga Samhita"},"content":{"rendered":"<div id=\"pl-2795\"  class=\"panel-layout\" ><div id=\"pg-2795-0\"  class=\"panel-grid panel-has-style\" ><div class=\"panel-row-style panel-row-style-for-2795-0\" ><div id=\"pgc-2795-0-0\"  class=\"panel-grid-cell\" ><div id=\"panel-2795-0-0-0\" class=\"so-panel widget widget_sow-headline panel-first-child\" data-index=\"0\" ><div\n\t\t\t\n\t\t\tclass=\"so-widget-sow-headline so-widget-sow-headline-default-264cffe06c83-2795\"\n\t\t\t\n\t\t><div class=\"sow-headline-container \">\n\t<h1 class='sow-headline'>Yoga Samhita<\/h1><h6 class='sow-sub-headline'>Eine Sammlung Yogischer Schriften<\/h6><\/div>\n<\/div><\/div><div id=\"panel-2795-0-0-1\" class=\"so-panel widget widget_sow-headline\" data-index=\"1\" ><div\n\t\t\t\n\t\t\tclass=\"so-widget-sow-headline so-widget-sow-headline-default-607c982e42a2-2795\"\n\t\t\t\n\t\t><div class=\"sow-headline-container \">\n\t<h5 class='sow-headline'>\"The Vedic texts, -\"The spirit ought to be seen\" . \"About it one must hear\", are the real saviors and givers of true knowledge. They must be studied with great care\"<\/h5><p class='sow-sub-headline'>Quelle: Shiva Samhita, Verse 1.33 <\/p><\/div>\n<\/div><\/div><div id=\"panel-2795-0-0-2\" class=\"so-panel widget widget_sow-headline panel-last-child\" data-index=\"2\" ><div\n\t\t\t\n\t\t\tclass=\"so-widget-sow-headline so-widget-sow-headline-default-4f53ac3af2cb-2795\"\n\t\t\t\n\t\t><div class=\"sow-headline-container \">\n\t<p class='sow-headline'>Hinweis: Die auf dieser Webseite bereitgestellten Informationen, Asana-Sequenzen und Module dienen ausschlie\u00dflich Bildungszwecken, insbesondere als begleitende Information zu den auf dieser Webseite angebotenen Yogakursen und Retreats, und sollten nicht als Ersatz f\u00fcr professionelle Anleitung oder medizinischen Rat betrachtet werden. Obwohl Yoga viele gesundheitliche Vorteile haben kann, ist es wichtig, die \u00dcbungen sorgf\u00e4ltig und sicher auszuf\u00fchren. Besonders wichtig ist es eine Asana bei Bedarf den k\u00f6rperlichen Bed\u00fcrfnissen des \u00dcbenden individuell anzupassen. Dies gilt ausdr\u00fccklich nicht nur f\u00fcr fortgeschrittene Asanas, Sequenzen und Module sondern ebenfalls f\u00fcr eine vereinfachte Basis Form bzw. Variante.  Wenn Sie neu im Yoga sind, gesundheitliche Einschr\u00e4nkungen haben oder spezifische Bedenken hinsichtlich Ihrer Gesundheit haben, konsultieren Sie bitte einen Arzt oder einen qualifizierten Yogalehrer, bevor Sie mit einem Yoga-Programm beginnen.  Wir empfehlen dringend, die hier pr\u00e4sentierten Sequenzen unter der Aufsicht eines kompetenten und zertifizierten Yogalehrers zu praktizieren, um eine sichere Ausf\u00fchrung zu gew\u00e4hrleisten. Mit dem Herunterladen oder der Nutzung dieser Asana-Sequenzen und Module erkennen Sie an, dass sie prim\u00e4r zu Bildungszwecken bzw. f\u00fcr Demonstrationszwecke als visueller Referenz dienen und dass Sie die volle Verantwortung f\u00fcr Ihre eigene Yoga Praxis \u00fcbernehmen.<\/p><\/div>\n<\/div><\/div><\/div><\/div><\/div><div id=\"pg-2795-1\"  class=\"panel-grid panel-has-style\" ><div class=\"siteorigin-panels-stretch panel-row-style panel-row-style-for-2795-1\" data-stretch-type=\"full\" ><div id=\"pgc-2795-1-0\"  class=\"panel-grid-cell\" ><div id=\"panel-2795-1-0-0\" class=\"so-panel widget widget_sow-image panel-first-child panel-last-child\" data-index=\"3\" ><div\n\t\t\t\n\t\t\tclass=\"so-widget-sow-image so-widget-sow-image-default-4e6925654b7a-2795\"\n\t\t\t\n\t\t>\n\n<div class=\"sow-image-container\">\n\t\t<img src=\"https:\/\/i0.wp.com\/mr-ananda.com\/wp-content\/uploads\/2023\/11\/An-artistic-symbolic-representation-of-a-website-link-about-Yoga-Sutras-including-an-Om-symbol.jpg?fit=300%2C300&amp;ssl=1\" width=\"300\" height=\"300\" srcset=\"https:\/\/i0.wp.com\/mr-ananda.com\/wp-content\/uploads\/2023\/11\/An-artistic-symbolic-representation-of-a-website-link-about-Yoga-Sutras-including-an-Om-symbol.jpg?w=1024&amp;ssl=1 1024w, https:\/\/i0.wp.com\/mr-ananda.com\/wp-content\/uploads\/2023\/11\/An-artistic-symbolic-representation-of-a-website-link-about-Yoga-Sutras-including-an-Om-symbol.jpg?resize=300%2C300&amp;ssl=1 300w, https:\/\/i0.wp.com\/mr-ananda.com\/wp-content\/uploads\/2023\/11\/An-artistic-symbolic-representation-of-a-website-link-about-Yoga-Sutras-including-an-Om-symbol.jpg?resize=150%2C150&amp;ssl=1 150w, https:\/\/i0.wp.com\/mr-ananda.com\/wp-content\/uploads\/2023\/11\/An-artistic-symbolic-representation-of-a-website-link-about-Yoga-Sutras-including-an-Om-symbol.jpg?resize=768%2C768&amp;ssl=1 768w\" title=\"An artistic, symbolic representation of a website link about Yoga Sutras, including an Om symbol Yoga \u00dcberlingen\" alt=\"\" loading=\"lazy\" \t\tclass=\"so-widget-image\"\/>\n\t<\/div>\n\n<\/div><\/div><\/div><div id=\"pgc-2795-1-1\"  class=\"panel-grid-cell\" ><div id=\"panel-2795-1-1-0\" class=\"so-panel widget widget_sow-editor panel-first-child\" data-index=\"4\" ><div\n\t\t\t\n\t\t\tclass=\"so-widget-sow-editor so-widget-sow-editor-base\"\n\t\t\t\n\t\t>\n<div class=\"siteorigin-widget-tinymce textwidget\">\n\t<h4>Yoga Sutras of Patanjali<\/h4>\n<p>Das Yoga-Sutra ist der zentrale Text der Yoga-Philosophie. Es besteht aus 195 kurzen Aphorismen<\/p>\n<\/div>\n<\/div><\/div><div id=\"panel-2795-1-1-1\" class=\"so-panel widget widget_sow-button panel-last-child\" data-index=\"5\" ><div\n\t\t\t\n\t\t\tclass=\"so-widget-sow-button so-widget-sow-button-flat-dad7ac6561de-2795\"\n\t\t\t\n\t\t><div class=\"ow-button-base ow-button-align-left\">\n\t<a\n\thref=\"https:\/\/mr-ananda.com\/?page_id=2819\"\n\t\tclass=\"ow-icon-placement-left ow-button-hover\" \t>\n\t\t<span>\n\t\t\t\n\t\t\tMehr erfahren\t\t<\/span>\n\t<\/a>\n<\/div>\n<\/div><\/div><\/div><\/div><\/div><div id=\"pg-2795-2\"  class=\"panel-grid panel-has-style\" ><div class=\"siteorigin-panels-stretch panel-row-style panel-row-style-for-2795-2\" data-stretch-type=\"full\" ><div id=\"pgc-2795-2-0\"  class=\"panel-grid-cell\" ><div id=\"panel-2795-2-0-0\" class=\"so-panel widget widget_sow-editor panel-first-child\" data-index=\"6\" ><div\n\t\t\t\n\t\t\tclass=\"so-widget-sow-editor so-widget-sow-editor-base\"\n\t\t\t\n\t\t>\n<div class=\"siteorigin-widget-tinymce textwidget\">\n\t<h4>Rigveda<\/h4>\n<p>Die Rigveda ist vor allem f\u00fcr ihre philosophischen Gedanken, religi\u00f6sen Riten und die fr\u00fche indische Mythologie bekannt<\/p>\n<\/div>\n<\/div><\/div><div id=\"panel-2795-2-0-1\" class=\"so-panel widget widget_sow-button panel-last-child\" data-index=\"7\" ><div\n\t\t\t\n\t\t\tclass=\"so-widget-sow-button so-widget-sow-button-flat-dad7ac6561de-2795\"\n\t\t\t\n\t\t><div class=\"ow-button-base ow-button-align-left\">\n\t<a\n\thref=\"https:\/\/mr-ananda.com\/?page_id=2822\"\n\t\tclass=\"ow-icon-placement-left ow-button-hover\" \t>\n\t\t<span>\n\t\t\t\n\t\t\tMehr erfahren\t\t<\/span>\n\t<\/a>\n<\/div>\n<\/div><\/div><\/div><div id=\"pgc-2795-2-1\"  class=\"panel-grid-cell\" ><div id=\"panel-2795-2-1-0\" class=\"so-panel widget widget_sow-image panel-first-child panel-last-child\" data-index=\"8\" ><div\n\t\t\t\n\t\t\tclass=\"so-widget-sow-image so-widget-sow-image-default-4e6925654b7a-2795\"\n\t\t\t\n\t\t>\n\n<div class=\"sow-image-container\">\n\t\t<img src=\"https:\/\/i0.wp.com\/mr-ananda.com\/wp-content\/uploads\/2023\/11\/An-image-displaying-the-Rigveda-as-ancient-palm-leaf-manuscripts-with-illustrations-of-all-the-gods-mentioned-in-the-Rigveda.-The-manuscripts-are-arr.jpg?fit=300%2C300&amp;ssl=1\" width=\"300\" height=\"300\" srcset=\"https:\/\/i0.wp.com\/mr-ananda.com\/wp-content\/uploads\/2023\/11\/An-image-displaying-the-Rigveda-as-ancient-palm-leaf-manuscripts-with-illustrations-of-all-the-gods-mentioned-in-the-Rigveda.-The-manuscripts-are-arr.jpg?w=1024&amp;ssl=1 1024w, https:\/\/i0.wp.com\/mr-ananda.com\/wp-content\/uploads\/2023\/11\/An-image-displaying-the-Rigveda-as-ancient-palm-leaf-manuscripts-with-illustrations-of-all-the-gods-mentioned-in-the-Rigveda.-The-manuscripts-are-arr.jpg?resize=300%2C300&amp;ssl=1 300w, https:\/\/i0.wp.com\/mr-ananda.com\/wp-content\/uploads\/2023\/11\/An-image-displaying-the-Rigveda-as-ancient-palm-leaf-manuscripts-with-illustrations-of-all-the-gods-mentioned-in-the-Rigveda.-The-manuscripts-are-arr.jpg?resize=150%2C150&amp;ssl=1 150w, https:\/\/i0.wp.com\/mr-ananda.com\/wp-content\/uploads\/2023\/11\/An-image-displaying-the-Rigveda-as-ancient-palm-leaf-manuscripts-with-illustrations-of-all-the-gods-mentioned-in-the-Rigveda.-The-manuscripts-are-arr.jpg?resize=768%2C768&amp;ssl=1 768w\" title=\"Rigveda Yoga \u00dcberlingen am Bodensee\" alt=\"Rigveda Yoga \u00dcberlingen am Bodensee\" loading=\"lazy\" \t\tclass=\"so-widget-image\"\/>\n\t<\/div>\n\n<\/div><\/div><\/div><\/div><\/div><div id=\"pg-2795-3\"  class=\"panel-grid panel-has-style\" ><div class=\"siteorigin-panels-stretch panel-row-style panel-row-style-for-2795-3\" data-stretch-type=\"full\" ><div id=\"pgc-2795-3-0\"  class=\"panel-grid-cell\" ><div id=\"panel-2795-3-0-0\" class=\"so-panel widget widget_sow-image panel-first-child panel-last-child\" data-index=\"9\" ><div\n\t\t\t\n\t\t\tclass=\"so-widget-sow-image so-widget-sow-image-default-4e6925654b7a-2795\"\n\t\t\t\n\t\t>\n\n<div class=\"sow-image-container\">\n\t\t<img src=\"https:\/\/i0.wp.com\/mr-ananda.com\/wp-content\/uploads\/2023\/11\/A-technical-illustration-for-the-text-about-the-Gheranda-Samhita-a-classic-Hatha-Yoga-text.-The-image-should-visually-represent-the-interconnection.jpg?fit=300%2C300&amp;ssl=1\" width=\"300\" height=\"300\" srcset=\"https:\/\/i0.wp.com\/mr-ananda.com\/wp-content\/uploads\/2023\/11\/A-technical-illustration-for-the-text-about-the-Gheranda-Samhita-a-classic-Hatha-Yoga-text.-The-image-should-visually-represent-the-interconnection.jpg?w=1024&amp;ssl=1 1024w, https:\/\/i0.wp.com\/mr-ananda.com\/wp-content\/uploads\/2023\/11\/A-technical-illustration-for-the-text-about-the-Gheranda-Samhita-a-classic-Hatha-Yoga-text.-The-image-should-visually-represent-the-interconnection.jpg?resize=300%2C300&amp;ssl=1 300w, https:\/\/i0.wp.com\/mr-ananda.com\/wp-content\/uploads\/2023\/11\/A-technical-illustration-for-the-text-about-the-Gheranda-Samhita-a-classic-Hatha-Yoga-text.-The-image-should-visually-represent-the-interconnection.jpg?resize=150%2C150&amp;ssl=1 150w, https:\/\/i0.wp.com\/mr-ananda.com\/wp-content\/uploads\/2023\/11\/A-technical-illustration-for-the-text-about-the-Gheranda-Samhita-a-classic-Hatha-Yoga-text.-The-image-should-visually-represent-the-interconnection.jpg?resize=768%2C768&amp;ssl=1 768w\" title=\"A technical illustration for the text about the &#039;Gheranda Samhita&#039;, a classic Hatha Yoga text. The image should visually represent the interconnection Yoga \u00dcberlingen\" alt=\"A technical illustration for the text about the &#039;Gheranda Samhita&#039;, a classic Hatha Yoga text. The image should visually represent the interconnection Yoga \u00dcberlingen\" loading=\"lazy\" \t\tclass=\"so-widget-image\"\/>\n\t<\/div>\n\n<\/div><\/div><\/div><div id=\"pgc-2795-3-1\"  class=\"panel-grid-cell\" ><div id=\"panel-2795-3-1-0\" class=\"so-panel widget widget_sow-editor panel-first-child\" data-index=\"10\" ><div\n\t\t\t\n\t\t\tclass=\"so-widget-sow-editor so-widget-sow-editor-base\"\n\t\t\t\n\t\t>\n<div class=\"siteorigin-widget-tinymce textwidget\">\n\t<h4>Gheranda Samhita<\/h4>\n<p>Ein klassischer Text des Hatha Yoga. Geschrieben vermutlich im 17. Jahrhundert. Sie bietet detaillierte Anleitungen zu verschiedenen Yoga-Praktiken<\/p>\n<\/div>\n<\/div><\/div><div id=\"panel-2795-3-1-1\" class=\"so-panel widget widget_sow-button panel-last-child\" data-index=\"11\" ><div\n\t\t\t\n\t\t\tclass=\"so-widget-sow-button so-widget-sow-button-flat-dad7ac6561de-2795\"\n\t\t\t\n\t\t><div class=\"ow-button-base ow-button-align-left\">\n\t<a\n\thref=\"https:\/\/mr-ananda.com\/?page_id=2916\"\n\t\tclass=\"ow-icon-placement-left ow-button-hover\" target=\"_blank\" rel=\"noopener noreferrer\" \t>\n\t\t<span>\n\t\t\t\n\t\t\tMehr erfahren\t\t<\/span>\n\t<\/a>\n<\/div>\n<\/div><\/div><\/div><\/div><\/div><div id=\"pg-2795-4\"  class=\"panel-grid panel-has-style\" ><div class=\"siteorigin-panels-stretch panel-row-style panel-row-style-for-2795-4\" data-stretch-type=\"full\" ><div id=\"pgc-2795-4-0\"  class=\"panel-grid-cell\" ><div id=\"panel-2795-4-0-0\" class=\"so-panel widget widget_sow-editor panel-first-child\" data-index=\"12\" ><div\n\t\t\t\n\t\t\tclass=\"so-widget-sow-editor so-widget-sow-editor-base\"\n\t\t\t\n\t\t>\n<div class=\"siteorigin-widget-tinymce textwidget\">\n\t<h4>Siva Samhita<\/h4>\n<p>Die \"Siva Samhita\" ist ein klassischer Text des Hatha Yoga. Es handelt sich um eine Sammlung von Versen, die sich mit verschiedenen Aspekten des Yoga besch\u00e4ftigen. Die genaue Entstehungszeit der \"Siva Samhita\" ist unbekannt, sie wird jedoch allgemein in die Zeit zwischen dem 14. und 17. Jahrhundert n. Chr. datiert.<\/p>\n<\/div>\n<\/div><\/div><div id=\"panel-2795-4-0-1\" class=\"so-panel widget widget_sow-button panel-last-child\" data-index=\"13\" ><div\n\t\t\t\n\t\t\tclass=\"so-widget-sow-button so-widget-sow-button-flat-dad7ac6561de-2795\"\n\t\t\t\n\t\t><div class=\"ow-button-base ow-button-align-left\">\n\t<a\n\thref=\"https:\/\/mr-ananda.com\/?page_id=2922\"\n\t\tclass=\"ow-icon-placement-left ow-button-hover\" \t>\n\t\t<span>\n\t\t\t\n\t\t\tMehr erfahren\t\t<\/span>\n\t<\/a>\n<\/div>\n<\/div><\/div><\/div><div id=\"pgc-2795-4-1\"  class=\"panel-grid-cell\" ><div id=\"panel-2795-4-1-0\" class=\"so-panel widget widget_sow-image panel-first-child panel-last-child\" data-index=\"14\" ><div\n\t\t\t\n\t\t\tclass=\"so-widget-sow-image so-widget-sow-image-default-4e6925654b7a-2795\"\n\t\t\t\n\t\t>\n\n<div class=\"sow-image-container\">\n\t\t<img src=\"https:\/\/i0.wp.com\/mr-ananda.com\/wp-content\/uploads\/2023\/11\/Siva-Samhita-A-technical-illustration-for-the-text-about-the-Siva-Samhita-a-classic-Hatha-Yoga-text.-Yoga-Ueberlingen.jpg?fit=300%2C300&amp;ssl=1\" width=\"300\" height=\"300\" srcset=\"https:\/\/i0.wp.com\/mr-ananda.com\/wp-content\/uploads\/2023\/11\/Siva-Samhita-A-technical-illustration-for-the-text-about-the-Siva-Samhita-a-classic-Hatha-Yoga-text.-Yoga-Ueberlingen.jpg?w=1024&amp;ssl=1 1024w, https:\/\/i0.wp.com\/mr-ananda.com\/wp-content\/uploads\/2023\/11\/Siva-Samhita-A-technical-illustration-for-the-text-about-the-Siva-Samhita-a-classic-Hatha-Yoga-text.-Yoga-Ueberlingen.jpg?resize=300%2C300&amp;ssl=1 300w, https:\/\/i0.wp.com\/mr-ananda.com\/wp-content\/uploads\/2023\/11\/Siva-Samhita-A-technical-illustration-for-the-text-about-the-Siva-Samhita-a-classic-Hatha-Yoga-text.-Yoga-Ueberlingen.jpg?resize=150%2C150&amp;ssl=1 150w, https:\/\/i0.wp.com\/mr-ananda.com\/wp-content\/uploads\/2023\/11\/Siva-Samhita-A-technical-illustration-for-the-text-about-the-Siva-Samhita-a-classic-Hatha-Yoga-text.-Yoga-Ueberlingen.jpg?resize=768%2C768&amp;ssl=1 768w\" title=\"Siva Samhita Yoga \u00dcberlingen am Bodensee\" alt=\"Siva Samhita Yoga \u00dcberlingen am Bodensee\" loading=\"lazy\" \t\tclass=\"so-widget-image\"\/>\n\t<\/div>\n\n<\/div><\/div><\/div><\/div><\/div><\/div>","protected":false},"excerpt":{"rendered":"<p>Yoga Sutras of Patanjali Das Yoga-Sutra ist der zentrale Text der Yoga-Philosophie. Es besteht aus 195 kurzen Aphorismen<\/p>\n","protected":false},"author":1,"featured_media":0,"parent":0,"menu_order":0,"comment_status":"closed","ping_status":"closed","template":"","meta":{"footnotes":""},"yoast_head":"<!-- This site is optimized with the Yoast SEO Premium plugin v21.7 (Yoast SEO v21.7) - https:\/\/yoast.com\/wordpress\/plugins\/seo\/ -->\n<title>Yoga Samhita - Mr. Ananda - Yoga Retreats und Yoga Kurse \u00dcberlingen<\/title>\n<meta name=\"description\" content=\"Yoga \u00dcberlingen Asana Sequenzen und Module. Die passende \u00dcbungssequenz f\u00fcr Deine Yoga Praxis\" \/>\n<meta name=\"robots\" content=\"index, follow, max-snippet:-1, max-image-preview:large, max-video-preview:-1\" \/>\n<link rel=\"canonical\" href=\"https:\/\/mr-ananda.com\/?page_id=2795\" \/>\n<meta property=\"og:locale\" content=\"de_DE\" \/>\n<meta property=\"og:type\" content=\"article\" \/>\n<meta property=\"og:title\" content=\"Yoga Samhita\" \/>\n<meta property=\"og:description\" content=\"Yoga \u00dcberlingen Asana Sequenzen und Module. Die passende \u00dcbungssequenz f\u00fcr Deine Yoga Praxis\" \/>\n<meta property=\"og:url\" content=\"https:\/\/mr-ananda.com\/?page_id=2795\" \/>\n<meta property=\"og:site_name\" content=\"Mr. Ananda - Yoga Retreats und Yoga Kurse \u00dcberlingen\" \/>\n<meta property=\"article:publisher\" content=\"https:\/\/www.facebook.com\/MisterAnanda\/\" \/>\n<meta property=\"article:modified_time\" content=\"2023-12-01T18:04:05+00:00\" \/>\n<meta name=\"twitter:card\" content=\"summary_large_image\" \/>\n<meta name=\"twitter:label1\" content=\"Gesch\u00e4tzte Lesezeit\" \/>\n\t<meta name=\"twitter:data1\" content=\"2\u00a0Minuten\" \/>\n<script type=\"application\/ld+json\" class=\"yoast-schema-graph\">{\"@context\":\"https:\/\/schema.org\",\"@graph\":[{\"@type\":\"WebPage\",\"@id\":\"https:\/\/mr-ananda.com\/?page_id=2795\",\"url\":\"https:\/\/mr-ananda.com\/?page_id=2795\",\"name\":\"Yoga Samhita - Mr. Ananda - Yoga Retreats und Yoga Kurse \u00dcberlingen\",\"isPartOf\":{\"@id\":\"http:\/\/mr-ananda.com\/#website\"},\"datePublished\":\"2023-11-20T08:09:50+00:00\",\"dateModified\":\"2023-12-01T18:04:05+00:00\",\"description\":\"Yoga \u00dcberlingen Asana Sequenzen und Module. Die passende \u00dcbungssequenz f\u00fcr Deine Yoga Praxis\",\"breadcrumb\":{\"@id\":\"https:\/\/mr-ananda.com\/?page_id=2795#breadcrumb\"},\"inLanguage\":\"de\",\"potentialAction\":[{\"@type\":\"ReadAction\",\"target\":[\"https:\/\/mr-ananda.com\/?page_id=2795\"]}]},{\"@type\":\"BreadcrumbList\",\"@id\":\"https:\/\/mr-ananda.com\/?page_id=2795#breadcrumb\",\"itemListElement\":[{\"@type\":\"ListItem\",\"position\":1,\"name\":\"Startseite\",\"item\":\"http:\/\/mr-ananda.com\/\"},{\"@type\":\"ListItem\",\"position\":2,\"name\":\"Yoga Samhita\"}]},{\"@type\":\"WebSite\",\"@id\":\"http:\/\/mr-ananda.com\/#website\",\"url\":\"http:\/\/mr-ananda.com\/\",\"name\":\"Mr. Ananda - Yoga Retreats und Yoga Kurs in \u00dcberlingen\",\"description\":\"Yoga Authentisch Dynamisch\",\"publisher\":{\"@id\":\"http:\/\/mr-ananda.com\/#organization\"},\"potentialAction\":[{\"@type\":\"SearchAction\",\"target\":{\"@type\":\"EntryPoint\",\"urlTemplate\":\"http:\/\/mr-ananda.com\/?s={search_term_string}\"},\"query-input\":\"required name=search_term_string\"}],\"inLanguage\":\"de\"},{\"@type\":\"Organization\",\"@id\":\"http:\/\/mr-ananda.com\/#organization\",\"name\":\"Mr. Ananda\",\"url\":\"http:\/\/mr-ananda.com\/\",\"logo\":{\"@type\":\"ImageObject\",\"inLanguage\":\"de\",\"@id\":\"http:\/\/mr-ananda.com\/#\/schema\/logo\/image\/\",\"url\":\"https:\/\/i0.wp.com\/mr-ananda.com\/wp-content\/uploads\/2017\/11\/mister_rgb_700x700px.png?fit=700%2C700&ssl=1\",\"contentUrl\":\"https:\/\/i0.wp.com\/mr-ananda.com\/wp-content\/uploads\/2017\/11\/mister_rgb_700x700px.png?fit=700%2C700&ssl=1\",\"width\":700,\"height\":700,\"caption\":\"Mr. Ananda\"},\"image\":{\"@id\":\"http:\/\/mr-ananda.com\/#\/schema\/logo\/image\/\"},\"sameAs\":[\"https:\/\/www.facebook.com\/MisterAnanda\/\",\"https:\/\/www.instagram.com\/mrx123om\/\"]}]}<\/script>\n<!-- \/ Yoast SEO Premium plugin. -->","yoast_head_json":{"title":"Yoga Samhita - Mr. Ananda - Yoga Retreats und Yoga Kurse \u00dcberlingen","description":"Yoga \u00dcberlingen Asana Sequenzen und Module. Die passende \u00dcbungssequenz f\u00fcr Deine Yoga Praxis","robots":{"index":"index","follow":"follow","max-snippet":"max-snippet:-1","max-image-preview":"max-image-preview:large","max-video-preview":"max-video-preview:-1"},"canonical":"https:\/\/mr-ananda.com\/?page_id=2795","og_locale":"de_DE","og_type":"article","og_title":"Yoga Samhita","og_description":"Yoga \u00dcberlingen Asana Sequenzen und Module. Die passende \u00dcbungssequenz f\u00fcr Deine Yoga Praxis","og_url":"https:\/\/mr-ananda.com\/?page_id=2795","og_site_name":"Mr. Ananda - Yoga Retreats und Yoga Kurse \u00dcberlingen","article_publisher":"https:\/\/www.facebook.com\/MisterAnanda\/","article_modified_time":"2023-12-01T18:04:05+00:00","twitter_card":"summary_large_image","twitter_misc":{"Gesch\u00e4tzte Lesezeit":"2\u00a0Minuten"},"schema":{"@context":"https:\/\/schema.org","@graph":[{"@type":"WebPage","@id":"https:\/\/mr-ananda.com\/?page_id=2795","url":"https:\/\/mr-ananda.com\/?page_id=2795","name":"Yoga Samhita - Mr. Ananda - Yoga Retreats und Yoga Kurse \u00dcberlingen","isPartOf":{"@id":"http:\/\/mr-ananda.com\/#website"},"datePublished":"2023-11-20T08:09:50+00:00","dateModified":"2023-12-01T18:04:05+00:00","description":"Yoga \u00dcberlingen Asana Sequenzen und Module. Die passende \u00dcbungssequenz f\u00fcr Deine Yoga Praxis","breadcrumb":{"@id":"https:\/\/mr-ananda.com\/?page_id=2795#breadcrumb"},"inLanguage":"de","potentialAction":[{"@type":"ReadAction","target":["https:\/\/mr-ananda.com\/?page_id=2795"]}]},{"@type":"BreadcrumbList","@id":"https:\/\/mr-ananda.com\/?page_id=2795#breadcrumb","itemListElement":[{"@type":"ListItem","position":1,"name":"Startseite","item":"http:\/\/mr-ananda.com\/"},{"@type":"ListItem","position":2,"name":"Yoga Samhita"}]},{"@type":"WebSite","@id":"http:\/\/mr-ananda.com\/#website","url":"http:\/\/mr-ananda.com\/","name":"Mr. Ananda - Yoga Retreats und Yoga Kurs in \u00dcberlingen","description":"Yoga Authentisch Dynamisch","publisher":{"@id":"http:\/\/mr-ananda.com\/#organization"},"potentialAction":[{"@type":"SearchAction","target":{"@type":"EntryPoint","urlTemplate":"http:\/\/mr-ananda.com\/?s={search_term_string}"},"query-input":"required name=search_term_string"}],"inLanguage":"de"},{"@type":"Organization","@id":"http:\/\/mr-ananda.com\/#organization","name":"Mr. Ananda","url":"http:\/\/mr-ananda.com\/","logo":{"@type":"ImageObject","inLanguage":"de","@id":"http:\/\/mr-ananda.com\/#\/schema\/logo\/image\/","url":"https:\/\/i0.wp.com\/mr-ananda.com\/wp-content\/uploads\/2017\/11\/mister_rgb_700x700px.png?fit=700%2C700&ssl=1","contentUrl":"https:\/\/i0.wp.com\/mr-ananda.com\/wp-content\/uploads\/2017\/11\/mister_rgb_700x700px.png?fit=700%2C700&ssl=1","width":700,"height":700,"caption":"Mr. Ananda"},"image":{"@id":"http:\/\/mr-ananda.com\/#\/schema\/logo\/image\/"},"sameAs":["https:\/\/www.facebook.com\/MisterAnanda\/","https:\/\/www.instagram.com\/mrx123om\/"]}]}},"jetpack_sharing_enabled":true,"jetpack_shortlink":"https:\/\/wp.me\/P9n7z7-J5","jetpack_likes_enabled":true,"jetpack-related-posts":[{"id":2776,"url":"https:\/\/mr-ananda.com\/?page_id=2776","url_meta":{"origin":2795,"position":0},"title":"Yoga Shastra","author":"mrananda","date":"18. November 2023","format":false,"excerpt":"Mantra Pranayama Asana Yoga Samhita Eine Sammlung Yogischer Schriften","rel":"","context":"\u00c4hnlicher Beitrag","block_context":{"text":"\u00c4hnlicher Beitrag","link":""},"img":{"alt_text":"","src":"","width":0,"height":0},"classes":[]},{"id":4277,"url":"https:\/\/mr-ananda.com\/?page_id=4277","url_meta":{"origin":2795,"position":1},"title":"Yoga Retreat auf Mallorca 2025","author":"mrananda","date":"1. November 2024","format":false,"excerpt":"Finde Deine innere Balance 4 Tage Yoga Urlaub auf Mallorca in einer exklusiven 4-Sterne Finca \u00dcber Allerheiligen 01.11. \u2013 04.11.2025 (4 Tage, 3 N\u00e4chte) Dieses Rahmenprogramm erwartet Dich: Im Rahmen des Yoga Retreats verbinden wir alte Yoga Schriften mit modernen Yoga Praktiken. Wir praktizieren Yoga \u00dcbungen im Rahmen des Ashtanga\u2026","rel":"","context":"\u00c4hnlicher Beitrag","block_context":{"text":"\u00c4hnlicher Beitrag","link":""},"img":{"alt_text":"","src":"","width":0,"height":0},"classes":[]},{"id":4339,"url":"https:\/\/mr-ananda.com\/?page_id=4339","url_meta":{"origin":2795,"position":2},"title":"Yoga Blog","author":"mrananda","date":"24. November 2024","format":false,"excerpt":"The Observable Yoga Universe Woher kommt der moderne Yoga? Ein \u00dcberblick bzw. eine \u00dcbersicht des Yoga in der Tradition von Krishnamacharya Warum und wozu Yoga? Wohin wird das alles f\u00fchren? Und was kommt nach dem Yoga Sutra? \u00dcber die Gita, den Spirit of Yoga, sowie g\u00f6ttliche und d\u00e4monische Eigenschaften Die\u2026","rel":"","context":"\u00c4hnlicher Beitrag","block_context":{"text":"\u00c4hnlicher Beitrag","link":""},"img":{"alt_text":"","src":"","width":0,"height":0},"classes":[]},{"id":1779,"url":"https:\/\/mr-ananda.com\/?page_id=1779","url_meta":{"origin":2795,"position":3},"title":"Yoga Kurs &#038; Workshop Call for Yogis","author":"mrananda","date":"11. September 2023","format":false,"excerpt":"Ashtanga Wildstyle Yoga Kurs in \u00dcberlingen Call for Yogis:\u00a0 Neuer Yoga Kurs in \u00dcberlingen ab September 2025 Start: Immer Montags 16:05 - 17:20 Uhr Wo: Wir treffen uns f\u00fcr den Yoga Kurs in \u00dcberlingen: Yoga Shala Bodensee, Nu\u00dfdorfer Stra\u00dfe 38F, 88662 \u00dcberlingen Fit werden: Physisch, energetisch, emotional, mental Krankenkassen \u00fcbernehmen\u2026","rel":"","context":"\u00c4hnlicher Beitrag","block_context":{"text":"\u00c4hnlicher Beitrag","link":""},"img":{"alt_text":"","src":"","width":0,"height":0},"classes":[]},{"id":2853,"url":"https:\/\/mr-ananda.com\/?page_id=2853","url_meta":{"origin":2795,"position":4},"title":"Sequenzen + Module","author":"mrananda","date":"20. November 2023","format":false,"excerpt":"Sonnengr\u00fc\u00dfe (Surya = Sonne, Namaskar = Gru\u00df) Sequenzen Komplette Beispiel \u00dcbungssequenzen f\u00fcr Deine Yoga Praxis Yoga Kurs Module Asana Gruppen f\u00fcr die eigene Individuelle Yoga Sequenz","rel":"","context":"\u00c4hnlicher Beitrag","block_context":{"text":"\u00c4hnlicher Beitrag","link":""},"img":{"alt_text":"","src":"","width":0,"height":0},"classes":[]},{"id":5615,"url":"https:\/\/mr-ananda.com\/?page_id=5615","url_meta":{"origin":2795,"position":5},"title":"Yoga Retreat &#038; Workshop Ekadasanga Yoga Intensiv Wochenende am Bodensee &#8211; Wasser verstehen \u00b7 richtig anwenden","author":"mrananda","date":"24. Dezember 2025","format":false,"excerpt":"Die heilsame Kraft des Wassers - Dein Yoga-Retreat am wundersch\u00f6nen Bodensee Intensiv Wochenende & Ekadasanga Yoga Workshop Regeneration | Aktivierung | Lebensenergie | \u00dcberlingen am Bodensee | 2 Termine f\u00fcr Einsteiger & Fortgeschrittene | Kosten\u00fcbernahme durch Krankenkassen 10 % Wiederbucher-Rabatt Du sparst 28,- Euro 10 % Rabatt f\u00fcr Mitglieder des\u2026","rel":"","context":"\u00c4hnlicher Beitrag","block_context":{"text":"\u00c4hnlicher Beitrag","link":""},"img":{"alt_text":"","src":"","width":0,"height":0},"classes":[]}],"_links":{"self":[{"href":"https:\/\/mr-ananda.com\/index.php?rest_route=\/wp\/v2\/pages\/2795"}],"collection":[{"href":"https:\/\/mr-ananda.com\/index.php?rest_route=\/wp\/v2\/pages"}],"about":[{"href":"https:\/\/mr-ananda.com\/index.php?rest_route=\/wp\/v2\/types\/page"}],"author":[{"embeddable":true,"href":"https:\/\/mr-ananda.com\/index.php?rest_route=\/wp\/v2\/users\/1"}],"replies":[{"embeddable":true,"href":"https:\/\/mr-ananda.com\/index.php?rest_route=%2Fwp%2Fv2%2Fcomments&post=2795"}],"version-history":[{"count":19,"href":"https:\/\/mr-ananda.com\/index.php?rest_route=\/wp\/v2\/pages\/2795\/revisions"}],"predecessor-version":[{"id":3021,"href":"https:\/\/mr-ananda.com\/index.php?rest_route=\/wp\/v2\/pages\/2795\/revisions\/3021"}],"wp:attachment":[{"href":"https:\/\/mr-ananda.com\/index.php?rest_route=%2Fwp%2Fv2%2Fmedia&parent=2795"}],"curies":[{"name":"wp","href":"https:\/\/api.w.org\/{rel}","templated":true}]}}