{"id":2770,"date":"2023-11-20T09:04:28","date_gmt":"2023-11-20T08:04:28","guid":{"rendered":"https:\/\/mr-ananda.com\/?page_id=2770"},"modified":"2023-12-18T15:03:00","modified_gmt":"2023-12-18T14:03:00","slug":"pranayama","status":"publish","type":"page","link":"https:\/\/mr-ananda.com\/?page_id=2770","title":{"rendered":"Pranayama"},"content":{"rendered":"<div id=\"pl-2770\"  class=\"panel-layout\" ><div id=\"pg-2770-0\"  class=\"panel-grid panel-has-style\" ><div class=\"panel-row-style panel-row-style-for-2770-0\" ><div id=\"pgc-2770-0-0\"  class=\"panel-grid-cell\" ><div id=\"panel-2770-0-0-0\" class=\"so-panel widget widget_sow-headline panel-first-child\" data-index=\"0\" ><div\n\t\t\t\n\t\t\tclass=\"so-widget-sow-headline so-widget-sow-headline-default-264cffe06c83-2770\"\n\t\t\t\n\t\t><div class=\"sow-headline-container \">\n\t<h1 class='sow-headline'>Pranayama<\/h1><h6 class='sow-sub-headline'>Beispiel Atem-\u00dcbungen f\u00fcr Deine Pranayama Praxis<\/h6><\/div>\n<\/div><\/div><div id=\"panel-2770-0-0-1\" class=\"so-panel widget widget_sow-headline\" data-index=\"1\" ><div\n\t\t\t\n\t\t\tclass=\"so-widget-sow-headline so-widget-sow-headline-default-607c982e42a2-2770\"\n\t\t\t\n\t\t><div class=\"sow-headline-container \">\n\t<h5 class='sow-headline'>\"Let the Yogi go to a beautiful and pleasant place of retirement or a cell, assume the posture of  padmasana, and sitting on a seat (made of kusa grass) begin to practice the regulation of breath. \" <\/h5><p class='sow-sub-headline'>Quelle: Shiva Samhita, Verse 3.20 <\/p><\/div>\n<\/div><\/div><div id=\"panel-2770-0-0-2\" class=\"so-panel widget widget_sow-headline\" data-index=\"2\" ><div\n\t\t\t\n\t\t\tclass=\"so-widget-sow-headline so-widget-sow-headline-default-4f53ac3af2cb-2770\"\n\t\t\t\n\t\t><div class=\"sow-headline-container \">\n\t<p class='sow-headline'>Hinweis: Die auf dieser Webseite bereitgestellten Asana-Sequenzen und Module und Pranayama dienen ausschlie\u00dflich Bildungszwecken, insbesondere als begleitende Information zu den auf dieser Webseite angebotenen Yogakursen und Retreats, und sollten nicht als Ersatz f\u00fcr professionelle Anleitung oder medizinischen Rat betrachtet werden. Obwohl Yoga viele gesundheitliche Vorteile haben kann, ist es wichtig, die \u00dcbungen sorgf\u00e4ltig und sicher auszuf\u00fchren. Besonders wichtig ist es eine Asana oder Pranayama bei Bedarf den k\u00f6rperlichen Bed\u00fcrfnissen des \u00dcbenden individuell anzupassen. Dies gilt ausdr\u00fccklich nicht nur f\u00fcr fortgeschrittene Asanas, Sequenzen und Module und Pranayama sondern ebenfalls f\u00fcr eine vereinfachte Basis Form bzw. Variante.  Wenn Sie neu im Yoga sind, gesundheitliche Einschr\u00e4nkungen haben oder spezifische Bedenken hinsichtlich Ihrer Gesundheit haben, konsultieren Sie bitte einen Arzt oder einen qualifizierten Yogalehrer, bevor Sie mit einem Yoga-Programm beginnen.  Wir empfehlen dringend, die hier pr\u00e4sentierten Sequenzen unter der Aufsicht eines kompetenten und zertifizierten Yogalehrers zu praktizieren, um eine sichere Ausf\u00fchrung zu gew\u00e4hrleisten. Mit dem Herunterladen oder der Nutzung dieser Asana-Sequenzen und Module erkennen Sie an, dass sie prim\u00e4r zu Bildungszwecken bzw. f\u00fcr Demonstrationszwecke als visueller Referenz dienen und dass Sie die volle Verantwortung f\u00fcr Ihre eigene Yoga Praxis \u00fcbernehmen.<\/p><\/div>\n<\/div><\/div><div id=\"panel-2770-0-0-3\" class=\"so-panel widget widget_sow-editor panel-last-child\" data-index=\"3\" ><div\n\t\t\t\n\t\t\tclass=\"so-widget-sow-editor so-widget-sow-editor-base\"\n\t\t\t\n\t\t>\n<div class=\"siteorigin-widget-tinymce textwidget\">\n\t<p>Wichtiger Hinweis:<\/p>\n<p>Die folgenden Texte lagen mir englischer Sprache vor und wurden \u00fcbersetzt. Es ist deshalb nicht auszuschliessen das die durch mich erfolgten jeweiligen Interpretationen Sinngem\u00e4\u00df nicht korrekt wiedergegeben wurden. Die beschrieben Techniken dieses Artikels wurden mit eigenen Worten beschrieben und sind darum nicht 1:1 gleich mit dem jeweiligen Quelltext, sondern in der Regel nur Sinngem\u00e4\u00df wiedergegeben. Ich kann aber nicht ausschliessen das die deutsche \u00dcbersetzung eines Textes einen \u00e4hnlichen Wortlaut, Teile davon verwendet, oder auch komplett gleich ist, daher sind alle Angaben mit Anf\u00fchrungsstrichen (\"\") und Quelle versehen.<\/p>\n<h3>Kommentare zu Pranayama:<\/h3>\n<table  class=\"wikitable sortable jquery-tablesorter table table-hover\" >\n<tbody>\n<tr>\n<td>\"Der weise Beginner h\u00e4lt seinen K\u00f6rper steif und unflexibel, seine H\u00e4nde hat er im Gebet und gr\u00fc\u00dft die Lehrer auf der linken Seite. Er gr\u00fc\u00dft ebenso Ganesha auf der rechten Seite, und wieder die Besch\u00fctzer der Welten und G\u00f6ttin Ambika (g\u00f6ttliche Mutter bzw. \"M\u00fctterchen\", z.b. <i>Ambika<\/i> eine Tochter von Kashya oder Ambika, die Schwester des Gottes Rudra, ein Name von Durga, Kali, Lakshmi) auf der linken Seite.\" \"Der gro\u00dfe Yogi zerst\u00f6rt mit den 16 Pranayamas die verschiedenen Tugenden und Untugenden seines vergangenen Lebens.\" (\u00dcbersetzt aus dem Englischen Quelle: Siva Samhita, Raj Bahadur Srisa Chandra Vasu)<\/td>\n<\/tr>\n<tr>\n<td>\"Brahma und andere Devas (G\u00f6tter) waren immer mit der \u00dcbung von Pranayama besch\u00e4ftigt und haben die Angst vor dem Tod verloren. Darum sollte jemand regelm\u00e4\u00dfig Pranayama \u00fcben. So lange wie der Atem im K\u00f6rper gehalten wird, so lange die Gedanken ungest\u00f6rt sind, und so lange the Blick fixiert ist zwischen den Augenbrauen, da ist keine Angst vor dem Tod.\" (\u00dcbersetzt aus dem Englischen Quelle: The Hatha Yoga Pradipika, Yogi Svatmarama)<\/td>\n<\/tr>\n<tr>\n<td>\"Gem\u00e4\u00df dem Raja Yoga gibt es 10 verschiedene Pranayama: \"1. Surya Bhedana, 2.Ujjayi, 3.Nadisodana, 4. Sitkari, 5. Sitali, 6. Bhramari, 7. Lahari oder Plavini, 8. Kaphalabhati, 9. Bhastrika, 10. Murcha\" \"Svatmarama der Author der Hathayogapradipika akzpetiert nur 8, ohne Lahari und Murcha.\" \"Von diesen Pranayama verbesseren die ersten 3 den K\u00f6rper, Verstand und Geist. Die Ergebnisse sind langsam in der Manifestation aber lang anhaltend. Die anderen 7 sind nur f\u00fcr das k\u00f6rperliche Wohlbefinden. Es werden schnell Ergebnisse erzielt, diese sind aber nur von kurzer Dauer.\" (\u00dcbersetzt aus dem Englischen Quelle: Yoga Makaranda, Sri T. Krishnamacharya)<\/td>\n<\/tr>\n<tr>\n<td>\n<p style=\"text-align: left;\">\"Es gibt viele Arten von Pranayama. Sri Shankara Bhagavadpada spricht von tausend und erkl\u00e4rt deren Methoden, w\u00e4hrend Swatmarama (Svatmarama der Author der Hathayogapradipika) nur 8 nennt.\" \"Von diesen sind nur 4 Pranayamas passend f\u00fcr uns. Manche Pranayamas sind n\u00fctzlich um Krankheiten zu heilen, andere zur Reinigung und andere wiederrum um den Geist einzusperren. Alle sind wichtig, allerdings ben\u00f6tigt deren \u00dcbung einen vorhergehenden Schritt, n\u00e4mlich Asana.\" \"Unter den Hathas mag es 1000 verschiedene Kumbhas geben. Nur das reine Kumbha ist hoch angesehen. (Pujya Shankara Bhagavadpada, Yoga Taravalli 10)\" (\u00dcbersetzt aus dem Englischen Quelle: Yoga Mala, Patthabi Jois)<\/p>\n<\/td>\n<\/tr>\n<\/tbody>\n<\/table>\n<h5><\/h5>\n<\/div>\n<\/div><\/div><\/div><\/div><\/div><div id=\"pg-2770-1\"  class=\"panel-grid panel-has-style\" ><div class=\"siteorigin-panels-stretch panel-row-style panel-row-style-for-2770-1\" data-stretch-type=\"full\" ><div id=\"pgc-2770-1-0\"  class=\"panel-grid-cell\" ><div id=\"panel-2770-1-0-0\" class=\"so-panel widget widget_sow-image panel-first-child panel-last-child\" data-index=\"4\" ><div\n\t\t\t\n\t\t\tclass=\"so-widget-sow-image so-widget-sow-image-default-4e6925654b7a-2770\"\n\t\t\t\n\t\t>\n\n<div class=\"sow-image-container\">\n\t\t<img src=\"https:\/\/i0.wp.com\/mr-ananda.com\/wp-content\/uploads\/2023\/11\/Nadi-Shodhana-A-technical-illustration-for-the-text-about-Nadi-Shodhana-also-known-as-alternate-nostril-breathing-or-channel-cleaning-breath-a-Pranayama-technique-Yoga-Ueberlingen.jpg?fit=300%2C300&amp;ssl=1\" width=\"300\" height=\"300\" srcset=\"https:\/\/i0.wp.com\/mr-ananda.com\/wp-content\/uploads\/2023\/11\/Nadi-Shodhana-A-technical-illustration-for-the-text-about-Nadi-Shodhana-also-known-as-alternate-nostril-breathing-or-channel-cleaning-breath-a-Pranayama-technique-Yoga-Ueberlingen.jpg?w=1024&amp;ssl=1 1024w, https:\/\/i0.wp.com\/mr-ananda.com\/wp-content\/uploads\/2023\/11\/Nadi-Shodhana-A-technical-illustration-for-the-text-about-Nadi-Shodhana-also-known-as-alternate-nostril-breathing-or-channel-cleaning-breath-a-Pranayama-technique-Yoga-Ueberlingen.jpg?resize=300%2C300&amp;ssl=1 300w, https:\/\/i0.wp.com\/mr-ananda.com\/wp-content\/uploads\/2023\/11\/Nadi-Shodhana-A-technical-illustration-for-the-text-about-Nadi-Shodhana-also-known-as-alternate-nostril-breathing-or-channel-cleaning-breath-a-Pranayama-technique-Yoga-Ueberlingen.jpg?resize=150%2C150&amp;ssl=1 150w, https:\/\/i0.wp.com\/mr-ananda.com\/wp-content\/uploads\/2023\/11\/Nadi-Shodhana-A-technical-illustration-for-the-text-about-Nadi-Shodhana-also-known-as-alternate-nostril-breathing-or-channel-cleaning-breath-a-Pranayama-technique-Yoga-Ueberlingen.jpg?resize=768%2C768&amp;ssl=1 768w\" title=\"Nadi Shodhana A technical illustration for the text about Nadi Shodhana, also known as alternate nostril breathing or channel cleaning breath, a Pranayama technique Yoga U\u0308berlingen\" alt=\"Nadi Shodhana A technical illustration for the text about Nadi Shodhana, also known as alternate nostril breathing or channel cleaning breath, a Pranayama technique Yoga U\u0308berlingen\" loading=\"lazy\" \t\tclass=\"so-widget-image\"\/>\n\t<\/div>\n\n<\/div><\/div><\/div><div id=\"pgc-2770-1-1\"  class=\"panel-grid-cell\" ><div id=\"panel-2770-1-1-0\" class=\"so-panel widget widget_sow-editor panel-first-child\" data-index=\"5\" ><div\n\t\t\t\n\t\t\tclass=\"so-widget-sow-editor so-widget-sow-editor-base\"\n\t\t\t\n\t\t>\n<div class=\"siteorigin-widget-tinymce textwidget\">\n\t<h4>Nadi Shodana Pranayama<\/h4>\n<p>Reinigung der Energiekan\u00e4le<\/p>\n<h5><\/h5>\n<\/div>\n<\/div><\/div><div id=\"panel-2770-1-1-1\" class=\"so-panel widget widget_sow-button panel-last-child\" data-index=\"6\" ><div\n\t\t\t\n\t\t\tclass=\"so-widget-sow-button so-widget-sow-button-flat-dad7ac6561de-2770\"\n\t\t\t\n\t\t><div class=\"ow-button-base ow-button-align-left\">\n\t<a\n\thref=\"https:\/\/mr-ananda.com\/?page_id=2930\"\n\t\tclass=\"ow-icon-placement-left ow-button-hover\" \t>\n\t\t<span>\n\t\t\t\n\t\t\tMehr erfahren\t\t<\/span>\n\t<\/a>\n<\/div>\n<\/div><\/div><\/div><\/div><\/div><div id=\"pg-2770-2\"  class=\"panel-grid panel-has-style\" ><div class=\"siteorigin-panels-stretch panel-row-style panel-row-style-for-2770-2\" data-stretch-type=\"full\" ><div id=\"pgc-2770-2-0\"  class=\"panel-grid-cell\" ><div id=\"panel-2770-2-0-0\" class=\"so-panel widget widget_sow-editor panel-first-child\" data-index=\"7\" ><div\n\t\t\t\n\t\t\tclass=\"so-widget-sow-editor so-widget-sow-editor-base\"\n\t\t\t\n\t\t>\n<div class=\"siteorigin-widget-tinymce textwidget\">\n\t<h4>Surya Bhedana<\/h4>\n<\/div>\n<\/div><\/div><div id=\"panel-2770-2-0-1\" class=\"so-panel widget widget_sow-button panel-last-child\" data-index=\"8\" ><div\n\t\t\t\n\t\t\tclass=\"so-widget-sow-button so-widget-sow-button-flat-dad7ac6561de-2770\"\n\t\t\t\n\t\t><div class=\"ow-button-base ow-button-align-left\">\n\t<a\n\thref=\"https:\/\/mr-ananda.com\/?page_id=3263\"\n\t\tclass=\"ow-icon-placement-left ow-button-hover\" \t>\n\t\t<span>\n\t\t\t\n\t\t\tMehr erfahren\t\t<\/span>\n\t<\/a>\n<\/div>\n<\/div><\/div><\/div><div id=\"pgc-2770-2-1\"  class=\"panel-grid-cell\" ><div id=\"panel-2770-2-1-0\" class=\"so-panel widget widget_sow-image panel-first-child panel-last-child\" data-index=\"9\" ><div\n\t\t\t\n\t\t\tclass=\"so-widget-sow-image so-widget-sow-image-default-4e6925654b7a-2770\"\n\t\t\t\n\t\t>\n\n<div class=\"sow-image-container\">\n\t\t<img src=\"https:\/\/i0.wp.com\/mr-ananda.com\/wp-content\/uploads\/2023\/12\/Surya-Bhedana-technical-drawing-blueprint-old-parchment-style.jpg?fit=300%2C300&amp;ssl=1\" width=\"300\" height=\"300\" srcset=\"https:\/\/i0.wp.com\/mr-ananda.com\/wp-content\/uploads\/2023\/12\/Surya-Bhedana-technical-drawing-blueprint-old-parchment-style.jpg?w=1024&amp;ssl=1 1024w, https:\/\/i0.wp.com\/mr-ananda.com\/wp-content\/uploads\/2023\/12\/Surya-Bhedana-technical-drawing-blueprint-old-parchment-style.jpg?resize=300%2C300&amp;ssl=1 300w, https:\/\/i0.wp.com\/mr-ananda.com\/wp-content\/uploads\/2023\/12\/Surya-Bhedana-technical-drawing-blueprint-old-parchment-style.jpg?resize=150%2C150&amp;ssl=1 150w, https:\/\/i0.wp.com\/mr-ananda.com\/wp-content\/uploads\/2023\/12\/Surya-Bhedana-technical-drawing-blueprint-old-parchment-style.jpg?resize=768%2C768&amp;ssl=1 768w\" title=\"Pranayama Surya Bhedana Yoga \u00dcberlingen am Bodensee\" alt=\"Pranayama Surya Bhedana Yoga \u00dcberlingen am Bodensee\" loading=\"lazy\" \t\tclass=\"so-widget-image\"\/>\n\t<\/div>\n\n<\/div><\/div><\/div><\/div><\/div><\/div>","protected":false},"excerpt":{"rendered":"<p>Wichtiger Hinweis: Die folgenden Texte lagen mir englischer Sprache vor und wurden \u00fcbersetzt. Es ist deshalb nicht auszuschliessen das die durch mich erfolgten jeweiligen Interpretationen Sinngem\u00e4\u00df nicht korrekt wiedergegeben wurden. Die beschrieben Techniken dieses Artikels wurden mit eigenen Worten beschrieben und sind darum nicht 1:1 gleich mit dem jeweiligen Quelltext, sondern in der Regel nur<\/p>\n<div><a class=\"btn-filled btn\" href=\"https:\/\/mr-ananda.com\/?page_id=2770\" title=\"Pranayama\">Weiterlesen<\/a><\/div>\n","protected":false},"author":1,"featured_media":0,"parent":0,"menu_order":0,"comment_status":"closed","ping_status":"closed","template":"","meta":{"footnotes":""},"yoast_head":"<!-- This site is optimized with the Yoast SEO Premium plugin v21.7 (Yoast SEO v21.7) - https:\/\/yoast.com\/wordpress\/plugins\/seo\/ -->\n<title>Pranayama - Mr. Ananda - Yoga Retreats und Yoga Kurse \u00dcberlingen<\/title>\n<meta name=\"description\" content=\"Yoga \u00dcberlingen Asana Sequenzen und Module. Die passende \u00dcbungssequenz f\u00fcr Deine Yoga Praxis\" \/>\n<meta name=\"robots\" content=\"index, follow, max-snippet:-1, max-image-preview:large, max-video-preview:-1\" \/>\n<link rel=\"canonical\" href=\"https:\/\/mr-ananda.com\/?page_id=2770\" \/>\n<meta property=\"og:locale\" content=\"de_DE\" \/>\n<meta property=\"og:type\" content=\"article\" \/>\n<meta property=\"og:title\" content=\"Pranayama\" \/>\n<meta property=\"og:description\" content=\"Yoga \u00dcberlingen Asana Sequenzen und Module. Die passende \u00dcbungssequenz f\u00fcr Deine Yoga Praxis\" \/>\n<meta property=\"og:url\" content=\"https:\/\/mr-ananda.com\/?page_id=2770\" \/>\n<meta property=\"og:site_name\" content=\"Mr. Ananda - Yoga Retreats und Yoga Kurse \u00dcberlingen\" \/>\n<meta property=\"article:publisher\" content=\"https:\/\/www.facebook.com\/MisterAnanda\/\" \/>\n<meta property=\"article:modified_time\" content=\"2023-12-18T14:03:00+00:00\" \/>\n<meta name=\"twitter:card\" content=\"summary_large_image\" \/>\n<meta name=\"twitter:label1\" content=\"Gesch\u00e4tzte Lesezeit\" \/>\n\t<meta name=\"twitter:data1\" content=\"3\u00a0Minuten\" \/>\n<script type=\"application\/ld+json\" class=\"yoast-schema-graph\">{\"@context\":\"https:\/\/schema.org\",\"@graph\":[{\"@type\":\"WebPage\",\"@id\":\"https:\/\/mr-ananda.com\/?page_id=2770\",\"url\":\"https:\/\/mr-ananda.com\/?page_id=2770\",\"name\":\"Pranayama - Mr. Ananda - Yoga Retreats und Yoga Kurse \u00dcberlingen\",\"isPartOf\":{\"@id\":\"http:\/\/mr-ananda.com\/#website\"},\"datePublished\":\"2023-11-20T08:04:28+00:00\",\"dateModified\":\"2023-12-18T14:03:00+00:00\",\"description\":\"Yoga \u00dcberlingen Asana Sequenzen und Module. Die passende \u00dcbungssequenz f\u00fcr Deine Yoga Praxis\",\"breadcrumb\":{\"@id\":\"https:\/\/mr-ananda.com\/?page_id=2770#breadcrumb\"},\"inLanguage\":\"de\",\"potentialAction\":[{\"@type\":\"ReadAction\",\"target\":[\"https:\/\/mr-ananda.com\/?page_id=2770\"]}]},{\"@type\":\"BreadcrumbList\",\"@id\":\"https:\/\/mr-ananda.com\/?page_id=2770#breadcrumb\",\"itemListElement\":[{\"@type\":\"ListItem\",\"position\":1,\"name\":\"Startseite\",\"item\":\"http:\/\/mr-ananda.com\/\"},{\"@type\":\"ListItem\",\"position\":2,\"name\":\"Pranayama\"}]},{\"@type\":\"WebSite\",\"@id\":\"http:\/\/mr-ananda.com\/#website\",\"url\":\"http:\/\/mr-ananda.com\/\",\"name\":\"Mr. Ananda - Yoga Retreats und Yoga Kurs in \u00dcberlingen\",\"description\":\"Yoga Authentisch Dynamisch\",\"publisher\":{\"@id\":\"http:\/\/mr-ananda.com\/#organization\"},\"potentialAction\":[{\"@type\":\"SearchAction\",\"target\":{\"@type\":\"EntryPoint\",\"urlTemplate\":\"http:\/\/mr-ananda.com\/?s={search_term_string}\"},\"query-input\":\"required name=search_term_string\"}],\"inLanguage\":\"de\"},{\"@type\":\"Organization\",\"@id\":\"http:\/\/mr-ananda.com\/#organization\",\"name\":\"Mr. Ananda\",\"url\":\"http:\/\/mr-ananda.com\/\",\"logo\":{\"@type\":\"ImageObject\",\"inLanguage\":\"de\",\"@id\":\"http:\/\/mr-ananda.com\/#\/schema\/logo\/image\/\",\"url\":\"https:\/\/i0.wp.com\/mr-ananda.com\/wp-content\/uploads\/2017\/11\/mister_rgb_700x700px.png?fit=700%2C700&ssl=1\",\"contentUrl\":\"https:\/\/i0.wp.com\/mr-ananda.com\/wp-content\/uploads\/2017\/11\/mister_rgb_700x700px.png?fit=700%2C700&ssl=1\",\"width\":700,\"height\":700,\"caption\":\"Mr. Ananda\"},\"image\":{\"@id\":\"http:\/\/mr-ananda.com\/#\/schema\/logo\/image\/\"},\"sameAs\":[\"https:\/\/www.facebook.com\/MisterAnanda\/\",\"https:\/\/www.instagram.com\/mrx123om\/\"]}]}<\/script>\n<!-- \/ Yoast SEO Premium plugin. -->","yoast_head_json":{"title":"Pranayama - Mr. Ananda - Yoga Retreats und Yoga Kurse \u00dcberlingen","description":"Yoga \u00dcberlingen Asana Sequenzen und Module. Die passende \u00dcbungssequenz f\u00fcr Deine Yoga Praxis","robots":{"index":"index","follow":"follow","max-snippet":"max-snippet:-1","max-image-preview":"max-image-preview:large","max-video-preview":"max-video-preview:-1"},"canonical":"https:\/\/mr-ananda.com\/?page_id=2770","og_locale":"de_DE","og_type":"article","og_title":"Pranayama","og_description":"Yoga \u00dcberlingen Asana Sequenzen und Module. Die passende \u00dcbungssequenz f\u00fcr Deine Yoga Praxis","og_url":"https:\/\/mr-ananda.com\/?page_id=2770","og_site_name":"Mr. Ananda - Yoga Retreats und Yoga Kurse \u00dcberlingen","article_publisher":"https:\/\/www.facebook.com\/MisterAnanda\/","article_modified_time":"2023-12-18T14:03:00+00:00","twitter_card":"summary_large_image","twitter_misc":{"Gesch\u00e4tzte Lesezeit":"3\u00a0Minuten"},"schema":{"@context":"https:\/\/schema.org","@graph":[{"@type":"WebPage","@id":"https:\/\/mr-ananda.com\/?page_id=2770","url":"https:\/\/mr-ananda.com\/?page_id=2770","name":"Pranayama - Mr. Ananda - Yoga Retreats und Yoga Kurse \u00dcberlingen","isPartOf":{"@id":"http:\/\/mr-ananda.com\/#website"},"datePublished":"2023-11-20T08:04:28+00:00","dateModified":"2023-12-18T14:03:00+00:00","description":"Yoga \u00dcberlingen Asana Sequenzen und Module. Die passende \u00dcbungssequenz f\u00fcr Deine Yoga Praxis","breadcrumb":{"@id":"https:\/\/mr-ananda.com\/?page_id=2770#breadcrumb"},"inLanguage":"de","potentialAction":[{"@type":"ReadAction","target":["https:\/\/mr-ananda.com\/?page_id=2770"]}]},{"@type":"BreadcrumbList","@id":"https:\/\/mr-ananda.com\/?page_id=2770#breadcrumb","itemListElement":[{"@type":"ListItem","position":1,"name":"Startseite","item":"http:\/\/mr-ananda.com\/"},{"@type":"ListItem","position":2,"name":"Pranayama"}]},{"@type":"WebSite","@id":"http:\/\/mr-ananda.com\/#website","url":"http:\/\/mr-ananda.com\/","name":"Mr. Ananda - Yoga Retreats und Yoga Kurs in \u00dcberlingen","description":"Yoga Authentisch Dynamisch","publisher":{"@id":"http:\/\/mr-ananda.com\/#organization"},"potentialAction":[{"@type":"SearchAction","target":{"@type":"EntryPoint","urlTemplate":"http:\/\/mr-ananda.com\/?s={search_term_string}"},"query-input":"required name=search_term_string"}],"inLanguage":"de"},{"@type":"Organization","@id":"http:\/\/mr-ananda.com\/#organization","name":"Mr. Ananda","url":"http:\/\/mr-ananda.com\/","logo":{"@type":"ImageObject","inLanguage":"de","@id":"http:\/\/mr-ananda.com\/#\/schema\/logo\/image\/","url":"https:\/\/i0.wp.com\/mr-ananda.com\/wp-content\/uploads\/2017\/11\/mister_rgb_700x700px.png?fit=700%2C700&ssl=1","contentUrl":"https:\/\/i0.wp.com\/mr-ananda.com\/wp-content\/uploads\/2017\/11\/mister_rgb_700x700px.png?fit=700%2C700&ssl=1","width":700,"height":700,"caption":"Mr. Ananda"},"image":{"@id":"http:\/\/mr-ananda.com\/#\/schema\/logo\/image\/"},"sameAs":["https:\/\/www.facebook.com\/MisterAnanda\/","https:\/\/www.instagram.com\/mrx123om\/"]}]}},"jetpack_sharing_enabled":true,"jetpack_shortlink":"https:\/\/wp.me\/P9n7z7-IG","jetpack_likes_enabled":true,"jetpack-related-posts":[{"id":2776,"url":"https:\/\/mr-ananda.com\/?page_id=2776","url_meta":{"origin":2770,"position":0},"title":"Yoga Shastra","author":"mrananda","date":"18. November 2023","format":false,"excerpt":"Mantra Pranayama Asana Yoga Samhita Eine Sammlung Yogischer Schriften","rel":"","context":"\u00c4hnlicher Beitrag","block_context":{"text":"\u00c4hnlicher Beitrag","link":""},"img":{"alt_text":"","src":"","width":0,"height":0},"classes":[]},{"id":5615,"url":"https:\/\/mr-ananda.com\/?page_id=5615","url_meta":{"origin":2770,"position":1},"title":"Yoga Retreat &#038; Workshop Ekadasanga Yoga Intensiv Wochenende am Bodensee &#8211; Wasser verstehen \u00b7 richtig anwenden","author":"mrananda","date":"24. Dezember 2025","format":false,"excerpt":"Die heilsame Kraft des Wassers - Dein Yoga-Retreat am wundersch\u00f6nen Bodensee Intensiv Wochenende & Ekadasanga Yoga Workshop Regeneration | Aktivierung | Lebensenergie | \u00dcberlingen am Bodensee | 2 Termine f\u00fcr Einsteiger & Fortgeschrittene | Kosten\u00fcbernahme durch Krankenkassen 10 % Wiederbucher-Rabatt Du sparst 28,- Euro 10 % Rabatt f\u00fcr Mitglieder des\u2026","rel":"","context":"\u00c4hnlicher Beitrag","block_context":{"text":"\u00c4hnlicher Beitrag","link":""},"img":{"alt_text":"","src":"","width":0,"height":0},"classes":[]},{"id":2767,"url":"https:\/\/mr-ananda.com\/?page_id=2767","url_meta":{"origin":2770,"position":2},"title":"Mantra","author":"mrananda","date":"18. November 2023","format":false,"excerpt":"Gayatri Mantra (Savitri Mantra) \"Mutter der Veden\" Ma Maha Sarasvati Ein Gebet f\u00fcr Weisheit Pavamana Mantra (Asato Ma Sad Gamaya Mantra) \"Pranayama Prayer\" Saha N\u0101vavatu Mantra Ein Mantra f\u00fcr Lehrer und Sch\u00fcler Shiva Shadakshara Stotram \"Eine Hymne zur Lobpreisung Shiva's\" Shiva Tandava Stotram Ein Lobpreisung auf den Tanz Shivas Purnamadah\u2026","rel":"","context":"\u00c4hnlicher Beitrag","block_context":{"text":"\u00c4hnlicher Beitrag","link":""},"img":{"alt_text":"","src":"","width":0,"height":0},"classes":[]},{"id":2853,"url":"https:\/\/mr-ananda.com\/?page_id=2853","url_meta":{"origin":2770,"position":3},"title":"Sequenzen + Module","author":"mrananda","date":"20. November 2023","format":false,"excerpt":"Sonnengr\u00fc\u00dfe (Surya = Sonne, Namaskar = Gru\u00df) Sequenzen Komplette Beispiel \u00dcbungssequenzen f\u00fcr Deine Yoga Praxis Yoga Kurs Module Asana Gruppen f\u00fcr die eigene Individuelle Yoga Sequenz","rel":"","context":"\u00c4hnlicher Beitrag","block_context":{"text":"\u00c4hnlicher Beitrag","link":""},"img":{"alt_text":"","src":"","width":0,"height":0},"classes":[]},{"id":4277,"url":"https:\/\/mr-ananda.com\/?page_id=4277","url_meta":{"origin":2770,"position":4},"title":"Yoga Retreat auf Mallorca 2025","author":"mrananda","date":"1. November 2024","format":false,"excerpt":"Finde Deine innere Balance 4 Tage Yoga Urlaub auf Mallorca in einer exklusiven 4-Sterne Finca \u00dcber Allerheiligen 01.11. \u2013 04.11.2025 (4 Tage, 3 N\u00e4chte) Dieses Rahmenprogramm erwartet Dich: Im Rahmen des Yoga Retreats verbinden wir alte Yoga Schriften mit modernen Yoga Praktiken. Wir praktizieren Yoga \u00dcbungen im Rahmen des Ashtanga\u2026","rel":"","context":"\u00c4hnlicher Beitrag","block_context":{"text":"\u00c4hnlicher Beitrag","link":""},"img":{"alt_text":"","src":"","width":0,"height":0},"classes":[]},{"id":1779,"url":"https:\/\/mr-ananda.com\/?page_id=1779","url_meta":{"origin":2770,"position":5},"title":"Yoga Kurs &#038; Workshop Call for Yogis","author":"mrananda","date":"11. September 2023","format":false,"excerpt":"Ashtanga Wildstyle Yoga Kurs in \u00dcberlingen Call for Yogis:\u00a0 Neuer Yoga Kurs in \u00dcberlingen ab September 2025 Start: Immer Montags 16:05 - 17:20 Uhr Wo: Wir treffen uns f\u00fcr den Yoga Kurs in \u00dcberlingen: Yoga Shala Bodensee, Nu\u00dfdorfer Stra\u00dfe 38F, 88662 \u00dcberlingen Fit werden: Physisch, energetisch, emotional, mental Krankenkassen \u00fcbernehmen\u2026","rel":"","context":"\u00c4hnlicher Beitrag","block_context":{"text":"\u00c4hnlicher Beitrag","link":""},"img":{"alt_text":"","src":"","width":0,"height":0},"classes":[]}],"_links":{"self":[{"href":"https:\/\/mr-ananda.com\/index.php?rest_route=\/wp\/v2\/pages\/2770"}],"collection":[{"href":"https:\/\/mr-ananda.com\/index.php?rest_route=\/wp\/v2\/pages"}],"about":[{"href":"https:\/\/mr-ananda.com\/index.php?rest_route=\/wp\/v2\/types\/page"}],"author":[{"embeddable":true,"href":"https:\/\/mr-ananda.com\/index.php?rest_route=\/wp\/v2\/users\/1"}],"replies":[{"embeddable":true,"href":"https:\/\/mr-ananda.com\/index.php?rest_route=%2Fwp%2Fv2%2Fcomments&post=2770"}],"version-history":[{"count":28,"href":"https:\/\/mr-ananda.com\/index.php?rest_route=\/wp\/v2\/pages\/2770\/revisions"}],"predecessor-version":[{"id":3315,"href":"https:\/\/mr-ananda.com\/index.php?rest_route=\/wp\/v2\/pages\/2770\/revisions\/3315"}],"wp:attachment":[{"href":"https:\/\/mr-ananda.com\/index.php?rest_route=%2Fwp%2Fv2%2Fmedia&parent=2770"}],"curies":[{"name":"wp","href":"https:\/\/api.w.org\/{rel}","templated":true}]}}