{"id":2591,"date":"2023-11-08T21:58:52","date_gmt":"2023-11-08T20:58:52","guid":{"rendered":"https:\/\/mr-ananda.com\/?page_id=2591"},"modified":"2023-11-12T20:01:06","modified_gmt":"2023-11-12T19:01:06","slug":"the-magic-6-yoga-kurs-sequenz","status":"publish","type":"page","link":"https:\/\/mr-ananda.com\/?page_id=2591","title":{"rendered":"Sequenz The Magic 6 Yoga Kurs Sequenz"},"content":{"rendered":"<div id=\"pl-2591\"  class=\"panel-layout\" ><div id=\"pg-2591-0\"  class=\"panel-grid panel-has-style\" ><div class=\"panel-row-style panel-row-style-for-2591-0\" ><div id=\"pgc-2591-0-0\"  class=\"panel-grid-cell\" ><div id=\"panel-2591-0-0-0\" class=\"so-panel widget widget_sow-headline panel-first-child\" data-index=\"0\" ><div\n\t\t\t\n\t\t\tclass=\"so-widget-sow-headline so-widget-sow-headline-default-264cffe06c83-2591\"\n\t\t\t\n\t\t><div class=\"sow-headline-container \">\n\t<h1 class='sow-headline'>The Magic 6 Yoga Kurs Sequenz<\/h1><h6 class='sow-sub-headline'>\"Yoga is the journey of the self, through the self, to the self.\" - The Bhagavad Gita<\/h6><\/div>\n<\/div><\/div><div id=\"panel-2591-0-0-1\" class=\"so-panel widget widget_sow-headline panel-last-child\" data-index=\"1\" ><div\n\t\t\t\n\t\t\tclass=\"so-widget-sow-headline so-widget-sow-headline-default-920172f8ea85-2591\"\n\t\t\t\n\t\t><div class=\"sow-headline-container \">\n\t<p class='sow-headline'>Hinweis: Die auf dieser Webseite bereitgestellten Asana-Sequenzen und Yoga Kurs Module, hier The Magic 6 Yoga Kurs Sequenz, dienen ausschlie\u00dflich Bildungszwecken, insbesondere als begleitende Information zu den auf dieser Webseite angebotenen Yogakursen und Retreats, und sollten nicht als Ersatz f\u00fcr professionelle Anleitung oder medizinischen Rat betrachtet werden. Obwohl Yoga viele gesundheitliche Vorteile haben kann, ist es wichtig, die \u00dcbungen sorgf\u00e4ltig und sicher auszuf\u00fchren. Besonders wichtig ist es eine Asana bei Bedarf den k\u00f6rperlichen Bed\u00fcrfnissen des \u00dcbenden individuell anzupassen. Dies gilt ausdr\u00fccklich nicht nur f\u00fcr fortgeschrittene Asanas, Sequenzen und Module sondern ebenfalls f\u00fcr eine vereinfachte Basis Form bzw. Variante.  Wenn Sie neu im Yoga sind, gesundheitliche Einschr\u00e4nkungen haben oder spezifische Bedenken hinsichtlich Ihrer Gesundheit haben, konsultieren Sie bitte einen Arzt oder einen qualifizierten Yogalehrer, bevor Sie mit einem Yoga-Programm beginnen.  Wir empfehlen dringend, die hier pr\u00e4sentierten Sequenzen unter der Aufsicht eines kompetenten und zertifizierten Yogalehrers zu praktizieren, um eine sichere Ausf\u00fchrung zu gew\u00e4hrleisten. Mit dem Herunterladen oder der Nutzung dieser Asana-Sequenzen und Module erkennen Sie an, dass sie prim\u00e4r zu Bildungszwecken bzw. f\u00fcr Demonstrationszwecke als visueller Referenz dienen und dass Sie die volle Verantwortung f\u00fcr Ihre eigene Yoga Praxis \u00fcbernehmen.<\/p>\t\t\t\t\t<div class=\"decoration\">\n\t\t\t\t\t\t<div class=\"decoration-inside\"><\/div>\n\t\t\t\t\t<\/div>\n\t\t\t\t\t<\/div>\n<\/div><\/div><\/div><\/div><\/div><div id=\"pg-2591-1\"  class=\"panel-grid panel-has-style\" ><div class=\"siteorigin-panels-stretch panel-row-style panel-row-style-for-2591-1\" data-stretch-type=\"full\" ><div id=\"pgc-2591-1-0\"  class=\"panel-grid-cell\" ><div id=\"panel-2591-1-0-0\" class=\"so-panel widget widget_sow-editor panel-first-child panel-last-child\" data-index=\"2\" ><div\n\t\t\t\n\t\t\tclass=\"so-widget-sow-editor so-widget-sow-editor-base\"\n\t\t\t\n\t\t>\n<div class=\"siteorigin-widget-tinymce textwidget\">\n\t<h4>The Magic 6<\/h4>\n<h5>Dauer: 6 Minuten<\/h5>\n<h5>6 Asanas, je 10 Atemz\u00fcge<\/h5>\n<p><a href=\"https:\/\/jivamuktiyoga.com\/\" target=\"_blank\" rel=\"noopener\">von Sharon Gannon, David Life<\/a><\/p>\n<\/div>\n<\/div><\/div><\/div><\/div><\/div><div id=\"pg-2591-2\"  class=\"panel-grid panel-has-style\" ><div class=\"siteorigin-panels-stretch panel-row-style panel-row-style-for-2591-2\" data-stretch-type=\"full\" ><div id=\"pgc-2591-2-0\"  class=\"panel-grid-cell\" ><div id=\"panel-2591-2-0-0\" class=\"so-panel widget widget_sow-editor panel-first-child panel-last-child\" data-index=\"3\" ><div\n\t\t\t\n\t\t\tclass=\"so-widget-sow-editor so-widget-sow-editor-base\"\n\t\t\t\n\t\t>\n<div class=\"siteorigin-widget-tinymce textwidget\">\n\t<p style=\"text-align: center;\"><a href=\"https:\/\/i0.wp.com\/mr-ananda.com\/wp-content\/uploads\/2019\/01\/Magic6.png\" target=\"_blank\" rel=\"noopener\"><img data-attachment-id=\"1051\" data-permalink=\"https:\/\/mr-ananda.com\/?attachment_id=1051\" data-orig-file=\"https:\/\/i0.wp.com\/mr-ananda.com\/wp-content\/uploads\/2019\/01\/Magic6.png?fit=1452%2C1120&amp;ssl=1\" data-orig-size=\"1452,1120\" data-comments-opened=\"1\" data-image-meta=\"{&quot;aperture&quot;:&quot;0&quot;,&quot;credit&quot;:&quot;&quot;,&quot;camera&quot;:&quot;&quot;,&quot;caption&quot;:&quot;&quot;,&quot;created_timestamp&quot;:&quot;0&quot;,&quot;copyright&quot;:&quot;&quot;,&quot;focal_length&quot;:&quot;0&quot;,&quot;iso&quot;:&quot;0&quot;,&quot;shutter_speed&quot;:&quot;0&quot;,&quot;title&quot;:&quot;&quot;,&quot;orientation&quot;:&quot;0&quot;}\" data-image-title=\"The Magic 6 Yoga Kurs Sequenz \u00dcberlingen\" data-image-description=\"&lt;p&gt;The Magic 6 Yoga Kurs Sequenz \u00dcberlingen&lt;\/p&gt;\n\" data-image-caption=\"\" data-medium-file=\"https:\/\/i0.wp.com\/mr-ananda.com\/wp-content\/uploads\/2019\/01\/Magic6.png?fit=300%2C231&amp;ssl=1\" data-large-file=\"https:\/\/i0.wp.com\/mr-ananda.com\/wp-content\/uploads\/2019\/01\/Magic6.png?fit=1024%2C790&amp;ssl=1\" decoding=\"async\" loading=\"lazy\" class=\"alignnone  wp-image-1051\" src=\"https:\/\/i0.wp.com\/mr-ananda.com\/wp-content\/uploads\/2019\/01\/Magic6.png?resize=438%2C337\" alt=\"The Magic 6 Yoga Kurs Sequenz \u00dcberlingen\" width=\"438\" height=\"337\" srcset=\"https:\/\/i0.wp.com\/mr-ananda.com\/wp-content\/uploads\/2019\/01\/Magic6.png?resize=300%2C231&amp;ssl=1 300w, https:\/\/i0.wp.com\/mr-ananda.com\/wp-content\/uploads\/2019\/01\/Magic6.png?resize=768%2C592&amp;ssl=1 768w, https:\/\/i0.wp.com\/mr-ananda.com\/wp-content\/uploads\/2019\/01\/Magic6.png?resize=1024%2C790&amp;ssl=1 1024w, https:\/\/i0.wp.com\/mr-ananda.com\/wp-content\/uploads\/2019\/01\/Magic6.png?w=1452&amp;ssl=1 1452w\" sizes=\"(max-width: 438px) 100vw, 438px\" data-recalc-dims=\"1\" \/><\/a><\/p>\n<p><a href=\"http:\/\/mr-ananda.com\/wp-content\/uploads\/2023\/09\/Magic-6.pdf\" target=\"_blank\" rel=\"noopener\">Download als PDF<\/a><\/p>\n<p>(images copyright @https:\/\/www.tummee.com)<\/p>\n<\/div>\n<\/div><\/div><\/div><\/div><\/div><div id=\"pg-2591-3\"  class=\"panel-grid panel-has-style\" ><div class=\"siteorigin-panels-stretch panel-row-style panel-row-style-for-2591-3\" data-stretch-type=\"full\" ><div id=\"pgc-2591-3-0\"  class=\"panel-grid-cell\" ><div id=\"panel-2591-3-0-0\" class=\"so-panel widget widget_sow-image panel-first-child panel-last-child\" data-index=\"4\" ><div\n\t\t\t\n\t\t\tclass=\"so-widget-sow-image so-widget-sow-image-default-c67d20f9f743-2591\"\n\t\t\t\n\t\t>\n\n<div class=\"sow-image-container\">\n\t\t<img src=\"https:\/\/i0.wp.com\/mr-ananda.com\/wp-content\/uploads\/2023\/11\/Chakra-Stats-Magic-6.jpg?fit=900%2C327&amp;ssl=1\" width=\"900\" height=\"327\" srcset=\"https:\/\/i0.wp.com\/mr-ananda.com\/wp-content\/uploads\/2023\/11\/Chakra-Stats-Magic-6.jpg?w=900&amp;ssl=1 900w, https:\/\/i0.wp.com\/mr-ananda.com\/wp-content\/uploads\/2023\/11\/Chakra-Stats-Magic-6.jpg?resize=300%2C109&amp;ssl=1 300w, https:\/\/i0.wp.com\/mr-ananda.com\/wp-content\/uploads\/2023\/11\/Chakra-Stats-Magic-6.jpg?resize=768%2C279&amp;ssl=1 768w\" title=\"Yoga Kurs Sequenz Chakra Stats Magic 6 Yoga \u00dcberlingen\" alt=\"Yoga Kurs Sequenz Chakra Stats Magic 6 Yoga \u00dcberlingen\" loading=\"lazy\" \t\tclass=\"so-widget-image\"\/>\n\t<\/div>\n\n<\/div><\/div><\/div><\/div><\/div><div id=\"pg-2591-4\"  class=\"panel-grid panel-has-style\" ><div class=\"siteorigin-panels-stretch panel-row-style panel-row-style-for-2591-4\" data-stretch-type=\"full\" ><div id=\"pgc-2591-4-0\"  class=\"panel-grid-cell\" ><div id=\"panel-2591-4-0-0\" class=\"so-panel widget widget_sow-image panel-first-child panel-last-child\" data-index=\"5\" ><div\n\t\t\t\n\t\t\tclass=\"so-widget-sow-image so-widget-sow-image-default-c67d20f9f743-2591\"\n\t\t\t\n\t\t>\n\n<div class=\"sow-image-container\">\n\t\t<img src=\"https:\/\/i0.wp.com\/mr-ananda.com\/wp-content\/uploads\/2023\/11\/Body-Stats-Magic-6.jpg?fit=900%2C852&amp;ssl=1\" width=\"900\" height=\"852\" srcset=\"https:\/\/i0.wp.com\/mr-ananda.com\/wp-content\/uploads\/2023\/11\/Body-Stats-Magic-6.jpg?w=900&amp;ssl=1 900w, https:\/\/i0.wp.com\/mr-ananda.com\/wp-content\/uploads\/2023\/11\/Body-Stats-Magic-6.jpg?resize=300%2C284&amp;ssl=1 300w, https:\/\/i0.wp.com\/mr-ananda.com\/wp-content\/uploads\/2023\/11\/Body-Stats-Magic-6.jpg?resize=768%2C727&amp;ssl=1 768w\" title=\"Yoga Kurs Sequenz Body Stats Magic 6 Yoga \u00dcberlingen\" alt=\"Yoga Kurs Sequenz Body Stats Magic 6 Yoga \u00dcberlingen\" loading=\"lazy\" \t\tclass=\"so-widget-image\"\/>\n\t<\/div>\n\n<\/div><\/div><\/div><\/div><\/div><div id=\"pg-2591-5\"  class=\"panel-grid panel-no-style\" ><div id=\"pgc-2591-5-0\"  class=\"panel-grid-cell\" ><div id=\"panel-2591-5-0-0\" class=\"so-panel widget widget_sow-hero panel-first-child panel-last-child\" data-index=\"6\" ><div\n\t\t\t\n\t\t\tclass=\"so-widget-sow-hero so-widget-sow-hero-default-93415d0e2dbf-2591 so-widget-fittext-wrapper\"\n\t\t\t data-fit-text-compressor=\"0.85\"\n\t\t>\t\t\t\t<div class=\"sow-slider-base\" style=\"display: none\" tabindex=\"0\">\n\t\t\t\t\t<ul\n\t\t\t\t\tclass=\"sow-slider-images\"\n\t\t\t\t\tdata-settings=\"{&quot;pagination&quot;:true,&quot;speed&quot;:800,&quot;timeout&quot;:8000,&quot;paused&quot;:false,&quot;pause_on_hover&quot;:false,&quot;swipe&quot;:true,&quot;nav_always_show_desktop&quot;:&quot;&quot;,&quot;nav_always_show_mobile&quot;:&quot;&quot;,&quot;breakpoint&quot;:&quot;780px&quot;,&quot;unmute&quot;:false,&quot;anchor&quot;:null}\"\n\t\t\t\t\t\t\t\t\t\tdata-anchor-id=\"\"\n\t\t\t\t>\t\t<li class=\"sow-slider-image  sow-slider-image-cover\" style=\"visibility: visible;;background-color: #333333;background-image: url(https:\/\/i0.wp.com\/mr-ananda.com\/wp-content\/uploads\/2023\/09\/image0-10.jpeg?fit=2016%2C1512&#038;ssl=1);cursor: pointer;\" data-url=\"{&quot;url&quot;:&quot;https:\\\/\\\/mr-ananda.com\\\/?page_id=1779&quot;,&quot;new_window&quot;:false}\" >\n\t\t\t\t\t<div class=\"sow-slider-image-container\">\n\t\t\t<div class=\"sow-slider-image-wrapper\">\n\t\t\t\t<h3>Yoga Kurs \u00dcberlingen<\/h3>\n<p>Sie m\u00f6chten lernen wie diese Yoga Sequenz ge\u00fcbt wird? Besuchen Sie einen Yoga Kurs in \u00dcberlingen am Bodensee<\/p>\n<p>&nbsp;<\/p>\n\t\t\t<\/div>\n\t\t<\/div>\n\t\t\t\t<\/li>\n\t\t<\/ul>\t\t\t\t<ol class=\"sow-slider-pagination\">\n\t\t\t\t\t\t\t\t\t\t\t<li><a href=\"#\" data-goto=\"0\" aria-label=\"display slide 1\"><\/a><\/li>\n\t\t\t\t\t\t\t\t\t<\/ol>\n\n\t\t\t\t<div class=\"sow-slide-nav sow-slide-nav-next\">\n\t\t\t\t\t<a href=\"#\" data-goto=\"next\" aria-label=\"next slide\" data-action=\"next\">\n\t\t\t\t\t\t<em class=\"sow-sld-icon-thin-right\"><\/em>\n\t\t\t\t\t<\/a>\n\t\t\t\t<\/div>\n\n\t\t\t\t<div class=\"sow-slide-nav sow-slide-nav-prev\">\n\t\t\t\t\t<a href=\"#\" data-goto=\"previous\" aria-label=\"previous slide\" data-action=\"prev\">\n\t\t\t\t\t\t<em class=\"sow-sld-icon-thin-left\"><\/em>\n\t\t\t\t\t<\/a>\n\t\t\t\t<\/div>\n\t\t\t\t<\/div><\/div><\/div><\/div><\/div><\/div>","protected":false},"excerpt":{"rendered":"<p>The Magic 6 Dauer: 6 Minuten 6 Asanas, je 10 Atemz\u00fcge von Sharon Gannon, David Life<\/p>\n","protected":false},"author":1,"featured_media":0,"parent":0,"menu_order":0,"comment_status":"closed","ping_status":"closed","template":"","meta":{"footnotes":""},"yoast_head":"<!-- This site is optimized with the Yoast SEO Premium plugin v21.7 (Yoast SEO v21.7) - https:\/\/yoast.com\/wordpress\/plugins\/seo\/ -->\n<title>Sequenz The Magic 6 Yoga Kurs Sequenz - Mr. Ananda - Yoga Retreats und Yoga Kurse \u00dcberlingen<\/title>\n<meta name=\"description\" content=\"The Magic 6 Yoga Kurs Sequenz. Die passende \u00dcbungssequenz. Erfahre mehr \u00fcber Yoga Kurs Module und Yoga Kurse in \u00dcberlingen.\" \/>\n<meta name=\"robots\" content=\"index, follow, max-snippet:-1, max-image-preview:large, max-video-preview:-1\" \/>\n<link rel=\"canonical\" href=\"https:\/\/mr-ananda.com\/?page_id=2591\" \/>\n<meta property=\"og:locale\" content=\"de_DE\" \/>\n<meta property=\"og:type\" content=\"article\" \/>\n<meta property=\"og:title\" content=\"Sequenz The Magic 6 Yoga Kurs Sequenz\" \/>\n<meta property=\"og:description\" content=\"The Magic 6 Yoga Kurs Sequenz. Die passende \u00dcbungssequenz. Erfahre mehr \u00fcber Yoga Kurs Module und Yoga Kurse in \u00dcberlingen.\" \/>\n<meta property=\"og:url\" content=\"https:\/\/mr-ananda.com\/?page_id=2591\" \/>\n<meta property=\"og:site_name\" content=\"Mr. Ananda - Yoga Retreats und Yoga Kurse \u00dcberlingen\" \/>\n<meta property=\"article:publisher\" content=\"https:\/\/www.facebook.com\/MisterAnanda\/\" \/>\n<meta property=\"article:modified_time\" content=\"2023-11-12T19:01:06+00:00\" \/>\n<meta property=\"og:image\" content=\"http:\/\/mr-ananda.com\/wp-content\/uploads\/2019\/01\/Magic6-300x231.png\" \/>\n<meta name=\"twitter:card\" content=\"summary_large_image\" \/>\n<meta name=\"twitter:label1\" content=\"Gesch\u00e4tzte Lesezeit\" \/>\n\t<meta name=\"twitter:data1\" content=\"1\u00a0Minute\" \/>\n<script type=\"application\/ld+json\" class=\"yoast-schema-graph\">{\"@context\":\"https:\/\/schema.org\",\"@graph\":[{\"@type\":\"WebPage\",\"@id\":\"https:\/\/mr-ananda.com\/?page_id=2591\",\"url\":\"https:\/\/mr-ananda.com\/?page_id=2591\",\"name\":\"Sequenz The Magic 6 Yoga Kurs Sequenz - Mr. Ananda - Yoga Retreats und Yoga Kurse \u00dcberlingen\",\"isPartOf\":{\"@id\":\"http:\/\/mr-ananda.com\/#website\"},\"datePublished\":\"2023-11-08T20:58:52+00:00\",\"dateModified\":\"2023-11-12T19:01:06+00:00\",\"description\":\"The Magic 6 Yoga Kurs Sequenz. Die passende \u00dcbungssequenz. Erfahre mehr \u00fcber Yoga Kurs Module und Yoga Kurse in \u00dcberlingen.\",\"breadcrumb\":{\"@id\":\"https:\/\/mr-ananda.com\/?page_id=2591#breadcrumb\"},\"inLanguage\":\"de\",\"potentialAction\":[{\"@type\":\"ReadAction\",\"target\":[\"https:\/\/mr-ananda.com\/?page_id=2591\"]}]},{\"@type\":\"BreadcrumbList\",\"@id\":\"https:\/\/mr-ananda.com\/?page_id=2591#breadcrumb\",\"itemListElement\":[{\"@type\":\"ListItem\",\"position\":1,\"name\":\"Startseite\",\"item\":\"https:\/\/mr-ananda.com\/\"},{\"@type\":\"ListItem\",\"position\":2,\"name\":\"Sequenz The Magic 6 Yoga Kurs Sequenz\"}]},{\"@type\":\"WebSite\",\"@id\":\"http:\/\/mr-ananda.com\/#website\",\"url\":\"http:\/\/mr-ananda.com\/\",\"name\":\"Mr. Ananda - Yoga Retreats und Yoga Kurs in \u00dcberlingen\",\"description\":\"Yoga Authentisch Dynamisch\",\"publisher\":{\"@id\":\"http:\/\/mr-ananda.com\/#organization\"},\"potentialAction\":[{\"@type\":\"SearchAction\",\"target\":{\"@type\":\"EntryPoint\",\"urlTemplate\":\"http:\/\/mr-ananda.com\/?s={search_term_string}\"},\"query-input\":\"required name=search_term_string\"}],\"inLanguage\":\"de\"},{\"@type\":\"Organization\",\"@id\":\"http:\/\/mr-ananda.com\/#organization\",\"name\":\"Mr. Ananda\",\"url\":\"http:\/\/mr-ananda.com\/\",\"logo\":{\"@type\":\"ImageObject\",\"inLanguage\":\"de\",\"@id\":\"http:\/\/mr-ananda.com\/#\/schema\/logo\/image\/\",\"url\":\"https:\/\/i0.wp.com\/mr-ananda.com\/wp-content\/uploads\/2017\/11\/mister_rgb_700x700px.png?fit=700%2C700&ssl=1\",\"contentUrl\":\"https:\/\/i0.wp.com\/mr-ananda.com\/wp-content\/uploads\/2017\/11\/mister_rgb_700x700px.png?fit=700%2C700&ssl=1\",\"width\":700,\"height\":700,\"caption\":\"Mr. Ananda\"},\"image\":{\"@id\":\"http:\/\/mr-ananda.com\/#\/schema\/logo\/image\/\"},\"sameAs\":[\"https:\/\/www.facebook.com\/MisterAnanda\/\",\"https:\/\/www.instagram.com\/mrx123om\/\"]}]}<\/script>\n<!-- \/ Yoast SEO Premium plugin. -->","yoast_head_json":{"title":"Sequenz The Magic 6 Yoga Kurs Sequenz - Mr. Ananda - Yoga Retreats und Yoga Kurse \u00dcberlingen","description":"The Magic 6 Yoga Kurs Sequenz. Die passende \u00dcbungssequenz. Erfahre mehr \u00fcber Yoga Kurs Module und Yoga Kurse in \u00dcberlingen.","robots":{"index":"index","follow":"follow","max-snippet":"max-snippet:-1","max-image-preview":"max-image-preview:large","max-video-preview":"max-video-preview:-1"},"canonical":"https:\/\/mr-ananda.com\/?page_id=2591","og_locale":"de_DE","og_type":"article","og_title":"Sequenz The Magic 6 Yoga Kurs Sequenz","og_description":"The Magic 6 Yoga Kurs Sequenz. Die passende \u00dcbungssequenz. Erfahre mehr \u00fcber Yoga Kurs Module und Yoga Kurse in \u00dcberlingen.","og_url":"https:\/\/mr-ananda.com\/?page_id=2591","og_site_name":"Mr. Ananda - Yoga Retreats und Yoga Kurse \u00dcberlingen","article_publisher":"https:\/\/www.facebook.com\/MisterAnanda\/","article_modified_time":"2023-11-12T19:01:06+00:00","og_image":[{"url":"http:\/\/mr-ananda.com\/wp-content\/uploads\/2019\/01\/Magic6-300x231.png"}],"twitter_card":"summary_large_image","twitter_misc":{"Gesch\u00e4tzte Lesezeit":"1\u00a0Minute"},"schema":{"@context":"https:\/\/schema.org","@graph":[{"@type":"WebPage","@id":"https:\/\/mr-ananda.com\/?page_id=2591","url":"https:\/\/mr-ananda.com\/?page_id=2591","name":"Sequenz The Magic 6 Yoga Kurs Sequenz - Mr. Ananda - Yoga Retreats und Yoga Kurse \u00dcberlingen","isPartOf":{"@id":"http:\/\/mr-ananda.com\/#website"},"datePublished":"2023-11-08T20:58:52+00:00","dateModified":"2023-11-12T19:01:06+00:00","description":"The Magic 6 Yoga Kurs Sequenz. Die passende \u00dcbungssequenz. Erfahre mehr \u00fcber Yoga Kurs Module und Yoga Kurse in \u00dcberlingen.","breadcrumb":{"@id":"https:\/\/mr-ananda.com\/?page_id=2591#breadcrumb"},"inLanguage":"de","potentialAction":[{"@type":"ReadAction","target":["https:\/\/mr-ananda.com\/?page_id=2591"]}]},{"@type":"BreadcrumbList","@id":"https:\/\/mr-ananda.com\/?page_id=2591#breadcrumb","itemListElement":[{"@type":"ListItem","position":1,"name":"Startseite","item":"https:\/\/mr-ananda.com\/"},{"@type":"ListItem","position":2,"name":"Sequenz The Magic 6 Yoga Kurs Sequenz"}]},{"@type":"WebSite","@id":"http:\/\/mr-ananda.com\/#website","url":"http:\/\/mr-ananda.com\/","name":"Mr. Ananda - Yoga Retreats und Yoga Kurs in \u00dcberlingen","description":"Yoga Authentisch Dynamisch","publisher":{"@id":"http:\/\/mr-ananda.com\/#organization"},"potentialAction":[{"@type":"SearchAction","target":{"@type":"EntryPoint","urlTemplate":"http:\/\/mr-ananda.com\/?s={search_term_string}"},"query-input":"required name=search_term_string"}],"inLanguage":"de"},{"@type":"Organization","@id":"http:\/\/mr-ananda.com\/#organization","name":"Mr. Ananda","url":"http:\/\/mr-ananda.com\/","logo":{"@type":"ImageObject","inLanguage":"de","@id":"http:\/\/mr-ananda.com\/#\/schema\/logo\/image\/","url":"https:\/\/i0.wp.com\/mr-ananda.com\/wp-content\/uploads\/2017\/11\/mister_rgb_700x700px.png?fit=700%2C700&ssl=1","contentUrl":"https:\/\/i0.wp.com\/mr-ananda.com\/wp-content\/uploads\/2017\/11\/mister_rgb_700x700px.png?fit=700%2C700&ssl=1","width":700,"height":700,"caption":"Mr. Ananda"},"image":{"@id":"http:\/\/mr-ananda.com\/#\/schema\/logo\/image\/"},"sameAs":["https:\/\/www.facebook.com\/MisterAnanda\/","https:\/\/www.instagram.com\/mrx123om\/"]}]}},"jetpack_sharing_enabled":false,"jetpack_shortlink":"https:\/\/wp.me\/P9n7z7-FN","jetpack_likes_enabled":true,"jetpack-related-posts":[{"id":2375,"url":"https:\/\/mr-ananda.com\/?page_id=2375","url_meta":{"origin":2591,"position":0},"title":"Yoga Kurs Modul R\u00fcckbeugen Sequenz","author":"mrananda","date":"26. Oktober 2023","format":false,"excerpt":"Modul R\u00fcckbeugen Sequenz Dauer: 12 Minuten Download als PDF (images copyright @https:\/\/www.tummee.com)","rel":"","context":"\u00c4hnlicher Beitrag","block_context":{"text":"\u00c4hnlicher Beitrag","link":""},"img":{"alt_text":"Yoga Kurs Backbending Sequence","src":"https:\/\/i0.wp.com\/mr-ananda.com\/wp-content\/uploads\/2023\/09\/backbending_ashtangaYoga.jpg?resize=350%2C200","width":350,"height":200},"classes":[]},{"id":2314,"url":"https:\/\/mr-ananda.com\/?page_id=2314","url_meta":{"origin":2591,"position":1},"title":"Yoga Kurs Modul Abschluss Sequenz","author":"mrananda","date":"18. Oktober 2023","format":false,"excerpt":"Modul Abschluss Sequenz Dauer: 20 Minuten Download als PDF (images copyright @https:\/\/www.tummee.com)","rel":"","context":"\u00c4hnlicher Beitrag","block_context":{"text":"\u00c4hnlicher Beitrag","link":""},"img":{"alt_text":"","src":"https:\/\/i0.wp.com\/mr-ananda.com\/wp-content\/uploads\/2023\/09\/closing_sequence.jpg?resize=350%2C200","width":350,"height":200},"classes":[]},{"id":2853,"url":"https:\/\/mr-ananda.com\/?page_id=2853","url_meta":{"origin":2591,"position":2},"title":"Sequenzen + Module","author":"mrananda","date":"20. November 2023","format":false,"excerpt":"Sonnengr\u00fc\u00dfe (Surya = Sonne, Namaskar = Gru\u00df) Sequenzen Komplette Beispiel \u00dcbungssequenzen f\u00fcr Deine Yoga Praxis Yoga Kurs Module Asana Gruppen f\u00fcr die eigene Individuelle Yoga Sequenz","rel":"","context":"\u00c4hnlicher Beitrag","block_context":{"text":"\u00c4hnlicher Beitrag","link":""},"img":{"alt_text":"","src":"","width":0,"height":0},"classes":[]},{"id":2676,"url":"https:\/\/mr-ananda.com\/?page_id=2676","url_meta":{"origin":2591,"position":3},"title":"Sequenz The 60 min basic practice","author":"mrananda","date":"13. November 2023","format":false,"excerpt":"The 60 min basic practice (Asanas mit Variationen) Dauer: 60 minutes Download als PDF (images copyright @https:\/\/www.tummee.com)","rel":"","context":"\u00c4hnlicher Beitrag","block_context":{"text":"\u00c4hnlicher Beitrag","link":""},"img":{"alt_text":"Yoga Basic Kurs 60 Min Teil 1 Yoga \u00c3\u009cberlingen am Bodensee","src":"https:\/\/i0.wp.com\/mr-ananda.com\/wp-content\/uploads\/2023\/07\/Yoga-Basic-Kurs-60-Min-Teil-1-300x212.jpg?resize=350%2C200","width":350,"height":200,"srcset":"https:\/\/i0.wp.com\/mr-ananda.com\/wp-content\/uploads\/2023\/07\/Yoga-Basic-Kurs-60-Min-Teil-1-300x212.jpg?resize=350%2C200 1x, https:\/\/i0.wp.com\/mr-ananda.com\/wp-content\/uploads\/2023\/07\/Yoga-Basic-Kurs-60-Min-Teil-1-300x212.jpg?resize=525%2C300 1.5x"},"classes":[]},{"id":2333,"url":"https:\/\/mr-ananda.com\/?page_id=2333","url_meta":{"origin":2591,"position":4},"title":"Yoga Kurs Modul Abschluss Sequenz Traditional","author":"mrananda","date":"25. Oktober 2023","format":false,"excerpt":"Modul Abschluss Sequenz Traditional Dauer: 30 Minuten \u00a0 Download als PDF (images copyright @https:\/\/www.tummee.com)","rel":"","context":"\u00c4hnlicher Beitrag","block_context":{"text":"\u00c4hnlicher Beitrag","link":""},"img":{"alt_text":"","src":"https:\/\/i0.wp.com\/mr-ananda.com\/wp-content\/uploads\/2023\/10\/Closing-Modul-Traditional-1-232x300.jpg?resize=350%2C200","width":350,"height":200},"classes":[]},{"id":4302,"url":"https:\/\/mr-ananda.com\/?page_id=4302","url_meta":{"origin":2591,"position":5},"title":"Sequenz Root Module Yoga Praxis 40 Minuten mit Video","author":"mrananda","date":"23. November 2024","format":false,"excerpt":"Sequenz Root Module Yoga Praxis 40 Minuten mit Video Yoga Module dieser Praxis: 3x Ashtanga A Sonnengru\u00df, 2x Ashtanga B Sonnengru\u00df, Modul Fundamentale (stehende) Asanas, Baddha Konasana, Basis Twist Modul, Yoga Kurs Modul Abschluss Sequenz Dauer: 40 Minuten 3X \u00a0 2X \u00a0 Download als PDF (images copyright @https:\/\/www.tummee.com)","rel":"","context":"\u00c4hnlicher Beitrag","block_context":{"text":"\u00c4hnlicher Beitrag","link":""},"img":{"alt_text":"Ashtanga A Sonnengru\u00c3\u009f Sequenz Yoga \u00c3\u009cberlingen am Bodensee","src":"https:\/\/i0.wp.com\/mr-ananda.com\/wp-content\/uploads\/2019\/01\/Ashtanga_A-300x270.png?resize=350%2C200","width":350,"height":200,"srcset":"https:\/\/i0.wp.com\/mr-ananda.com\/wp-content\/uploads\/2019\/01\/Ashtanga_A-300x270.png?resize=350%2C200 1x, https:\/\/i0.wp.com\/mr-ananda.com\/wp-content\/uploads\/2019\/01\/Ashtanga_A-300x270.png?resize=525%2C300 1.5x"},"classes":[]}],"_links":{"self":[{"href":"https:\/\/mr-ananda.com\/index.php?rest_route=\/wp\/v2\/pages\/2591"}],"collection":[{"href":"https:\/\/mr-ananda.com\/index.php?rest_route=\/wp\/v2\/pages"}],"about":[{"href":"https:\/\/mr-ananda.com\/index.php?rest_route=\/wp\/v2\/types\/page"}],"author":[{"embeddable":true,"href":"https:\/\/mr-ananda.com\/index.php?rest_route=\/wp\/v2\/users\/1"}],"replies":[{"embeddable":true,"href":"https:\/\/mr-ananda.com\/index.php?rest_route=%2Fwp%2Fv2%2Fcomments&post=2591"}],"version-history":[{"count":10,"href":"https:\/\/mr-ananda.com\/index.php?rest_route=\/wp\/v2\/pages\/2591\/revisions"}],"predecessor-version":[{"id":2619,"href":"https:\/\/mr-ananda.com\/index.php?rest_route=\/wp\/v2\/pages\/2591\/revisions\/2619"}],"wp:attachment":[{"href":"https:\/\/mr-ananda.com\/index.php?rest_route=%2Fwp%2Fv2%2Fmedia&parent=2591"}],"curies":[{"name":"wp","href":"https:\/\/api.w.org\/{rel}","templated":true}]}}