{"id":2545,"date":"2023-10-30T21:06:03","date_gmt":"2023-10-30T20:06:03","guid":{"rendered":"https:\/\/mr-ananda.com\/?page_id=2545"},"modified":"2023-11-06T21:34:12","modified_gmt":"2023-11-06T20:34:12","slug":"yoga-kurs-modul-stehende-asanas-basis-erweiterung","status":"publish","type":"page","link":"https:\/\/mr-ananda.com\/?page_id=2545","title":{"rendered":"Yoga Kurs Modul stehende Asanas Basis Erweiterung"},"content":{"rendered":"<div id=\"pl-2545\"  class=\"panel-layout\" ><div id=\"pg-2545-0\"  class=\"panel-grid panel-has-style\" ><div class=\"panel-row-style panel-row-style-for-2545-0\" ><div id=\"pgc-2545-0-0\"  class=\"panel-grid-cell\" ><div id=\"panel-2545-0-0-0\" class=\"so-panel widget widget_sow-headline panel-first-child\" data-index=\"0\" ><div\n\t\t\t\n\t\t\tclass=\"so-widget-sow-headline so-widget-sow-headline-default-264cffe06c83-2545\"\n\t\t\t\n\t\t><div class=\"sow-headline-container \">\n\t<h1 class='sow-headline'>Yoga Kurs Modul stehende Asanas Basis Erweiterung<\/h1><h6 class='sow-sub-headline'>\"Yoga is the journey of the self, through the self, to the self.\" - The Bhagavad Gita<\/h6><\/div>\n<\/div><\/div><div id=\"panel-2545-0-0-1\" class=\"so-panel widget widget_sow-headline panel-last-child\" data-index=\"1\" ><div\n\t\t\t\n\t\t\tclass=\"so-widget-sow-headline so-widget-sow-headline-default-920172f8ea85-2545\"\n\t\t\t\n\t\t><div class=\"sow-headline-container \">\n\t<p class='sow-headline'>Hinweis: Die auf dieser Webseite bereitgestellten Asana-Sequenzen und Yoga Kurs Module, hier Yoga Kurs Modul stehende Asanas Basis Erweiterung, dienen ausschlie\u00dflich Bildungszwecken, insbesondere als begleitende Information zu den auf dieser Webseite angebotenen Yogakursen und Retreats, und sollten nicht als Ersatz f\u00fcr professionelle Anleitung oder medizinischen Rat betrachtet werden. Obwohl Yoga viele gesundheitliche Vorteile haben kann, ist es wichtig, die \u00dcbungen sorgf\u00e4ltig und sicher auszuf\u00fchren. Besonders wichtig ist es eine Asana bei Bedarf den k\u00f6rperlichen Bed\u00fcrfnissen des \u00dcbenden individuell anzupassen. Dies gilt ausdr\u00fccklich nicht nur f\u00fcr fortgeschrittene Asanas, Sequenzen und Module sondern ebenfalls f\u00fcr eine vereinfachte Basis Form bzw. Variante.  Wenn Sie neu im Yoga sind, gesundheitliche Einschr\u00e4nkungen haben oder spezifische Bedenken hinsichtlich Ihrer Gesundheit haben, konsultieren Sie bitte einen Arzt oder einen qualifizierten Yogalehrer, bevor Sie mit einem Yoga-Programm beginnen.  Wir empfehlen dringend, die hier pr\u00e4sentierten Sequenzen unter der Aufsicht eines kompetenten und zertifizierten Yogalehrers zu praktizieren, um eine sichere Ausf\u00fchrung zu gew\u00e4hrleisten. Mit dem Herunterladen oder der Nutzung dieser Asana-Sequenzen und Module erkennen Sie an, dass sie prim\u00e4r zu Bildungszwecken bzw. f\u00fcr Demonstrationszwecke als visueller Referenz dienen und dass Sie die volle Verantwortung f\u00fcr Ihre eigene Yoga Praxis \u00fcbernehmen.<\/p>\t\t\t\t\t<div class=\"decoration\">\n\t\t\t\t\t\t<div class=\"decoration-inside\"><\/div>\n\t\t\t\t\t<\/div>\n\t\t\t\t\t<\/div>\n<\/div><\/div><\/div><\/div><\/div><div id=\"pg-2545-1\"  class=\"panel-grid panel-has-style\" ><div class=\"siteorigin-panels-stretch panel-row-style panel-row-style-for-2545-1\" data-stretch-type=\"full\" ><div id=\"pgc-2545-1-0\"  class=\"panel-grid-cell\" ><div id=\"panel-2545-1-0-0\" class=\"so-panel widget widget_sow-editor panel-first-child panel-last-child\" data-index=\"2\" ><div\n\t\t\t\n\t\t\tclass=\"so-widget-sow-editor so-widget-sow-editor-base\"\n\t\t\t\n\t\t>\n<div class=\"siteorigin-widget-tinymce textwidget\">\n\t<h4>Yoga Kurs Modul stehende Asanas Basis Erweiterung<\/h4>\n<h5>Dauer: 10 Minuten<\/h5>\n<h5><\/h5>\n<\/div>\n<\/div><\/div><\/div><\/div><\/div><div id=\"pg-2545-2\"  class=\"panel-grid panel-has-style\" ><div class=\"siteorigin-panels-stretch panel-row-style panel-row-style-for-2545-2\" data-stretch-type=\"full\" ><div id=\"pgc-2545-2-0\"  class=\"panel-grid-cell\" ><div id=\"panel-2545-2-0-0\" class=\"so-panel widget widget_sow-editor panel-first-child panel-last-child\" data-index=\"3\" ><div\n\t\t\t\n\t\t\tclass=\"so-widget-sow-editor so-widget-sow-editor-base\"\n\t\t\t\n\t\t>\n<div class=\"siteorigin-widget-tinymce textwidget\">\n\t<p style=\"text-align: center;\"><a href=\"https:\/\/i0.wp.com\/mr-ananda.com\/wp-content\/uploads\/2023\/10\/Standing-Asanas-Basic-Extension.jpg\" target=\"_blank\" rel=\"noopener\"><img data-attachment-id=\"2106\" data-permalink=\"https:\/\/mr-ananda.com\/?attachment_id=2106\" data-orig-file=\"https:\/\/i0.wp.com\/mr-ananda.com\/wp-content\/uploads\/2023\/10\/Standing-Asanas-Basic-Extension.jpg?fit=1000%2C780&amp;ssl=1\" data-orig-size=\"1000,780\" data-comments-opened=\"1\" data-image-meta=\"{&quot;aperture&quot;:&quot;0&quot;,&quot;credit&quot;:&quot;&quot;,&quot;camera&quot;:&quot;&quot;,&quot;caption&quot;:&quot;&quot;,&quot;created_timestamp&quot;:&quot;0&quot;,&quot;copyright&quot;:&quot;&quot;,&quot;focal_length&quot;:&quot;0&quot;,&quot;iso&quot;:&quot;0&quot;,&quot;shutter_speed&quot;:&quot;0&quot;,&quot;title&quot;:&quot;&quot;,&quot;orientation&quot;:&quot;1&quot;}\" data-image-title=\"Yoga Kurs Modul Standing Asanas Basic Extension Yoga \u00dcberlingen am Bodensee\" data-image-description=\"&lt;p&gt;Yoga Kurs Modul Standing Asanas Basic Extension Yoga \u00dcberlingen am Bodensee&lt;\/p&gt;\n\" data-image-caption=\"\" data-medium-file=\"https:\/\/i0.wp.com\/mr-ananda.com\/wp-content\/uploads\/2023\/10\/Standing-Asanas-Basic-Extension.jpg?fit=300%2C234&amp;ssl=1\" data-large-file=\"https:\/\/i0.wp.com\/mr-ananda.com\/wp-content\/uploads\/2023\/10\/Standing-Asanas-Basic-Extension.jpg?fit=1000%2C780&amp;ssl=1\" decoding=\"async\" loading=\"lazy\" class=\"alignnone wp-image-2106 \" src=\"https:\/\/i0.wp.com\/mr-ananda.com\/wp-content\/uploads\/2023\/10\/Standing-Asanas-Basic-Extension.jpg?resize=486%2C379\" alt=\"Yoga Kurs Modul Standing Asanas Basic Extension Yoga \u00dcberlingen am Bodensee\" width=\"486\" height=\"379\" srcset=\"https:\/\/i0.wp.com\/mr-ananda.com\/wp-content\/uploads\/2023\/10\/Standing-Asanas-Basic-Extension.jpg?w=1000&amp;ssl=1 1000w, https:\/\/i0.wp.com\/mr-ananda.com\/wp-content\/uploads\/2023\/10\/Standing-Asanas-Basic-Extension.jpg?resize=300%2C234&amp;ssl=1 300w, https:\/\/i0.wp.com\/mr-ananda.com\/wp-content\/uploads\/2023\/10\/Standing-Asanas-Basic-Extension.jpg?resize=768%2C599&amp;ssl=1 768w\" sizes=\"(max-width: 486px) 100vw, 486px\" data-recalc-dims=\"1\" \/><\/a><\/p>\n<p><a href=\"http:\/\/mr-ananda.com\/wp-content\/uploads\/2023\/10\/Standing-Asanas-Basic-Extension.pdf\" target=\"_blank\" rel=\"noopener\">Download als PDF<\/a><\/p>\n<p>(images copyright @https:\/\/www.tummee.com)<\/p>\n<\/div>\n<\/div><\/div><\/div><\/div><\/div><div id=\"pg-2545-3\"  class=\"panel-grid panel-has-style\" ><div class=\"siteorigin-panels-stretch panel-row-style panel-row-style-for-2545-3\" data-stretch-type=\"full\" ><div id=\"pgc-2545-3-0\"  class=\"panel-grid-cell\" ><div id=\"panel-2545-3-0-0\" class=\"so-panel widget widget_sow-image panel-first-child panel-last-child\" data-index=\"4\" ><div\n\t\t\t\n\t\t\tclass=\"so-widget-sow-image so-widget-sow-image-default-c67d20f9f743-2545\"\n\t\t\t\n\t\t>\n\n<div class=\"sow-image-container\">\n\t\t<img src=\"https:\/\/i0.wp.com\/mr-ananda.com\/wp-content\/uploads\/2023\/10\/Chakra-Stats-Standing-Asanas-Basic-Extension.jpg?fit=930%2C324&amp;ssl=1\" width=\"930\" height=\"324\" srcset=\"https:\/\/i0.wp.com\/mr-ananda.com\/wp-content\/uploads\/2023\/10\/Chakra-Stats-Standing-Asanas-Basic-Extension.jpg?w=930&amp;ssl=1 930w, https:\/\/i0.wp.com\/mr-ananda.com\/wp-content\/uploads\/2023\/10\/Chakra-Stats-Standing-Asanas-Basic-Extension.jpg?resize=300%2C105&amp;ssl=1 300w, https:\/\/i0.wp.com\/mr-ananda.com\/wp-content\/uploads\/2023\/10\/Chakra-Stats-Standing-Asanas-Basic-Extension.jpg?resize=768%2C268&amp;ssl=1 768w\" title=\"Chakra Stats Yoga Kurs Modul Standing Asanas Basic Extension Yoga \u00dcberlingen am Bodensee\" alt=\"Chakra Stats Yoga Kurs Modul Standing Asanas Basic Extension Yoga \u00dcberlingen am Bodensee\" loading=\"lazy\" \t\tclass=\"so-widget-image\"\/>\n\t<\/div>\n\n<\/div><\/div><\/div><\/div><\/div><div id=\"pg-2545-4\"  class=\"panel-grid panel-has-style\" ><div class=\"siteorigin-panels-stretch panel-row-style panel-row-style-for-2545-4\" data-stretch-type=\"full\" ><div id=\"pgc-2545-4-0\"  class=\"panel-grid-cell\" ><div id=\"panel-2545-4-0-0\" class=\"so-panel widget widget_sow-image panel-first-child panel-last-child\" data-index=\"5\" ><div\n\t\t\t\n\t\t\tclass=\"so-widget-sow-image so-widget-sow-image-default-c67d20f9f743-2545\"\n\t\t\t\n\t\t>\n\n<div class=\"sow-image-container\">\n\t\t<img src=\"https:\/\/i0.wp.com\/mr-ananda.com\/wp-content\/uploads\/2023\/10\/Body-Stats-Standing-Asanas-Basic-Extension.jpg?fit=927%2C848&amp;ssl=1\" width=\"927\" height=\"848\" srcset=\"https:\/\/i0.wp.com\/mr-ananda.com\/wp-content\/uploads\/2023\/10\/Body-Stats-Standing-Asanas-Basic-Extension.jpg?w=927&amp;ssl=1 927w, https:\/\/i0.wp.com\/mr-ananda.com\/wp-content\/uploads\/2023\/10\/Body-Stats-Standing-Asanas-Basic-Extension.jpg?resize=300%2C274&amp;ssl=1 300w, https:\/\/i0.wp.com\/mr-ananda.com\/wp-content\/uploads\/2023\/10\/Body-Stats-Standing-Asanas-Basic-Extension.jpg?resize=768%2C703&amp;ssl=1 768w\" title=\"Body Stats Yoga Kurs Modul Standing Asanas Traditional Extension Yoga \u00dcberlingen am Bodensee\" alt=\"Body Stats Yoga Kurs Modul Standing Asanas Traditional Extension Yoga \u00dcberlingen am Bodensee\" loading=\"lazy\" \t\tclass=\"so-widget-image\"\/>\n\t<\/div>\n\n<\/div><\/div><\/div><\/div><\/div><div id=\"pg-2545-5\"  class=\"panel-grid panel-no-style\" ><div id=\"pgc-2545-5-0\"  class=\"panel-grid-cell\" ><div id=\"panel-2545-5-0-0\" class=\"so-panel widget widget_sow-hero panel-first-child panel-last-child\" data-index=\"6\" ><div\n\t\t\t\n\t\t\tclass=\"so-widget-sow-hero so-widget-sow-hero-default-93415d0e2dbf-2545 so-widget-fittext-wrapper\"\n\t\t\t data-fit-text-compressor=\"0.85\"\n\t\t>\t\t\t\t<div class=\"sow-slider-base\" style=\"display: none\" tabindex=\"0\">\n\t\t\t\t\t<ul\n\t\t\t\t\tclass=\"sow-slider-images\"\n\t\t\t\t\tdata-settings=\"{&quot;pagination&quot;:true,&quot;speed&quot;:800,&quot;timeout&quot;:8000,&quot;paused&quot;:false,&quot;pause_on_hover&quot;:false,&quot;swipe&quot;:true,&quot;nav_always_show_desktop&quot;:&quot;&quot;,&quot;nav_always_show_mobile&quot;:&quot;&quot;,&quot;breakpoint&quot;:&quot;780px&quot;,&quot;unmute&quot;:false,&quot;anchor&quot;:null}\"\n\t\t\t\t\t\t\t\t\t\tdata-anchor-id=\"\"\n\t\t\t\t>\t\t<li class=\"sow-slider-image  sow-slider-image-cover\" style=\"visibility: visible;;background-color: #333333;background-image: url(https:\/\/i0.wp.com\/mr-ananda.com\/wp-content\/uploads\/2023\/09\/image0-10.jpeg?fit=2016%2C1512&#038;ssl=1);cursor: pointer;\" data-url=\"{&quot;url&quot;:&quot;https:\\\/\\\/mr-ananda.com\\\/?page_id=1779&quot;,&quot;new_window&quot;:false}\" >\n\t\t\t\t\t<div class=\"sow-slider-image-container\">\n\t\t\t<div class=\"sow-slider-image-wrapper\">\n\t\t\t\t<h3>Yoga Kurs \u00dcberlingen<\/h3>\n<p>Sie m\u00f6chten lernen wie das Yoga Kurs Modul ge\u00fcbt wird? Besuchen Sie einen Yoga Kurs in \u00dcberlingen am Bodensee<\/p>\n<p>&nbsp;<\/p>\n\t\t\t<\/div>\n\t\t<\/div>\n\t\t\t\t<\/li>\n\t\t<\/ul>\t\t\t\t<ol class=\"sow-slider-pagination\">\n\t\t\t\t\t\t\t\t\t\t\t<li><a href=\"#\" data-goto=\"0\" aria-label=\"display slide 1\"><\/a><\/li>\n\t\t\t\t\t\t\t\t\t<\/ol>\n\n\t\t\t\t<div class=\"sow-slide-nav sow-slide-nav-next\">\n\t\t\t\t\t<a href=\"#\" data-goto=\"next\" aria-label=\"next slide\" data-action=\"next\">\n\t\t\t\t\t\t<em class=\"sow-sld-icon-thin-right\"><\/em>\n\t\t\t\t\t<\/a>\n\t\t\t\t<\/div>\n\n\t\t\t\t<div class=\"sow-slide-nav sow-slide-nav-prev\">\n\t\t\t\t\t<a href=\"#\" data-goto=\"previous\" aria-label=\"previous slide\" data-action=\"prev\">\n\t\t\t\t\t\t<em class=\"sow-sld-icon-thin-left\"><\/em>\n\t\t\t\t\t<\/a>\n\t\t\t\t<\/div>\n\t\t\t\t<\/div><\/div><\/div><\/div><\/div><\/div>","protected":false},"excerpt":{"rendered":"<p>Yoga Kurs Modul stehende Asanas Basis Erweiterung Dauer: 10 Minuten<\/p>\n","protected":false},"author":1,"featured_media":0,"parent":0,"menu_order":0,"comment_status":"closed","ping_status":"closed","template":"","meta":{"footnotes":""},"yoast_head":"<!-- This site is optimized with the Yoast SEO Premium plugin v21.7 (Yoast SEO v21.7) - https:\/\/yoast.com\/wordpress\/plugins\/seo\/ -->\n<title>Yoga Kurs Modul stehende Asanas Basis Erweiterung - Mr. Ananda - Yoga Retreats und Yoga Kurse \u00dcberlingen<\/title>\n<meta name=\"description\" content=\"Yoga Kurs Modul stehende Asanas Basis Erweiterung. Die passende \u00dcbungssequenz. Erfahre mehr \u00fcber Yoga Kurs Modul und Yoga Kurse in \u00dcberlingen\" \/>\n<meta name=\"robots\" content=\"index, follow, max-snippet:-1, max-image-preview:large, max-video-preview:-1\" \/>\n<link rel=\"canonical\" href=\"https:\/\/mr-ananda.com\/?page_id=2545\" \/>\n<meta property=\"og:locale\" content=\"de_DE\" \/>\n<meta property=\"og:type\" content=\"article\" \/>\n<meta property=\"og:title\" content=\"Yoga Kurs Modul stehende Asanas Basis Erweiterung\" \/>\n<meta property=\"og:description\" content=\"Yoga Kurs Modul stehende Asanas Basis Erweiterung. Die passende \u00dcbungssequenz. Erfahre mehr \u00fcber Yoga Kurs Modul und Yoga Kurse in \u00dcberlingen\" \/>\n<meta property=\"og:url\" content=\"https:\/\/mr-ananda.com\/?page_id=2545\" \/>\n<meta property=\"og:site_name\" content=\"Mr. Ananda - Yoga Retreats und Yoga Kurse \u00dcberlingen\" \/>\n<meta property=\"article:publisher\" content=\"https:\/\/www.facebook.com\/MisterAnanda\/\" \/>\n<meta property=\"article:modified_time\" content=\"2023-11-06T20:34:12+00:00\" \/>\n<meta property=\"og:image\" content=\"http:\/\/mr-ananda.com\/wp-content\/uploads\/2023\/10\/Standing-Asanas-Basic-Extension.jpg\" \/>\n<meta name=\"twitter:card\" content=\"summary_large_image\" \/>\n<meta name=\"twitter:label1\" content=\"Gesch\u00e4tzte Lesezeit\" \/>\n\t<meta name=\"twitter:data1\" content=\"1\u00a0Minute\" \/>\n<script type=\"application\/ld+json\" class=\"yoast-schema-graph\">{\"@context\":\"https:\/\/schema.org\",\"@graph\":[{\"@type\":\"WebPage\",\"@id\":\"https:\/\/mr-ananda.com\/?page_id=2545\",\"url\":\"https:\/\/mr-ananda.com\/?page_id=2545\",\"name\":\"Yoga Kurs Modul stehende Asanas Basis Erweiterung - Mr. Ananda - Yoga Retreats und Yoga Kurse \u00dcberlingen\",\"isPartOf\":{\"@id\":\"http:\/\/mr-ananda.com\/#website\"},\"datePublished\":\"2023-10-30T20:06:03+00:00\",\"dateModified\":\"2023-11-06T20:34:12+00:00\",\"description\":\"Yoga Kurs Modul stehende Asanas Basis Erweiterung. Die passende \u00dcbungssequenz. Erfahre mehr \u00fcber Yoga Kurs Modul und Yoga Kurse in \u00dcberlingen\",\"breadcrumb\":{\"@id\":\"https:\/\/mr-ananda.com\/?page_id=2545#breadcrumb\"},\"inLanguage\":\"de\",\"potentialAction\":[{\"@type\":\"ReadAction\",\"target\":[\"https:\/\/mr-ananda.com\/?page_id=2545\"]}]},{\"@type\":\"BreadcrumbList\",\"@id\":\"https:\/\/mr-ananda.com\/?page_id=2545#breadcrumb\",\"itemListElement\":[{\"@type\":\"ListItem\",\"position\":1,\"name\":\"Startseite\",\"item\":\"http:\/\/mr-ananda.com\/\"},{\"@type\":\"ListItem\",\"position\":2,\"name\":\"Yoga Kurs Modul stehende Asanas Basis Erweiterung\"}]},{\"@type\":\"WebSite\",\"@id\":\"http:\/\/mr-ananda.com\/#website\",\"url\":\"http:\/\/mr-ananda.com\/\",\"name\":\"Mr. Ananda - Yoga Retreats und Yoga Kurs in \u00dcberlingen\",\"description\":\"Yoga Authentisch Dynamisch\",\"publisher\":{\"@id\":\"http:\/\/mr-ananda.com\/#organization\"},\"potentialAction\":[{\"@type\":\"SearchAction\",\"target\":{\"@type\":\"EntryPoint\",\"urlTemplate\":\"http:\/\/mr-ananda.com\/?s={search_term_string}\"},\"query-input\":\"required name=search_term_string\"}],\"inLanguage\":\"de\"},{\"@type\":\"Organization\",\"@id\":\"http:\/\/mr-ananda.com\/#organization\",\"name\":\"Mr. Ananda\",\"url\":\"http:\/\/mr-ananda.com\/\",\"logo\":{\"@type\":\"ImageObject\",\"inLanguage\":\"de\",\"@id\":\"http:\/\/mr-ananda.com\/#\/schema\/logo\/image\/\",\"url\":\"https:\/\/i0.wp.com\/mr-ananda.com\/wp-content\/uploads\/2017\/11\/mister_rgb_700x700px.png?fit=700%2C700&ssl=1\",\"contentUrl\":\"https:\/\/i0.wp.com\/mr-ananda.com\/wp-content\/uploads\/2017\/11\/mister_rgb_700x700px.png?fit=700%2C700&ssl=1\",\"width\":700,\"height\":700,\"caption\":\"Mr. Ananda\"},\"image\":{\"@id\":\"http:\/\/mr-ananda.com\/#\/schema\/logo\/image\/\"},\"sameAs\":[\"https:\/\/www.facebook.com\/MisterAnanda\/\",\"https:\/\/www.instagram.com\/mrx123om\/\"]}]}<\/script>\n<!-- \/ Yoast SEO Premium plugin. -->","yoast_head_json":{"title":"Yoga Kurs Modul stehende Asanas Basis Erweiterung - Mr. Ananda - Yoga Retreats und Yoga Kurse \u00dcberlingen","description":"Yoga Kurs Modul stehende Asanas Basis Erweiterung. Die passende \u00dcbungssequenz. Erfahre mehr \u00fcber Yoga Kurs Modul und Yoga Kurse in \u00dcberlingen","robots":{"index":"index","follow":"follow","max-snippet":"max-snippet:-1","max-image-preview":"max-image-preview:large","max-video-preview":"max-video-preview:-1"},"canonical":"https:\/\/mr-ananda.com\/?page_id=2545","og_locale":"de_DE","og_type":"article","og_title":"Yoga Kurs Modul stehende Asanas Basis Erweiterung","og_description":"Yoga Kurs Modul stehende Asanas Basis Erweiterung. Die passende \u00dcbungssequenz. Erfahre mehr \u00fcber Yoga Kurs Modul und Yoga Kurse in \u00dcberlingen","og_url":"https:\/\/mr-ananda.com\/?page_id=2545","og_site_name":"Mr. Ananda - Yoga Retreats und Yoga Kurse \u00dcberlingen","article_publisher":"https:\/\/www.facebook.com\/MisterAnanda\/","article_modified_time":"2023-11-06T20:34:12+00:00","og_image":[{"url":"http:\/\/mr-ananda.com\/wp-content\/uploads\/2023\/10\/Standing-Asanas-Basic-Extension.jpg"}],"twitter_card":"summary_large_image","twitter_misc":{"Gesch\u00e4tzte Lesezeit":"1\u00a0Minute"},"schema":{"@context":"https:\/\/schema.org","@graph":[{"@type":"WebPage","@id":"https:\/\/mr-ananda.com\/?page_id=2545","url":"https:\/\/mr-ananda.com\/?page_id=2545","name":"Yoga Kurs Modul stehende Asanas Basis Erweiterung - Mr. Ananda - Yoga Retreats und Yoga Kurse \u00dcberlingen","isPartOf":{"@id":"http:\/\/mr-ananda.com\/#website"},"datePublished":"2023-10-30T20:06:03+00:00","dateModified":"2023-11-06T20:34:12+00:00","description":"Yoga Kurs Modul stehende Asanas Basis Erweiterung. Die passende \u00dcbungssequenz. Erfahre mehr \u00fcber Yoga Kurs Modul und Yoga Kurse in \u00dcberlingen","breadcrumb":{"@id":"https:\/\/mr-ananda.com\/?page_id=2545#breadcrumb"},"inLanguage":"de","potentialAction":[{"@type":"ReadAction","target":["https:\/\/mr-ananda.com\/?page_id=2545"]}]},{"@type":"BreadcrumbList","@id":"https:\/\/mr-ananda.com\/?page_id=2545#breadcrumb","itemListElement":[{"@type":"ListItem","position":1,"name":"Startseite","item":"http:\/\/mr-ananda.com\/"},{"@type":"ListItem","position":2,"name":"Yoga Kurs Modul stehende Asanas Basis Erweiterung"}]},{"@type":"WebSite","@id":"http:\/\/mr-ananda.com\/#website","url":"http:\/\/mr-ananda.com\/","name":"Mr. Ananda - Yoga Retreats und Yoga Kurs in \u00dcberlingen","description":"Yoga Authentisch Dynamisch","publisher":{"@id":"http:\/\/mr-ananda.com\/#organization"},"potentialAction":[{"@type":"SearchAction","target":{"@type":"EntryPoint","urlTemplate":"http:\/\/mr-ananda.com\/?s={search_term_string}"},"query-input":"required name=search_term_string"}],"inLanguage":"de"},{"@type":"Organization","@id":"http:\/\/mr-ananda.com\/#organization","name":"Mr. Ananda","url":"http:\/\/mr-ananda.com\/","logo":{"@type":"ImageObject","inLanguage":"de","@id":"http:\/\/mr-ananda.com\/#\/schema\/logo\/image\/","url":"https:\/\/i0.wp.com\/mr-ananda.com\/wp-content\/uploads\/2017\/11\/mister_rgb_700x700px.png?fit=700%2C700&ssl=1","contentUrl":"https:\/\/i0.wp.com\/mr-ananda.com\/wp-content\/uploads\/2017\/11\/mister_rgb_700x700px.png?fit=700%2C700&ssl=1","width":700,"height":700,"caption":"Mr. Ananda"},"image":{"@id":"http:\/\/mr-ananda.com\/#\/schema\/logo\/image\/"},"sameAs":["https:\/\/www.facebook.com\/MisterAnanda\/","https:\/\/www.instagram.com\/mrx123om\/"]}]}},"jetpack_sharing_enabled":false,"jetpack_shortlink":"https:\/\/wp.me\/P9n7z7-F3","jetpack_likes_enabled":true,"jetpack-related-posts":[{"id":2540,"url":"https:\/\/mr-ananda.com\/?page_id=2540","url_meta":{"origin":2545,"position":0},"title":"Yoga Kurs Modul stehende Asanas &#8222;Traditional&#8220; Erweiterung","author":"mrananda","date":"30. Oktober 2023","format":false,"excerpt":"Yoga Kurs Modul stehende Asanas \"Traditional\" Erweiterung Dauer: 10 Minuten Download als PDF (images copyright @https:\/\/www.tummee.com)","rel":"","context":"\u00c4hnlicher Beitrag","block_context":{"text":"\u00c4hnlicher Beitrag","link":""},"img":{"alt_text":"Yoga Kurs Modul Standing Asanas Traditional Extension Yoga \u00c3\u009cberlingen","src":"https:\/\/i0.wp.com\/mr-ananda.com\/wp-content\/uploads\/2023\/10\/Standing-Asanas-Traditional-Extension-1024x963.jpg?resize=350%2C200","width":350,"height":200,"srcset":"https:\/\/i0.wp.com\/mr-ananda.com\/wp-content\/uploads\/2023\/10\/Standing-Asanas-Traditional-Extension-1024x963.jpg?resize=350%2C200 1x, https:\/\/i0.wp.com\/mr-ananda.com\/wp-content\/uploads\/2023\/10\/Standing-Asanas-Traditional-Extension-1024x963.jpg?resize=525%2C300 1.5x"},"classes":[]},{"id":2580,"url":"https:\/\/mr-ananda.com\/?page_id=2580","url_meta":{"origin":2545,"position":1},"title":"Yoga Kurs Modul Fundamentale (stehende) Asanas","author":"mrananda","date":"6. November 2023","format":false,"excerpt":"Yoga Kurs Modul Fundamentale (stehende) Asanas Dauer: 15 Minuten Download als PDF (images copyright @https:\/\/www.tummee.com)","rel":"","context":"\u00c4hnlicher Beitrag","block_context":{"text":"\u00c4hnlicher Beitrag","link":""},"img":{"alt_text":"Yoga Kurs Modul Fundamentale (stehende) Asanas \u00c3\u009cberlingen am Bodensee","src":"https:\/\/i0.wp.com\/mr-ananda.com\/wp-content\/uploads\/2023\/07\/fundamentale_asanas-300x181.jpg?resize=350%2C200","width":350,"height":200,"srcset":"https:\/\/i0.wp.com\/mr-ananda.com\/wp-content\/uploads\/2023\/07\/fundamentale_asanas-300x181.jpg?resize=350%2C200 1x, https:\/\/i0.wp.com\/mr-ananda.com\/wp-content\/uploads\/2023\/07\/fundamentale_asanas-300x181.jpg?resize=525%2C300 1.5x"},"classes":[]},{"id":1821,"url":"https:\/\/mr-ananda.com\/?page_id=1821","url_meta":{"origin":2545,"position":2},"title":"Yoga Kurs Module","author":"mrananda","date":"15. September 2023","format":false,"excerpt":"Modul Fundamentale (stehende) Asanas Dauer: 15 Minuten Modul stehende Asanas Basis Erweiterung Dauer: 10 Minuten Modul stehende Asanas \"Traditional\" Erweiterung Dauer: 10 Minuten Krieger Modul Dauer: 8 Minuten Utkatasana Modul Dauer: 6 Minuten Basis Twist Modul Dauer: 4 Minuten Marichyasana Twist Modul Dauer: 8 Minuten Sitzende Vorw\u00e4rtsbeuge Modul Dauer: 5\u2026","rel":"","context":"\u00c4hnlicher Beitrag","block_context":{"text":"\u00c4hnlicher Beitrag","link":""},"img":{"alt_text":"","src":"","width":0,"height":0},"classes":[]},{"id":3865,"url":"https:\/\/mr-ananda.com\/?page_id=3865","url_meta":{"origin":2545,"position":3},"title":"Sequenz Yoga Praxis 50 Minuten mit Video","author":"mrananda","date":"13. Februar 2024","format":false,"excerpt":"Sequenz Yoga Praxis 50 Minuten Yoga Module dieser Praxis: 3x Ashtanga A Sonnengru\u00df, 2x Ashtanga B Sonnengru\u00df, Modul Fundamentale (stehende) Asanas, Modul stehende Asanas Basis Erweiterung, Baddha Konasana, Basis Twist Modul, Yoga Kurs Modul Boot & Heuschrecke, Yoga Kurs Modul Abschluss Sequenz Dauer: 50 Minuten (inkl. Savasana) 3X \u00a0 2X\u2026","rel":"","context":"\u00c4hnlicher Beitrag","block_context":{"text":"\u00c4hnlicher Beitrag","link":""},"img":{"alt_text":"Ashtanga A Sonnengru\u00c3\u009f Sequenz Yoga \u00c3\u009cberlingen am Bodensee","src":"https:\/\/i0.wp.com\/mr-ananda.com\/wp-content\/uploads\/2019\/01\/Ashtanga_A-300x270.png?resize=350%2C200","width":350,"height":200,"srcset":"https:\/\/i0.wp.com\/mr-ananda.com\/wp-content\/uploads\/2019\/01\/Ashtanga_A-300x270.png?resize=350%2C200 1x, https:\/\/i0.wp.com\/mr-ananda.com\/wp-content\/uploads\/2019\/01\/Ashtanga_A-300x270.png?resize=525%2C300 1.5x"},"classes":[]},{"id":4302,"url":"https:\/\/mr-ananda.com\/?page_id=4302","url_meta":{"origin":2545,"position":4},"title":"Sequenz Root Module Yoga Praxis 40 Minuten mit Video","author":"mrananda","date":"23. November 2024","format":false,"excerpt":"Sequenz Root Module Yoga Praxis 40 Minuten mit Video Yoga Module dieser Praxis: 3x Ashtanga A Sonnengru\u00df, 2x Ashtanga B Sonnengru\u00df, Modul Fundamentale (stehende) Asanas, Baddha Konasana, Basis Twist Modul, Yoga Kurs Modul Abschluss Sequenz Dauer: 40 Minuten 3X \u00a0 2X \u00a0 Download als PDF (images copyright @https:\/\/www.tummee.com)","rel":"","context":"\u00c4hnlicher Beitrag","block_context":{"text":"\u00c4hnlicher Beitrag","link":""},"img":{"alt_text":"Ashtanga A Sonnengru\u00c3\u009f Sequenz Yoga \u00c3\u009cberlingen am Bodensee","src":"https:\/\/i0.wp.com\/mr-ananda.com\/wp-content\/uploads\/2019\/01\/Ashtanga_A-300x270.png?resize=350%2C200","width":350,"height":200,"srcset":"https:\/\/i0.wp.com\/mr-ananda.com\/wp-content\/uploads\/2019\/01\/Ashtanga_A-300x270.png?resize=350%2C200 1x, https:\/\/i0.wp.com\/mr-ananda.com\/wp-content\/uploads\/2019\/01\/Ashtanga_A-300x270.png?resize=525%2C300 1.5x"},"classes":[]},{"id":2512,"url":"https:\/\/mr-ananda.com\/?page_id=2512","url_meta":{"origin":2545,"position":5},"title":"Yoga Kurs Modul Basis Twist","author":"mrananda","date":"29. Oktober 2023","format":false,"excerpt":"Yoga Kurs Modul Basis Twist Dauer: 4 Minuten Download als PDF (images copyright @https:\/\/www.tummee.com)","rel":"","context":"\u00c4hnlicher Beitrag","block_context":{"text":"\u00c4hnlicher Beitrag","link":""},"img":{"alt_text":"Yoga Kurs Modul Basic Twist Module Yoga \u00c3\u009cberlingen am Bodensee","src":"https:\/\/i0.wp.com\/mr-ananda.com\/wp-content\/uploads\/2023\/10\/Basic-Twist-Module.jpg?resize=350%2C200","width":350,"height":200},"classes":[]}],"_links":{"self":[{"href":"https:\/\/mr-ananda.com\/index.php?rest_route=\/wp\/v2\/pages\/2545"}],"collection":[{"href":"https:\/\/mr-ananda.com\/index.php?rest_route=\/wp\/v2\/pages"}],"about":[{"href":"https:\/\/mr-ananda.com\/index.php?rest_route=\/wp\/v2\/types\/page"}],"author":[{"embeddable":true,"href":"https:\/\/mr-ananda.com\/index.php?rest_route=\/wp\/v2\/users\/1"}],"replies":[{"embeddable":true,"href":"https:\/\/mr-ananda.com\/index.php?rest_route=%2Fwp%2Fv2%2Fcomments&post=2545"}],"version-history":[{"count":6,"href":"https:\/\/mr-ananda.com\/index.php?rest_route=\/wp\/v2\/pages\/2545\/revisions"}],"predecessor-version":[{"id":2579,"href":"https:\/\/mr-ananda.com\/index.php?rest_route=\/wp\/v2\/pages\/2545\/revisions\/2579"}],"wp:attachment":[{"href":"https:\/\/mr-ananda.com\/index.php?rest_route=%2Fwp%2Fv2%2Fmedia&parent=2545"}],"curies":[{"name":"wp","href":"https:\/\/api.w.org\/{rel}","templated":true}]}}