{"id":2477,"date":"2023-10-28T22:11:53","date_gmt":"2023-10-28T20:11:53","guid":{"rendered":"https:\/\/mr-ananda.com\/?page_id=2477"},"modified":"2023-11-06T21:27:03","modified_gmt":"2023-11-06T20:27:03","slug":"yoga-kurs-modul-sitzende-vorwaertsbeuge","status":"publish","type":"page","link":"https:\/\/mr-ananda.com\/?page_id=2477","title":{"rendered":"Yoga Kurs Modul Sitzende Vorw\u00e4rtsbeuge"},"content":{"rendered":"<div id=\"pl-2477\"  class=\"panel-layout\" ><div id=\"pg-2477-0\"  class=\"panel-grid panel-has-style\" ><div class=\"panel-row-style panel-row-style-for-2477-0\" ><div id=\"pgc-2477-0-0\"  class=\"panel-grid-cell\" ><div id=\"panel-2477-0-0-0\" class=\"so-panel widget widget_sow-headline panel-first-child\" data-index=\"0\" ><div\n\t\t\t\n\t\t\tclass=\"so-widget-sow-headline so-widget-sow-headline-default-264cffe06c83-2477\"\n\t\t\t\n\t\t><div class=\"sow-headline-container \">\n\t<h1 class='sow-headline'>Yoga Kurs Modul Sitzende Vorw\u00e4rtsbeuge<\/h1><h6 class='sow-sub-headline'>\"Yoga is the journey of the self, through the self, to the self.\" - The Bhagavad Gita<\/h6><\/div>\n<\/div><\/div><div id=\"panel-2477-0-0-1\" class=\"so-panel widget widget_sow-headline panel-last-child\" data-index=\"1\" ><div\n\t\t\t\n\t\t\tclass=\"so-widget-sow-headline so-widget-sow-headline-default-920172f8ea85-2477\"\n\t\t\t\n\t\t><div class=\"sow-headline-container \">\n\t<p class='sow-headline'>Hinweis: Die auf dieser Webseite bereitgestellten Asana-Sequenzen und Yoga Kurs Module, hier Yoga Kurs Modul Sitzende Vorw\u00e4rtsbeuge, dienen ausschlie\u00dflich Bildungszwecken, insbesondere als begleitende Information zu den auf dieser Webseite angebotenen Yogakursen und Retreats, und sollten nicht als Ersatz f\u00fcr professionelle Anleitung oder medizinischen Rat betrachtet werden. Obwohl Yoga viele gesundheitliche Vorteile haben kann, ist es wichtig, die \u00dcbungen sorgf\u00e4ltig und sicher auszuf\u00fchren. Besonders wichtig ist es eine Asana bei Bedarf den k\u00f6rperlichen Bed\u00fcrfnissen des \u00dcbenden individuell anzupassen. Dies gilt ausdr\u00fccklich nicht nur f\u00fcr fortgeschrittene Asanas, Sequenzen und Module sondern ebenfalls f\u00fcr eine vereinfachte Basis Form bzw. Variante.  Wenn Sie neu im Yoga sind, gesundheitliche Einschr\u00e4nkungen haben oder spezifische Bedenken hinsichtlich Ihrer Gesundheit haben, konsultieren Sie bitte einen Arzt oder einen qualifizierten Yogalehrer, bevor Sie mit einem Yoga-Programm beginnen.  Wir empfehlen dringend, die hier pr\u00e4sentierten Sequenzen unter der Aufsicht eines kompetenten und zertifizierten Yogalehrers zu praktizieren, um eine sichere Ausf\u00fchrung zu gew\u00e4hrleisten. Mit dem Herunterladen oder der Nutzung dieser Asana-Sequenzen und Module erkennen Sie an, dass sie prim\u00e4r zu Bildungszwecken bzw. f\u00fcr Demonstrationszwecke als visueller Referenz dienen und dass Sie die volle Verantwortung f\u00fcr Ihre eigene Yoga Praxis \u00fcbernehmen.<\/p>\t\t\t\t\t<div class=\"decoration\">\n\t\t\t\t\t\t<div class=\"decoration-inside\"><\/div>\n\t\t\t\t\t<\/div>\n\t\t\t\t\t<\/div>\n<\/div><\/div><\/div><\/div><\/div><div id=\"pg-2477-1\"  class=\"panel-grid panel-has-style\" ><div class=\"siteorigin-panels-stretch panel-row-style panel-row-style-for-2477-1\" data-stretch-type=\"full\" ><div id=\"pgc-2477-1-0\"  class=\"panel-grid-cell\" ><div id=\"panel-2477-1-0-0\" class=\"so-panel widget widget_sow-editor panel-first-child panel-last-child\" data-index=\"2\" ><div\n\t\t\t\n\t\t\tclass=\"so-widget-sow-editor so-widget-sow-editor-base\"\n\t\t\t\n\t\t>\n<div class=\"siteorigin-widget-tinymce textwidget\">\n\t<h4>Yoga Kurs Modul Sitzende Vorw\u00e4rtsbeuge<\/h4>\n<h5>Dauer: 5 Minuten<\/h5>\n<h5><\/h5>\n<\/div>\n<\/div><\/div><\/div><\/div><\/div><div id=\"pg-2477-2\"  class=\"panel-grid panel-has-style\" ><div class=\"siteorigin-panels-stretch panel-row-style panel-row-style-for-2477-2\" data-stretch-type=\"full\" ><div id=\"pgc-2477-2-0\"  class=\"panel-grid-cell\" ><div id=\"panel-2477-2-0-0\" class=\"so-panel widget widget_sow-editor panel-first-child panel-last-child\" data-index=\"3\" ><div\n\t\t\t\n\t\t\tclass=\"so-widget-sow-editor so-widget-sow-editor-base\"\n\t\t\t\n\t\t>\n<div class=\"siteorigin-widget-tinymce textwidget\">\n\t<p style=\"text-align: center;\"><a href=\"https:\/\/i0.wp.com\/mr-ananda.com\/wp-content\/uploads\/2023\/10\/Seated-Forward-Bend-Modul.jpg\" target=\"_blank\" rel=\"noopener\"><img data-attachment-id=\"2197\" data-permalink=\"https:\/\/mr-ananda.com\/?attachment_id=2197\" data-orig-file=\"https:\/\/i0.wp.com\/mr-ananda.com\/wp-content\/uploads\/2023\/10\/Seated-Forward-Bend-Modul.jpg?fit=1326%2C900&amp;ssl=1\" data-orig-size=\"1326,900\" data-comments-opened=\"1\" data-image-meta=\"{&quot;aperture&quot;:&quot;0&quot;,&quot;credit&quot;:&quot;&quot;,&quot;camera&quot;:&quot;&quot;,&quot;caption&quot;:&quot;&quot;,&quot;created_timestamp&quot;:&quot;0&quot;,&quot;copyright&quot;:&quot;&quot;,&quot;focal_length&quot;:&quot;0&quot;,&quot;iso&quot;:&quot;0&quot;,&quot;shutter_speed&quot;:&quot;0&quot;,&quot;title&quot;:&quot;&quot;,&quot;orientation&quot;:&quot;1&quot;}\" data-image-title=\"Seated Forward Bend Modul\" data-image-description=\"&lt;p&gt;Seated Forward Bend Modul Yoga \u00dcberlingen&lt;\/p&gt;\n\" data-image-caption=\"\" data-medium-file=\"https:\/\/i0.wp.com\/mr-ananda.com\/wp-content\/uploads\/2023\/10\/Seated-Forward-Bend-Modul.jpg?fit=300%2C204&amp;ssl=1\" data-large-file=\"https:\/\/i0.wp.com\/mr-ananda.com\/wp-content\/uploads\/2023\/10\/Seated-Forward-Bend-Modul.jpg?fit=1024%2C695&amp;ssl=1\" decoding=\"async\" loading=\"lazy\" class=\"alignnone wp-image-2197 \" src=\"https:\/\/i0.wp.com\/mr-ananda.com\/wp-content\/uploads\/2023\/10\/Seated-Forward-Bend-Modul.jpg?resize=517%2C351\" alt=\"\" width=\"517\" height=\"351\" srcset=\"https:\/\/i0.wp.com\/mr-ananda.com\/wp-content\/uploads\/2023\/10\/Seated-Forward-Bend-Modul.jpg?resize=1024%2C695&amp;ssl=1 1024w, https:\/\/i0.wp.com\/mr-ananda.com\/wp-content\/uploads\/2023\/10\/Seated-Forward-Bend-Modul.jpg?resize=300%2C204&amp;ssl=1 300w, https:\/\/i0.wp.com\/mr-ananda.com\/wp-content\/uploads\/2023\/10\/Seated-Forward-Bend-Modul.jpg?resize=768%2C521&amp;ssl=1 768w, https:\/\/i0.wp.com\/mr-ananda.com\/wp-content\/uploads\/2023\/10\/Seated-Forward-Bend-Modul.jpg?w=1326&amp;ssl=1 1326w\" sizes=\"(max-width: 517px) 100vw, 517px\" data-recalc-dims=\"1\" \/><\/a><\/p>\n<p><a href=\"http:\/\/mr-ananda.com\/wp-content\/uploads\/2023\/10\/Seated-Forward-Bend-Modul.pdf\" target=\"_blank\" rel=\"noopener\">Download als PDF<\/a><\/p>\n<p>(images copyright @https:\/\/www.tummee.com)<\/p>\n<\/div>\n<\/div><\/div><\/div><\/div><\/div><div id=\"pg-2477-3\"  class=\"panel-grid panel-has-style\" ><div class=\"siteorigin-panels-stretch panel-row-style panel-row-style-for-2477-3\" data-stretch-type=\"full\" ><div id=\"pgc-2477-3-0\"  class=\"panel-grid-cell\" ><div id=\"panel-2477-3-0-0\" class=\"so-panel widget widget_sow-image panel-first-child panel-last-child\" data-index=\"4\" ><div\n\t\t\t\n\t\t\tclass=\"so-widget-sow-image so-widget-sow-image-default-c67d20f9f743-2477\"\n\t\t\t\n\t\t>\n\n<div class=\"sow-image-container\">\n\t\t<img src=\"https:\/\/i0.wp.com\/mr-ananda.com\/wp-content\/uploads\/2023\/10\/Chakra-Stats-Seated-Forward-Bend.jpg?fit=1136%2C224&amp;ssl=1\" width=\"1136\" height=\"224\" srcset=\"https:\/\/i0.wp.com\/mr-ananda.com\/wp-content\/uploads\/2023\/10\/Chakra-Stats-Seated-Forward-Bend.jpg?w=1136&amp;ssl=1 1136w, https:\/\/i0.wp.com\/mr-ananda.com\/wp-content\/uploads\/2023\/10\/Chakra-Stats-Seated-Forward-Bend.jpg?resize=300%2C59&amp;ssl=1 300w, https:\/\/i0.wp.com\/mr-ananda.com\/wp-content\/uploads\/2023\/10\/Chakra-Stats-Seated-Forward-Bend.jpg?resize=1024%2C202&amp;ssl=1 1024w, https:\/\/i0.wp.com\/mr-ananda.com\/wp-content\/uploads\/2023\/10\/Chakra-Stats-Seated-Forward-Bend.jpg?resize=768%2C151&amp;ssl=1 768w\" title=\"Yoga Kurs Modul Chakra Stats Seated Forward Bend Yoga \u00dcberlingen\" alt=\"Yoga Kurs Modul Chakra Stats Seated Forward Bend Yoga \u00dcberlingen\" loading=\"lazy\" \t\tclass=\"so-widget-image\"\/>\n\t<\/div>\n\n<\/div><\/div><\/div><\/div><\/div><div id=\"pg-2477-4\"  class=\"panel-grid panel-has-style\" ><div class=\"siteorigin-panels-stretch panel-row-style panel-row-style-for-2477-4\" data-stretch-type=\"full\" ><div id=\"pgc-2477-4-0\"  class=\"panel-grid-cell\" ><div id=\"panel-2477-4-0-0\" class=\"so-panel widget widget_sow-image panel-first-child panel-last-child\" data-index=\"5\" ><div\n\t\t\t\n\t\t\tclass=\"so-widget-sow-image so-widget-sow-image-default-c67d20f9f743-2477\"\n\t\t\t\n\t\t>\n\n<div class=\"sow-image-container\">\n\t\t<img src=\"https:\/\/i0.wp.com\/mr-ananda.com\/wp-content\/uploads\/2023\/10\/Body-Stats-Seated-Forward-Bend.jpg?fit=1132%2C640&amp;ssl=1\" width=\"1132\" height=\"640\" srcset=\"https:\/\/i0.wp.com\/mr-ananda.com\/wp-content\/uploads\/2023\/10\/Body-Stats-Seated-Forward-Bend.jpg?w=1132&amp;ssl=1 1132w, https:\/\/i0.wp.com\/mr-ananda.com\/wp-content\/uploads\/2023\/10\/Body-Stats-Seated-Forward-Bend.jpg?resize=300%2C170&amp;ssl=1 300w, https:\/\/i0.wp.com\/mr-ananda.com\/wp-content\/uploads\/2023\/10\/Body-Stats-Seated-Forward-Bend.jpg?resize=1024%2C579&amp;ssl=1 1024w, https:\/\/i0.wp.com\/mr-ananda.com\/wp-content\/uploads\/2023\/10\/Body-Stats-Seated-Forward-Bend.jpg?resize=768%2C434&amp;ssl=1 768w\" title=\"Yoga Kurs Modul Body Stats Seated Forward Bend Yoga \u00dcberlingen\" alt=\"Yoga Kurs Modul Body Stats Seated Forward Bend Yoga \u00dcberlingen\" loading=\"lazy\" \t\tclass=\"so-widget-image\"\/>\n\t<\/div>\n\n<\/div><\/div><\/div><\/div><\/div><div id=\"pg-2477-5\"  class=\"panel-grid panel-no-style\" ><div id=\"pgc-2477-5-0\"  class=\"panel-grid-cell\" ><div id=\"panel-2477-5-0-0\" class=\"so-panel widget widget_sow-hero panel-first-child panel-last-child\" data-index=\"6\" ><div\n\t\t\t\n\t\t\tclass=\"so-widget-sow-hero so-widget-sow-hero-default-93415d0e2dbf-2477 so-widget-fittext-wrapper\"\n\t\t\t data-fit-text-compressor=\"0.85\"\n\t\t>\t\t\t\t<div class=\"sow-slider-base\" style=\"display: none\" tabindex=\"0\">\n\t\t\t\t\t<ul\n\t\t\t\t\tclass=\"sow-slider-images\"\n\t\t\t\t\tdata-settings=\"{&quot;pagination&quot;:true,&quot;speed&quot;:800,&quot;timeout&quot;:8000,&quot;paused&quot;:false,&quot;pause_on_hover&quot;:false,&quot;swipe&quot;:true,&quot;nav_always_show_desktop&quot;:&quot;&quot;,&quot;nav_always_show_mobile&quot;:&quot;&quot;,&quot;breakpoint&quot;:&quot;780px&quot;,&quot;unmute&quot;:false,&quot;anchor&quot;:null}\"\n\t\t\t\t\t\t\t\t\t\tdata-anchor-id=\"\"\n\t\t\t\t>\t\t<li class=\"sow-slider-image  sow-slider-image-cover\" style=\"visibility: visible;;background-color: #333333;background-image: url(https:\/\/i0.wp.com\/mr-ananda.com\/wp-content\/uploads\/2023\/09\/image0-10.jpeg?fit=2016%2C1512&#038;ssl=1);cursor: pointer;\" data-url=\"{&quot;url&quot;:&quot;https:\\\/\\\/mr-ananda.com\\\/?page_id=1779&quot;,&quot;new_window&quot;:false}\" >\n\t\t\t\t\t<div class=\"sow-slider-image-container\">\n\t\t\t<div class=\"sow-slider-image-wrapper\">\n\t\t\t\t<h3>Yoga Kurs \u00dcberlingen<\/h3>\n<p>Sie m\u00f6chten lernen wie das Yoga Kurs Modul ge\u00fcbt wird? Besuchen Sie einen Yoga Kurs in \u00dcberlingen am Bodensee<\/p>\n<p>&nbsp;<\/p>\n\t\t\t<\/div>\n\t\t<\/div>\n\t\t\t\t<\/li>\n\t\t<\/ul>\t\t\t\t<ol class=\"sow-slider-pagination\">\n\t\t\t\t\t\t\t\t\t\t\t<li><a href=\"#\" data-goto=\"0\" aria-label=\"display slide 1\"><\/a><\/li>\n\t\t\t\t\t\t\t\t\t<\/ol>\n\n\t\t\t\t<div class=\"sow-slide-nav sow-slide-nav-next\">\n\t\t\t\t\t<a href=\"#\" data-goto=\"next\" aria-label=\"next slide\" data-action=\"next\">\n\t\t\t\t\t\t<em class=\"sow-sld-icon-thin-right\"><\/em>\n\t\t\t\t\t<\/a>\n\t\t\t\t<\/div>\n\n\t\t\t\t<div class=\"sow-slide-nav sow-slide-nav-prev\">\n\t\t\t\t\t<a href=\"#\" data-goto=\"previous\" aria-label=\"previous slide\" data-action=\"prev\">\n\t\t\t\t\t\t<em class=\"sow-sld-icon-thin-left\"><\/em>\n\t\t\t\t\t<\/a>\n\t\t\t\t<\/div>\n\t\t\t\t<\/div><\/div><\/div><\/div><\/div><\/div>","protected":false},"excerpt":{"rendered":"<p>Yoga Kurs Modul Sitzende Vorw\u00e4rtsbeuge Dauer: 5 Minuten<\/p>\n","protected":false},"author":1,"featured_media":0,"parent":0,"menu_order":0,"comment_status":"closed","ping_status":"closed","template":"","meta":{"footnotes":""},"yoast_head":"<!-- This site is optimized with the Yoast SEO Premium plugin v21.7 (Yoast SEO v21.7) - https:\/\/yoast.com\/wordpress\/plugins\/seo\/ -->\n<title>Yoga Kurs Modul Sitzende Vorw\u00e4rtsbeuge - Mr. Ananda - Yoga Retreats und Yoga Kurse \u00dcberlingen<\/title>\n<meta name=\"description\" content=\"Yoga Kurs Modul Sitzende Vorw\u00e4rtsbeuge. Die passende \u00dcbungssequenz. Erfahre mehr \u00fcber Yoga Kurs Module und Yoga Kurse in \u00dcberlingen.\" \/>\n<meta name=\"robots\" content=\"index, follow, max-snippet:-1, max-image-preview:large, max-video-preview:-1\" \/>\n<link rel=\"canonical\" href=\"https:\/\/mr-ananda.com\/?page_id=2477\" \/>\n<meta property=\"og:locale\" content=\"de_DE\" \/>\n<meta property=\"og:type\" content=\"article\" \/>\n<meta property=\"og:title\" content=\"Yoga Kurs Modul Sitzende Vorw\u00e4rtsbeuge\" \/>\n<meta property=\"og:description\" content=\"Yoga Kurs Modul Sitzende Vorw\u00e4rtsbeuge. Die passende \u00dcbungssequenz. Erfahre mehr \u00fcber Yoga Kurs Module und Yoga Kurse in \u00dcberlingen.\" \/>\n<meta property=\"og:url\" content=\"https:\/\/mr-ananda.com\/?page_id=2477\" \/>\n<meta property=\"og:site_name\" content=\"Mr. Ananda - Yoga Retreats und Yoga Kurse \u00dcberlingen\" \/>\n<meta property=\"article:publisher\" content=\"https:\/\/www.facebook.com\/MisterAnanda\/\" \/>\n<meta property=\"article:modified_time\" content=\"2023-11-06T20:27:03+00:00\" \/>\n<meta property=\"og:image\" content=\"http:\/\/mr-ananda.com\/wp-content\/uploads\/2023\/10\/Seated-Forward-Bend-Modul-1024x695.jpg\" \/>\n<meta name=\"twitter:card\" content=\"summary_large_image\" \/>\n<meta name=\"twitter:label1\" content=\"Gesch\u00e4tzte Lesezeit\" \/>\n\t<meta name=\"twitter:data1\" content=\"1\u00a0Minute\" \/>\n<script type=\"application\/ld+json\" class=\"yoast-schema-graph\">{\"@context\":\"https:\/\/schema.org\",\"@graph\":[{\"@type\":\"WebPage\",\"@id\":\"https:\/\/mr-ananda.com\/?page_id=2477\",\"url\":\"https:\/\/mr-ananda.com\/?page_id=2477\",\"name\":\"Yoga Kurs Modul Sitzende Vorw\u00e4rtsbeuge - Mr. Ananda - Yoga Retreats und Yoga Kurse \u00dcberlingen\",\"isPartOf\":{\"@id\":\"http:\/\/mr-ananda.com\/#website\"},\"datePublished\":\"2023-10-28T20:11:53+00:00\",\"dateModified\":\"2023-11-06T20:27:03+00:00\",\"description\":\"Yoga Kurs Modul Sitzende Vorw\u00e4rtsbeuge. Die passende \u00dcbungssequenz. Erfahre mehr \u00fcber Yoga Kurs Module und Yoga Kurse in \u00dcberlingen.\",\"breadcrumb\":{\"@id\":\"https:\/\/mr-ananda.com\/?page_id=2477#breadcrumb\"},\"inLanguage\":\"de\",\"potentialAction\":[{\"@type\":\"ReadAction\",\"target\":[\"https:\/\/mr-ananda.com\/?page_id=2477\"]}]},{\"@type\":\"BreadcrumbList\",\"@id\":\"https:\/\/mr-ananda.com\/?page_id=2477#breadcrumb\",\"itemListElement\":[{\"@type\":\"ListItem\",\"position\":1,\"name\":\"Startseite\",\"item\":\"http:\/\/mr-ananda.com\/\"},{\"@type\":\"ListItem\",\"position\":2,\"name\":\"Yoga Kurs Modul Sitzende Vorw\u00e4rtsbeuge\"}]},{\"@type\":\"WebSite\",\"@id\":\"http:\/\/mr-ananda.com\/#website\",\"url\":\"http:\/\/mr-ananda.com\/\",\"name\":\"Mr. Ananda - Yoga Retreats und Yoga Kurs in \u00dcberlingen\",\"description\":\"Yoga Authentisch Dynamisch\",\"publisher\":{\"@id\":\"http:\/\/mr-ananda.com\/#organization\"},\"potentialAction\":[{\"@type\":\"SearchAction\",\"target\":{\"@type\":\"EntryPoint\",\"urlTemplate\":\"http:\/\/mr-ananda.com\/?s={search_term_string}\"},\"query-input\":\"required name=search_term_string\"}],\"inLanguage\":\"de\"},{\"@type\":\"Organization\",\"@id\":\"http:\/\/mr-ananda.com\/#organization\",\"name\":\"Mr. Ananda\",\"url\":\"http:\/\/mr-ananda.com\/\",\"logo\":{\"@type\":\"ImageObject\",\"inLanguage\":\"de\",\"@id\":\"http:\/\/mr-ananda.com\/#\/schema\/logo\/image\/\",\"url\":\"https:\/\/i0.wp.com\/mr-ananda.com\/wp-content\/uploads\/2017\/11\/mister_rgb_700x700px.png?fit=700%2C700&ssl=1\",\"contentUrl\":\"https:\/\/i0.wp.com\/mr-ananda.com\/wp-content\/uploads\/2017\/11\/mister_rgb_700x700px.png?fit=700%2C700&ssl=1\",\"width\":700,\"height\":700,\"caption\":\"Mr. Ananda\"},\"image\":{\"@id\":\"http:\/\/mr-ananda.com\/#\/schema\/logo\/image\/\"},\"sameAs\":[\"https:\/\/www.facebook.com\/MisterAnanda\/\",\"https:\/\/www.instagram.com\/mrx123om\/\"]}]}<\/script>\n<!-- \/ Yoast SEO Premium plugin. -->","yoast_head_json":{"title":"Yoga Kurs Modul Sitzende Vorw\u00e4rtsbeuge - Mr. Ananda - Yoga Retreats und Yoga Kurse \u00dcberlingen","description":"Yoga Kurs Modul Sitzende Vorw\u00e4rtsbeuge. Die passende \u00dcbungssequenz. Erfahre mehr \u00fcber Yoga Kurs Module und Yoga Kurse in \u00dcberlingen.","robots":{"index":"index","follow":"follow","max-snippet":"max-snippet:-1","max-image-preview":"max-image-preview:large","max-video-preview":"max-video-preview:-1"},"canonical":"https:\/\/mr-ananda.com\/?page_id=2477","og_locale":"de_DE","og_type":"article","og_title":"Yoga Kurs Modul Sitzende Vorw\u00e4rtsbeuge","og_description":"Yoga Kurs Modul Sitzende Vorw\u00e4rtsbeuge. Die passende \u00dcbungssequenz. Erfahre mehr \u00fcber Yoga Kurs Module und Yoga Kurse in \u00dcberlingen.","og_url":"https:\/\/mr-ananda.com\/?page_id=2477","og_site_name":"Mr. Ananda - Yoga Retreats und Yoga Kurse \u00dcberlingen","article_publisher":"https:\/\/www.facebook.com\/MisterAnanda\/","article_modified_time":"2023-11-06T20:27:03+00:00","og_image":[{"url":"http:\/\/mr-ananda.com\/wp-content\/uploads\/2023\/10\/Seated-Forward-Bend-Modul-1024x695.jpg"}],"twitter_card":"summary_large_image","twitter_misc":{"Gesch\u00e4tzte Lesezeit":"1\u00a0Minute"},"schema":{"@context":"https:\/\/schema.org","@graph":[{"@type":"WebPage","@id":"https:\/\/mr-ananda.com\/?page_id=2477","url":"https:\/\/mr-ananda.com\/?page_id=2477","name":"Yoga Kurs Modul Sitzende Vorw\u00e4rtsbeuge - Mr. Ananda - Yoga Retreats und Yoga Kurse \u00dcberlingen","isPartOf":{"@id":"http:\/\/mr-ananda.com\/#website"},"datePublished":"2023-10-28T20:11:53+00:00","dateModified":"2023-11-06T20:27:03+00:00","description":"Yoga Kurs Modul Sitzende Vorw\u00e4rtsbeuge. Die passende \u00dcbungssequenz. Erfahre mehr \u00fcber Yoga Kurs Module und Yoga Kurse in \u00dcberlingen.","breadcrumb":{"@id":"https:\/\/mr-ananda.com\/?page_id=2477#breadcrumb"},"inLanguage":"de","potentialAction":[{"@type":"ReadAction","target":["https:\/\/mr-ananda.com\/?page_id=2477"]}]},{"@type":"BreadcrumbList","@id":"https:\/\/mr-ananda.com\/?page_id=2477#breadcrumb","itemListElement":[{"@type":"ListItem","position":1,"name":"Startseite","item":"http:\/\/mr-ananda.com\/"},{"@type":"ListItem","position":2,"name":"Yoga Kurs Modul Sitzende Vorw\u00e4rtsbeuge"}]},{"@type":"WebSite","@id":"http:\/\/mr-ananda.com\/#website","url":"http:\/\/mr-ananda.com\/","name":"Mr. Ananda - Yoga Retreats und Yoga Kurs in \u00dcberlingen","description":"Yoga Authentisch Dynamisch","publisher":{"@id":"http:\/\/mr-ananda.com\/#organization"},"potentialAction":[{"@type":"SearchAction","target":{"@type":"EntryPoint","urlTemplate":"http:\/\/mr-ananda.com\/?s={search_term_string}"},"query-input":"required name=search_term_string"}],"inLanguage":"de"},{"@type":"Organization","@id":"http:\/\/mr-ananda.com\/#organization","name":"Mr. Ananda","url":"http:\/\/mr-ananda.com\/","logo":{"@type":"ImageObject","inLanguage":"de","@id":"http:\/\/mr-ananda.com\/#\/schema\/logo\/image\/","url":"https:\/\/i0.wp.com\/mr-ananda.com\/wp-content\/uploads\/2017\/11\/mister_rgb_700x700px.png?fit=700%2C700&ssl=1","contentUrl":"https:\/\/i0.wp.com\/mr-ananda.com\/wp-content\/uploads\/2017\/11\/mister_rgb_700x700px.png?fit=700%2C700&ssl=1","width":700,"height":700,"caption":"Mr. Ananda"},"image":{"@id":"http:\/\/mr-ananda.com\/#\/schema\/logo\/image\/"},"sameAs":["https:\/\/www.facebook.com\/MisterAnanda\/","https:\/\/www.instagram.com\/mrx123om\/"]}]}},"jetpack_sharing_enabled":false,"jetpack_shortlink":"https:\/\/wp.me\/P9n7z7-DX","jetpack_likes_enabled":true,"jetpack-related-posts":[{"id":1821,"url":"https:\/\/mr-ananda.com\/?page_id=1821","url_meta":{"origin":2477,"position":0},"title":"Yoga Kurs Module","author":"mrananda","date":"15. September 2023","format":false,"excerpt":"Modul Fundamentale (stehende) Asanas Dauer: 15 Minuten Modul stehende Asanas Basis Erweiterung Dauer: 10 Minuten Modul stehende Asanas \"Traditional\" Erweiterung Dauer: 10 Minuten Krieger Modul Dauer: 8 Minuten Utkatasana Modul Dauer: 6 Minuten Basis Twist Modul Dauer: 4 Minuten Marichyasana Twist Modul Dauer: 8 Minuten Sitzende Vorw\u00e4rtsbeuge Modul Dauer: 5\u2026","rel":"","context":"\u00c4hnlicher Beitrag","block_context":{"text":"\u00c4hnlicher Beitrag","link":""},"img":{"alt_text":"","src":"","width":0,"height":0},"classes":[]},{"id":2519,"url":"https:\/\/mr-ananda.com\/?page_id=2519","url_meta":{"origin":2477,"position":1},"title":"Yoga Kurs Modul Utkatasana","author":"mrananda","date":"30. Oktober 2023","format":false,"excerpt":"Yoga Kurs Modul Utkatasana Dauer: 6 Minuten Download als PDF (images copyright @https:\/\/www.tummee.com)","rel":"","context":"\u00c4hnlicher Beitrag","block_context":{"text":"\u00c4hnlicher Beitrag","link":""},"img":{"alt_text":"Yoga Kurs Modul Utkatasana Modul Yoga \u00c3\u009cberlingen am Bodensee","src":"https:\/\/i0.wp.com\/mr-ananda.com\/wp-content\/uploads\/2023\/10\/Utkatasana-Modul.jpg?resize=350%2C200","width":350,"height":200},"classes":[]},{"id":2531,"url":"https:\/\/mr-ananda.com\/?page_id=2531","url_meta":{"origin":2477,"position":2},"title":"Yoga Kurs Modul Krieger","author":"mrananda","date":"30. Oktober 2023","format":false,"excerpt":"Yoga Kurs Modul Krieger Dauer: 8 Minuten Download als PDF (images copyright @https:\/\/www.tummee.com)","rel":"","context":"\u00c4hnlicher Beitrag","block_context":{"text":"\u00c4hnlicher Beitrag","link":""},"img":{"alt_text":"Yoga Kurs Modul Krieger Yoga \u00c3\u009cberlingen am Bodensee","src":"https:\/\/i0.wp.com\/mr-ananda.com\/wp-content\/uploads\/2023\/10\/Warrior_Modul.jpg?resize=350%2C200","width":350,"height":200},"classes":[]},{"id":2512,"url":"https:\/\/mr-ananda.com\/?page_id=2512","url_meta":{"origin":2477,"position":3},"title":"Yoga Kurs Modul Basis Twist","author":"mrananda","date":"29. Oktober 2023","format":false,"excerpt":"Yoga Kurs Modul Basis Twist Dauer: 4 Minuten Download als PDF (images copyright @https:\/\/www.tummee.com)","rel":"","context":"\u00c4hnlicher Beitrag","block_context":{"text":"\u00c4hnlicher Beitrag","link":""},"img":{"alt_text":"Yoga Kurs Modul Basic Twist Module Yoga \u00c3\u009cberlingen am Bodensee","src":"https:\/\/i0.wp.com\/mr-ananda.com\/wp-content\/uploads\/2023\/10\/Basic-Twist-Module.jpg?resize=350%2C200","width":350,"height":200},"classes":[]},{"id":2364,"url":"https:\/\/mr-ananda.com\/?page_id=2364","url_meta":{"origin":2477,"position":4},"title":"Yoga Kurs Modul Basic R\u00fcckbeugen","author":"mrananda","date":"26. Oktober 2023","format":false,"excerpt":"Modul Basic R\u00fcckbeugen Dauer: 12 Minuten Download als PDF (images copyright @https:\/\/www.tummee.com)","rel":"","context":"\u00c4hnlicher Beitrag","block_context":{"text":"\u00c4hnlicher Beitrag","link":""},"img":{"alt_text":"Yoga Kurs Modul Basic R\u00c3\u00bcckbeugen","src":"https:\/\/i0.wp.com\/mr-ananda.com\/wp-content\/uploads\/2023\/09\/Ashtanga-Yoga-Basic-Backbending-Sequence.jpg?resize=350%2C200","width":350,"height":200},"classes":[]},{"id":2388,"url":"https:\/\/mr-ananda.com\/?page_id=2388","url_meta":{"origin":2477,"position":5},"title":"Yoga Kurs Modul Boot &#038; Heuschrecke","author":"mrananda","date":"27. Oktober 2023","format":false,"excerpt":"Modul Boot & Heuschrecke Dauer: 5 Minuten Download als PDF (images copyright @https:\/\/www.tummee.com)","rel":"","context":"\u00c4hnlicher Beitrag","block_context":{"text":"\u00c4hnlicher Beitrag","link":""},"img":{"alt_text":"Navasana Shalabasana Modul Yoga Kurs \u00c3\u009cberlingen","src":"https:\/\/i0.wp.com\/mr-ananda.com\/wp-content\/uploads\/2023\/10\/Navasana-Shalabasana-Modul-983x1024.jpg?resize=350%2C200","width":350,"height":200},"classes":[]}],"_links":{"self":[{"href":"https:\/\/mr-ananda.com\/index.php?rest_route=\/wp\/v2\/pages\/2477"}],"collection":[{"href":"https:\/\/mr-ananda.com\/index.php?rest_route=\/wp\/v2\/pages"}],"about":[{"href":"https:\/\/mr-ananda.com\/index.php?rest_route=\/wp\/v2\/types\/page"}],"author":[{"embeddable":true,"href":"https:\/\/mr-ananda.com\/index.php?rest_route=\/wp\/v2\/users\/1"}],"replies":[{"embeddable":true,"href":"https:\/\/mr-ananda.com\/index.php?rest_route=%2Fwp%2Fv2%2Fcomments&post=2477"}],"version-history":[{"count":4,"href":"https:\/\/mr-ananda.com\/index.php?rest_route=\/wp\/v2\/pages\/2477\/revisions"}],"predecessor-version":[{"id":2563,"href":"https:\/\/mr-ananda.com\/index.php?rest_route=\/wp\/v2\/pages\/2477\/revisions\/2563"}],"wp:attachment":[{"href":"https:\/\/mr-ananda.com\/index.php?rest_route=%2Fwp%2Fv2%2Fmedia&parent=2477"}],"curies":[{"name":"wp","href":"https:\/\/api.w.org\/{rel}","templated":true}]}}