{"id":1940,"date":"2023-09-19T10:32:50","date_gmt":"2023-09-19T08:32:50","guid":{"rendered":"https:\/\/mr-ananda.com\/?page_id=1940"},"modified":"2026-03-18T21:28:27","modified_gmt":"2026-03-18T20:28:27","slug":"exklusiver-firmen-yoga-kurs-fuer-airbus-mitarbeiter","status":"publish","type":"page","link":"https:\/\/mr-ananda.com\/?page_id=1940","title":{"rendered":"Yoga Kurse &#038; Retreats Exklusive Airbus Yoga Auszeit"},"content":{"rendered":"<div id=\"pl-1940\"  class=\"panel-layout\" ><div id=\"pg-1940-0\"  class=\"panel-grid panel-no-style\" ><div id=\"pgc-1940-0-0\"  class=\"panel-grid-cell panel-grid-cell-empty\" ><\/div><div id=\"pgc-1940-0-1\"  class=\"panel-grid-cell\" ><div id=\"panel-1940-0-1-0\" class=\"so-panel widget widget_sow-image panel-first-child panel-last-child\" data-index=\"0\" ><div\n\t\t\t\n\t\t\tclass=\"so-widget-sow-image so-widget-sow-image-default-8b5b6f678277-1940\"\n\t\t\t\n\t\t>\n\n<div class=\"sow-image-container\">\n\t\t<img src=\"https:\/\/i0.wp.com\/mr-ananda.com\/wp-content\/uploads\/2023\/09\/Business-Yoga-scaled.jpg?fit=1920%2C2560&amp;ssl=1\" width=\"1920\" height=\"2560\" srcset=\"https:\/\/i0.wp.com\/mr-ananda.com\/wp-content\/uploads\/2023\/09\/Business-Yoga-scaled.jpg?w=1920&amp;ssl=1 1920w, https:\/\/i0.wp.com\/mr-ananda.com\/wp-content\/uploads\/2023\/09\/Business-Yoga-scaled.jpg?resize=225%2C300&amp;ssl=1 225w, https:\/\/i0.wp.com\/mr-ananda.com\/wp-content\/uploads\/2023\/09\/Business-Yoga-scaled.jpg?resize=768%2C1024&amp;ssl=1 768w, https:\/\/i0.wp.com\/mr-ananda.com\/wp-content\/uploads\/2023\/09\/Business-Yoga-scaled.jpg?resize=1152%2C1536&amp;ssl=1 1152w, https:\/\/i0.wp.com\/mr-ananda.com\/wp-content\/uploads\/2023\/09\/Business-Yoga-scaled.jpg?resize=1536%2C2048&amp;ssl=1 1536w\" title=\"Ihr Ashtanga Yoga Kurs Business Yoga\" alt=\"\" loading=\"lazy\" \t\tclass=\"so-widget-image\"\/>\n\t<\/div>\n\n<\/div><\/div><\/div><div id=\"pgc-1940-0-2\"  class=\"panel-grid-cell panel-grid-cell-mobile-last\" ><div id=\"panel-1940-0-2-0\" class=\"so-panel widget widget_sow-editor panel-first-child panel-last-child\" data-index=\"1\" ><div\n\t\t\t\n\t\t\tclass=\"so-widget-sow-editor so-widget-sow-editor-base\"\n\t\t\t\n\t\t><h3 class=\"widget-title\">Airbus Yoga Auszeit<\/h3>\n<div class=\"siteorigin-widget-tinymce textwidget\">\n\t<p>Yoga Kurse &amp; Retreats Exklusiver Firmen-Yoga Kurs f\u00fcr Airbus Mitarbeiter<\/p>\n<p><b>Jeden Dienstag, 12-13 Uhr findet am Standort Friedrichshafen, Casino Raum Hagnau ein Yoga Pr\u00e4ventionskurs statt. Exklusiv f\u00fcr Airbus Mitarbeiter!<\/b><\/p>\n<p><strong>Fit werden:<\/strong> Physisch, energetisch, emotional, mental<br \/>\n<strong>F\u00fcr alle:<\/strong> Frau, Mann, sportlich, gem\u00fctlich, ge\u00fcbt, neu<\/p>\n<p><strong>Mehr Lebensqualit\u00e4t:<\/strong> Mehr Kraft, mehr Flexibilit\u00e4t, innere Ruhe! Mehr Lebensqualit\u00e4t! Woraus wartest Du noch?<\/p>\n<p>Yoga ist eine Methode zur Selbsterforschung, die jedem, der sich ernsthaft auf die Praxis einl\u00e4sst, stetiges k\u00f6rperliches und geistiges Wachstum und Gesundheit erm\u00f6glicht. Die Yoga Techniken sind Werkzeuge der Yogapraxis und k\u00f6nnen individuell angepasst werden, um den jeweiligen Gesundheitszustand und die Beweglichkeit zu ber\u00fccksichtigen. <b>Dieser Yoga ist f\u00fcr alle da!<\/b><\/p>\n<p><strong>Die gesetzlichen Krankenkassen ca. 50% \u00fcbernehmen der Kosten | Probestunde auf Spendenbasis | Einstieg jederzeit m\u00f6glich| Je nach L\u00e4nge der Betriebszugeh\u00f6rigkeit wird zus\u00e4tzlich ein Zuschuss durch den Airbus Betriebsrat gew\u00e4hrt!<\/strong><\/p>\n<p>&nbsp;<\/p>\n<div><\/div>\n<div>\n<div>\n<div><\/div>\n<\/div>\n<\/div>\n<\/div>\n<\/div><\/div><\/div><div id=\"pgc-1940-0-3\"  class=\"panel-grid-cell panel-grid-cell-empty\" ><\/div><\/div><div id=\"pg-1940-1\"  class=\"panel-grid panel-has-style\" ><div class=\"panel-row-style panel-row-style-for-1940-1\" ><div id=\"pgc-1940-1-0\"  class=\"panel-grid-cell panel-grid-cell-mobile-last\" ><div id=\"panel-1940-1-0-0\" class=\"so-panel widget widget_sow-headline panel-first-child\" data-index=\"2\" ><div\n\t\t\t\n\t\t\tclass=\"so-widget-sow-headline so-widget-sow-headline-default-37929451c578-1940\"\n\t\t\t\n\t\t><div class=\"sow-headline-container \">\n\t<h1 class='sow-headline'>\u00dcber Ashtanga Vinyasa Yoga<\/h1><h3 class='sow-sub-headline'>Ashtanga Vinyasa Yoga ist eine spezielle Form des Hatha-Yoga, die von Sri K. Pattabhi Jois im 20. Jahrhundert entwickelt wurde. Die Wurzeln dieses Yogastils gehen jedoch auf alte Schriften und Praktiken zur\u00fcck, und die \"Legende\" ist, dass Jois und sein Lehrer Sri T. Krishnamacharya ihre Techniken aus einer antiken Textsammlung namens \"Yoga Korunta\" bezogen haben..  <\/h3><\/div>\n<\/div><\/div><div id=\"panel-1940-1-0-1\" class=\"so-panel widget widget_sow-button panel-last-child\" data-index=\"3\" ><div\n\t\t\t\n\t\t\tclass=\"so-widget-sow-button so-widget-sow-button-wire-ff0f598737c0-1940\"\n\t\t\t\n\t\t><div class=\"ow-button-base ow-button-align-left\">\n\t<a\n\thref=\"https:\/\/mr-ananda.com\/?page_id=1902\"\n\t\tclass=\"ow-icon-placement-left ow-button-hover\" title=\"Yoga Shala Bodensee\" \t>\n\t\t<span>\n\t\t\t\n\t\t\tMehr erfahren\t\t<\/span>\n\t<\/a>\n<\/div>\n<\/div><\/div><\/div><div id=\"pgc-1940-1-1\"  class=\"panel-grid-cell panel-grid-cell-empty\" ><\/div><\/div><\/div><div id=\"pg-1940-2\"  class=\"panel-grid panel-has-style\" ><div class=\"siteorigin-panels-stretch panel-row-style panel-row-style-for-1940-2\" data-stretch-type=\"full\" ><div id=\"pgc-1940-2-0\"  class=\"panel-grid-cell panel-grid-cell-empty\" ><\/div><div id=\"pgc-1940-2-1\"  class=\"panel-grid-cell\" ><div id=\"panel-1940-2-1-0\" class=\"so-panel widget widget_sow-headline panel-first-child\" data-index=\"4\" ><div\n\t\t\t\n\t\t\tclass=\"so-widget-sow-headline so-widget-sow-headline-default-90b7285b72ab-1940\"\n\t\t\t\n\t\t><div class=\"sow-headline-container \">\n\t<h1 class='sow-headline'>Airbus Casino Raum Hagnau<\/h1><h3 class='sow-sub-headline'>Der Yogakurs findet jeden Montag von 12 bis 13 Uhr statt. Wir \u00fcben im Raum Hagnau, einem wundersch\u00f6nen, lichtdurchfluteten Raum mit Blick auf den Bodensee und die Alpen. Am besten kommen Sie ein paar Minuten vor Beginn der Yogastunde an. Es wird barfu\u00df und in bequemer Kleidung ge\u00fcbt. Bitte bringt gerne eine eigene Yogamatte mit, alternativ gibt es Matten vor Ort.  Nach einer Schnupperstunde auf Spendenbasis besteht die M\u00f6glichkeit, eine 10er-Stempelkarte zu erwerben. Mit dieser Karte kann man flexibel am Kurs teilnehmen. Es besteht kein Zwang, aufeinanderfolgende Kurseinheiten zu besuchen, au\u00dfer man m\u00f6chte einen Zuschuss von der Krankenkasse erhalten. Nach jeweils zehn Kurseinheiten oder dem Kauf einer neuen Stempelkarte erh\u00e4lt man eine Gratisstunde (zw\u00f6lf Mal \u00fcben und nur zehn Mal bezahlen).<\/h3><\/div>\n<\/div><\/div><div id=\"panel-1940-2-1-1\" class=\"so-panel widget widget_sow-button panel-last-child\" data-index=\"5\" ><div\n\t\t\t\n\t\t\tclass=\"so-widget-sow-button so-widget-sow-button-wire-ee8dbdfe3a5d-1940\"\n\t\t\t\n\t\t><div class=\"ow-button-base ow-button-align-right\">\n\t<a\n\thref=\"https:\/\/www.ueberlingen-bodensee.de\/parkanlage-schloss-rauenstein\"\n\t\tclass=\"ow-icon-placement-left ow-button-hover\" target=\"_blank\" rel=\"noopener noreferrer\" \t>\n\t\t<span>\n\t\t\t\n\t\t\tMehr erfahren\t\t<\/span>\n\t<\/a>\n<\/div>\n<\/div><\/div><\/div><\/div><\/div><div id=\"pg-1940-3\"  class=\"panel-grid panel-no-style\" ><div id=\"pgc-1940-3-0\"  class=\"panel-grid-cell\" ><div id=\"panel-1940-3-0-0\" class=\"so-panel widget widget_widget_contact_info widget_contact_info panel-first-child panel-last-child\" data-index=\"6\" ><h3 class=\"widget-title\">Ort<\/h3><div itemscope itemtype=\"http:\/\/schema.org\/LocalBusiness\"><div class=\"confit-address\" itemscope itemtype=\"http:\/\/schema.org\/PostalAddress\" itemprop=\"address\"><a href=\"https:\/\/maps.google.com\/maps?z=16&#038;q=airbus%2Bcasino%2Braum%2Bhagnau%2Bclaude-dornier-stra%C3%9Fe%2C%2B88090%2Bimmenstaad%2Bam%2Bbodensee\" target=\"_blank\" rel=\"noopener noreferrer\">Airbus Casino Raum Hagnau<br\/>Claude-Dornier-Stra\u00dfe, <br\/>88090 Immenstaad am Bodensee<br\/><\/a><\/div><div class=\"confit-phone\"><span itemprop=\"telephone\">(+49) (0) 16094787193<\/span><\/div><div class=\"confit-email\"><a href=\"mailto:bookings@mr-ananda.com\">bookings@mr-ananda.com<\/a><\/div><\/div><\/div><\/div><div id=\"pgc-1940-3-1\"  class=\"panel-grid-cell\" ><div id=\"panel-1940-3-1-0\" class=\"so-panel widget widget_sow-google-map panel-first-child panel-last-child\" data-index=\"7\" ><div\n\t\t\t\n\t\t\tclass=\"so-widget-sow-google-map so-widget-sow-google-map-default-6b23895f316e-1940\"\n\t\t\t\n\t\t>\n<div class=\"sow-google-map-canvas\"\n\tstyle=\"\"\n\tid=\"map-canvas-1b967630f9d0e36cc7b311f974358149\"\n\tdata-options=\"{&quot;address&quot;:&quot;47.6675267, 9.3824103&quot;,&quot;zoom&quot;:13,&quot;mobileZoom&quot;:13,&quot;gestureHandling&quot;:&quot;greedy&quot;,&quot;disableUi&quot;:false,&quot;keepCentered&quot;:false,&quot;markerIcon&quot;:&quot;&quot;,&quot;markersDraggable&quot;:false,&quot;markerAtCenter&quot;:true,&quot;markerInfoDisplay&quot;:&quot;click&quot;,&quot;markerInfoMultiple&quot;:true,&quot;markerPositions&quot;:&quot;&quot;,&quot;mapName&quot;:&quot;&quot;,&quot;mapStyles&quot;:&quot;&quot;,&quot;directions&quot;:&quot;&quot;,&quot;apiKey&quot;:&quot;AIzaSyC76FUhwGGT2usGfGX1UT0g2AQx7NinDDk&quot;,&quot;breakpoint&quot;:780}\"\n\tdata-fallback-image=\"{&quot;img&quot;:&quot;&quot;}\"><\/div>\n<\/div><\/div><\/div><\/div><\/div>","protected":false},"excerpt":{"rendered":"<p>Yoga Kurse &amp; Retreats Exklusiver Firmen-Yoga Kurs f\u00fcr Airbus Mitarbeiter Jeden Dienstag, 12-13 Uhr findet am Standort Friedrichshafen, Casino Raum Hagnau ein Yoga Pr\u00e4ventionskurs statt. Exklusiv f\u00fcr Airbus Mitarbeiter! Fit werden: Physisch, energetisch, emotional, mental F\u00fcr alle: Frau, Mann, sportlich, gem\u00fctlich, ge\u00fcbt, neu Mehr Lebensqualit\u00e4t: Mehr Kraft, mehr Flexibilit\u00e4t, innere Ruhe! Mehr Lebensqualit\u00e4t! Woraus wartest<\/p>\n<div><a class=\"btn-filled btn\" href=\"https:\/\/mr-ananda.com\/?page_id=1940\" title=\"Yoga Kurse &#038; Retreats Exklusive Airbus Yoga Auszeit\">Weiterlesen<\/a><\/div>\n","protected":false},"author":1,"featured_media":0,"parent":0,"menu_order":0,"comment_status":"closed","ping_status":"closed","template":"","meta":{"footnotes":""},"yoast_head":"<!-- This site is optimized with the Yoast SEO Premium plugin v21.7 (Yoast SEO v21.7) - https:\/\/yoast.com\/wordpress\/plugins\/seo\/ -->\n<title>Yoga Kurse &amp; Retreats Exklusive Airbus Yoga Auszeit - Mr. Ananda - Yoga Retreats und Yoga Kurse \u00dcberlingen<\/title>\n<meta name=\"description\" content=\"Yoga Kurse &amp; Retreats Exklusiver Firmen-Yoga Kurs f\u00fcr Airbus Mitarbeiter. Erfahre mehr \u00fcber Yoga Kurs Module und Yoga Kurse in \u00dcberlingen.\" \/>\n<meta name=\"robots\" content=\"index, follow, max-snippet:-1, max-image-preview:large, max-video-preview:-1\" \/>\n<link rel=\"canonical\" href=\"http:\/\/mr-ananda.com\/?page_id=1940\" \/>\n<meta property=\"og:locale\" content=\"de_DE\" \/>\n<meta property=\"og:type\" content=\"article\" \/>\n<meta property=\"og:title\" content=\"Yoga Kurse &amp; Retreats Exklusive Airbus Yoga Auszeit\" \/>\n<meta property=\"og:description\" content=\"Yoga Kurse &amp; Retreats Exklusiver Firmen-Yoga Kurs f\u00fcr Airbus Mitarbeiter. Erfahre mehr \u00fcber Yoga Kurs Module und Yoga Kurse in \u00dcberlingen.\" \/>\n<meta property=\"og:url\" content=\"http:\/\/mr-ananda.com\/?page_id=1940\" \/>\n<meta property=\"og:site_name\" content=\"Mr. Ananda - Yoga Retreats und Yoga Kurse \u00dcberlingen\" \/>\n<meta property=\"article:publisher\" content=\"https:\/\/www.facebook.com\/MisterAnanda\/\" \/>\n<meta property=\"article:modified_time\" content=\"2026-03-18T20:28:27+00:00\" \/>\n<meta name=\"twitter:card\" content=\"summary_large_image\" \/>\n<meta name=\"twitter:label1\" content=\"Gesch\u00e4tzte Lesezeit\" \/>\n\t<meta name=\"twitter:data1\" content=\"3\u00a0Minuten\" \/>\n<script type=\"application\/ld+json\" class=\"yoast-schema-graph\">{\"@context\":\"https:\/\/schema.org\",\"@graph\":[{\"@type\":\"WebPage\",\"@id\":\"http:\/\/mr-ananda.com\/?page_id=1940\",\"url\":\"http:\/\/mr-ananda.com\/?page_id=1940\",\"name\":\"Yoga Kurse & Retreats Exklusive Airbus Yoga Auszeit - Mr. Ananda - Yoga Retreats und Yoga Kurse \u00dcberlingen\",\"isPartOf\":{\"@id\":\"http:\/\/mr-ananda.com\/#website\"},\"datePublished\":\"2023-09-19T08:32:50+00:00\",\"dateModified\":\"2026-03-18T20:28:27+00:00\",\"description\":\"Yoga Kurse & Retreats Exklusiver Firmen-Yoga Kurs f\u00fcr Airbus Mitarbeiter. Erfahre mehr \u00fcber Yoga Kurs Module und Yoga Kurse in \u00dcberlingen.\",\"breadcrumb\":{\"@id\":\"http:\/\/mr-ananda.com\/?page_id=1940#breadcrumb\"},\"inLanguage\":\"de\",\"potentialAction\":[{\"@type\":\"ReadAction\",\"target\":[\"http:\/\/mr-ananda.com\/?page_id=1940\"]}]},{\"@type\":\"BreadcrumbList\",\"@id\":\"http:\/\/mr-ananda.com\/?page_id=1940#breadcrumb\",\"itemListElement\":[{\"@type\":\"ListItem\",\"position\":1,\"name\":\"Startseite\",\"item\":\"http:\/\/mr-ananda.com\/\"},{\"@type\":\"ListItem\",\"position\":2,\"name\":\"Yoga Kurse &#038; Retreats Exklusive Airbus Yoga Auszeit\"}]},{\"@type\":\"WebSite\",\"@id\":\"http:\/\/mr-ananda.com\/#website\",\"url\":\"http:\/\/mr-ananda.com\/\",\"name\":\"Mr. Ananda - Yoga Retreats und Yoga Kurs in \u00dcberlingen\",\"description\":\"Yoga Authentisch Dynamisch\",\"publisher\":{\"@id\":\"http:\/\/mr-ananda.com\/#organization\"},\"potentialAction\":[{\"@type\":\"SearchAction\",\"target\":{\"@type\":\"EntryPoint\",\"urlTemplate\":\"http:\/\/mr-ananda.com\/?s={search_term_string}\"},\"query-input\":\"required name=search_term_string\"}],\"inLanguage\":\"de\"},{\"@type\":\"Organization\",\"@id\":\"http:\/\/mr-ananda.com\/#organization\",\"name\":\"Mr. Ananda\",\"url\":\"http:\/\/mr-ananda.com\/\",\"logo\":{\"@type\":\"ImageObject\",\"inLanguage\":\"de\",\"@id\":\"http:\/\/mr-ananda.com\/#\/schema\/logo\/image\/\",\"url\":\"https:\/\/i0.wp.com\/mr-ananda.com\/wp-content\/uploads\/2017\/11\/mister_rgb_700x700px.png?fit=700%2C700&ssl=1\",\"contentUrl\":\"https:\/\/i0.wp.com\/mr-ananda.com\/wp-content\/uploads\/2017\/11\/mister_rgb_700x700px.png?fit=700%2C700&ssl=1\",\"width\":700,\"height\":700,\"caption\":\"Mr. Ananda\"},\"image\":{\"@id\":\"http:\/\/mr-ananda.com\/#\/schema\/logo\/image\/\"},\"sameAs\":[\"https:\/\/www.facebook.com\/MisterAnanda\/\",\"https:\/\/www.instagram.com\/mrx123om\/\"]}]}<\/script>\n<!-- \/ Yoast SEO Premium plugin. -->","yoast_head_json":{"title":"Yoga Kurse & Retreats Exklusive Airbus Yoga Auszeit - Mr. Ananda - Yoga Retreats und Yoga Kurse \u00dcberlingen","description":"Yoga Kurse & Retreats Exklusiver Firmen-Yoga Kurs f\u00fcr Airbus Mitarbeiter. Erfahre mehr \u00fcber Yoga Kurs Module und Yoga Kurse in \u00dcberlingen.","robots":{"index":"index","follow":"follow","max-snippet":"max-snippet:-1","max-image-preview":"max-image-preview:large","max-video-preview":"max-video-preview:-1"},"canonical":"http:\/\/mr-ananda.com\/?page_id=1940","og_locale":"de_DE","og_type":"article","og_title":"Yoga Kurse & Retreats Exklusive Airbus Yoga Auszeit","og_description":"Yoga Kurse & Retreats Exklusiver Firmen-Yoga Kurs f\u00fcr Airbus Mitarbeiter. Erfahre mehr \u00fcber Yoga Kurs Module und Yoga Kurse in \u00dcberlingen.","og_url":"http:\/\/mr-ananda.com\/?page_id=1940","og_site_name":"Mr. Ananda - Yoga Retreats und Yoga Kurse \u00dcberlingen","article_publisher":"https:\/\/www.facebook.com\/MisterAnanda\/","article_modified_time":"2026-03-18T20:28:27+00:00","twitter_card":"summary_large_image","twitter_misc":{"Gesch\u00e4tzte Lesezeit":"3\u00a0Minuten"},"schema":{"@context":"https:\/\/schema.org","@graph":[{"@type":"WebPage","@id":"http:\/\/mr-ananda.com\/?page_id=1940","url":"http:\/\/mr-ananda.com\/?page_id=1940","name":"Yoga Kurse & Retreats Exklusive Airbus Yoga Auszeit - Mr. Ananda - Yoga Retreats und Yoga Kurse \u00dcberlingen","isPartOf":{"@id":"http:\/\/mr-ananda.com\/#website"},"datePublished":"2023-09-19T08:32:50+00:00","dateModified":"2026-03-18T20:28:27+00:00","description":"Yoga Kurse & Retreats Exklusiver Firmen-Yoga Kurs f\u00fcr Airbus Mitarbeiter. Erfahre mehr \u00fcber Yoga Kurs Module und Yoga Kurse in \u00dcberlingen.","breadcrumb":{"@id":"http:\/\/mr-ananda.com\/?page_id=1940#breadcrumb"},"inLanguage":"de","potentialAction":[{"@type":"ReadAction","target":["http:\/\/mr-ananda.com\/?page_id=1940"]}]},{"@type":"BreadcrumbList","@id":"http:\/\/mr-ananda.com\/?page_id=1940#breadcrumb","itemListElement":[{"@type":"ListItem","position":1,"name":"Startseite","item":"http:\/\/mr-ananda.com\/"},{"@type":"ListItem","position":2,"name":"Yoga Kurse &#038; Retreats Exklusive Airbus Yoga Auszeit"}]},{"@type":"WebSite","@id":"http:\/\/mr-ananda.com\/#website","url":"http:\/\/mr-ananda.com\/","name":"Mr. Ananda - Yoga Retreats und Yoga Kurs in \u00dcberlingen","description":"Yoga Authentisch Dynamisch","publisher":{"@id":"http:\/\/mr-ananda.com\/#organization"},"potentialAction":[{"@type":"SearchAction","target":{"@type":"EntryPoint","urlTemplate":"http:\/\/mr-ananda.com\/?s={search_term_string}"},"query-input":"required name=search_term_string"}],"inLanguage":"de"},{"@type":"Organization","@id":"http:\/\/mr-ananda.com\/#organization","name":"Mr. Ananda","url":"http:\/\/mr-ananda.com\/","logo":{"@type":"ImageObject","inLanguage":"de","@id":"http:\/\/mr-ananda.com\/#\/schema\/logo\/image\/","url":"https:\/\/i0.wp.com\/mr-ananda.com\/wp-content\/uploads\/2017\/11\/mister_rgb_700x700px.png?fit=700%2C700&ssl=1","contentUrl":"https:\/\/i0.wp.com\/mr-ananda.com\/wp-content\/uploads\/2017\/11\/mister_rgb_700x700px.png?fit=700%2C700&ssl=1","width":700,"height":700,"caption":"Mr. Ananda"},"image":{"@id":"http:\/\/mr-ananda.com\/#\/schema\/logo\/image\/"},"sameAs":["https:\/\/www.facebook.com\/MisterAnanda\/","https:\/\/www.instagram.com\/mrx123om\/"]}]}},"jetpack_sharing_enabled":true,"jetpack_shortlink":"https:\/\/wp.me\/P9n7z7-vi","jetpack_likes_enabled":true,"jetpack-related-posts":[{"id":1894,"url":"https:\/\/mr-ananda.com\/?page_id=1894","url_meta":{"origin":1940,"position":0},"title":"Willkommen!","author":"mrananda","date":"17. September 2023","format":false,"excerpt":"Ich verneige mich vor den Besuchern dieser Webseite! Willkommen bei Mr.Ananda Hier findest Du Informationen zu\u00a0 Ashtanga (Vinyasa) Yoga und Jivamukti Yoga, Sequenzen und Module. Wenn Du auf der Suche nach einem Yoga Lehrer im Raum M\u00fcnchen oder \u00dcberlingen am Bodensee \/ Bodenseekreis bist, findest Du hier vielleicht den passenden\u2026","rel":"","context":"\u00c4hnlicher Beitrag","block_context":{"text":"\u00c4hnlicher Beitrag","link":""},"img":{"alt_text":"","src":"","width":0,"height":0},"classes":[]},{"id":4277,"url":"https:\/\/mr-ananda.com\/?page_id=4277","url_meta":{"origin":1940,"position":1},"title":"Yoga Retreat auf Mallorca 2025","author":"mrananda","date":"1. November 2024","format":false,"excerpt":"Finde Deine innere Balance 4 Tage Yoga Urlaub auf Mallorca in einer exklusiven 4-Sterne Finca \u00dcber Allerheiligen 01.11. \u2013 04.11.2025 (4 Tage, 3 N\u00e4chte) Dieses Rahmenprogramm erwartet Dich: Im Rahmen des Yoga Retreats verbinden wir alte Yoga Schriften mit modernen Yoga Praktiken. Wir praktizieren Yoga \u00dcbungen im Rahmen des Ashtanga\u2026","rel":"","context":"\u00c4hnlicher Beitrag","block_context":{"text":"\u00c4hnlicher Beitrag","link":""},"img":{"alt_text":"","src":"","width":0,"height":0},"classes":[]},{"id":2990,"url":"https:\/\/mr-ananda.com\/?page_id=2990","url_meta":{"origin":1940,"position":2},"title":"Yoga Kurse &#038; Retreats Yoga Auszeit am Bodensee","author":"mrananda","date":"30. November 2023","format":false,"excerpt":"Tiefenentspannt - Yoga Auszeit am Bodensee In den beiden Wochen vor \"Pfingsten Yoga & Music\" gibt es die \"Yoga Auszeit am Bodensee\": Woche 1: 06.05. \u2013 10.05.2024 Woche 2: 13.05. - 17.05.2024 Dein individuell planbarer Yoga Urlaub am Bodensee! Yoga Auszeit am Bodensee Ein Yoga Urlaub am Bodensee, das einen\u2026","rel":"","context":"\u00c4hnlicher Beitrag","block_context":{"text":"\u00c4hnlicher Beitrag","link":""},"img":{"alt_text":"","src":"https:\/\/i0.wp.com\/mr-ananda.com\/wp-content\/uploads\/2023\/07\/tommy_see3-229x300.jpg?resize=350%2C200","width":350,"height":200},"classes":[]},{"id":2519,"url":"https:\/\/mr-ananda.com\/?page_id=2519","url_meta":{"origin":1940,"position":3},"title":"Yoga Kurs Modul Utkatasana","author":"mrananda","date":"30. Oktober 2023","format":false,"excerpt":"Yoga Kurs Modul Utkatasana Dauer: 6 Minuten Download als PDF (images copyright @https:\/\/www.tummee.com)","rel":"","context":"\u00c4hnlicher Beitrag","block_context":{"text":"\u00c4hnlicher Beitrag","link":""},"img":{"alt_text":"Yoga Kurs Modul Utkatasana Modul Yoga \u00c3\u009cberlingen am Bodensee","src":"https:\/\/i0.wp.com\/mr-ananda.com\/wp-content\/uploads\/2023\/10\/Utkatasana-Modul.jpg?resize=350%2C200","width":350,"height":200},"classes":[]},{"id":2531,"url":"https:\/\/mr-ananda.com\/?page_id=2531","url_meta":{"origin":1940,"position":4},"title":"Yoga Kurs Modul Krieger","author":"mrananda","date":"30. Oktober 2023","format":false,"excerpt":"Yoga Kurs Modul Krieger Dauer: 8 Minuten Download als PDF (images copyright @https:\/\/www.tummee.com)","rel":"","context":"\u00c4hnlicher Beitrag","block_context":{"text":"\u00c4hnlicher Beitrag","link":""},"img":{"alt_text":"Yoga Kurs Modul Krieger Yoga \u00c3\u009cberlingen am Bodensee","src":"https:\/\/i0.wp.com\/mr-ananda.com\/wp-content\/uploads\/2023\/10\/Warrior_Modul.jpg?resize=350%2C200","width":350,"height":200},"classes":[]},{"id":2512,"url":"https:\/\/mr-ananda.com\/?page_id=2512","url_meta":{"origin":1940,"position":5},"title":"Yoga Kurs Modul Basis Twist","author":"mrananda","date":"29. Oktober 2023","format":false,"excerpt":"Yoga Kurs Modul Basis Twist Dauer: 4 Minuten Download als PDF (images copyright @https:\/\/www.tummee.com)","rel":"","context":"\u00c4hnlicher Beitrag","block_context":{"text":"\u00c4hnlicher Beitrag","link":""},"img":{"alt_text":"Yoga Kurs Modul Basic Twist Module Yoga \u00c3\u009cberlingen am Bodensee","src":"https:\/\/i0.wp.com\/mr-ananda.com\/wp-content\/uploads\/2023\/10\/Basic-Twist-Module.jpg?resize=350%2C200","width":350,"height":200},"classes":[]}],"_links":{"self":[{"href":"https:\/\/mr-ananda.com\/index.php?rest_route=\/wp\/v2\/pages\/1940"}],"collection":[{"href":"https:\/\/mr-ananda.com\/index.php?rest_route=\/wp\/v2\/pages"}],"about":[{"href":"https:\/\/mr-ananda.com\/index.php?rest_route=\/wp\/v2\/types\/page"}],"author":[{"embeddable":true,"href":"https:\/\/mr-ananda.com\/index.php?rest_route=\/wp\/v2\/users\/1"}],"replies":[{"embeddable":true,"href":"https:\/\/mr-ananda.com\/index.php?rest_route=%2Fwp%2Fv2%2Fcomments&post=1940"}],"version-history":[{"count":29,"href":"https:\/\/mr-ananda.com\/index.php?rest_route=\/wp\/v2\/pages\/1940\/revisions"}],"predecessor-version":[{"id":6425,"href":"https:\/\/mr-ananda.com\/index.php?rest_route=\/wp\/v2\/pages\/1940\/revisions\/6425"}],"wp:attachment":[{"href":"https:\/\/mr-ananda.com\/index.php?rest_route=%2Fwp%2Fv2%2Fmedia&parent=1940"}],"curies":[{"name":"wp","href":"https:\/\/api.w.org\/{rel}","templated":true}]}}