{"id":1641,"date":"2023-04-30T19:38:16","date_gmt":"2023-04-30T17:38:16","guid":{"rendered":"https:\/\/mr-ananda.com\/?page_id=1641"},"modified":"2023-10-06T22:12:35","modified_gmt":"2023-10-06T20:12:35","slug":"datenschutzerklrung","status":"publish","type":"page","link":"https:\/\/mr-ananda.com\/?page_id=1641","title":{"rendered":"Datenschutzerkl&auml;rung"},"content":{"rendered":"<div id=\"pl-1641\"  class=\"panel-layout\" ><div id=\"pg-1641-0\"  class=\"panel-grid panel-no-style\" ><div id=\"pgc-1641-0-0\"  class=\"panel-grid-cell\" ><div id=\"panel-1641-0-0-0\" class=\"so-panel widget widget_sow-editor panel-first-child panel-last-child\" data-index=\"0\" ><div\n\t\t\t\n\t\t\tclass=\"so-widget-sow-editor so-widget-sow-editor-base\"\n\t\t\t\n\t\t><h3 class=\"widget-title\">Diese Webseite wird betrieben von:<\/h3>\n<div class=\"siteorigin-widget-tinymce textwidget\">\n\t<p>itatService<br \/>\nThomas Hauser<br \/>\nHeinrich-Emerich-Str. 33<br \/>\nD-88662 \u00dcberlingen<\/p>\n<p>Tel. +49 160 94787193<\/p>\n<p>E-Mail:\u00a0<a title=\"E-Mail\" href=\"mailto:feedback@itatservice.de\">feedback<span class=\"ucr\">\u00a0<\/span>@<span class=\"ucr\">\u00a0<\/span>itatservice<span class=\"ucr\">\u00a0<\/span>.<span class=\"ucr\">\u00a0<\/span>de<\/a><br \/>\nWebsite:\u00a0<a title=\"www.itatservice.de\" href=\"http:\/\/www.itatservice.de\/\">www.itatservice.de<\/a><\/p>\n<h2>Haftungshinweis &amp; Nutzungsbedingungen<\/h2>\n<p><strong>1. Haftungsbeschr\u00e4nkung<\/strong><\/p>\n<p>Wir \u00fcbernehmen keine Haftung f\u00fcr die Richtigkeit, Vollst\u00e4ndigkeit oder Aktualit\u00e4t der Inhalte auf unserer Webseite.<br \/>\nWir \u00fcbernehmen keine Haftung f\u00fcr Sch\u00e4den, die durch die Nutzung unserer Webseite oder durch verlinkte Webseiten entstehen.<br \/>\nWir \u00fcbernehmen keine Haftung f\u00fcr Ausf\u00e4lle oder St\u00f6rungen der Webseite, die nicht in unserem Verantwortungsbereich liegen.<br \/>\nWir behalten uns vor, jederzeit \u00c4nderungen am Angebot ohne vorherige Ank\u00fcndigung vorzunehmen.<br \/>\nWir behalten es uns ausdr\u00fccklich vor, Texte die durch Nutzer des Internetangebots erstellt wurden ohne vorherige Ank\u00fcndigung zu l\u00f6schen.<br \/>\nSofern innerhalb dieser Webseite die M\u00f6glichkeit zur Eingabe von Daten besteht, so erfolgt dies auf freiwilliger Basis.<\/p>\n<p><strong>2. Urheberrecht und Nutzungsrechte<\/strong><\/p>\n<p>Die auf unserer Webseite ver\u00f6ffentlichten Inhalte sind urheberrechtlich gesch\u00fctzt.<br \/>\nNutzer d\u00fcrfen Inhalte nur im Rahmen der geltenden Gesetze und dieser Nutzungsbedingungen nutzen.<br \/>\nNutzer r\u00e4umen uns das Recht ein, die von ihnen erstellten Inhalte auf unserer Webseite zu ver\u00f6ffentlichen und zu verbreiten.<\/p>\n<p><strong>3. Verantwortung f\u00fcr pers\u00f6nliche Daten<\/strong><\/p>\n<p>Jegliche Eingabe von pers\u00f6nlichen Daten durch den Nutzer liegt in der alleinigen Verantwortung des Nutzers.<\/p>\n<p><strong>Sofern Teile oder einzelne Formulierungen dieses Textes der geltenden Rechtslage nicht, nicht mehr oder nicht vollst\u00e4ndig entsprechen sollten, bleiben die \u00fcbrigen Teile des Dokumentes in ihrem Inhalt und ihrer G\u00fcltigkeit davon unber\u00fchrt.<\/strong><\/p>\n<p><strong>4. Hinweis zum Bildungszweck und zur Nutzung der auf dieser Webseite angebotenen Informationen<\/strong><\/p>\n<p>Die auf dieser Webseite bereitgestellten Asana-Sequenzen und Module dienen ausschlie\u00dflich Bildungszwecken, insbesondere als begleitende Information zu den auf dieser Webseite angebotenen Yogakursen und Retreats, und sollten nicht als Ersatz f\u00fcr professionelle Anleitung oder medizinischen Rat betrachtet werden. Obwohl Yoga viele gesundheitliche Vorteile haben kann, ist es wichtig, die \u00dcbungen sorgf\u00e4ltig und sicher auszuf\u00fchren. Insbesondere ist es wichtig eine Asana bei Bedarf den k\u00f6rperlichen Bed\u00fcrfnissen des \u00dcbenden individuell anzupassen. Dies gilt ausdr\u00fccklich nicht nur f\u00fcr fortgeschrittene Asanas, Sequenzen und Module sondern ebenfalls f\u00fcr eine vereinfachte Basis Form bzw. Variante.<\/p>\n<p>Wenn Sie neu im Yoga sind, gesundheitliche Einschr\u00e4nkungen haben oder spezifische Bedenken hinsichtlich Ihrer Gesundheit haben, konsultieren Sie bitte einen Arzt oder einen qualifizierten Yogalehrer, bevor Sie mit einem Yoga-Programm beginnen.<\/p>\n<p><strong>Wir empfehlen dringend, die hier pr\u00e4sentierten Sequenzen unter der Aufsicht eines kompetenten und zertifizierten Yogalehrers zu praktizieren, um eine sichere Ausf\u00fchrung zu gew\u00e4hrleisten. Zum Beispiel in einem Yoga Kurs mit <a href=\"https:\/\/mr-ananda.com\/?page_id=1666\">Anett<\/a> oder <a href=\"https:\/\/mr-ananda.com\/?page_id=1674\">Tommy<\/a><\/strong><\/p>\n<p>Mit dem Herunterladen oder der Nutzung dieser Asana-Sequenzen und Module erkennen Sie an, dass sie prim\u00e4r zu Bildungszwecken dienen und dass Sie die volle Verantwortung f\u00fcr Ihre eigene Yoga Praxis \u00fcbernehmen.<\/p>\n<p>&nbsp;<\/p>\n<h2>Datenschutzerkl\u00e4rung<\/h2>\n<p><strong>1. Verantwortlicher im Sinne der Datenschutzgesetze, insbesondere der EU-Datenschutzgrundverordnung (DSGVO)<\/strong><\/p>\n<p>itatService<br \/>\nThomas Hauser<br \/>\nHeinrich-Emerich-Str. 33<br \/>\nD-88662 \u00dcberlingen<\/p>\n<p>Tel. +49 160 94787193<\/p>\n<p>E-Mail:\u00a0<a title=\"E-Mail\" href=\"mailto:feedback@itatservice.de\">feedback<span class=\"ucr\">\u00a0<\/span>@<span class=\"ucr\">\u00a0<\/span>itatservice<span class=\"ucr\">\u00a0<\/span>.<span class=\"ucr\">\u00a0<\/span>de<\/a><br \/>\nWebsite:\u00a0<a title=\"www.itatservice.de\" href=\"http:\/\/www.itatservice.de\/\">www.itatservice.de<\/a><\/p>\n<p><strong>2. Datenerfassung beim Besuch dieser Website<\/strong><\/p>\n<p>Wenn Sie auf unsere Webseiten zugreifen werden automatisch Informationen in Server Logfiles protokolliert die Ihr Browser an den Server \u00fcbermittelt. Diese Informationen beinhalten den Browsertyp, das Betriebssystem, die IP-Adresse und Domainnamen Ihres Internet Providers und \u00e4hnliches. Die erhobenen Daten sind n\u00f6tig um die Webseite korrekt darzustellen und lassen uns keine konkreten R\u00fcckschl\u00fcsse auf eine Einzelperson zu. Anonyme Informationen werden von uns statistisch ausgewertet um unser Angebot optimieren zu k\u00f6nnen. Die Datenverarbeitung erfolgt laut Art. 6 Abs. 1 f DSGVO auf Basis meines berechtigten Interesses an der Verbesserung von Stabilit\u00e4t und Funktionalit\u00e4t des Internetangebots. Die Daten werden direkt anonym abgespeichert und k\u00f6nnen keiner einzelnen Person zugeordnet werden. Eine Weitergabe oder anderweitige Nutzung der erfassten Daten findet nicht statt. Ich behalte mir vor, Server-Logfiles nachtr\u00e4glich \u00fcberpr\u00fcfen zu lassen, sollten konkrete Anhaltspunkte auf eine rechtswidrige Nutzung hinweisen. Diese Webseite ist bei einem Hosting-Dienstleister gespeichert, der f\u00fcr mich Infrastruktur- und Plattformdienstleistungen, Rechenkapazit\u00e4t, Speicherplatz, Sicherheitsleistungen sowie technische Leistungen zur Wartung f\u00fcr das Hosting bereitstellt. Mit diesem habe ich einen Vertrag zur Datenverarbeitung im Auftrag geschlossen, um f\u00fcr mich die Betriebsbereitschaft dieser Internetpr\u00e4senz zu gew\u00e4hrleisten, an der ich ein berechtigtes Interesse habe, Art. 6 Abs. 1 f DSGVO.<\/p>\n<p><strong>3. SSL-Verschl\u00fcsselung<\/strong><\/p>\n<p>Um die Sicherheit Ihrer Daten bei der \u00dcbertragung zu sch\u00fctzen, verwenden entsprechende Verschl\u00fcsselungsverfahren (z. B. SSL) \u00fcber HTTPS.<\/p>\n<p><strong>4. Cookies<\/strong><\/p>\n<p>Wir verwenden nur technisch notwendige Cookies wie einem Session\/Sitzungs-Cookie, sowie um die gew\u00e4hlte Spracheinstellung und Anzeige dieser Webseite zu merken. Diese Cookies k\u00f6nnten unter Umst\u00e4nden ebenso Daten wie IP-Adresse und verwendeten Webbrowser und \u00e4hnliches enthalten. Sie k\u00f6nnen Cookies f\u00fcr die Verwendung dieser Webseite deaktivieren, bitte beachten Sie aber das m\u00f6glicherweise Funktionen nicht mehr verf\u00fcgbar sein k\u00f6nnen. Diese Webseite verwendet kein Google Analytics und keine Tracking Tools.<\/p>\n<p><strong>5. Eingabe von Daten<\/strong><\/p>\n<p>Sollte die M\u00f6glichkeit zur Eingabe von Daten bestehen so erfolgt diese ausdr\u00fccklich freiwillig und mit Erlaubnis durch den Nutzer. Wir werden pers\u00f6nliche Daten niemals an dritte weitergeben. Ihre Daten werden nur f\u00fcr den Zweck der jeweiligen Seite verwendet. Im Falle eines \u00f6ffentlichen Beitrages speichern wir Ihre IP-Adresse um so sicherzustellen das nur gesetzkonforme Beitr\u00e4ge ver\u00f6ffentlicht werden.<\/p>\n<p><strong>6. Auskunft und L\u00f6schung<\/strong><\/p>\n<p>Sie haben gem\u00e4\u00df Art. 15, 16, 17 &amp; 18 DSGVO, ein Recht auf Widerspruch und L\u00f6schung Ihrer Daten, bitte teilen Sie uns hierzu diese Anfrage per Email mit. Im Falle eines berechtigten Anspruchs auf L\u00f6schung personenbezogener Daten, z.B. aufgrund einer Verletzung der Nutzungsbedingungen oder einer Verletzung des Datenschutzes, behalten wir uns das Recht vor, den mit der L\u00f6schung verbundenen Aufwand in Rechnung zu stellen. Dies gilt insbesondere dann, wenn der Aufwand erheblich und wiederkehrend ist. Wir werden den Nutzer in diesem Fall im Voraus \u00fcber die gesch\u00e4tzten Kosten informieren.<\/p>\n<p><strong>7. Widerruf<\/strong><\/p>\n<p>Sie k\u00f6nnen gem\u00e4\u00df Art. 7 Abs. 3 DSGVO eine bereits erteilte Einwilligung in die Verarbeitung Sie betreffender personenbezogener Daten jederzeit widerrufen. Bitte beachten Sie, dass der Widerruf nur f\u00fcr die Zukunft gilt und keine Auswirkungen auf die Rechtm\u00e4\u00dfigkeit der Verarbeitung hat, die bis zum Widerruf aufgrund Ihrer Einwilligung erfolgt ist. Um Ihre Einwilligung zu widerrufen, k\u00f6nnen Sie uns jederzeit kontaktieren, z.B. per E-Mail. Wir werden dann die Verarbeitung Ihrer Daten entsprechend einstellen und\/oder Ihre Daten l\u00f6schen, sofern wir nicht gesetzlich verpflichtet sind, sie aufzubewahren.<\/p>\n<p><strong>8. Elektronische Kontaktaufnahme<\/strong><\/p>\n<p>Die Verarbeitung der uns per E-Mail mitgeteilten Daten erfolgt auf der Grundlage eines berechtigten Interesses (Art. 6 Abs. 1 lit. f DSGVO). Durch die Bereitstellung der Kommunikationsm\u00f6glichkeiten m\u00f6chten wir Ihnen eine unkomplizierte Kontaktaufnahme erm\u00f6glichen. Ihre gemachten Angaben werden zum Zwecke der Bearbeitung der Anfrage sowie f\u00fcr m\u00f6gliche Anschlussfragen gespeichert. Die Bereitstellung Ihrer personenbezogenen Daten erfolgt freiwillig. Wir k\u00f6nnen Ihre Anfrage jedoch nur bearbeiten, sofern Sie uns Ihren Namen, Ihre E-Mail-Adresse und den Grund der Anfrage mitteilen.<\/p>\n<p><strong>9. Beschwerderecht bei einer Aufsichtsbeh\u00f6rde<\/strong><\/p>\n<p>Sie haben laut Art. 77 DSGVO das Recht auf Beschwerde bei der zust\u00e4ndigen Aufsichtsbeh\u00f6rde, falls Sie zur Ansicht gelangen, dass die Verarbeitung Ihrer personenbezogenen Daten gegen die DSGVO verst\u00f6\u00dft. Die in solchen Fragen zust\u00e4ndige Aufsichtsbeh\u00f6rde f\u00fcr Baden-W\u00fcrttemberg ist der Landesbeauftragte f\u00fcr den Datenschutz und die Informationsfreiheit Baden-W\u00fcrttemberg, Postfach 10 29 32, 70025 Stuttgart, Tel.: 0711\/61 55 41 - 0, E-Mail: poststelle@lfdi.bwl.de, Web: https:\/\/www.baden-wuerttemberg.datenschutz.de.<\/p>\n<p><strong>10. \u00c4nderung unserer Datenschutzbestimmungen<\/strong><\/p>\n<p>Wir behalten uns vor, diese Datenschutzerkl\u00e4rung anzupassen, damit sie stets den aktuellen rechtlichen Anforderungen entspricht oder um \u00e4nderungen unserer Leistungen in der Datenschutzerkl\u00e4rung umzusetzen, z.B. bei der Einf\u00fchrung neuer Services. F\u00fcr Ihren erneuten Besuch gilt dann die neue Datenschutzerkl\u00e4rung.<\/p>\n<\/div>\n<\/div><\/div><\/div><\/div><\/div>","protected":false},"excerpt":{"rendered":"<p>itatService Thomas Hauser Heinrich-Emerich-Str. 33 D-88662 \u00dcberlingen Tel. +49 160 94787193 E-Mail:\u00a0feedback\u00a0@\u00a0itatservice\u00a0.\u00a0de Website:\u00a0www.itatservice.de Haftungshinweis &amp; Nutzungsbedingungen 1. Haftungsbeschr\u00e4nkung Wir \u00fcbernehmen keine Haftung f\u00fcr die Richtigkeit, Vollst\u00e4ndigkeit oder Aktualit\u00e4t der Inhalte auf unserer Webseite. Wir \u00fcbernehmen keine Haftung f\u00fcr Sch\u00e4den, die durch die Nutzung unserer Webseite oder durch verlinkte Webseiten entstehen. Wir \u00fcbernehmen keine Haftung f\u00fcr<\/p>\n<div><a class=\"btn-filled btn\" href=\"https:\/\/mr-ananda.com\/?page_id=1641\" title=\"Datenschutzerkl&auml;rung\">Weiterlesen<\/a><\/div>\n","protected":false},"author":1,"featured_media":0,"parent":0,"menu_order":0,"comment_status":"closed","ping_status":"closed","template":"","meta":{"footnotes":""},"yoast_head":"<!-- This site is optimized with the Yoast SEO Premium plugin v21.7 (Yoast SEO v21.7) - https:\/\/yoast.com\/wordpress\/plugins\/seo\/ -->\n<title>Datenschutzerkl&auml;rung - Mr. Ananda - Yoga Retreats und Yoga Kurse \u00dcberlingen<\/title>\n<meta name=\"robots\" content=\"index, follow, max-snippet:-1, max-image-preview:large, max-video-preview:-1\" \/>\n<link rel=\"canonical\" href=\"https:\/\/mr-ananda.com\/?page_id=1641\" \/>\n<meta property=\"og:locale\" content=\"de_DE\" \/>\n<meta property=\"og:type\" content=\"article\" \/>\n<meta property=\"og:title\" content=\"Datenschutzerkl&auml;rung\" \/>\n<meta property=\"og:description\" content=\"itatService Thomas Hauser Heinrich-Emerich-Str. 33 D-88662 \u00dcberlingen Tel. +49 160 94787193 E-Mail:\u00a0feedback\u00a0@\u00a0itatservice\u00a0.\u00a0de Website:\u00a0www.itatservice.de Haftungshinweis &amp; Nutzungsbedingungen 1. Haftungsbeschr\u00e4nkung Wir \u00fcbernehmen keine Haftung f\u00fcr die Richtigkeit, Vollst\u00e4ndigkeit oder Aktualit\u00e4t der Inhalte auf unserer Webseite. Wir \u00fcbernehmen keine Haftung f\u00fcr Sch\u00e4den, die durch die Nutzung unserer Webseite oder durch verlinkte Webseiten entstehen. Wir \u00fcbernehmen keine Haftung f\u00fcrWeiterlesen\" \/>\n<meta property=\"og:url\" content=\"https:\/\/mr-ananda.com\/?page_id=1641\" \/>\n<meta property=\"og:site_name\" content=\"Mr. Ananda - Yoga Retreats und Yoga Kurse \u00dcberlingen\" \/>\n<meta property=\"article:publisher\" content=\"https:\/\/www.facebook.com\/MisterAnanda\/\" \/>\n<meta property=\"article:modified_time\" content=\"2023-10-06T20:12:35+00:00\" \/>\n<meta name=\"twitter:card\" content=\"summary_large_image\" \/>\n<meta name=\"twitter:label1\" content=\"Gesch\u00e4tzte Lesezeit\" \/>\n\t<meta name=\"twitter:data1\" content=\"7\u00a0Minuten\" \/>\n<script type=\"application\/ld+json\" class=\"yoast-schema-graph\">{\"@context\":\"https:\/\/schema.org\",\"@graph\":[{\"@type\":\"WebPage\",\"@id\":\"https:\/\/mr-ananda.com\/?page_id=1641\",\"url\":\"https:\/\/mr-ananda.com\/?page_id=1641\",\"name\":\"Datenschutzerkl&auml;rung - Mr. Ananda - Yoga Retreats und Yoga Kurse \u00dcberlingen\",\"isPartOf\":{\"@id\":\"http:\/\/mr-ananda.com\/#website\"},\"datePublished\":\"2023-04-30T17:38:16+00:00\",\"dateModified\":\"2023-10-06T20:12:35+00:00\",\"breadcrumb\":{\"@id\":\"https:\/\/mr-ananda.com\/?page_id=1641#breadcrumb\"},\"inLanguage\":\"de\",\"potentialAction\":[{\"@type\":\"ReadAction\",\"target\":[\"https:\/\/mr-ananda.com\/?page_id=1641\"]}]},{\"@type\":\"BreadcrumbList\",\"@id\":\"https:\/\/mr-ananda.com\/?page_id=1641#breadcrumb\",\"itemListElement\":[{\"@type\":\"ListItem\",\"position\":1,\"name\":\"Startseite\",\"item\":\"https:\/\/mr-ananda.com\/\"},{\"@type\":\"ListItem\",\"position\":2,\"name\":\"Datenschutzerkl&auml;rung\"}]},{\"@type\":\"WebSite\",\"@id\":\"http:\/\/mr-ananda.com\/#website\",\"url\":\"http:\/\/mr-ananda.com\/\",\"name\":\"Mr. Ananda - Yoga Retreats und Yoga Kurs in \u00dcberlingen\",\"description\":\"Yoga Authentisch Dynamisch\",\"publisher\":{\"@id\":\"http:\/\/mr-ananda.com\/#organization\"},\"potentialAction\":[{\"@type\":\"SearchAction\",\"target\":{\"@type\":\"EntryPoint\",\"urlTemplate\":\"http:\/\/mr-ananda.com\/?s={search_term_string}\"},\"query-input\":\"required name=search_term_string\"}],\"inLanguage\":\"de\"},{\"@type\":\"Organization\",\"@id\":\"http:\/\/mr-ananda.com\/#organization\",\"name\":\"Mr. Ananda\",\"url\":\"http:\/\/mr-ananda.com\/\",\"logo\":{\"@type\":\"ImageObject\",\"inLanguage\":\"de\",\"@id\":\"http:\/\/mr-ananda.com\/#\/schema\/logo\/image\/\",\"url\":\"https:\/\/i0.wp.com\/mr-ananda.com\/wp-content\/uploads\/2017\/11\/mister_rgb_700x700px.png?fit=700%2C700&ssl=1\",\"contentUrl\":\"https:\/\/i0.wp.com\/mr-ananda.com\/wp-content\/uploads\/2017\/11\/mister_rgb_700x700px.png?fit=700%2C700&ssl=1\",\"width\":700,\"height\":700,\"caption\":\"Mr. Ananda\"},\"image\":{\"@id\":\"http:\/\/mr-ananda.com\/#\/schema\/logo\/image\/\"},\"sameAs\":[\"https:\/\/www.facebook.com\/MisterAnanda\/\",\"https:\/\/www.instagram.com\/mrx123om\/\"]}]}<\/script>\n<!-- \/ Yoast SEO Premium plugin. -->","yoast_head_json":{"title":"Datenschutzerkl&auml;rung - Mr. Ananda - Yoga Retreats und Yoga Kurse \u00dcberlingen","robots":{"index":"index","follow":"follow","max-snippet":"max-snippet:-1","max-image-preview":"max-image-preview:large","max-video-preview":"max-video-preview:-1"},"canonical":"https:\/\/mr-ananda.com\/?page_id=1641","og_locale":"de_DE","og_type":"article","og_title":"Datenschutzerkl&auml;rung","og_description":"itatService Thomas Hauser Heinrich-Emerich-Str. 33 D-88662 \u00dcberlingen Tel. +49 160 94787193 E-Mail:\u00a0feedback\u00a0@\u00a0itatservice\u00a0.\u00a0de Website:\u00a0www.itatservice.de Haftungshinweis &amp; Nutzungsbedingungen 1. Haftungsbeschr\u00e4nkung Wir \u00fcbernehmen keine Haftung f\u00fcr die Richtigkeit, Vollst\u00e4ndigkeit oder Aktualit\u00e4t der Inhalte auf unserer Webseite. Wir \u00fcbernehmen keine Haftung f\u00fcr Sch\u00e4den, die durch die Nutzung unserer Webseite oder durch verlinkte Webseiten entstehen. Wir \u00fcbernehmen keine Haftung f\u00fcrWeiterlesen","og_url":"https:\/\/mr-ananda.com\/?page_id=1641","og_site_name":"Mr. Ananda - Yoga Retreats und Yoga Kurse \u00dcberlingen","article_publisher":"https:\/\/www.facebook.com\/MisterAnanda\/","article_modified_time":"2023-10-06T20:12:35+00:00","twitter_card":"summary_large_image","twitter_misc":{"Gesch\u00e4tzte Lesezeit":"7\u00a0Minuten"},"schema":{"@context":"https:\/\/schema.org","@graph":[{"@type":"WebPage","@id":"https:\/\/mr-ananda.com\/?page_id=1641","url":"https:\/\/mr-ananda.com\/?page_id=1641","name":"Datenschutzerkl&auml;rung - Mr. Ananda - Yoga Retreats und Yoga Kurse \u00dcberlingen","isPartOf":{"@id":"http:\/\/mr-ananda.com\/#website"},"datePublished":"2023-04-30T17:38:16+00:00","dateModified":"2023-10-06T20:12:35+00:00","breadcrumb":{"@id":"https:\/\/mr-ananda.com\/?page_id=1641#breadcrumb"},"inLanguage":"de","potentialAction":[{"@type":"ReadAction","target":["https:\/\/mr-ananda.com\/?page_id=1641"]}]},{"@type":"BreadcrumbList","@id":"https:\/\/mr-ananda.com\/?page_id=1641#breadcrumb","itemListElement":[{"@type":"ListItem","position":1,"name":"Startseite","item":"https:\/\/mr-ananda.com\/"},{"@type":"ListItem","position":2,"name":"Datenschutzerkl&auml;rung"}]},{"@type":"WebSite","@id":"http:\/\/mr-ananda.com\/#website","url":"http:\/\/mr-ananda.com\/","name":"Mr. Ananda - Yoga Retreats und Yoga Kurs in \u00dcberlingen","description":"Yoga Authentisch Dynamisch","publisher":{"@id":"http:\/\/mr-ananda.com\/#organization"},"potentialAction":[{"@type":"SearchAction","target":{"@type":"EntryPoint","urlTemplate":"http:\/\/mr-ananda.com\/?s={search_term_string}"},"query-input":"required name=search_term_string"}],"inLanguage":"de"},{"@type":"Organization","@id":"http:\/\/mr-ananda.com\/#organization","name":"Mr. Ananda","url":"http:\/\/mr-ananda.com\/","logo":{"@type":"ImageObject","inLanguage":"de","@id":"http:\/\/mr-ananda.com\/#\/schema\/logo\/image\/","url":"https:\/\/i0.wp.com\/mr-ananda.com\/wp-content\/uploads\/2017\/11\/mister_rgb_700x700px.png?fit=700%2C700&ssl=1","contentUrl":"https:\/\/i0.wp.com\/mr-ananda.com\/wp-content\/uploads\/2017\/11\/mister_rgb_700x700px.png?fit=700%2C700&ssl=1","width":700,"height":700,"caption":"Mr. Ananda"},"image":{"@id":"http:\/\/mr-ananda.com\/#\/schema\/logo\/image\/"},"sameAs":["https:\/\/www.facebook.com\/MisterAnanda\/","https:\/\/www.instagram.com\/mrx123om\/"]}]}},"jetpack_sharing_enabled":true,"jetpack_shortlink":"https:\/\/wp.me\/P9n7z7-qt","jetpack_likes_enabled":true,"jetpack-related-posts":[],"_links":{"self":[{"href":"https:\/\/mr-ananda.com\/index.php?rest_route=\/wp\/v2\/pages\/1641"}],"collection":[{"href":"https:\/\/mr-ananda.com\/index.php?rest_route=\/wp\/v2\/pages"}],"about":[{"href":"https:\/\/mr-ananda.com\/index.php?rest_route=\/wp\/v2\/types\/page"}],"author":[{"embeddable":true,"href":"https:\/\/mr-ananda.com\/index.php?rest_route=\/wp\/v2\/users\/1"}],"replies":[{"embeddable":true,"href":"https:\/\/mr-ananda.com\/index.php?rest_route=%2Fwp%2Fv2%2Fcomments&post=1641"}],"version-history":[{"count":8,"href":"https:\/\/mr-ananda.com\/index.php?rest_route=\/wp\/v2\/pages\/1641\/revisions"}],"predecessor-version":[{"id":2201,"href":"https:\/\/mr-ananda.com\/index.php?rest_route=\/wp\/v2\/pages\/1641\/revisions\/2201"}],"wp:attachment":[{"href":"https:\/\/mr-ananda.com\/index.php?rest_route=%2Fwp%2Fv2%2Fmedia&parent=1641"}],"curies":[{"name":"wp","href":"https:\/\/api.w.org\/{rel}","templated":true}]}}